{"id":90637,"date":"2024-03-18T11:21:31","date_gmt":"2024-03-18T10:21:31","guid":{"rendered":"https:\/\/secureus.se\/sond-till-vattenlarm-xd-2-multidetektor-eller-andra-givare\/"},"modified":"2026-04-21T12:41:45","modified_gmt":"2026-04-21T10:41:45","slug":"sond-till-vattenlarm-xd-2-multidetektor-eller-andra-givare","status":"publish","type":"product","link":"https:\/\/secureus.se\/de\/sond-till-vattenlarm-xd-2-multidetektor-eller-andra-givare\/","title":{"rendered":"Sonde f\u00fcr Vattenlarm XD-2 Multidetektor oder andere Sensoren"},"content":{"rendered":"<h1>FPX-1-Hochwassersonde \u2013 Ihre erste Verteidigungslinie gegen Wassersch\u00e4den<\/h1>\n<p>Der FPX-1 ist ein Hochleistungsger\u00e4t <strong>Hochwassersonde<\/strong>, perfekt zum Schutz von H\u00e4usern und Unternehmen vor m\u00f6glichen Wassersch\u00e4den.<\/p>\n<p>Konzipiert f\u00fcr den Einsatz mit <strong>Universalsensoren wie XD-2, AXD-200 und MXD-300<\/strong> Der FPX-1 von SATEL bietet eine zuverl\u00e4ssige und schnelle Erkennung von Wasserlecks.<\/p>\n<h5>Hauptfunktionen<\/h5>\n<ul>\n<li><strong>3 Meter langes Kabel<\/strong>: Langes Kabel, das eine flexible Platzierung f\u00fcr optimalen Schutz erm\u00f6glicht.<\/li>\n<li><strong>Kompatibilit\u00e4t<\/strong>: Entwickelt f\u00fcr die Verwendung mit den SATEL-Sensoren XD-2, AXD-200 und MXD-300.<\/li>\n<li><strong>Universell einsetzbar<\/strong>: Ideal f\u00fcr Wohn-, B\u00fcro- und Gewerbegeb\u00e4ude.<\/li>\n<li><strong>Robustes Design<\/strong>: Gebaut, um anspruchsvollen Umgebungen standzuhalten und eine lang anhaltende Leistung zu gew\u00e4hrleisten.<\/li>\n<\/ul>\n<h5>Vorteile<\/h5>\n<ul>\n<li><strong>Zuverl\u00e4ssige Erkennung<\/strong>: Erkennt schnell Wasserlecks und \u00dcberschwemmungen, um Sch\u00e4den zu minimieren.<\/li>\n<li><strong>Flexible Installation<\/strong>: Mit einem 3 Meter langen Kabel l\u00e4sst sich die Sonde problemlos an unterschiedliche R\u00e4ume und Bed\u00fcrfnisse anpassen.<\/li>\n<li><strong>Erh\u00f6hte Sicherheit<\/strong>: Funktioniert als Teil eines integrierten Sicherheitssystems f\u00fcr umfassenden Schutz.<\/li>\n<\/ul>\n<h5>Einsatzgebiete<\/h5>\n<ul>\n<li><strong>Residenzen<\/strong>: Zum Schutz von Kellern, Waschk\u00fcchen und anderen exponierten Bereichen.<\/li>\n<li><strong>B\u00fcro und Unternehmen<\/strong>: Sorgen Sie daf\u00fcr, dass Technikr\u00e4ume und sensible Bereiche trocken bleiben.<\/li>\n<li><strong>Industrielle Umgebungen<\/strong>: Ideal f\u00fcr Lager- und Produktionsanlagen, in denen Wassersch\u00e4den gro\u00dfe Verluste verursachen k\u00f6nnen.<\/li>\n<\/ul>\n<p>Mit <strong>FPX-1 Hochwassersonde<\/strong> Sie erhalten ein zuverl\u00e4ssiges und flexibles Werkzeug zum Schutz Ihrer Verm\u00f6genswerte vor wasserbedingten Sch\u00e4den.<\/p>","protected":false},"excerpt":{"rendered":"<p>Die FPX-1 ist eine \u00dcberschwemmungssonde mit 3 Meter langem Kabel, kompatibel mit den SATEL-Sensoren XD-2, AXD-200 und MXD-300.<\/p>\n<p>Ein zuverl\u00e4ssiger Schutz vor Wassersch\u00e4den.<\/p>","protected":false},"featured_media":138251,"template":"","meta":{"_acf_changed":false},"product_brand":[],"product_cat":[1309,4114],"product_tag":[],"class_list":{"0":"post-90637","1":"product","2":"type-product","3":"status-publish","4":"has-post-thumbnail","6":"product_cat-temperaturdetektor-vattendetektor","7":"product_cat-vattenlarm","8":"product_shipping_class-postnord-varubrev","9":"pa_brands-satel","10":"tm-no-options","12":"first","13":"instock","14":"sale","15":"featured","16":"taxable","17":"shipping-taxable","18":"purchasable","19":"product-type-simple"},"acf":[],"_links":{"self":[{"href":"https:\/\/secureus.se\/de\/wp-json\/wp\/v2\/product\/90637","targetHints":{"allow":["GET"]}}],"collection":[{"href":"https:\/\/secureus.se\/de\/wp-json\/wp\/v2\/product"}],"about":[{"href":"https:\/\/secureus.se\/de\/wp-json\/wp\/v2\/types\/product"}],"wp:featuredmedia":[{"embeddable":true,"href":"https:\/\/secureus.se\/de\/wp-json\/wp\/v2\/media\/138251"}],"wp:attachment":[{"href":"https:\/\/secureus.se\/de\/wp-json\/wp\/v2\/media?parent=90637"}],"wp:term":[{"taxonomy":"product_brand","embeddable":true,"href":"https:\/\/secureus.se\/de\/wp-json\/wp\/v2\/product_brand?post=90637"},{"taxonomy":"product_cat","embeddable":true,"href":"https:\/\/secureus.se\/de\/wp-json\/wp\/v2\/product_cat?post=90637"},{"taxonomy":"product_tag","embeddable":true,"href":"https:\/\/secureus.se\/de\/wp-json\/wp\/v2\/product_tag?post=90637"}],"curies":[{"name":"wp","href":"https:\/\/api.w.org\/{rel}","templated":true}]}}