{"id":90879,"date":"2024-03-27T11:26:53","date_gmt":"2024-03-27T10:26:53","guid":{"rendered":"https:\/\/secureus.se\/plomberingstrad-gron-finns-aven-med-graverad-eller-tryckt-logga-text-copy\/"},"modified":"2026-04-15T19:23:46","modified_gmt":"2026-04-15T17:23:46","slug":"plomberingstrad-gron-finns-aven-med-graverad-eller-tryckt-logga-text-copy","status":"publish","type":"product","link":"https:\/\/secureus.se\/de\/plomberingstrad-gron-finns-aven-med-graverad-eller-tryckt-logga-text-copy\/","title":{"rendered":"Dichtungsdraht Green Standard \u2013 Logo\/Text individuell anpassbar"},"content":{"rendered":"<h2 data-section-id=\"tzpez3\" data-start=\"601\" data-end=\"657\">Dichtungsdraht f\u00fcr Notausg\u00e4nge und Sicherheitsausr\u00fcstung<\/h2>\n<p data-start=\"658\" data-end=\"833\">Dieser gr\u00fcne Siegeldraht dient zur Kennzeichnung und Sicherung von Ausr\u00fcstung, die nur bei Bedarf verwendet werden sollte, wie z. B. Notausg\u00e4nge, Feuerl\u00f6scher und andere Sicherheitsausr\u00fcstung.<\/p>\n<p data-start=\"835\" data-end=\"994\">Die Versiegelung erm\u00f6glicht es, schnell zu erkennen, ob das Ger\u00e4t ge\u00f6ffnet oder benutzt wurde. Wenn der Siegeldraht besch\u00e4digt ist, wird sofort deutlich, dass das Ger\u00e4t manipuliert wurde.<\/p>\n<p data-start=\"996\" data-end=\"1171\">Dadurch ist das Produkt besonders n\u00fctzlich in Umgebungen, in denen Sicherheitsausr\u00fcstung regelm\u00e4\u00dfig \u00fcberpr\u00fcft werden muss, wie z. B. in Geb\u00e4uden, Industrieanlagen, Schulen und \u00f6ffentlichen Einrichtungen.<\/p>\n<hr data-start=\"1173\" data-end=\"1176\" \/>\n<h2 data-section-id=\"1pcm1ba\" data-start=\"1178\" data-end=\"1229\">Gestalten Sie das Siegel mit Ihrem eigenen Text oder Logo.<\/h2>\n<p data-start=\"1230\" data-end=\"1400\">Dieser Dichtungsdraht kann auch mitbestellt werden <strong data-start=\"1275\" data-end=\"1302\">eigener Text oder Logo<\/strong>Die Personalisierung kann durch Farbdruck oder Lasergravur erfolgen und eignet sich auch f\u00fcr kleinere Serien.<\/p>\n<p data-start=\"1402\" data-end=\"1460\">Dies erm\u00f6glicht es beispielsweise, das Siegel mit Folgendem zu kennzeichnen:<\/p>\n<ul data-start=\"1462\" data-end=\"1532\">\n<li data-section-id=\"nzxgki\" data-start=\"1462\" data-end=\"1478\">\n<p data-start=\"1464\" data-end=\"1478\">Name der Firma<\/p>\n<\/li>\n<li data-section-id=\"cej8am\" data-start=\"1479\" data-end=\"1490\">\n<p data-start=\"1481\" data-end=\"1490\">Logo<\/p>\n<\/li>\n<li data-section-id=\"1uptt1j\" data-start=\"1491\" data-end=\"1509\">\n<p data-start=\"1493\" data-end=\"1509\">Kontrollnummer<\/p>\n<\/li>\n<li data-section-id=\"1f8c95p\" data-start=\"1510\" data-end=\"1532\">\n<p data-start=\"1512\" data-end=\"1532\">eigener Sicherheitstext<\/p>\n<\/li>\n<\/ul>\n<hr data-start=\"1534\" data-end=\"1537\" \/>\n<h2 data-section-id=\"1dhihmh\" data-start=\"1539\" data-end=\"1556\">Lasergravur<\/h2>\n<p data-start=\"1557\" data-end=\"1678\">Bei der Lasergravur wird der Text in das Material eingebrannt. Das Ergebnis ist ein <strong data-start=\"1626\" data-end=\"1652\">heller oder dunkler Grauton<\/strong> abh\u00e4ngig von der Farbe des Armbands.<\/p>\n<p data-start=\"1680\" data-end=\"1762\">Die Lasergravur bietet eine dauerhafte und widerstandsf\u00e4hige Markierung, die schwer zu manipulieren ist.<\/p>\n<hr data-start=\"1764\" data-end=\"1767\" \/>\n<h1 data-section-id=\"16fopcq\" data-start=\"1769\" data-end=\"1779\">Vorteile<\/h1>\n<ul data-start=\"1781\" data-end=\"2002\">\n<li data-section-id=\"ls77ve\" data-start=\"1781\" data-end=\"1823\">\n<p data-start=\"1783\" data-end=\"1823\">Zeigt sofort an, ob ein Ger\u00e4t ge\u00f6ffnet wurde.<\/p>\n<\/li>\n<li data-section-id=\"1pqowha\" data-start=\"1824\" data-end=\"1869\">\n<p data-start=\"1826\" data-end=\"1869\">Verhindert die unn\u00f6tige Benutzung von Notausg\u00e4ngen<\/p>\n<\/li>\n<li data-section-id=\"1vnjlqh\" data-start=\"1870\" data-end=\"1923\">\n<p data-start=\"1872\" data-end=\"1923\">Geeignet f\u00fcr Feuerl\u00f6scher und Sicherheitsausr\u00fcstung<\/p>\n<\/li>\n<li data-section-id=\"dhsf4s\" data-start=\"1924\" data-end=\"1968\">\n<p data-start=\"1926\" data-end=\"1968\">Kann mit Ihrem eigenen Text oder Logo personalisiert werden.<\/p>\n<\/li>\n<li data-section-id=\"1ofabbw\" data-start=\"1969\" data-end=\"2002\">\n<p data-start=\"1971\" data-end=\"2002\">Einfach zu montieren und zu verwenden<\/p>\n<\/li>\n<\/ul>\n<hr data-start=\"2004\" data-end=\"2007\" \/>\n<h1 data-section-id=\"brc9ws\" data-start=\"2009\" data-end=\"2037\">\u00dcbliche Verwendungen<\/h1>\n<ul data-start=\"2039\" data-end=\"2133\">\n<li data-section-id=\"1hfb5n9\" data-start=\"2039\" data-end=\"2052\">\n<p data-start=\"2041\" data-end=\"2052\">Notausg\u00e4nge<\/p>\n<\/li>\n<li data-section-id=\"1glgnsm\" data-start=\"2053\" data-end=\"2070\">\n<p data-start=\"2055\" data-end=\"2070\">Feuerl\u00f6scher<\/p>\n<\/li>\n<li data-section-id=\"ybft18\" data-start=\"2071\" data-end=\"2086\">\n<p data-start=\"2073\" data-end=\"2086\">Feuerhydranten<\/p>\n<\/li>\n<li data-section-id=\"hh5nt0\" data-start=\"2087\" data-end=\"2104\">\n<p data-start=\"2089\" data-end=\"2104\">Safe<\/p>\n<\/li>\n<li data-section-id=\"1d7qlpj\" data-start=\"2105\" data-end=\"2133\">\n<p data-start=\"2107\" data-end=\"2133\">Immobilieninstallationen<\/p>\n<\/li>\n<\/ul>\n<hr data-start=\"2135\" data-end=\"2138\" \/>\n<h1 data-section-id=\"vb28v8\" data-start=\"2140\" data-end=\"2157\">Spezifikationen<\/h1>\n<p data-start=\"2159\" data-end=\"2248\">Gr\u00f6\u00dfe: <strong data-start=\"2168\" data-end=\"2183\">250 \u00d7 20 mm<\/strong><br data-start=\"2183\" data-end=\"2186\" \/>Malen: <strong>Gr\u00fcn<\/strong><br data-start=\"2199\" data-end=\"2202\" \/>Typ: <strong data-start=\"2207\" data-end=\"2248\">Siegeldraht \/ Sicherheitssiegel<\/strong><\/p>\n<p data-start=\"2159\" data-end=\"2248\">M\u00f6chten Sie mehr dar\u00fcber erfahren, wie Abdichtung funktioniert?<br data-start=\"2755\" data-end=\"2758\" \/>Lesen Sie unseren Leitfaden: <a href=\"https:\/\/secureus.se\/de\/vad-ar-plomberingstrad-sa-fungerar-sakerhetsplombering\/\" target=\"_blank\" rel=\"noopener\"><strong data-start=\"2775\" data-end=\"2854\">Was ist Dichtungsdraht und wie wird er f\u00fcr Notausg\u00e4nge und Feuerl\u00f6scher verwendet?<\/strong><\/a><\/p>\n<p data-start=\"2159\" data-end=\"2248\">","protected":false},"excerpt":{"rendered":"<p data-start=\"335\" data-end=\"528\">Gr\u00fcnes Dichtungsgarn zum Kennzeichnen und Abdichten von Notausg\u00e4ngen, Feuerl\u00f6schern und anderer Sicherheitsausr\u00fcstung.<\/p>\n<p data-start=\"335\" data-end=\"528\">Durch das Siegel l\u00e4sst sich schnell erkennen, ob ein Ger\u00e4t ge\u00f6ffnet oder manipuliert wurde.<\/p>\n<p data-start=\"530\" data-end=\"653\">Es wird h\u00e4ufig in Geb\u00e4uden, \u00f6ffentlichen Einrichtungen und Industrien eingesetzt, wo Sicherheitsausr\u00fcstung regelm\u00e4\u00dfig \u00fcberpr\u00fcft werden muss.<\/p>","protected":false},"featured_media":156221,"template":"","meta":{"_acf_changed":false},"product_brand":[],"product_cat":[1332,1560,3224],"product_tag":[2958],"class_list":{"0":"post-90879","1":"product","2":"type-product","3":"status-publish","4":"has-post-thumbnail","6":"product_cat-utrymning-tillbehor","7":"product_cat-branddorrstangning","8":"product_cat-nodutrymning","9":"product_tag-stonehouse-produkt","10":"product_shipping_class-postnord-varubrev","11":"pa_brands-stonehouse-security","12":"tm-no-options","14":"first","15":"instock","16":"sale","17":"featured","18":"taxable","19":"shipping-taxable","20":"purchasable","21":"product-type-simple"},"acf":[],"_links":{"self":[{"href":"https:\/\/secureus.se\/de\/wp-json\/wp\/v2\/product\/90879","targetHints":{"allow":["GET"]}}],"collection":[{"href":"https:\/\/secureus.se\/de\/wp-json\/wp\/v2\/product"}],"about":[{"href":"https:\/\/secureus.se\/de\/wp-json\/wp\/v2\/types\/product"}],"wp:featuredmedia":[{"embeddable":true,"href":"https:\/\/secureus.se\/de\/wp-json\/wp\/v2\/media\/156221"}],"wp:attachment":[{"href":"https:\/\/secureus.se\/de\/wp-json\/wp\/v2\/media?parent=90879"}],"wp:term":[{"taxonomy":"product_brand","embeddable":true,"href":"https:\/\/secureus.se\/de\/wp-json\/wp\/v2\/product_brand?post=90879"},{"taxonomy":"product_cat","embeddable":true,"href":"https:\/\/secureus.se\/de\/wp-json\/wp\/v2\/product_cat?post=90879"},{"taxonomy":"product_tag","embeddable":true,"href":"https:\/\/secureus.se\/de\/wp-json\/wp\/v2\/product_tag?post=90879"}],"curies":[{"name":"wp","href":"https:\/\/api.w.org\/{rel}","templated":true}]}}