{"id":91094,"date":"2024-04-05T16:21:51","date_gmt":"2024-04-05T14:21:51","guid":{"rendered":"https:\/\/secureus.se\/?post_type=product&#038;p=91094"},"modified":"2026-04-03T14:55:28","modified_gmt":"2026-04-03T12:55:28","slug":"larmdekal-aluminium-2-sjalvhaftande-medel-a6-105x148-5mm","status":"publish","type":"product","link":"https:\/\/secureus.se\/de\/larmdekal-aluminium-2-sjalvhaftande-medel-a6-105x148-5mm\/","title":{"rendered":"Alarmaufkleber, Aluminium, \u00fcberwacht, selbstklebend, Medium (A6), 105 x 148,5 mm"},"content":{"rendered":"<p><em>Unsere Aluminium-Alarmaufkleber sind so konzipiert, dass Ihre Sicherheit unabh\u00e4ngig von den Umgebungsbedingungen sichtbar und deutlich ist. Diese Aufkleber wurden mit Pr\u00e4zision hergestellt, um den anspruchsvollen Bedingungen des skandinavischen Klimas gerecht zu werden, und zeichnen sich durch \u00fcberragende Haltbarkeit und Widerstandsf\u00e4higkeit aus. Sie sind so konzipiert, dass sie den Elementen, von klirrender K\u00e4lte bis hin zu starkem Regen, standhalten und sich daher ideal f\u00fcr den Einsatz im Freien eignen. Mit doppelseitig geklebtem 3M-Gewebe auf der R\u00fcckseite erm\u00f6glichen diese Aufkleber eine einfache und zuverl\u00e4ssige Montage auf einer Vielzahl von Oberfl\u00e4chen.<\/em><\/p>\n<p>Vertrauen erweckend, klar und langlebig \u2013 das bieten unsere Aluminium-Alarmaufkleber, um die Sicherheit auf die n\u00e4chste Stufe zu heben.<\/p>\n<p>Alarmaufkleber wirken als starke visuelle Abschreckung gegen potenzielle Einbruchsversuche.<\/p>\n<p><strong>Robust und langlebig<\/strong><br \/>\nHergestellt aus hochwertigem Aluminium. Unsere Alarmaufkleber sind so konzipiert, dass sie sowohl Verschlei\u00df als auch Temperatur standhalten. Sie k\u00f6nnen sicher sein, dass sie unabh\u00e4ngig vom Wetter in einem Top-Zustand bleiben.<\/p>\n<p>Dieser Alarmaufkleber ist im Innenbereich genauso wirksam wie im Au\u00dfenbereich. Passen Sie es an Ihre spezifischen Bed\u00fcrfnisse an.<\/p>\n<h3>Einsatzgebiete:<\/h3>\n<ul>\n<li><strong>Das Zuhause:<\/strong> Sch\u00fctzen Sie Ihre Familie und Ihr Zuhause, indem Sie diese Alarmaufkleber an allen wichtigen Eing\u00e4ngen anbringen.<br \/>\n<strong>Unternehmen:<\/strong> Verbessern Sie die Sicherheit Ihres Arbeitsplatzes, indem Sie die kritischsten Bereiche sowohl f\u00fcr Mitarbeiter als auch f\u00fcr Besucher sichtbar machen.<br \/>\n<strong>Gesch\u00e4fte und Unternehmen:<\/strong> Schaffen Sie eine sicherere Umgebung f\u00fcr Ihre Kunden und Mitarbeiter, indem Sie die wichtigsten Ein- und Ausg\u00e4nge markieren.<\/li>\n<\/ul>\n<h3>Produktspezifikationen:<\/h3>\n<ul>\n<li>Material: Aluminium<\/li>\n<li>Abmessungen: 105\u00d7148,5mm<\/li>\n<\/ul>\n<h3>Das Paket beinhaltet:<\/h3>\n<ul>\n<li>1 St\u00fcck 105\u00d7148,5 mm selbstklebender Alarmaufkleber aus Aluminium Jeder Aufkleber ist eine Investition in Ihre Sicherheit!<\/li>\n<\/ul>","protected":false},"excerpt":{"rendered":"<ol>\n<li><em>Mittlerer Alarmaufkleber. Erh\u00f6hen Sie die Sicherheit mit unseren Aluminium-Alarmaufklebern, die den rauen skandinavischen Klimabedingungen standhalten. Perfekt f\u00fcr den Au\u00dfenbereich.<\/em><\/li>\n<\/ol>","protected":false},"featured_media":156015,"template":"","meta":{"_acf_changed":false},"product_brand":[],"product_cat":[1323],"product_tag":[3053],"class_list":{"0":"post-91094","1":"product","2":"type-product","3":"status-publish","4":"has-post-thumbnail","6":"product_cat-larmdekaler","7":"product_tag-nyhet","8":"product_shipping_class-dekaler-skyltar","9":"tm-no-options","11":"first","12":"instock","13":"featured","14":"taxable","15":"shipping-taxable","16":"purchasable","17":"product-type-simple"},"acf":[],"_links":{"self":[{"href":"https:\/\/secureus.se\/de\/wp-json\/wp\/v2\/product\/91094","targetHints":{"allow":["GET"]}}],"collection":[{"href":"https:\/\/secureus.se\/de\/wp-json\/wp\/v2\/product"}],"about":[{"href":"https:\/\/secureus.se\/de\/wp-json\/wp\/v2\/types\/product"}],"wp:featuredmedia":[{"embeddable":true,"href":"https:\/\/secureus.se\/de\/wp-json\/wp\/v2\/media\/156015"}],"wp:attachment":[{"href":"https:\/\/secureus.se\/de\/wp-json\/wp\/v2\/media?parent=91094"}],"wp:term":[{"taxonomy":"product_brand","embeddable":true,"href":"https:\/\/secureus.se\/de\/wp-json\/wp\/v2\/product_brand?post=91094"},{"taxonomy":"product_cat","embeddable":true,"href":"https:\/\/secureus.se\/de\/wp-json\/wp\/v2\/product_cat?post=91094"},{"taxonomy":"product_tag","embeddable":true,"href":"https:\/\/secureus.se\/de\/wp-json\/wp\/v2\/product_tag?post=91094"}],"curies":[{"name":"wp","href":"https:\/\/api.w.org\/{rel}","templated":true}]}}