{"id":91103,"date":"2024-04-05T16:30:32","date_gmt":"2024-04-05T14:30:32","guid":{"rendered":"https:\/\/secureus.se\/larmdekal-dubbelsidig-2-sjalvhaftande-a8-52x74mm\/"},"modified":"2026-04-17T16:42:27","modified_gmt":"2026-04-17T14:42:27","slug":"larmdekal-dubbelsidig-2-sjalvhaftande-a8-52x74mm","status":"publish","type":"product","link":"https:\/\/secureus.se\/de\/larmdekal-dubbelsidig-2-sjalvhaftande-a8-52x74mm\/","title":{"rendered":"Alarmaufkleber, doppelseitig, \u00fcberwacht, selbstklebend (A8) \u2013 52 x 74 mm"},"content":{"rendered":"<p>Mit diesem Alarmaufkleber k\u00f6nnen Sie Ihre wichtigsten Eintrittspunkte, wie Fenster und T\u00fcren, sichtbar und \u00fcbersichtlich kennzeichnen. Alarmaufkleber wirken als starke visuelle Abschreckung gegen potenzielle Einbruchsversuche.<\/p>\n<p><strong>Robust und langlebig<\/strong><br \/>\nHergestellt aus hochwertigem Polycarbonat. Unsere Alarmaufkleber sind so konzipiert, dass sie sowohl Abnutzung als auch Temperatur standhalten. Sie k\u00f6nnen sicher sein, dass sie in einem Top-Zustand bleiben.<\/p>\n<p><strong>Doppelseitiges Design<\/strong><br \/>\nDas Beste an diesen Alarmaufklebern ist, dass sie doppelseitig sind. Dadurch ist das Motiv sowohl im Innen- als auch im Au\u00dfenbereich sichtbar, was f\u00fcr zus\u00e4tzliche Sicherheit und Sichtbarkeit sorgt, unabh\u00e4ngig davon, wo Sie sich befinden.<\/p>\n<p>Dieser Alarmaufkleber ist im Innenbereich genauso wirksam wie im Au\u00dfenbereich. Um die Sicherheit weiter zu erh\u00f6hen, k\u00f6nnen sie f\u00fcr zus\u00e4tzlichen Schutz im Innenbereich platziert werden. Es gibt Ihnen die Flexibilit\u00e4t, Ihre Sicherheitsma\u00dfnahme an Ihre spezifischen Bed\u00fcrfnisse anzupassen.<\/p>\n<h3>Einsatzgebiete:<\/h3>\n<ul>\n<li><strong>Das Zuhause:<\/strong> Sch\u00fctzen Sie Ihre Familie und Ihr Zuhause, indem Sie diese Alarmaufkleber an allen wichtigen Eing\u00e4ngen anbringen.<br \/>\n<strong>Unternehmen:<\/strong> Verbessern Sie die Sicherheit Ihres Arbeitsplatzes, indem Sie die kritischsten Bereiche sowohl f\u00fcr Mitarbeiter als auch f\u00fcr Besucher sichtbar machen.<br \/>\n<strong>Gesch\u00e4fte und Unternehmen:<\/strong> Schaffen Sie eine sicherere Umgebung f\u00fcr Ihre Kunden und Mitarbeiter, indem Sie die wichtigsten Ein- und Ausg\u00e4nge markieren.<\/li>\n<\/ul>\n<h3>Produktspezifikationen:<\/h3>\n<ul>\n<li>Material: Polycarbonat<\/li>\n<li>Messen: <b>52 mm x 74 mm<\/b><\/li>\n<\/ul>\n<h3>Das Paket beinhaltet:<\/h3>\n<ul>\n<li>1 doppelseitig selbstklebender Alarmaufkleber<\/li>\n<\/ul>\n<p>Erh\u00f6hen Sie das Sicherheitsniveau Ihres Raums mit unseren zuverl\u00e4ssigen selbstklebenden doppelseitigen Alarmaufklebern. Jeder Aufkleber ist eine Investition in Ihre Sicherheit!<\/p>","protected":false},"excerpt":{"rendered":"<p><em>Markieren Sie Ihre Einstiegspunkte mit unserem selbstklebenden doppelseitigen Alarmaufkleber. Es besteht aus langlebigem Polycarbonat und bietet eine hervorragende Temperaturbest\u00e4ndigkeit. Da die Sicht sowohl im Innen- als auch im Au\u00dfenbereich gegeben ist, ist dies ein Muss f\u00fcr mehr Sicherheit<\/em><\/p>","protected":false},"featured_media":156014,"template":"","meta":{"_acf_changed":false},"product_brand":[],"product_cat":[1323],"product_tag":[3053],"class_list":{"0":"post-91103","1":"product","2":"type-product","3":"status-publish","4":"has-post-thumbnail","6":"product_cat-larmdekaler","7":"product_tag-nyhet","8":"product_shipping_class-dekaler-skyltar","9":"tm-no-options","11":"first","12":"instock","13":"featured","14":"taxable","15":"shipping-taxable","16":"purchasable","17":"product-type-simple"},"acf":[],"_links":{"self":[{"href":"https:\/\/secureus.se\/de\/wp-json\/wp\/v2\/product\/91103","targetHints":{"allow":["GET"]}}],"collection":[{"href":"https:\/\/secureus.se\/de\/wp-json\/wp\/v2\/product"}],"about":[{"href":"https:\/\/secureus.se\/de\/wp-json\/wp\/v2\/types\/product"}],"wp:featuredmedia":[{"embeddable":true,"href":"https:\/\/secureus.se\/de\/wp-json\/wp\/v2\/media\/156014"}],"wp:attachment":[{"href":"https:\/\/secureus.se\/de\/wp-json\/wp\/v2\/media?parent=91103"}],"wp:term":[{"taxonomy":"product_brand","embeddable":true,"href":"https:\/\/secureus.se\/de\/wp-json\/wp\/v2\/product_brand?post=91103"},{"taxonomy":"product_cat","embeddable":true,"href":"https:\/\/secureus.se\/de\/wp-json\/wp\/v2\/product_cat?post=91103"},{"taxonomy":"product_tag","embeddable":true,"href":"https:\/\/secureus.se\/de\/wp-json\/wp\/v2\/product_tag?post=91103"}],"curies":[{"name":"wp","href":"https:\/\/api.w.org\/{rel}","templated":true}]}}