{"id":91259,"date":"2024-04-15T14:49:57","date_gmt":"2024-04-15T12:49:57","guid":{"rendered":"https:\/\/secureus.se\/detector-fireprotect-2-rb\/"},"modified":"2026-03-30T23:38:16","modified_gmt":"2026-03-30T21:38:16","slug":"ajax-fireprotect-2-rb-heat-endast-varme-vit","status":"publish","type":"product","link":"https:\/\/secureus.se\/de\/ajax-fireprotect-2-rb-heat-endast-varme-vit\/","title":{"rendered":"Ajax FireProtect 2 RB Heat - W\u00e4rmemelder (Wei\u00df)"},"content":{"rendered":"<h3>Ajax FireProtect 2 RB Heat ist ein fortschrittlicher Feuermelder, der eine zuverl\u00e4ssige und effektive \u00dcberwachung von W\u00e4rmever\u00e4nderungen in Umgebungen bietet, in denen herk\u00f6mmliche Rauchmelder weder w\u00fcnschenswert noch wirksam sind.<\/h3>\n<p>Diese Version der FireProtect-Reihe wurde speziell daf\u00fcr entwickelt, nur Temperatur\u00e4nderungen zu erfassen, und eignet sich daher ideal f\u00fcr den Einsatz in Bereichen, in denen Hitze ein zuverl\u00e4ssiger Indikator f\u00fcr Feuer ist, beispielsweise in K\u00fcchen oder Technikr\u00e4umen.<\/p>\n<p>Das drahtlose Ger\u00e4t ist mit allen Ajax Hub-Ger\u00e4ten kompatibel, einschlie\u00dflich Hub Plus, Hub 2, Hub 2 Plus, Hub Hybrid, ReX und ReX 2, und l\u00e4sst sich daher problemlos in Ihr Ajax-Sicherheitssystem integrieren.<\/p>\n<p>Mit einer Funkreichweite von bis zu 1700 Metern im freien Gel\u00e4nde ist gew\u00e4hrleistet, dass der Feuermelder auch in gro\u00dfen oder komplexen Geb\u00e4uden schnell und effektiv auf Temperatur\u00e4nderungen reagieren kann.<\/p>\n<p><strong>Hauptmerkmale und Vorteile<\/strong>:<\/p>\n<ul>\n<li><strong>Brunsterkennung<\/strong>: Nur W\u00e4rmesensor, keine Raucherkennung, daher f\u00fcr den Einsatz geeignet, wo Rauch nicht richtig erkannt werden kann.<\/li>\n<li><strong>Drahtlose Reichweite<\/strong>: Bis zu 1700 Meter im offenen Gel\u00e4nde f\u00fcr eine einfache Platzierung auf gr\u00f6\u00dferen Grundst\u00fccken.<\/li>\n<li><strong>Lange Akkulaufzeit<\/strong>: Batterielebensdauer bis zu 7 Jahre mit zwei CR123A-Batterien, wodurch die Notwendigkeit h\u00e4ufiger Batteriewechsel verringert wird.<\/li>\n<li><strong>Hoher Ger\u00e4uschpegel<\/strong>: Schallpegel von 85 dB in einer Entfernung von 3 Metern, was auch in lauten Umgebungen f\u00fcr eine deutliche Warnung sorgt.<\/li>\n<li><strong>Toleranz gegen\u00fcber niedrigen Temperaturen und Luftfeuchtigkeit<\/strong>: Temperaturbereich von 0\u00b0 bis +50\u00b0C und best\u00e4ndig gegen eine Luftfeuchtigkeit von bis zu 80%, wodurch es in vielen verschiedenen Umgebungen n\u00fctzlich ist.<\/li>\n<\/ul>\n<p>Dieses System ist au\u00dferdem sehr zuverl\u00e4ssig, da es fortschrittliche Technologie nutzt, um das Risiko von Fehlalarmen zu reduzieren.<\/p>\n<p>Ajax FireProtect 2 RB Heat verf\u00fcgt \u00fcber eine speziell entwickelte Funktion, die es erm\u00f6glicht, zwischen Dampf und Hitze zu unterscheiden, wodurch das Risiko st\u00f6render Alarme beispielsweise beim Kochen oder Duschen wirksam verringert wird.<\/p>\n<p>Dieser Detektor verwendet au\u00dferdem eine austauschbare Batterie, was die Wartung einfacher und kosteng\u00fcnstiger macht.<\/p>\n<p>Wenn sich der Akku dem Ende seiner Lebensdauer n\u00e4hert, erh\u00e4lt der Benutzer \u00fcber das Ajax-System eine Warnung, sodass er das Ger\u00e4t ganz einfach in Topform halten kann.<\/p>\n<p><strong>Spezifikationen<\/strong>:<\/p>\n<ul>\n<li><strong>Kompatibilit\u00e4t<\/strong>: Hub Plus, Hub 2, Hub 2 Plus, Hub Hybrid, ReX und ReX 2<\/li>\n<li><strong>Drahtlose Reichweite<\/strong>: Bis zu 1700 m im freien Gel\u00e4nde<\/li>\n<li><strong>Akku-Typ<\/strong>: 2 x CR123A<\/li>\n<li><strong>Akkulaufzeit<\/strong>: Bis zu 7 Jahre<\/li>\n<li><strong>Temperaturbereich<\/strong>: 0\u00b0 bis +50\u00b0C<\/li>\n<li><strong>Luftfeuchtigkeit<\/strong>: Bis zu 80%<\/li>\n<li><strong>Lautst\u00e4rke<\/strong>: 85 dB (3 Meter)<\/li>\n<li><strong>Alarmschwelle<\/strong>: +64\u00b0C oder ein Anstieg von 10\u00b0C in weniger als 1 Minute<\/li>\n<li><strong>IP-Klasse<\/strong>: IP20<\/li>\n<\/ul>\n<p><strong>Abschluss<\/strong>: Ajax FireProtect 2 RB Heat ist die perfekte L\u00f6sung zur \u00dcberwachung und Erkennung von Temperatur\u00e4nderungen in Bereichen, in denen herk\u00f6mmliche Raucherkennung nicht geeignet ist.<\/p>\n<p>Es bietet hohe Sicherheit, lange Akkulaufzeit und einfache Integration in Ihr Ajax-System, was es zu einer intelligenten und zuverl\u00e4ssigen Wahl sowohl f\u00fcr Wohn- als auch f\u00fcr Gewerbeimmobilien macht.<\/p>\n<p><strong>Das Paket enth\u00e4lt<\/strong>:<\/p>\n<ul>\n<li>Ajax FireProtect 2 RB Heat<\/li>\n<li>Installationshandbuch<\/li>\n<li>Batterien (2 x CR123A)<\/li>\n<\/ul>\n<p>&nbsp;<\/p>","protected":false},"excerpt":{"rendered":"<p>Ajax FireProtect 2 RB Heat ist ein W\u00e4rmesensor, der nur Hitze erkennt.<\/p>\n<p>Es ist mit allen Ajax Hub-Ger\u00e4ten kompatibel und bietet eine Funkreichweite von bis zu 1700 m im freien Gel\u00e4nde.<\/p>\n<p>Perfekt f\u00fcr die Sicherheits\u00fcberwachung, bei der die W\u00e4rmeerkennung Priorit\u00e4t hat.<\/p>","protected":false},"featured_media":156025,"template":"","meta":{"_acf_changed":false},"product_brand":[],"product_cat":[1319,3159],"product_tag":[3152,3127,4863],"class_list":{"0":"post-91259","1":"product","2":"type-product","3":"status-publish","4":"has-post-thumbnail","6":"product_cat-ajax-larm","7":"product_cat-brandvarnare","8":"product_tag-cr123-tillbehor","9":"product_tag-kontrollprodukt","10":"product_tag-pf","11":"product_shipping_class-postnord-varubrev","12":"pa_brands-ajax-systems","13":"pa_farg-vit","14":"tm-no-options","16":"first","17":"instock","18":"sale","19":"featured","20":"taxable","21":"shipping-taxable","22":"purchasable","23":"product-type-simple"},"acf":[],"_links":{"self":[{"href":"https:\/\/secureus.se\/de\/wp-json\/wp\/v2\/product\/91259","targetHints":{"allow":["GET"]}}],"collection":[{"href":"https:\/\/secureus.se\/de\/wp-json\/wp\/v2\/product"}],"about":[{"href":"https:\/\/secureus.se\/de\/wp-json\/wp\/v2\/types\/product"}],"wp:featuredmedia":[{"embeddable":true,"href":"https:\/\/secureus.se\/de\/wp-json\/wp\/v2\/media\/156025"}],"wp:attachment":[{"href":"https:\/\/secureus.se\/de\/wp-json\/wp\/v2\/media?parent=91259"}],"wp:term":[{"taxonomy":"product_brand","embeddable":true,"href":"https:\/\/secureus.se\/de\/wp-json\/wp\/v2\/product_brand?post=91259"},{"taxonomy":"product_cat","embeddable":true,"href":"https:\/\/secureus.se\/de\/wp-json\/wp\/v2\/product_cat?post=91259"},{"taxonomy":"product_tag","embeddable":true,"href":"https:\/\/secureus.se\/de\/wp-json\/wp\/v2\/product_tag?post=91259"}],"curies":[{"name":"wp","href":"https:\/\/api.w.org\/{rel}","templated":true}]}}