{"id":91430,"date":"2024-05-01T22:05:07","date_gmt":"2024-05-01T20:05:07","guid":{"rendered":"https:\/\/secureus.se\/?post_type=product&#038;p=91430"},"modified":"2026-04-08T15:48:07","modified_gmt":"2026-04-08T13:48:07","slug":"dorrstangarsats-dc300-ob-3-6-med-standardarm-svart","status":"publish","type":"product","link":"https:\/\/secureus.se\/de\/dorrstangarsats-dc300-ob-3-6-med-standardarm-svart\/","title":{"rendered":"ASSA ABLOY DC300 T\u00fcrschlie\u00dfer \u2013 Komplettset \u2013 EN 3-6 \u2013 Standardarm L190 \u2013 Schwarz"},"content":{"rendered":"<p><strong>ASSA ABLOY DC300<\/strong> ist ein zuverl\u00e4ssiger T\u00fcrschlie\u00dfer f\u00fcr alle, die ein sicheres, sanftes und kontrolliertes Schlie\u00dfen von Au\u00dfen-, Innen- und Brandschutzt\u00fcren w\u00fcnschen. Diese Variante wird geliefert als <strong>Komplettset<\/strong> in Schwarz mit <strong>Standardarm L190<\/strong>, Dadurch ist es sowohl f\u00fcr Neuinstallationen als auch f\u00fcr Austauschsysteme eine praktische Wahl.<\/p>\n<p>Der T\u00fcrschlie\u00dfer passt f\u00fcr T\u00fcren mit einer Breite von bis zu <strong>1400 mm<\/strong> und hat <strong>einstellbare Schlie\u00dfkraft EN 3-6<\/strong>. DC300 wurde f\u00fcr Umgebungen entwickelt, in denen sicherer Betrieb, stabiler Betrieb und einfache Justierung w\u00e4hrend der Installation gefordert sind.<\/p>\n<h3>Dies ist im Set enthalten.<\/h3>\n<ul>\n<li>T\u00fcrschlie\u00dfergeh\u00e4use DC300<\/li>\n<li>Standardarm L190<\/li>\n<li>Montageplatte A120<\/li>\n<\/ul>\n<h3>Eigenschaften<\/h3>\n<ul>\n<li>Komplettes Set mit T\u00fcrschlie\u00dfergeh\u00e4use, Standardarm und Montageplatte<\/li>\n<li>Einstellbare Federkraft <strong>EINS 3-6<\/strong><\/li>\n<li>Schlie\u00dfdrehmoment <strong>18 Nm bis 54 Nm<\/strong><\/li>\n<li>Maximale T\u00fcrbreite <strong>1400 mm<\/strong><\/li>\n<li>Bestehen der Klasse <strong>C5<\/strong><\/li>\n<li>H\u00f6henverstellbarer Schaft bis zu <strong>14 mm<\/strong> f\u00fcr eine einfachere Installation<\/li>\n<li>Einstellbare Schlie\u00dfgeschwindigkeit<\/li>\n<li>Einstellbare Aufprallkraft<\/li>\n<li>Einstellbare \u00d6ffnungsbremse<\/li>\n<li>\u00d6ffnungswinkel bis zu <strong>180\u00b0<\/strong><\/li>\n<li>Genehmigt gem\u00e4\u00df <strong>EN1154<\/strong><\/li>\n<li>Typgenehmigt f\u00fcr Brandschutzt\u00fcren<\/li>\n<li>Passend f\u00fcr links- und rechtsanschlagende T\u00fcren<\/li>\n<li>Verdeckte Montageplatte<\/li>\n<li>Oberfl\u00e4chenbehandlung: <strong>Schwarz<\/strong><\/li>\n<\/ul>\n<h3>Funktion<\/h3>\n<p>Die DC300 ist eine <strong>T\u00fcrschlie\u00dfer mit Druckfeder<\/strong> Mit hochwertigem Hydraulik\u00f6l und temperaturkompensierenden Ventilen. Dies gew\u00e4hrleistet zuverl\u00e4ssige Funktion und sanftes Schlie\u00dfen auch in Umgebungen mit Temperaturschwankungen.<\/p>\n<h3>Messen<\/h3>\n<ul>\n<li>H\u00f6he: <strong>60 mm<\/strong><\/li>\n<li>Tiefe: <strong>47 mm<\/strong><\/li>\n<li>L\u00e4nge: <strong>260 mm<\/strong><\/li>\n<\/ul>\n<h3>Geeignet f\u00fcr<\/h3>\n<ul>\n<li>Vordert\u00fcren<\/li>\n<li>Innent\u00fcren<\/li>\n<li>Feuerschutzt\u00fcren<\/li>\n<li>Eingangst\u00fcren<\/li>\n<li>Immobilien, B\u00fcros und \u00f6ffentliche Umgebungen<\/li>\n<\/ul>\n<p>Die ASSA ABLOY DC300 ist eine gute Wahl f\u00fcr alle, die eine suchen <strong>schwarzer T\u00fcrschlie\u00dfer<\/strong> Als Komplettset mit Standardarm und hoher Einstellbarkeit vereint es sicheres Schlie\u00dfen, stabile Funktion und ein dezentes Erscheinungsbild, das zu vielen verschiedenen T\u00fcrumgebungen passt.<\/p>\n<div style=\"background: #f6f8fa;padding: 14px;border-radius: 6px;margin: 18px 0\"><strong>Ben\u00f6tigen Sie Hilfe bei der Auswahl des richtigen T\u00fcrschlie\u00dfers?<\/strong><br \/>\nVergleichen Sie T\u00fcrtyp, Armtyp und T\u00fcrbreite oder sehen Sie sich weitere Modelle aus unserem Sortiment an.<a style=\"font-weight: bold\" href=\"https:\/\/secureus.se\/de\/dorrstangare-kompletta\/\"><br \/>\nAlle kompletten T\u00fcrschlie\u00dfer finden Sie hier \u2192<br \/>\n<\/a><\/div>","protected":false},"excerpt":{"rendered":"<p><strong>ASSA ABLOY DC300 T\u00fcrschlie\u00dfer-Komplettset in Schwarz<\/strong> Mit Standardarm L190 f\u00fcr sicheres und kontrolliertes Schlie\u00dfen von Au\u00dfent\u00fcren, Innent\u00fcren und Brandschutzt\u00fcren. Passend f\u00fcr T\u00fcren bis zu <strong>1400 mm<\/strong> und wird als komplettes Set mit T\u00fcrschlie\u00dfergeh\u00e4use, Montageplatte und Arm geliefert.<\/p>\n<p>Das Modell hat <strong>einstellbare Schlie\u00dfkraft EN 3-6<\/strong>, Mit \u00d6ffnungsbremse, passend f\u00fcr links- und rechtsanschlagende T\u00fcren. Eine gute Wahl f\u00fcr Geb\u00e4ude, Eing\u00e4nge und andere Bereiche, in denen ein stabiles und sanftes Schlie\u00dfen wichtig ist.<\/p>","protected":false},"featured_media":137283,"template":"","meta":{"_acf_changed":false},"product_brand":[],"product_cat":[3258,4864],"product_tag":[4863],"class_list":{"0":"post-91430","1":"product","2":"type-product","3":"status-publish","4":"has-post-thumbnail","6":"product_cat-dorrstangare","7":"product_cat-dorrstangare-kompletta","8":"product_tag-pf","9":"product_shipping_class-tunga-paket","10":"pa_brands-abloy","11":"tm-no-options","13":"first","14":"instock","15":"sale","16":"taxable","17":"shipping-taxable","18":"purchasable","19":"product-type-simple"},"acf":[],"_links":{"self":[{"href":"https:\/\/secureus.se\/de\/wp-json\/wp\/v2\/product\/91430","targetHints":{"allow":["GET"]}}],"collection":[{"href":"https:\/\/secureus.se\/de\/wp-json\/wp\/v2\/product"}],"about":[{"href":"https:\/\/secureus.se\/de\/wp-json\/wp\/v2\/types\/product"}],"wp:featuredmedia":[{"embeddable":true,"href":"https:\/\/secureus.se\/de\/wp-json\/wp\/v2\/media\/137283"}],"wp:attachment":[{"href":"https:\/\/secureus.se\/de\/wp-json\/wp\/v2\/media?parent=91430"}],"wp:term":[{"taxonomy":"product_brand","embeddable":true,"href":"https:\/\/secureus.se\/de\/wp-json\/wp\/v2\/product_brand?post=91430"},{"taxonomy":"product_cat","embeddable":true,"href":"https:\/\/secureus.se\/de\/wp-json\/wp\/v2\/product_cat?post=91430"},{"taxonomy":"product_tag","embeddable":true,"href":"https:\/\/secureus.se\/de\/wp-json\/wp\/v2\/product_tag?post=91430"}],"curies":[{"name":"wp","href":"https:\/\/api.w.org\/{rel}","templated":true}]}}