{"id":91432,"date":"2024-05-01T22:05:04","date_gmt":"2024-05-01T20:05:04","guid":{"rendered":"https:\/\/secureus.se\/?post_type=product&#038;p=91432"},"modified":"2026-04-08T15:48:04","modified_gmt":"2026-04-08T13:48:04","slug":"dorrstangarsats-ts5000-2-6-med-forstarkt-glidskena-silver","status":"publish","type":"product","link":"https:\/\/secureus.se\/de\/dorrstangarsats-ts5000-2-6-med-forstarkt-glidskena-silver\/","title":{"rendered":"GEZE TS5000 T\u00fcrschlie\u00dfer \u2013 Komplettset \u2013 EN 2-6 \u2013 Verst\u00e4rkte Gleitschiene \u2013 Silber"},"content":{"rendered":"<p><strong>GEZE TS5000<\/strong> ist ein leistungsstarker Schiebet\u00fcrschlie\u00dfer f\u00fcr alle, die ein sicheres, sanftes und kontrolliertes Schlie\u00dfen von Innen-, Au\u00dfen- und Brandschutzt\u00fcren ben\u00f6tigen. Dieses Modell wird geliefert als <strong>Komplettset<\/strong> in Silber mit <strong>verst\u00e4rkte Gleitschiene<\/strong>, Dadurch eignet es sich gut f\u00fcr T\u00fcrumgebungen, in denen man eine stabile Funktion mit einem diskreteren Armsystem kombinieren m\u00f6chte.<\/p>\n<p>Der T\u00fcrschlie\u00dfer passt <strong>Einzelt\u00fcren bis 1400 mm<\/strong> und hat <strong>stufenlos einstellbare Schlie\u00dfkraft EN 2-6<\/strong>. Es ist montiert auf <strong>Scharnierseite des T\u00fcrblatts<\/strong> oder <strong>die Anschlagseite des Rahmens<\/strong>. F\u00fcr die umgekehrte Montage <strong>GEZE TS5000L<\/strong>.<\/p>\n<h3>Dies ist im Set enthalten.<\/h3>\n<ul>\n<li>T\u00fcrschlie\u00dfergeh\u00e4use TS5000 2-6<\/li>\n<li>Verst\u00e4rkte Gleitschiene TS3000\/5000<\/li>\n<li>Montageplatte TS4000\/5000<\/li>\n<\/ul>\n<h3>Eigenschaften<\/h3>\n<ul>\n<li>Komplettes Set mit T\u00fcrschlie\u00dfergeh\u00e4use, verst\u00e4rkter Gleitschiene und Montageplatte<\/li>\n<li>Armsystem: <strong>Gleitschiene<\/strong><\/li>\n<li>Schlie\u00dfkraft: <strong>DE 2-6<\/strong><\/li>\n<li>Stufenlos einstellbare Schlie\u00dfkraft<\/li>\n<li>Passend f\u00fcr eine einzelne T\u00fcr<\/li>\n<li>Maximale T\u00fcrfl\u00fcgelbreite: <strong>1400 mm<\/strong><\/li>\n<li>T\u00fcrblattbaugruppe auf der Scharnierseite<\/li>\n<li>Rahmenmontage auf der Anschlagseite<\/li>\n<li>\u00d6ffnungswinkel bis zu <strong>180\u00b0<\/strong> wenn auf der Scharnierseite montiert<\/li>\n<li>Optische Gr\u00f6\u00dfenanzeige<\/li>\n<li>Genehmigt gem\u00e4\u00df <strong>EN 1154<\/strong><\/li>\n<li>Oberfl\u00e4chenbehandlung: <strong>Silber<\/strong><\/li>\n<\/ul>\n<h3>Funktionen<\/h3>\n<ul>\n<li>Alle Funktionen werden von vorne eingestellt.<\/li>\n<li>Einstellbare Schlie\u00dfgeschwindigkeit<\/li>\n<li>Einstellung der Aufprallkraft \u00fcber das Armsystem <strong>7\u00b0 bis 0\u00b0<\/strong><\/li>\n<li>Integrierte \u00d6ffnungsbremse, hydraulisch einstellbar von <strong>70\u00b0<\/strong><\/li>\n<li>Sicherheitsventil gegen Vandalismus<\/li>\n<li>Hitzestabiles Ventil<\/li>\n<li>\u00d6ffnungsbremse: Ja<\/li>\n<li>Elektromechanische Konfiguration: Nein<\/li>\n<li>Freischwingfunktion: Nein<\/li>\n<li>Zeitverz\u00f6gerte Schlie\u00dfung: Nein<\/li>\n<\/ul>\n<h3>Wichtige Informationen<\/h3>\n<p>GEZE TS5000 ist f\u00fcr die Installation auf <strong>T\u00fcrscharnierseite<\/strong> oder <strong>Rahmenanschlagseite<\/strong>. Falls Sie die entgegengesetzte Montageart ben\u00f6tigen, w\u00e4hlen Sie stattdessen <strong>TS5000L<\/strong>.<\/p>\n<h3>Geeignet f\u00fcr<\/h3>\n<ul>\n<li>Innent\u00fcren<\/li>\n<li>Vordert\u00fcren<\/li>\n<li>Feuerschutzt\u00fcren<\/li>\n<li>Eingangst\u00fcren<\/li>\n<li>Immobilien, B\u00fcros und \u00f6ffentliche Umgebungen<\/li>\n<\/ul>\n<p>Der GEZE TS5000 ist eine gute Wahl f\u00fcr alle, die einen suchen <strong>T\u00fcrschlie\u00dfer mit Gleitschiene<\/strong> Als Komplettset f\u00fcr anspruchsvolle T\u00fcrumgebungen erhalten Sie einen stabilen und zuverl\u00e4ssigen T\u00fcrschlie\u00dfer mit hoher Einstellbarkeit, verst\u00e4rktem Armsystem und einem dezenten Design, das sich in viele verschiedene Objekte einf\u00fcgt.<\/p>\n<div style=\"background: #f6f8fa;padding: 14px;border-radius: 6px;margin: 18px 0\"><strong>Ben\u00f6tigen Sie Hilfe bei der Auswahl des richtigen T\u00fcrschlie\u00dfers?<\/strong><br \/>\nVergleichen Sie T\u00fcrtyp, Armtyp und T\u00fcrbreite oder sehen Sie sich weitere Modelle aus unserem Sortiment an.<br \/>\n<a style=\"font-weight: bold\" href=\"https:\/\/secureus.se\/de\/dorrstangare-kompletta\/\"><br \/>\nAlle kompletten T\u00fcrschlie\u00dfer finden Sie hier \u2192<br \/>\n<\/a><\/div>","protected":false},"excerpt":{"rendered":"<p><strong>GEZE TS5000 T\u00fcrschlie\u00dfer-Komplettset in Silber<\/strong> Mit verst\u00e4rkter Gleitschiene f\u00fcr sicheres und kontrolliertes Schlie\u00dfen von Innent\u00fcren, Au\u00dfent\u00fcren und Brandschutzt\u00fcren. Geeignet <strong>Einzelt\u00fcren bis 1400 mm<\/strong> und montiert auf <strong>Scharnierseite der T\u00fcr<\/strong> oder <strong>die Anschlagseite des Rahmens<\/strong>.<\/p>\n<p>Das komplette Set beinhaltet: <strong>T\u00fcrschlie\u00dfergeh\u00e4use TS5000 2-6, verst\u00e4rkte Gleitschiene TS3000\/5000 und Montageplatte TS4000\/5000<\/strong>. Das Modell hat <strong>stufenlos einstellbare Schlie\u00dfkraft EN 2-6<\/strong>, Die integrierte \u00d6ffnungsbremse und alle Funktionen lassen sich bequem von vorne einstellen.<\/p>","protected":false},"featured_media":138127,"template":"","meta":{"_acf_changed":false},"product_brand":[],"product_cat":[3258,4864],"product_tag":[4863],"class_list":{"0":"post-91432","1":"product","2":"type-product","3":"status-publish","4":"has-post-thumbnail","6":"product_cat-dorrstangare","7":"product_cat-dorrstangare-kompletta","8":"product_tag-pf","9":"product_shipping_class-tunga-paket","10":"pa_brands-geze","11":"tm-no-options","13":"first","14":"instock","15":"sale","16":"taxable","17":"shipping-taxable","18":"purchasable","19":"product-type-simple"},"acf":[],"_links":{"self":[{"href":"https:\/\/secureus.se\/de\/wp-json\/wp\/v2\/product\/91432","targetHints":{"allow":["GET"]}}],"collection":[{"href":"https:\/\/secureus.se\/de\/wp-json\/wp\/v2\/product"}],"about":[{"href":"https:\/\/secureus.se\/de\/wp-json\/wp\/v2\/types\/product"}],"wp:featuredmedia":[{"embeddable":true,"href":"https:\/\/secureus.se\/de\/wp-json\/wp\/v2\/media\/138127"}],"wp:attachment":[{"href":"https:\/\/secureus.se\/de\/wp-json\/wp\/v2\/media?parent=91432"}],"wp:term":[{"taxonomy":"product_brand","embeddable":true,"href":"https:\/\/secureus.se\/de\/wp-json\/wp\/v2\/product_brand?post=91432"},{"taxonomy":"product_cat","embeddable":true,"href":"https:\/\/secureus.se\/de\/wp-json\/wp\/v2\/product_cat?post=91432"},{"taxonomy":"product_tag","embeddable":true,"href":"https:\/\/secureus.se\/de\/wp-json\/wp\/v2\/product_tag?post=91432"}],"curies":[{"name":"wp","href":"https:\/\/api.w.org\/{rel}","templated":true}]}}