{"id":91444,"date":"2024-05-01T22:05:07","date_gmt":"2024-05-01T20:05:07","guid":{"rendered":"https:\/\/secureus.se\/?post_type=product&#038;p=91444"},"modified":"2026-04-14T10:50:29","modified_gmt":"2026-04-14T08:50:29","slug":"dorrstangarsats-dc300-ob-3-6-paket-silver","status":"publish","type":"product","link":"https:\/\/secureus.se\/de\/dorrstangarsats-dc300-ob-3-6-paket-silver\/","title":{"rendered":"ASSA ABLOY DC300 T\u00fcrschlie\u00dfer \u2013 Komplettset (Paket) \u2013 EN 3-6 \u2013 Standardarm L190 \u2013 Silber"},"content":{"rendered":"<p><strong>ASSA ABLOY DC300<\/strong> ist ein leistungsstarker und zuverl\u00e4ssiger T\u00fcrschlie\u00dfer f\u00fcr alle, die ein sicheres, kontrolliertes und sanftes Schlie\u00dfen von T\u00fcren in Wohngeb\u00e4uden, \u00f6ffentlichen Bereichen und Gesch\u00e4ftsr\u00e4umen ben\u00f6tigen. Dieses Komplettset enth\u00e4lt: <strong>T\u00fcrschlie\u00dfergeh\u00e4use DC300, Standardarm L190 und Montageplatte A120<\/strong>, Dadurch ist es sowohl f\u00fcr Neuinstallationen als auch f\u00fcr Austauschsysteme eine praktische Wahl.<\/p>\n<p>DC300 passt <strong>Au\u00dfent\u00fcren, Innent\u00fcren und Brandschutzt\u00fcren<\/strong> und ist gem\u00e4\u00df genehmigt <strong>EN1154<\/strong>. Die einstellbare Federkraft in <strong>EINS 3-6<\/strong> erm\u00f6glicht die Anpassung des T\u00fcrschlie\u00dfers an unterschiedliche T\u00fcrumgebungen und T\u00fcrbreiten bis zu <strong>1400 mm<\/strong>. Dank des hochwertigen Hydraulik\u00f6ls und der temperaturkompensierenden Ventile erhalten Sie auch bei schwankenden Temperaturen einen stabilen Betrieb.<\/p>\n<h3>Eigenschaften<\/h3>\n<ul>\n<li>Komplettpaket mit T\u00fcrschlie\u00dfergeh\u00e4use DC300, Standardarm L190 und Montageplatte A120<\/li>\n<li>Einstellbare Federkraft <strong>EINS 3-6<\/strong><\/li>\n<li>Passend f\u00fcr T\u00fcrbreiten bis zu <strong>1400 mm<\/strong><\/li>\n<li>Einstellbare Schlie\u00dfgeschwindigkeit<\/li>\n<li>Einstellbare Aufprallkraft<\/li>\n<li>Einstellbare \u00d6ffnungsbremse<\/li>\n<li>\u00d6ffnungswinkel bis zu <strong>180\u00b0<\/strong><\/li>\n<li>Passt beiden <strong>links- und rechtsanschlagende T\u00fcren<\/strong><\/li>\n<li>Genehmigt gem\u00e4\u00df <strong>EN1154<\/strong> und f\u00fcr Brandschutzt\u00fcren zugelassen<\/li>\n<li>Bestehen der Klasse <strong>C5<\/strong><\/li>\n<li>H\u00f6henverstellbarer Schaft bis zu <strong>14 mm<\/strong> f\u00fcr eine einfachere Installation<\/li>\n<li>Verdeckte Montageplatte f\u00fcr ein saubereres Ergebnis<\/li>\n<\/ul>\n<h3>Abmessungen und technische Informationen<\/h3>\n<ul>\n<li>H\u00f6he: <strong>60 mm<\/strong><\/li>\n<li>Tiefe: <strong>47 mm<\/strong><\/li>\n<li>L\u00e4nge: <strong>260 mm<\/strong><\/li>\n<li>Schlie\u00dfmoment: <strong>18 Nm bis 54 Nm<\/strong><\/li>\n<li>Leistung: <strong>Silber<\/strong><\/li>\n<\/ul>\n<h3>Geeignet f\u00fcr<\/h3>\n<p>Dieser T\u00fcrschlie\u00dfer eignet sich gut f\u00fcr Umgebungen, in denen ein kontrolliertes Schlie\u00dfen der T\u00fcr gew\u00e4hrleistet sein soll, zum Beispiel in:<\/p>\n<ul>\n<li>Vordert\u00fcren<\/li>\n<li>Eingangst\u00fcren<\/li>\n<li>Innent\u00fcren<\/li>\n<li>Feuerschutzt\u00fcren<\/li>\n<li>T\u00fcren in Geb\u00e4uden, B\u00fcros, Wohnh\u00e4usern und \u00f6ffentlichen Bereichen<\/li>\n<\/ul>\n<h3>Wichtige Informationen<\/h3>\n<p>Dies ist ein <strong>Komplettset<\/strong> F\u00fcr alle, die eine Komplettl\u00f6sung mit Geh\u00e4use, Arm und Montageplatte in einem Paket suchen, ist der DC300 eine gute Wahl. <strong>ASSA ABLOY T\u00fcrschlie\u00dfer<\/strong> mit hoher Flexibilit\u00e4t, stabiler Funktion und einfacher Justierung w\u00e4hrend der Montage.<\/p>\n<div style=\"background: #f6f8fa;padding: 14px;border-radius: 6px;margin: 18px 0\"><strong>Ben\u00f6tigen Sie Hilfe bei der Auswahl des richtigen T\u00fcrschlie\u00dfers?<\/strong><br \/>\nVergleichen Sie T\u00fcrtyp, T\u00fcrbreite und gew\u00fcnschten Armtyp oder sehen Sie sich weitere Modelle aus unserem Sortiment an.<br \/>\n<a style=\"font-weight: bold\" href=\"https:\/\/secureus.se\/de\/dorrstangare-kompletta\/\"><br \/>\nAlle kompletten T\u00fcrschlie\u00dfer finden Sie hier \u2192<br \/>\n<\/a><\/div>","protected":false},"excerpt":{"rendered":"<p><strong>Kompletter T\u00fcrschlie\u00dfer ASSA ABLOY DC300 in Silber<\/strong> F\u00fcr Au\u00dfent\u00fcren, Innent\u00fcren und Brandschutzt\u00fcren. Das Paket beinhaltet das T\u00fcrschlie\u00dfergeh\u00e4use DC300, den Standardarm L190 und die Montageplatte A120 f\u00fcr eine einfache Installation.<\/p>\n<p>Die DC300 hat <strong>einstellbare Federkraft EN 3-6<\/strong> und passt f\u00fcr T\u00fcren bis zu <strong>1400 mm<\/strong>. Das Modell bietet kontrolliertes Schlie\u00dfen mit einstellbarer Schlie\u00dfgeschwindigkeit, Schlie\u00dfkraft und \u00d6ffnungsbremse und eignet sich sowohl f\u00fcr links- als auch rechtsanschlagende T\u00fcren.<\/p>","protected":false},"featured_media":137463,"template":"","meta":{"_acf_changed":false},"product_brand":[],"product_cat":[3258,4864],"product_tag":[4863],"class_list":{"0":"post-91444","1":"product","2":"type-product","3":"status-publish","4":"has-post-thumbnail","6":"product_cat-dorrstangare","7":"product_cat-dorrstangare-kompletta","8":"product_tag-pf","9":"product_shipping_class-tunga-paket","10":"pa_brands-abloy","11":"tm-no-options","13":"first","14":"instock","15":"sale","16":"taxable","17":"shipping-taxable","18":"purchasable","19":"product-type-simple"},"acf":[],"_links":{"self":[{"href":"https:\/\/secureus.se\/de\/wp-json\/wp\/v2\/product\/91444","targetHints":{"allow":["GET"]}}],"collection":[{"href":"https:\/\/secureus.se\/de\/wp-json\/wp\/v2\/product"}],"about":[{"href":"https:\/\/secureus.se\/de\/wp-json\/wp\/v2\/types\/product"}],"wp:featuredmedia":[{"embeddable":true,"href":"https:\/\/secureus.se\/de\/wp-json\/wp\/v2\/media\/137463"}],"wp:attachment":[{"href":"https:\/\/secureus.se\/de\/wp-json\/wp\/v2\/media?parent=91444"}],"wp:term":[{"taxonomy":"product_brand","embeddable":true,"href":"https:\/\/secureus.se\/de\/wp-json\/wp\/v2\/product_brand?post=91444"},{"taxonomy":"product_cat","embeddable":true,"href":"https:\/\/secureus.se\/de\/wp-json\/wp\/v2\/product_cat?post=91444"},{"taxonomy":"product_tag","embeddable":true,"href":"https:\/\/secureus.se\/de\/wp-json\/wp\/v2\/product_tag?post=91444"}],"curies":[{"name":"wp","href":"https:\/\/api.w.org\/{rel}","templated":true}]}}