{"id":91474,"date":"2024-05-01T22:05:06","date_gmt":"2024-05-01T20:05:06","guid":{"rendered":"https:\/\/secureus.se\/?post_type=product&#038;p=91474"},"modified":"2026-04-23T12:13:57","modified_gmt":"2026-04-23T10:13:57","slug":"dorrstangarsats-dc300-ob-3-6-med-uppstallningsarm-silver","status":"publish","type":"product","link":"https:\/\/secureus.se\/de\/dorrstangarsats-dc300-ob-3-6-med-uppstallningsarm-silver\/","title":{"rendered":"ASSA ABLOY DC300 T\u00fcrschlie\u00dfer \u2013 Komplettset \u2013 EN 3-6 \u2013 Montagearm \u2013 Silber"},"content":{"rendered":"<p><strong>ASSA ABLOY DC300<\/strong> ist ein zuverl\u00e4ssiger T\u00fcrschlie\u00dfer f\u00fcr alle, die ein sicheres, sanftes und kontrolliertes Schlie\u00dfen von Innen-, Au\u00dfen- und Brandschutzt\u00fcren w\u00fcnschen. Dieses Modell wird geliefert als <strong>Komplettset<\/strong> in Silber mit <strong>Standarm L191<\/strong>, Dadurch eignet es sich gut f\u00fcr Umgebungen mit T\u00fcren, in denen man die T\u00fcr manchmal offen halten m\u00f6chte.<\/p>\n<p>Der T\u00fcrschlie\u00dfer passt <strong>Einzelt\u00fcren bis 1400 mm<\/strong> und hat <strong>einstellbare Schlie\u00dfkraft EN 3-6<\/strong>. Es kann montiert werden auf <strong>Scharnierseite der T\u00fcr<\/strong> oder <strong>die Anschlagseite des Rahmens<\/strong> und passt sowohl <strong>links- und rechtsanschlagende T\u00fcren<\/strong>.<\/p>\n<h3>Dies ist im Set enthalten.<\/h3>\n<ul>\n<li>T\u00fcrschlie\u00dfergeh\u00e4use DC300<\/li>\n<li>Standarm L191<\/li>\n<li>Montageplatte A120<\/li>\n<\/ul>\n<h3>Eigenschaften<\/h3>\n<ul>\n<li>Komplettes Set mit T\u00fcrschlie\u00dfergeh\u00e4use, Montagearm und Montageplatte<\/li>\n<li>Armsystem: <strong>Standardarm mit Aufstellfunktion<\/strong><\/li>\n<li>Schlie\u00dfkraft: <strong>EINS 3-6<\/strong><\/li>\n<li>Schlie\u00dfdrehmoment <strong>18 Nm bis 54 Nm<\/strong><\/li>\n<li>Passend f\u00fcr eine einzelne T\u00fcr<\/li>\n<li>Maximale T\u00fcrfl\u00fcgelbreite: <strong>1400 mm<\/strong><\/li>\n<li>Passend f\u00fcr links- und rechtsanschlagende T\u00fcren<\/li>\n<li>Kann an der T\u00fcrscharnierseite oder an der Rahmenanschlagseite montiert werden.<\/li>\n<li>\u00d6ffnungsbremse: Ja<\/li>\n<li>DC300 besteht die Klasse <strong>C5<\/strong><\/li>\n<li>H\u00f6henverstellbarer Schaft bis zu <strong>14 mm<\/strong> f\u00fcr eine einfachere Installation<\/li>\n<li>Einstellbare Schlie\u00dfgeschwindigkeit<\/li>\n<li>Einstellbare Aufprallkraft<\/li>\n<li>Verdeckte Montageplatte<\/li>\n<li>Oberfl\u00e4chenbehandlung: <strong>Silber<\/strong><\/li>\n<li>Bauprodukt bewertet: Ja<\/li>\n<\/ul>\n<h3>Funktion<\/h3>\n<p>Die DC300 ist eine <strong>T\u00fcrschlie\u00dfer mit Druckfeder<\/strong> Mit hochwertigem Hydraulik\u00f6l und temperaturkompensierenden Ventilen. Dies gew\u00e4hrleistet einen stabilen und zuverl\u00e4ssigen Betrieb auch in Umgebungen mit Temperaturschwankungen und h\u00e4ufiger T\u00fcrbenutzung.<\/p>\n<h3>Wichtige Informationen<\/h3>\n<p>Dieses Modell wird geliefert mit <strong>Steharm<\/strong>, Dadurch kann die T\u00fcr bei Bedarf offengehalten werden. Dies ist eine gute Wahl in Umgebungen, in denen ein kontrolliertes Schlie\u00dfen mit einer praktischen Positionierung zu bestimmten Tageszeiten kombiniert werden soll.<\/p>\n<h3>Messen<\/h3>\n<ul>\n<li>H\u00f6he: <strong>60 mm<\/strong><\/li>\n<li>Tiefe: <strong>47 mm<\/strong><\/li>\n<li>L\u00e4nge: <strong>260 mm<\/strong><\/li>\n<\/ul>\n<h3>Geeignet f\u00fcr<\/h3>\n<ul>\n<li>Innent\u00fcren<\/li>\n<li>Vordert\u00fcren<\/li>\n<li>Feuerschutzt\u00fcren<\/li>\n<li>Eingangst\u00fcren<\/li>\n<li>Immobilien, B\u00fcros und \u00f6ffentliche Umgebungen<\/li>\n<\/ul>\n<p>Die ASSA ABLOY DC300 ist eine gute Wahl f\u00fcr alle, die eine suchen <strong>T\u00fcrschlie\u00dfer mit Standarm<\/strong> Im Komplettset erhalten Sie einen robusten und zuverl\u00e4ssigen T\u00fcrschlie\u00dfer mit hoher Einstellbarkeit, stabiler Funktion und einfacher Montage in vielen verschiedenen T\u00fcrumgebungen.<\/p>\n<div style=\"background: #f6f8fa;padding: 14px;border-radius: 6px;margin: 18px 0\"><strong>Ben\u00f6tigen Sie Hilfe bei der Auswahl des richtigen T\u00fcrschlie\u00dfers?<\/strong><br \/>\nVergleichen Sie T\u00fcrtyp, Armtyp und T\u00fcrbreite oder sehen Sie sich weitere Modelle aus unserem Sortiment an.<br \/>\n<a style=\"font-weight: bold\" href=\"https:\/\/secureus.se\/de\/dorrstangare-kompletta\/\"><br \/>\nAlle kompletten T\u00fcrschlie\u00dfer finden Sie hier \u2192<br \/>\n<\/a><\/div>","protected":false},"excerpt":{"rendered":"<p><strong>ASSA ABLOY DC300 T\u00fcrschlie\u00dfer-Komplettset in Silber<\/strong> Mit dem Steharm L191 f\u00fcr sicheres und kontrolliertes Schlie\u00dfen von Innent\u00fcren, Au\u00dfent\u00fcren und Brandschutzt\u00fcren. Passend f\u00fcr <strong>Einzelt\u00fcren bis 1400 mm<\/strong> und kann montiert werden auf <strong>Scharnierseite der T\u00fcr<\/strong> oder <strong>die Anschlagseite des Rahmens<\/strong>.<\/p>\n<p>Das komplette Set beinhaltet: <strong>T\u00fcrschlie\u00dfergeh\u00e4use DC300, Montagearm L191 und Montageplatte A120<\/strong>. Das Modell hat <strong>einstellbare Schlie\u00dfkraft EN 3-6<\/strong>, \u00d6ffnungsbremse und passend f\u00fcr links- und rechtsanschlagende T\u00fcren.<\/p>","protected":false},"featured_media":138111,"template":"","meta":{"_acf_changed":false},"product_brand":[],"product_cat":[3258,4864],"product_tag":[4863],"class_list":{"0":"post-91474","1":"product","2":"type-product","3":"status-publish","4":"has-post-thumbnail","6":"product_cat-dorrstangare","7":"product_cat-dorrstangare-kompletta","8":"product_tag-pf","9":"product_shipping_class-tunga-paket","10":"pa_brands-abloy","11":"tm-no-options","13":"first","14":"instock","15":"sale","16":"taxable","17":"shipping-taxable","18":"purchasable","19":"product-type-simple"},"acf":[],"_links":{"self":[{"href":"https:\/\/secureus.se\/de\/wp-json\/wp\/v2\/product\/91474","targetHints":{"allow":["GET"]}}],"collection":[{"href":"https:\/\/secureus.se\/de\/wp-json\/wp\/v2\/product"}],"about":[{"href":"https:\/\/secureus.se\/de\/wp-json\/wp\/v2\/types\/product"}],"wp:featuredmedia":[{"embeddable":true,"href":"https:\/\/secureus.se\/de\/wp-json\/wp\/v2\/media\/138111"}],"wp:attachment":[{"href":"https:\/\/secureus.se\/de\/wp-json\/wp\/v2\/media?parent=91474"}],"wp:term":[{"taxonomy":"product_brand","embeddable":true,"href":"https:\/\/secureus.se\/de\/wp-json\/wp\/v2\/product_brand?post=91474"},{"taxonomy":"product_cat","embeddable":true,"href":"https:\/\/secureus.se\/de\/wp-json\/wp\/v2\/product_cat?post=91474"},{"taxonomy":"product_tag","embeddable":true,"href":"https:\/\/secureus.se\/de\/wp-json\/wp\/v2\/product_tag?post=91474"}],"curies":[{"name":"wp","href":"https:\/\/api.w.org\/{rel}","templated":true}]}}