{"id":91478,"date":"2024-05-01T22:05:07","date_gmt":"2024-05-01T20:05:07","guid":{"rendered":"https:\/\/secureus.se\/?post_type=product&#038;p=91478"},"modified":"2026-04-23T12:13:38","modified_gmt":"2026-04-23T10:13:38","slug":"dorrstangarsats-ts98-xea-silver","status":"publish","type":"product","link":"https:\/\/secureus.se\/de\/dorrstangarsats-ts98-xea-silver\/","title":{"rendered":"Dormakaba TS98 XEA T\u00fcrschlie\u00dfer \u2013 Standardpaket \u2013 EN 1-6 \u2013 Gleitschiene \u2013 Silber"},"content":{"rendered":"<p><strong>Dormakaba TS98 XEA<\/strong> ist ein moderner und vielseitiger T\u00fcrschlie\u00dfer f\u00fcr alle, die hohen Komfort, leisen Betrieb und sicheres Schlie\u00dfen in einem Produkt w\u00fcnschen. Dieses Modell wird geliefert als <strong>Standardpaket<\/strong> in Silber mit <strong>Gleitschiene GN XEA<\/strong> und eignet sich f\u00fcr einzelne T\u00fcren in vielen verschiedenen Arten von Geb\u00e4uden und Umgebungen.<\/p>\n<p>TS98 XEA passt f\u00fcr T\u00fcren bis zu <strong>1400 mm<\/strong> und hat <strong>einstellbare Schlie\u00dfkraft EN 1-6<\/strong>. Dank <strong>EASY OPEN-Technologie<\/strong> Der \u00d6ffnungswiderstand wird gering und der Durchgang reibungslos, w\u00e4hrend <strong>SoftFlow<\/strong> Die Schlie\u00dfung erfolgt besonders leise und sanft. Dadurch eignet sich das Modell besonders f\u00fcr Anwendungen, bei denen sowohl Komfort als auch Funktionalit\u00e4t wichtig sind.<\/p>\n<p>Der T\u00fcrschlie\u00dfer kann montiert werden an <strong>Scharnierseite des T\u00fcrblatts<\/strong> oder <strong>die Anschlagseite des Rahmens<\/strong>. Das gleiche T\u00fcrschlie\u00dfergeh\u00e4use kann in verschiedenen Einbauarten verwendet werden, was eine hohe Flexibilit\u00e4t bei Konstruktion und Installation erm\u00f6glicht.<\/p>\n<h3>Dies ist im Paket enthalten.<\/h3>\n<ul>\n<li>T\u00fcrschlie\u00dfergeh\u00e4use TS98 XEA Silber<\/li>\n<li>Montageplatte<\/li>\n<li>Gleitschiene GN XEA Silber<\/li>\n<\/ul>\n<h3>Eigenschaften<\/h3>\n<ul>\n<li>Standardpaket mit T\u00fcrschlie\u00dfergeh\u00e4use, Montageplatte und Gleitschiene<\/li>\n<li>Armsystem: <strong>Gleitschiene<\/strong><\/li>\n<li>Schlie\u00dfkraft: <strong>DE 1-6<\/strong><\/li>\n<li>Passend f\u00fcr eine einzelne T\u00fcr<\/li>\n<li>Maximale T\u00fcrfl\u00fcgelbreite: <strong>1400 mm<\/strong><\/li>\n<li>EASY OPEN-Technologie f\u00fcr leichteres und reibungsloseres \u00d6ffnen<\/li>\n<li>SoftFlow f\u00fcr leises T\u00fcrschlie\u00dfen mit verl\u00e4ngertem Schlie\u00dfintervall<\/li>\n<li>Geeignet f\u00fcr die T\u00fcrblattmontage an der Scharnierseite und die Rahmenmontage an der Schlie\u00dfseite<\/li>\n<li>Selbstschlie\u00dfend von einem \u00d6ffnungswinkel bis zu <strong>180\u00b0<\/strong> auf der Scharnierseite<\/li>\n<li>Sichtbare Anzeige der Schlie\u00dfkraft<\/li>\n<li>Die Schlie\u00dfkraft l\u00e4sst sich von vorne mit einem Schraubendreher einstellen.<\/li>\n<li>\u00d6ffnungsbremse: Ja<\/li>\n<li>Zeitverz\u00f6gerte Schlie\u00dfung: Ja<\/li>\n<li>Oberfl\u00e4chenbehandlung: <strong>Silber<\/strong><\/li>\n<\/ul>\n<h3>Funktionen<\/h3>\n<ul>\n<li>Leises und kontrolliertes Schlie\u00dfen dank SoftFlow<\/li>\n<li>Leichtes \u00d6ffnen dank bew\u00e4hrter EASY OPEN-Technologie<\/li>\n<li>Der T\u00fcrschlie\u00dfer funktioniert auch in kalten Umgebungen bis zu ... <strong>-40\u00b0C<\/strong><\/li>\n<li>Geeignet f\u00fcr T\u00fcren mit einem Gewicht bis zu <strong>300 kg<\/strong><\/li>\n<li>Elektromechanische Konfiguration: Nein<\/li>\n<li>Freischwingfunktion: Nein<\/li>\n<\/ul>\n<h3>Wichtige Informationen<\/h3>\n<p>Die Informationen zum T\u00fcrgewicht bis zu <strong>300 kg<\/strong> gilt <strong>nicht<\/strong> zusammen mit einer elektromechanischen Positioniereinheit in der Gleitschiene. Dieses Produkt wird ohne elektromechanische Positioniereinheit spezifiziert.<\/p>\n<h3>Geeignet f\u00fcr<\/h3>\n<ul>\n<li>Einzelt\u00fcren in Geb\u00e4uden und \u00f6ffentlichen Umgebungen<\/li>\n<li>T\u00fcrumgebungen, in denen ein leises Schlie\u00dfen wichtig ist<\/li>\n<li>Innen- und Au\u00dfent\u00fcren mit hohen Komfortanspr\u00fcchen<\/li>\n<li>Umgebungen, in denen ein geringer \u00d6ffnungswiderstand und ein stabiles Schlie\u00dfen erforderlich sind<\/li>\n<\/ul>\n<p>Dormakaba TS98 XEA ist eine gute Wahl f\u00fcr alle, die nach einem suchen <strong>T\u00fcrschlie\u00dfer mit Gleitschiene<\/strong> In der Premiumklasse. Sie erhalten eine moderne L\u00f6sung mit hoher Einstellbarkeit, sehr leisem Betrieb und zuverl\u00e4ssiger Funktion auch in anspruchsvollen Umgebungen.<\/p>\n<div style=\"background: #f6f8fa;padding: 14px;border-radius: 6px;margin: 18px 0\"><strong>Ben\u00f6tigen Sie Hilfe bei der Auswahl des richtigen T\u00fcrschlie\u00dfers?<\/strong><br \/>\nVergleichen Sie T\u00fcrtyp, Armtyp und T\u00fcrbreite oder sehen Sie sich weitere Modelle aus unserem Sortiment an.<br \/>\n<a style=\"font-weight: bold\" href=\"https:\/\/secureus.se\/de\/dorrstangare-kompletta\/\"><br \/>\nAlle kompletten T\u00fcrschlie\u00dfer finden Sie hier \u2192<br \/>\n<\/a><\/div>","protected":false},"excerpt":{"rendered":"<p><strong>Dormakaba TS98 XEA T\u00fcrschlie\u00dfer Standardpaket in Silber<\/strong> mit Gleitschiene f\u00fcr leises, sicheres und kontrolliertes Schlie\u00dfen von Einzelt\u00fcren bis zu <strong>1400 mm<\/strong>. Das Modell hat <strong>EASY OPEN-Technologie<\/strong> f\u00fcr einen leichteren Durchgang und <strong>SoftFlow<\/strong> f\u00fcr sanftes und leises Schlie\u00dfen.<\/p>\n<p>Das Paket enth\u00e4lt <strong>T\u00fcrschlie\u00dfergeh\u00e4use TS98 XEA mit Montageplatte und Gleitschiene GN XEA<\/strong>. Der T\u00fcrschlie\u00dfer hat <strong>einstellbare Schlie\u00dfkraft EN 1-6<\/strong>, Mit \u00d6ffnungsbremse und zeitverz\u00f6gerter Schlie\u00dfung ist sie eine gute Wahl f\u00fcr anspruchsvolle T\u00fcrumgebungen.<\/p>","protected":false},"featured_media":137257,"template":"","meta":{"_acf_changed":false},"product_brand":[],"product_cat":[3258,4864],"product_tag":[4863],"class_list":{"0":"post-91478","1":"product","2":"type-product","3":"status-publish","4":"has-post-thumbnail","6":"product_cat-dorrstangare","7":"product_cat-dorrstangare-kompletta","8":"product_tag-pf","9":"product_shipping_class-tunga-paket","10":"pa_brands-dormakaba","11":"tm-no-options","13":"first","14":"outofstock","15":"sale","16":"taxable","17":"shipping-taxable","18":"purchasable","19":"product-type-simple"},"acf":[],"_links":{"self":[{"href":"https:\/\/secureus.se\/de\/wp-json\/wp\/v2\/product\/91478","targetHints":{"allow":["GET"]}}],"collection":[{"href":"https:\/\/secureus.se\/de\/wp-json\/wp\/v2\/product"}],"about":[{"href":"https:\/\/secureus.se\/de\/wp-json\/wp\/v2\/types\/product"}],"wp:featuredmedia":[{"embeddable":true,"href":"https:\/\/secureus.se\/de\/wp-json\/wp\/v2\/media\/137257"}],"wp:attachment":[{"href":"https:\/\/secureus.se\/de\/wp-json\/wp\/v2\/media?parent=91478"}],"wp:term":[{"taxonomy":"product_brand","embeddable":true,"href":"https:\/\/secureus.se\/de\/wp-json\/wp\/v2\/product_brand?post=91478"},{"taxonomy":"product_cat","embeddable":true,"href":"https:\/\/secureus.se\/de\/wp-json\/wp\/v2\/product_cat?post=91478"},{"taxonomy":"product_tag","embeddable":true,"href":"https:\/\/secureus.se\/de\/wp-json\/wp\/v2\/product_tag?post=91478"}],"curies":[{"name":"wp","href":"https:\/\/api.w.org\/{rel}","templated":true}]}}