{"id":91515,"date":"2024-05-01T22:05:08","date_gmt":"2024-05-01T20:05:08","guid":{"rendered":"https:\/\/secureus.se\/?post_type=product&#038;p=91515"},"modified":"2026-04-08T15:47:28","modified_gmt":"2026-04-08T13:47:28","slug":"dorrstangarsats-ts93b-2-5-n-med-standardglidskena-silver","status":"publish","type":"product","link":"https:\/\/secureus.se\/de\/dorrstangarsats-ts93b-2-5-n-med-standardglidskena-silver\/","title":{"rendered":"Dormakaba TS93B T\u00fcrschlie\u00dfer \u2013 Komplettset \u2013 EN 2-5 \u2013 Gleitschiene \u2013 Silber"},"content":{"rendered":"<p><strong>Dormakaba TS93B<\/strong> ist ein fortschrittlicher und zuverl\u00e4ssiger T\u00fcrschlie\u00dfer in <strong>Konturdesign<\/strong> F\u00fcr alle, die in modernen T\u00fcrumgebungen ein sicheres, sanftes und kontrolliertes T\u00fcrschlie\u00dfen w\u00fcnschen. Dieses Modell wird geliefert als <strong>Komplettset<\/strong> in Silber mit <strong>Gleitschiene G93N<\/strong> und eignet sich f\u00fcr Innent\u00fcren, Au\u00dfent\u00fcren, Brandschutzt\u00fcren und rauchtrennende Innent\u00fcren.<\/p>\n<p>Dank <strong>EASY OPEN-Technologie<\/strong> Durch den herzf\u00f6rmigen Nocken wird ein geringerer \u00d6ffnungswiderstand erzielt, was die T\u00fcr komfortabler macht und gleichzeitig ein stabiles und kontrolliertes Schlie\u00dfen erm\u00f6glicht. Der T\u00fcrschlie\u00dfer verf\u00fcgt \u00fcber <strong>stufenlos einstellbare Schlie\u00dfkraft EN 2-5<\/strong> und passt <strong>Einzelt\u00fcren bis 1250 mm<\/strong>.<\/p>\n<p>Das Haus mit dem T\u00fcrschlie\u00dfer <strong>TS93B<\/strong> montiert auf <strong>Scharnierseite des T\u00fcrblatts<\/strong> oder <strong>die Anschlagseite des Rahmens<\/strong>. F\u00fcr die umgekehrte Montage <strong>TS93G<\/strong>.<\/p>\n<h3>Dies ist im Set enthalten.<\/h3>\n<ul>\n<li>T\u00fcrschlie\u00dfergeh\u00e4use TS93B<\/li>\n<li>Montageplatte<\/li>\n<li>Gleitschiene G93N<\/li>\n<\/ul>\n<h3>Eigenschaften<\/h3>\n<ul>\n<li>Komplettes Set mit T\u00fcrschlie\u00dfergeh\u00e4use, Montageplatte und Gleitschiene<\/li>\n<li>Hydraulischer T\u00fcrschlie\u00dfer mit Nockenscheibe und Druckfeder<\/li>\n<li>Armsystem: <strong>Gleitschiene<\/strong><\/li>\n<li>Schlie\u00dfkraft: <strong>DE 2-5<\/strong><\/li>\n<li>Stufenlos einstellbare T\u00fcrschlie\u00dfkraft<\/li>\n<li>Passend f\u00fcr eine einzelne T\u00fcr<\/li>\n<li>Maximale T\u00fcrfl\u00fcgelbreite: <strong>1250 mm<\/strong><\/li>\n<li>Passend f\u00fcr linke und rechte T\u00fcren<\/li>\n<li>Montage an der Scharnierseite des T\u00fcrblatts oder an der Schlie\u00dfblechseite des Rahmens<\/li>\n<li>Hydraulische \u00d6ffnungsbremse<\/li>\n<li>Zeitverz\u00f6gertes Schlie\u00dfen<\/li>\n<li>Oberfl\u00e4chenbehandlung: <strong>Silber<\/strong><\/li>\n<\/ul>\n<h3>Funktionen<\/h3>\n<ul>\n<li>Die Schlie\u00dfgeschwindigkeit ist mit dem Ventil stufenlos einstellbar.<\/li>\n<li>Die Schlie\u00dfkraft ist stufenlos \u00fcber eine Stellschraube einstellbar.<\/li>\n<li>Ein-\/Ausschaltfunktion stufenlos \u00fcber Ventil einstellbar<\/li>\n<li>\u00d6ffnungsbremse mit Ventil einstellbar<\/li>\n<li>Die verz\u00f6gerte Schlie\u00dffunktion ist mit dem Ventil stufenlos einstellbar.<\/li>\n<li>Kann nur mit Gleitschiene verwendet werden.<\/li>\n<li>T\u00fcrschlie\u00dfer gepr\u00fcft nach <strong>EN 1154<\/strong><\/li>\n<\/ul>\n<h3>\u00d6ffnungswinkel<\/h3>\n<ul>\n<li><strong>T\u00fcrmontage:<\/strong> Je nach Gegebenheiten kann die T\u00fcr bis zu 180\u00b0 ge\u00f6ffnet werden.<\/li>\n<li><strong>Rahmenmontage:<\/strong> zwischen 120\u00b0 und 145\u00b0 je nach technischen Bedingungen<\/li>\n<\/ul>\n<h3>Messen<\/h3>\n<ul>\n<li>L\u00e4nge: <strong>275 mm<\/strong><\/li>\n<li>H\u00f6he: <strong>60 mm<\/strong><\/li>\n<li>Tiefe: <strong>53 mm<\/strong><\/li>\n<\/ul>\n<h3>Geeignet f\u00fcr<\/h3>\n<ul>\n<li>Innent\u00fcren<\/li>\n<li>Vordert\u00fcren<\/li>\n<li>Feuerschutzt\u00fcren<\/li>\n<li>rauchtrennendes Paar Innent\u00fcren<\/li>\n<li>Immobilien, B\u00fcros und \u00f6ffentliche Umgebungen<\/li>\n<\/ul>\n<p>Der Dormakaba TS93B ist eine gute Wahl f\u00fcr alle, die einen suchen <strong>T\u00fcrschlie\u00dfer mit Gleitschiene<\/strong> Dieses Komplettset vereint Komfort, Funktion und Design. Sie erhalten einen zuverl\u00e4ssigen T\u00fcrschlie\u00dfer mit leichtg\u00e4ngigem \u00d6ffnungsmechanismus, hoher Einstellbarkeit und einem dezenten Erscheinungsbild, das sich in viele verschiedene Umgebungen einf\u00fcgt.<\/p>\n<div style=\"background: #f6f8fa;padding: 14px;border-radius: 6px;margin: 18px 0\"><strong>Ben\u00f6tigen Sie Hilfe bei der Auswahl des richtigen T\u00fcrschlie\u00dfers?<\/strong><br \/>\nVergleichen Sie T\u00fcrtyp, Armtyp und T\u00fcrbreite oder sehen Sie sich weitere Modelle aus unserem Sortiment an.<br \/>\n<a style=\"font-weight: bold\" href=\"https:\/\/secureus.se\/de\/dorrstangare-kompletta\/\"><br \/>\nAlle kompletten T\u00fcrschlie\u00dfer finden Sie hier \u2192<br \/>\n<\/a><\/div>","protected":false},"excerpt":{"rendered":"<p><strong>Dormakaba TS93B T\u00fcrschlie\u00dfer-Komplettset in Silber<\/strong> Mit Gleitschiene f\u00fcr sicheres, leises und kontrolliertes Schlie\u00dfen von Innent\u00fcren, Au\u00dfent\u00fcren und Brandschutzt\u00fcren. Geeignet <strong>Einzelt\u00fcren bis 1250 mm<\/strong> und hat <strong>EASY OPEN-Technologie<\/strong> f\u00fcr einen geringeren \u00d6ffnungswiderstand.<\/p>\n<p>Das komplette Set beinhaltet: <strong>T\u00fcrschlie\u00dfergeh\u00e4use TS93B mit Montageplatte und Gleitschiene G93N<\/strong>. Das Modell hat <strong>stufenlos einstellbare Schlie\u00dfkraft EN 2-5<\/strong>, \u00d6ffnungsbremse und zeitverz\u00f6gertes Schlie\u00dfen f\u00fcr hohen Komfort und flexible Anpassung.<\/p>","protected":false},"featured_media":137240,"template":"","meta":{"_acf_changed":false},"product_brand":[],"product_cat":[3258,4864],"product_tag":[4863],"class_list":{"0":"post-91515","1":"product","2":"type-product","3":"status-publish","4":"has-post-thumbnail","6":"product_cat-dorrstangare","7":"product_cat-dorrstangare-kompletta","8":"product_tag-pf","9":"product_shipping_class-tunga-paket","10":"pa_brands-dormakaba","11":"tm-no-options","13":"first","14":"instock","15":"sale","16":"taxable","17":"shipping-taxable","18":"purchasable","19":"product-type-simple"},"acf":[],"_links":{"self":[{"href":"https:\/\/secureus.se\/de\/wp-json\/wp\/v2\/product\/91515","targetHints":{"allow":["GET"]}}],"collection":[{"href":"https:\/\/secureus.se\/de\/wp-json\/wp\/v2\/product"}],"about":[{"href":"https:\/\/secureus.se\/de\/wp-json\/wp\/v2\/types\/product"}],"wp:featuredmedia":[{"embeddable":true,"href":"https:\/\/secureus.se\/de\/wp-json\/wp\/v2\/media\/137240"}],"wp:attachment":[{"href":"https:\/\/secureus.se\/de\/wp-json\/wp\/v2\/media?parent=91515"}],"wp:term":[{"taxonomy":"product_brand","embeddable":true,"href":"https:\/\/secureus.se\/de\/wp-json\/wp\/v2\/product_brand?post=91515"},{"taxonomy":"product_cat","embeddable":true,"href":"https:\/\/secureus.se\/de\/wp-json\/wp\/v2\/product_cat?post=91515"},{"taxonomy":"product_tag","embeddable":true,"href":"https:\/\/secureus.se\/de\/wp-json\/wp\/v2\/product_tag?post=91515"}],"curies":[{"name":"wp","href":"https:\/\/api.w.org\/{rel}","templated":true}]}}