{"id":91525,"date":"2023-09-27T18:14:20","date_gmt":"2023-09-27T16:14:20","guid":{"rendered":"https:\/\/secureus.se\/elslutbleck-960m-rattvand-12-24v-kolvkontakt-5m-kabel\/"},"modified":"2026-03-25T15:40:14","modified_gmt":"2026-03-25T14:40:14","slug":"elslutbleck-960m-rattvand-12-24v-kolvkontakt-5m-kabel","status":"publish","type":"product","link":"https:\/\/secureus.se\/de\/elslutbleck-960m-rattvand-12-24v-kolvkontakt-5m-kabel\/","title":{"rendered":"Elektrische Endplatte 960M, nach rechts gerichtet, 12\u201324 V, Kolbenanschluss, 5 m Kabel"},"content":{"rendered":"<h1>Elektrische Endplatte 960M, nach rechts gerichtet, 12\u201324 V, Kolbenanschluss, 5 m Kabel<\/h1>\n<p class=\"\" data-start=\"389\" data-end=\"582\">Elektrisches T\u00fcr\u00f6ffnerblech 960M mit Rechtslauffunktion, 12-24V Spannung, Kolbenkontakt und 5m Kabel. F\u00fcr T\u00fcren mit hohen Anforderungen an Sicherheit und Formdruck. Brandklasse E\/EI 120.<\/p>\n<p class=\"\" data-start=\"618\" data-end=\"1000\">Der Elektro-T\u00fcr\u00f6ffner 960M ist ein Elektro-T\u00fcr\u00f6ffner f\u00fcr T\u00fcren mit hohen Anforderungen an den Leistendruck und normalen Sicherheitsanforderungen.<\/p>\n<p class=\"\" data-start=\"618\" data-end=\"1000\">Dieses Modell eignet sich besonders f\u00fcr den Einsatz in T\u00fcranlagen zur Tagesverriegelung im Rohbauschutz und zur Innenverriegelung in Gewerbe, B\u00fcro, Industrie sowie in Eing\u00e4ngen und \u00f6ffentlichen Bereichen von Mehrfamilienh\u00e4usern.<\/p>\n<p class=\"\" data-start=\"1002\" data-end=\"1433\">Mit einer Rechtsanschlagfunktion (Verriegelung bei Stromausfall), einer Bruchfestigkeit von 1500 kg (15 kN) und einer Feuerwiderstandsklasse bis E\/EI 120 eignet sich der 960M f\u00fcr T\u00fcren, die h\u00f6heren Belastungen ausgesetzt sind, wie beispielsweise hohen Leistendr\u00fccken und Umgebungen mit hoher \u00d6ffnungs- und Schlie\u00dffrequenz.<\/p>\n<p class=\"\" data-start=\"1002\" data-end=\"1433\">Der elektrische T\u00fcr\u00f6ffner ist au\u00dferdem sto\u00df- und schlagfest und stellt somit eine zuverl\u00e4ssige Wahl f\u00fcr gewerbliche und industrielle Umgebungen dar.<\/p>\n<p class=\"\" data-start=\"1435\" data-end=\"1722\">Der T\u00fcr\u00f6ffner 960M ist mit einem Kolbenkontakt und einem Ankerkontakt ausgestattet und wird zur einfachen Installation mit einem 5 Meter langen Anschlusskabel geliefert.<\/p>\n<p class=\"\" data-start=\"1435\" data-end=\"1722\">Es eignet sich f\u00fcr die Verwendung mit Einzel- oder Doppelriegelschl\u00f6ssern und ist mit allen Montagepfosten der Serie 900 kompatibel.<\/p>\n<p class=\"\" data-start=\"1724\" data-end=\"1984\">Die patentierte Leistendrucktechnik erm\u00f6glicht das \u00d6ffnen der T\u00fcr auch bei einem Leistendruck von bis zu 200 kg.<\/p>\n<p class=\"\" data-start=\"1724\" data-end=\"1984\">Das elektrische T\u00fcr\u00f6ffnerblech ist robust, aus Stahl gefertigt und verf\u00fcgt \u00fcber einen Stahlzapfen, der eine hohe Belastbarkeit und lange Lebensdauer gew\u00e4hrleistet.<\/p>\n<p class=\"\" data-start=\"1986\" data-end=\"2016\">Hauptmerkmale und Vorteile:<\/p>\n<ul data-start=\"2017\" data-end=\"2561\">\n<li class=\"\" data-start=\"2017\" data-end=\"2123\">\n<p class=\"\" data-start=\"2019\" data-end=\"2123\">Richtige Funktion: Verriegelung bei Stromausfall, sorgt daf\u00fcr, dass die T\u00fcr bei einem Stromausfall verriegelt bleibt.<\/p>\n<\/li>\n<li class=\"\" data-start=\"2124\" data-end=\"2204\">\n<p class=\"\" data-start=\"2126\" data-end=\"2204\">Bruchfestigkeit: Hohe Bruchfestigkeit von 1500 kg (15 kN) f\u00fcr zus\u00e4tzliche Sicherheit.<\/p>\n<\/li>\n<li class=\"\" data-start=\"2205\" data-end=\"2275\">\n<p class=\"\" data-start=\"2207\" data-end=\"2275\">Brandschutzklasse: Zugelassen f\u00fcr Feuerwiderstand bis E\/EI 120.<\/p>\n<\/li>\n<li class=\"\" data-start=\"2276\" data-end=\"2355\">\n<p class=\"\" data-start=\"2278\" data-end=\"2355\">Hohe Sto\u00df- und Schlagfestigkeit: Robuste Konstruktion, die rauen Umgebungen standh\u00e4lt.<\/p>\n<\/li>\n<li class=\"\" data-start=\"2356\" data-end=\"2419\">\n<p class=\"\" data-start=\"2358\" data-end=\"2419\">Leistendruck: \u00d6ffnet auch bei Leistendruck bis 200 kg.<\/p>\n<\/li>\n<li class=\"\" data-start=\"2420\" data-end=\"2488\">\n<p class=\"\" data-start=\"2422\" data-end=\"2488\">Kolbenkontakt und Ankerkontakt: F\u00fcr einen zuverl\u00e4ssigen und sicheren Betrieb.<\/p>\n<\/li>\n<li class=\"\" data-start=\"2489\" data-end=\"2561\">\n<p class=\"\" data-start=\"2491\" data-end=\"2561\">Langes Kabel: 5 Meter Anschlusskabel im Lieferumfang enthalten f\u00fcr eine einfache Installation.<\/p>\n<\/li>\n<\/ul>\n<p class=\"\" data-start=\"2563\" data-end=\"2838\">Kompatibilit\u00e4t: Passt auf ein- oder zweifl\u00fcgelige Schl\u00f6sser und ist mit allen Montagepfosten der Serie 900 kompatibel.<\/p>\n<p class=\"\" data-start=\"2563\" data-end=\"2838\">Es eignet sich perfekt f\u00fcr den Einsatz in T\u00fcren mit hohen Sicherheitsanforderungen und Formdruck und kann sowohl in gewerblichen als auch in industriellen Umgebungen eingesetzt werden.<\/p>\n<p class=\"\" data-start=\"2840\" data-end=\"2869\">Technische Daten:<\/p>\n<ul data-start=\"2870\" data-end=\"3332\">\n<li class=\"\" data-start=\"2870\" data-end=\"2898\">\n<p class=\"\" data-start=\"2872\" data-end=\"2898\">Produktbreite: 26,5 mm<\/p>\n<\/li>\n<li class=\"\" data-start=\"2899\" data-end=\"2925\">\n<p class=\"\" data-start=\"2901\" data-end=\"2925\">Produkth\u00f6he: 140 mm<\/p>\n<\/li>\n<li class=\"\" data-start=\"2926\" data-end=\"2951\">\n<p class=\"\" data-start=\"2928\" data-end=\"2951\">Produkttiefe: 35 mm<\/p>\n<\/li>\n<li class=\"\" data-start=\"2952\" data-end=\"2977\">\n<p class=\"\" data-start=\"2954\" data-end=\"2977\">Kabell\u00e4nge: 5 Meter<\/p>\n<\/li>\n<li class=\"\" data-start=\"2978\" data-end=\"3027\">\n<p class=\"\" data-start=\"2980\" data-end=\"3027\">Stromversorgung: 12-24 V AC\/DC, +15% \/ -10%<\/p>\n<\/li>\n<li class=\"\" data-start=\"3028\" data-end=\"3070\">\n<p class=\"\" data-start=\"3030\" data-end=\"3070\">Bruchfestigkeit max.: 1500 kg (15 kN)<\/p>\n<\/li>\n<li class=\"\" data-start=\"3071\" data-end=\"3094\">\n<p class=\"\" data-start=\"3073\" data-end=\"3094\">Banddruck: 200 kg<\/p>\n<\/li>\n<li class=\"\" data-start=\"3095\" data-end=\"3144\">\n<p class=\"\" data-start=\"3097\" data-end=\"3144\">Anlaufstrom bei 24V: 240mA, Betriebsstrom 145mA<\/p>\n<\/li>\n<li class=\"\" data-start=\"3145\" data-end=\"3194\">\n<p class=\"\" data-start=\"3147\" data-end=\"3194\">Anlaufstrom bei 12V: 620mA, Betriebsstrom 310mA<\/p>\n<\/li>\n<li class=\"\" data-start=\"3195\" data-end=\"3229\">\n<p class=\"\" data-start=\"3197\" data-end=\"3229\">Farbe\/Oberfl\u00e4chenbehandlung: Verzinkt<\/p>\n<\/li>\n<li class=\"\" data-start=\"3230\" data-end=\"3251\">\n<p class=\"\" data-start=\"3232\" data-end=\"3251\">Kolbenkontakt: Ja<\/p>\n<\/li>\n<li class=\"\" data-start=\"3252\" data-end=\"3278\">\n<p class=\"\" data-start=\"3254\" data-end=\"3278\">Spannung max: 27,6 V<\/p>\n<\/li>\n<li class=\"\" data-start=\"3279\" data-end=\"3305\">\n<p class=\"\" data-start=\"3281\" data-end=\"3305\">Spannung min.: 10,8 V<\/p>\n<\/li>\n<li class=\"\" data-start=\"3306\" data-end=\"3332\">\n<p class=\"\" data-start=\"3308\" data-end=\"3332\">Brandklasse: E\/EI 120<\/p>\n<\/li>\n<\/ul>","protected":false},"excerpt":{"rendered":"<h5><a href=\"https:\/\/elslutblecksguiden.se\/\" target=\"_blank\" rel=\"noopener\">Anleitung f\u00fcr ASSA Elektroschl\u00f6sser, Motorschl\u00f6sser, Elektro-Schlie\u00dfbleche und Ersatzanleitung<\/a><\/h5>","protected":false},"featured_media":138967,"template":"","meta":{"_acf_changed":false},"product_brand":[],"product_cat":[3355],"product_tag":[4196,4200,2967],"class_list":{"0":"post-91525","1":"product","2":"type-product","3":"status-publish","4":"has-post-thumbnail","6":"product_cat-elslutbleck","7":"product_tag-12-24v","8":"product_tag-rattvand","9":"product_tag-rg-assa-abloy","10":"product_shipping_class-tunga-paket","11":"pa_brands-abloy","12":"tm-no-options","14":"first","15":"instock","16":"sale","17":"taxable","18":"shipping-taxable","19":"purchasable","20":"product-type-simple"},"acf":[],"_links":{"self":[{"href":"https:\/\/secureus.se\/de\/wp-json\/wp\/v2\/product\/91525","targetHints":{"allow":["GET"]}}],"collection":[{"href":"https:\/\/secureus.se\/de\/wp-json\/wp\/v2\/product"}],"about":[{"href":"https:\/\/secureus.se\/de\/wp-json\/wp\/v2\/types\/product"}],"wp:featuredmedia":[{"embeddable":true,"href":"https:\/\/secureus.se\/de\/wp-json\/wp\/v2\/media\/138967"}],"wp:attachment":[{"href":"https:\/\/secureus.se\/de\/wp-json\/wp\/v2\/media?parent=91525"}],"wp:term":[{"taxonomy":"product_brand","embeddable":true,"href":"https:\/\/secureus.se\/de\/wp-json\/wp\/v2\/product_brand?post=91525"},{"taxonomy":"product_cat","embeddable":true,"href":"https:\/\/secureus.se\/de\/wp-json\/wp\/v2\/product_cat?post=91525"},{"taxonomy":"product_tag","embeddable":true,"href":"https:\/\/secureus.se\/de\/wp-json\/wp\/v2\/product_tag?post=91525"}],"curies":[{"name":"wp","href":"https:\/\/api.w.org\/{rel}","templated":true}]}}