{"id":91526,"date":"2023-09-27T18:14:18","date_gmt":"2023-09-27T16:14:18","guid":{"rendered":"https:\/\/secureus.se\/elslutbleck-114-omvand-24v\/"},"modified":"2026-04-23T12:21:10","modified_gmt":"2026-04-23T10:21:10","slug":"elslutbleck-114-omvand-24v","status":"publish","type":"product","link":"https:\/\/secureus.se\/de\/elslutbleck-114-omvand-24v\/","title":{"rendered":"Elektrische Endplatte 114 Reverse 24V"},"content":{"rendered":"<h1>Elektrische Endplatte 114 Reverse 24V<\/h1>\n<p>Elektro-T\u00fcr\u00f6ffner 114 Reverse 24V, f\u00fcr T\u00fcren mit geringen Sicherheitsanforderungen. Mit R\u00fccklauffunktion, Bruchfestigkeit 400 kg und geeignet f\u00fcr die Innenverriegelung in Gewerbe, B\u00fcro und Industrie.<\/p>\n<p class=\"\" data-start=\"591\" data-end=\"953\">Der elektrische T\u00fcr\u00f6ffner 114 Reverse 24V ist ein elektrischer T\u00fcr\u00f6ffner f\u00fcr T\u00fcren mit geringen Sicherheitsanforderungen und somit eine perfekte L\u00f6sung f\u00fcr die Innenverriegelung im Einzelhandel, in B\u00fcros und in der Industrie.<\/p>\n<p class=\"\" data-start=\"591\" data-end=\"953\">Dieser elektrische T\u00fcr\u00f6ffner eignet sich besonders f\u00fcr T\u00fcren, die keine hohen Sicherheitsanforderungen haben, bei denen aber ein einfaches und zuverl\u00e4ssiges Verschlie\u00dfen wichtig ist.<\/p>\n<p class=\"\" data-start=\"955\" data-end=\"1448\">Der T\u00fcr\u00f6ffner verf\u00fcgt \u00fcber eine Umkehrfunktion, wodurch bei einem Stromausfall die T\u00fcr entriegelt wird. Es besteht aus einem Drehverschluss aus Stahl und einem Schlossgeh\u00e4use aus Zinklegierung, was f\u00fcr eine solide Konstruktion sorgt.<\/p>\n<p class=\"\" data-start=\"955\" data-end=\"1448\">Mit einer Bruchfestigkeit von 4 kN (400 kg) ist es robust genug, um in T\u00fcren eingesetzt zu werden, bei denen die Sicherheit nicht so streng sein muss wie bei Brandabschnittstrennt\u00fcren.<\/p>\n<p class=\"\" data-start=\"955\" data-end=\"1448\">Wichtig zu beachten ist, dass dieses elektrische T\u00fcr\u00f6ffnerblech NIEMALS in Brandschutztrennt\u00fcren eingesetzt werden darf.<\/p>\n<p class=\"\" data-start=\"1450\" data-end=\"1832\">Es eignet sich gut f\u00fcr die Verwendung in Kombination mit ein- oder zweifl\u00fcgeligen Schl\u00f6ssern und bietet eine effektive L\u00f6sung f\u00fcr den t\u00e4glichen Einsatz in Umgebungen, die keine erweiterten Sicherheitsl\u00f6sungen erfordern.<\/p>\n<p class=\"\" data-start=\"1450\" data-end=\"1832\">F\u00fcr eine optimale Leistung wird empfohlen, eine Schutzdiode (z. B. 1N4004) in der N\u00e4he der elektrischen T\u00fcr\u00f6ffnerspule anzubringen, um die Steuerelektronik vor m\u00f6glichen Transienten (Spannungsspitzen) zu sch\u00fctzen.<\/p>\n<p class=\"\" data-start=\"1834\" data-end=\"1864\">Hauptmerkmale und Vorteile:<\/p>\n<ul data-start=\"1865\" data-end=\"2255\">\n<li class=\"\" data-start=\"1865\" data-end=\"1941\">\n<p class=\"\" data-start=\"1867\" data-end=\"1941\">R\u00fccklauffunktion: Zur einfachen Handhabung ist die T\u00fcr im stromlosen Zustand entriegelt.<\/p>\n<\/li>\n<li class=\"\" data-start=\"1942\" data-end=\"1999\">\n<p class=\"\" data-start=\"1944\" data-end=\"1999\">Torsionsstab aus Stahl: Robuste und langlebige Konstruktion.<\/p>\n<\/li>\n<li class=\"\" data-start=\"2000\" data-end=\"2078\">\n<p class=\"\" data-start=\"2002\" data-end=\"2078\">Bruchfestigkeit: H\u00e4lt bis zu 4 kN (400 kg) f\u00fcr eine zuverl\u00e4ssige Verriegelung.<\/p>\n<\/li>\n<li class=\"\" data-start=\"2079\" data-end=\"2158\">\n<p class=\"\" data-start=\"2081\" data-end=\"2158\">Kompatibilit\u00e4t: Geeignet zur Kombination mit ein- oder zweifl\u00fcgeligen Schl\u00f6ssern.<\/p>\n<\/li>\n<li class=\"\" data-start=\"2159\" data-end=\"2255\">\n<p class=\"\" data-start=\"2161\" data-end=\"2255\">Nicht f\u00fcr Brandabschnittstrennt\u00fcren: Nicht f\u00fcr den Einsatz in Bereichen geeignet, in denen Brandschutz erforderlich ist.<\/p>\n<\/li>\n<\/ul>\n<p class=\"\" data-start=\"2257\" data-end=\"2286\">Technische Daten:<\/p>\n<ul data-start=\"2287\" data-end=\"2576\">\n<li class=\"\" data-start=\"2287\" data-end=\"2315\">\n<p class=\"\" data-start=\"2289\" data-end=\"2315\">Spannung: 24 VDC \u00b110%<\/p>\n<\/li>\n<li class=\"\" data-start=\"2316\" data-end=\"2348\">\n<p class=\"\" data-start=\"2318\" data-end=\"2348\">Stromverbrauch: 0-110 mA<\/p>\n<\/li>\n<li class=\"\" data-start=\"2349\" data-end=\"2459\">\n<p class=\"\" data-start=\"2351\" data-end=\"2459\">Schutzdiode: Zum Schutz der Elektronik empfiehlt sich der Einsatz einer Schutzdiode in der N\u00e4he der T\u00fcr\u00f6ffnerspule.<\/p>\n<\/li>\n<li class=\"\" data-start=\"2460\" data-end=\"2500\">\n<p class=\"\" data-start=\"2462\" data-end=\"2500\">Bruchfestigkeit max.: 4 kN (400 kg)<\/p>\n<\/li>\n<li class=\"\" data-start=\"2501\" data-end=\"2521\">\n<p class=\"\" data-start=\"2503\" data-end=\"2521\">Torsion: Stahl<\/p>\n<\/li>\n<li class=\"\" data-start=\"2522\" data-end=\"2548\">\n<p class=\"\" data-start=\"2524\" data-end=\"2548\">Schlossk\u00f6rper: Zinklegierung<\/p>\n<\/li>\n<li class=\"\" data-start=\"2549\" data-end=\"2576\">\n<p class=\"\" data-start=\"2551\" data-end=\"2576\">Betriebsspannung: 24 VDC<\/p>\n<\/li>\n<\/ul>","protected":false},"excerpt":{"rendered":"<h5><a href=\"https:\/\/elslutblecksguiden.se\/\" target=\"_blank\" rel=\"noopener\">Anleitung f\u00fcr ASSA Elektroschl\u00f6sser, Motorschl\u00f6sser, Elektro-Schlie\u00dfbleche und Ersatzanleitung<\/a><\/h5>","protected":false},"featured_media":138991,"template":"","meta":{"_acf_changed":false},"product_brand":[],"product_cat":[3355],"product_tag":[4197,4201,2967],"class_list":{"0":"post-91526","1":"product","2":"type-product","3":"status-publish","4":"has-post-thumbnail","6":"product_cat-elslutbleck","7":"product_tag-24v","8":"product_tag-omvand","9":"product_tag-rg-assa-abloy","10":"product_shipping_class-tunga-paket","11":"pa_brands-abloy","12":"tm-no-options","14":"first","15":"instock","16":"sale","17":"taxable","18":"shipping-taxable","19":"purchasable","20":"product-type-simple"},"acf":[],"_links":{"self":[{"href":"https:\/\/secureus.se\/de\/wp-json\/wp\/v2\/product\/91526","targetHints":{"allow":["GET"]}}],"collection":[{"href":"https:\/\/secureus.se\/de\/wp-json\/wp\/v2\/product"}],"about":[{"href":"https:\/\/secureus.se\/de\/wp-json\/wp\/v2\/types\/product"}],"wp:featuredmedia":[{"embeddable":true,"href":"https:\/\/secureus.se\/de\/wp-json\/wp\/v2\/media\/138991"}],"wp:attachment":[{"href":"https:\/\/secureus.se\/de\/wp-json\/wp\/v2\/media?parent=91526"}],"wp:term":[{"taxonomy":"product_brand","embeddable":true,"href":"https:\/\/secureus.se\/de\/wp-json\/wp\/v2\/product_brand?post=91526"},{"taxonomy":"product_cat","embeddable":true,"href":"https:\/\/secureus.se\/de\/wp-json\/wp\/v2\/product_cat?post=91526"},{"taxonomy":"product_tag","embeddable":true,"href":"https:\/\/secureus.se\/de\/wp-json\/wp\/v2\/product_tag?post=91526"}],"curies":[{"name":"wp","href":"https:\/\/api.w.org\/{rel}","templated":true}]}}