{"id":91528,"date":"2023-09-27T18:14:15","date_gmt":"2023-09-27T16:14:15","guid":{"rendered":"https:\/\/secureus.se\/elslutbleck-14-rattvand-12v\/"},"modified":"2026-04-23T12:21:24","modified_gmt":"2026-04-23T10:21:24","slug":"elslutbleck-14-rattvand-12v","status":"publish","type":"product","link":"https:\/\/secureus.se\/de\/elslutbleck-14-rattvand-12v\/","title":{"rendered":"Elektrische Endplatte 14, nach rechts gerichtet, 12 V"},"content":{"rendered":"<h1>Elektrische Endplatte 14, nach rechts gerichtet, 12 V<\/h1>\n<div>\n<p class=\"\" data-start=\"368\" data-end=\"563\">Elektro-T\u00fcr\u00f6ffner 14 Rechts 12V, f\u00fcr T\u00fcren mit geringen Sicherheitsanforderungen. Gerade Funktion, Bruchfestigkeit 400 kg, und geeignet f\u00fcr den Innenverschluss in Gewerbe, B\u00fcro und Industrie.<\/p>\n<p class=\"\" data-start=\"599\" data-end=\"963\">Electric Strike 14 R\u00e4ttv\u00e4nd 12V ist ein elektrischer T\u00fcr\u00f6ffner f\u00fcr T\u00fcren mit geringen Sicherheitsanforderungen und eignet sich daher ideal f\u00fcr die Innenverriegelung im Einzelhandel, in B\u00fcros und in der Industrie.<\/p>\n<p class=\"\" data-start=\"599\" data-end=\"963\">Es bietet eine zuverl\u00e4ssige und kosteng\u00fcnstige L\u00f6sung f\u00fcr T\u00fcren, die keine erweiterte Sicherheit erfordern, aber dennoch ein zuverl\u00e4ssiges Schlie\u00dfsystem ben\u00f6tigen.<\/p>\n<p class=\"\" data-start=\"965\" data-end=\"1470\">Dieser elektrische T\u00fcr\u00f6ffner verf\u00fcgt \u00fcber eine reversible Funktion, d. h. bei einem Stromausfall wird die T\u00fcr verriegelt. Dies erh\u00f6ht die Sicherheit, da sichergestellt wird, dass die T\u00fcr auch bei einem Stromausfall verriegelt bleibt.<\/p>\n<p class=\"\" data-start=\"965\" data-end=\"1470\">Es ist mit einem Drehverschluss aus Stahl und einem Schlossgeh\u00e4use aus Zinklegierung ausgestattet und bietet so eine robuste Konstruktion f\u00fcr lange Haltbarkeit. Mit einer Bruchfestigkeit von 4 kN (400 kg) ist es stark genug f\u00fcr den Einsatz in Umgebungen, in denen keine hohe Sicherheit erforderlich ist, Zuverl\u00e4ssigkeit jedoch wichtig ist.<\/p>\n<p class=\"\" data-start=\"1472\" data-end=\"1728\">Wichtig zu beachten: Das Elektro-Schlie\u00dfblech 14 rechtwinklig 12V darf NIEMALS in Brandabschnittstrennt\u00fcren eingesetzt werden.<\/p>\n<p class=\"\" data-start=\"1472\" data-end=\"1728\">Es ist f\u00fcr die Verwendung in Kombination mit Einzel- oder Doppelriegelschl\u00f6ssern konzipiert und somit vielseitig einsetzbar und mit verschiedenen Schlie\u00dfsystemen kompatibel.<\/p>\n<p class=\"\" data-start=\"1730\" data-end=\"1945\">Zur Leistungsoptimierung und zum Schutz der Elektronik empfiehlt es sich, in der N\u00e4he der T\u00fcr\u00f6ffnerspule eine Schutzdiode (z.B. 1N4004) anzubringen, um die Steuerelektronik vor m\u00f6glichen Spannungsspitzen zu sch\u00fctzen.<\/p>\n<p class=\"\" data-start=\"1947\" data-end=\"1977\">Hauptmerkmale und Vorteile:<\/p>\n<ul data-start=\"1978\" data-end=\"2363\">\n<li class=\"\" data-start=\"1978\" data-end=\"2048\">\n<p class=\"\" data-start=\"1980\" data-end=\"2048\">Richtige Funktion: Bei Stromausfall verriegelt f\u00fcr erh\u00f6hte Sicherheit.<\/p>\n<\/li>\n<li class=\"\" data-start=\"2049\" data-end=\"2112\">\n<p class=\"\" data-start=\"2051\" data-end=\"2112\">Torsionsstab aus Stahl: Robuste Konstruktion f\u00fcr lange Haltbarkeit.<\/p>\n<\/li>\n<li class=\"\" data-start=\"2113\" data-end=\"2191\">\n<p class=\"\" data-start=\"2115\" data-end=\"2191\">Bruchfestigkeit: H\u00e4lt bis zu 4 kN (400 kg) f\u00fcr eine zuverl\u00e4ssige Verriegelung.<\/p>\n<\/li>\n<li class=\"\" data-start=\"2192\" data-end=\"2270\">\n<p class=\"\" data-start=\"2194\" data-end=\"2270\">Kompatibilit\u00e4t: Geeignet f\u00fcr die Verwendung mit ein- oder zweifl\u00fcgeligen Schl\u00f6ssern.<\/p>\n<\/li>\n<li class=\"\" data-start=\"2271\" data-end=\"2363\">\n<p class=\"\" data-start=\"2273\" data-end=\"2363\">Nicht f\u00fcr Brandschutzt\u00fcren: Nicht f\u00fcr den Einsatz in Brandschutzt\u00fcren geeignet.<\/p>\n<\/li>\n<\/ul>\n<p class=\"\" data-start=\"2365\" data-end=\"2394\">Technische Daten:<\/p>\n<ul data-start=\"2395\" data-end=\"2684\">\n<li class=\"\" data-start=\"2395\" data-end=\"2423\">\n<p class=\"\" data-start=\"2397\" data-end=\"2423\">Spannung: 12VDC \u00b110%<\/p>\n<\/li>\n<li class=\"\" data-start=\"2424\" data-end=\"2456\">\n<p class=\"\" data-start=\"2426\" data-end=\"2456\">Stromverbrauch: 0-190 mA<\/p>\n<\/li>\n<li class=\"\" data-start=\"2457\" data-end=\"2567\">\n<p class=\"\" data-start=\"2459\" data-end=\"2567\">Schutzdiode: Zum Schutz der Elektronik empfiehlt sich der Einsatz einer Schutzdiode in der N\u00e4he der T\u00fcr\u00f6ffnerspule.<\/p>\n<\/li>\n<li class=\"\" data-start=\"2568\" data-end=\"2608\">\n<p class=\"\" data-start=\"2570\" data-end=\"2608\">Bruchfestigkeit max.: 4 kN (400 kg)<\/p>\n<\/li>\n<li class=\"\" data-start=\"2609\" data-end=\"2629\">\n<p class=\"\" data-start=\"2611\" data-end=\"2629\">Torsion: Stahl<\/p>\n<\/li>\n<li class=\"\" data-start=\"2630\" data-end=\"2656\">\n<p class=\"\" data-start=\"2632\" data-end=\"2656\">Schlossk\u00f6rper: Zinklegierung<\/p>\n<\/li>\n<li class=\"\" data-start=\"2657\" data-end=\"2684\">\n<p class=\"\" data-start=\"2659\" data-end=\"2684\">Betriebsspannung: 12 VDC<\/p>\n<\/li>\n<\/ul>\n<\/div>","protected":false},"excerpt":{"rendered":"<h5><a href=\"https:\/\/elslutblecksguiden.se\/\" target=\"_blank\" rel=\"noopener\">Anleitung f\u00fcr ASSA Elektroschl\u00f6sser, Motorschl\u00f6sser, Elektro-Schlie\u00dfbleche und Ersatzanleitung<\/a><\/h5>","protected":false},"featured_media":139023,"template":"","meta":{"_acf_changed":false},"product_brand":[],"product_cat":[3355],"product_tag":[4198,4200,2967],"class_list":{"0":"post-91528","1":"product","2":"type-product","3":"status-publish","4":"has-post-thumbnail","6":"product_cat-elslutbleck","7":"product_tag-12v","8":"product_tag-rattvand","9":"product_tag-rg-assa-abloy","10":"product_shipping_class-tunga-paket","11":"pa_brands-abloy","12":"tm-no-options","14":"first","15":"onbackorder","16":"sale","17":"taxable","18":"shipping-taxable","19":"purchasable","20":"product-type-simple"},"acf":[],"_links":{"self":[{"href":"https:\/\/secureus.se\/de\/wp-json\/wp\/v2\/product\/91528","targetHints":{"allow":["GET"]}}],"collection":[{"href":"https:\/\/secureus.se\/de\/wp-json\/wp\/v2\/product"}],"about":[{"href":"https:\/\/secureus.se\/de\/wp-json\/wp\/v2\/types\/product"}],"wp:featuredmedia":[{"embeddable":true,"href":"https:\/\/secureus.se\/de\/wp-json\/wp\/v2\/media\/139023"}],"wp:attachment":[{"href":"https:\/\/secureus.se\/de\/wp-json\/wp\/v2\/media?parent=91528"}],"wp:term":[{"taxonomy":"product_brand","embeddable":true,"href":"https:\/\/secureus.se\/de\/wp-json\/wp\/v2\/product_brand?post=91528"},{"taxonomy":"product_cat","embeddable":true,"href":"https:\/\/secureus.se\/de\/wp-json\/wp\/v2\/product_cat?post=91528"},{"taxonomy":"product_tag","embeddable":true,"href":"https:\/\/secureus.se\/de\/wp-json\/wp\/v2\/product_tag?post=91528"}],"curies":[{"name":"wp","href":"https:\/\/api.w.org\/{rel}","templated":true}]}}