{"id":91529,"date":"2023-09-27T18:14:14","date_gmt":"2023-09-27T16:14:14","guid":{"rendered":"https:\/\/secureus.se\/elslutbleck-14-rattvand-24v\/"},"modified":"2026-04-08T15:57:17","modified_gmt":"2026-04-08T13:57:17","slug":"elslutbleck-14-rattvand-24v","status":"publish","type":"product","link":"https:\/\/secureus.se\/de\/elslutbleck-14-rattvand-24v\/","title":{"rendered":"Elektrische Endplatte 14 Rechtsgerichtet 24V"},"content":{"rendered":"<h1>Elektrische Endplatte 14 Rechtsgerichtet 24V<\/h1>\n<div>\n<p>Elektro-T\u00fcr\u00f6ffner 14 Rechts 24V, f\u00fcr T\u00fcren mit geringen Sicherheitsanforderungen. Gerade Funktion, Bruchfestigkeit 400 kg, und geeignet f\u00fcr den Innenverschluss in Gewerbe, B\u00fcro und Industrie.<\/p>\n<p class=\"\" data-start=\"599\" data-end=\"974\">Electric Strike 14 Right-Hand 24V ist ein elektrischer T\u00fcr\u00f6ffner f\u00fcr T\u00fcren mit geringen Sicherheitsanforderungen und somit eine perfekte L\u00f6sung f\u00fcr die Innenverriegelung im Einzelhandel, in B\u00fcros und in der Industrie.<\/p>\n<p class=\"\" data-start=\"599\" data-end=\"974\">Es bietet eine zuverl\u00e4ssige und kosteng\u00fcnstige L\u00f6sung f\u00fcr T\u00fcren, die keine erweiterte Sicherheit erfordern, aber dennoch ein zuverl\u00e4ssiges Schlie\u00dfsystem ben\u00f6tigen.<\/p>\n<p class=\"\" data-start=\"976\" data-end=\"1594\">Dieser elektrische T\u00fcr\u00f6ffner verf\u00fcgt \u00fcber eine reversible Funktion, d. h. bei einem Stromausfall wird die T\u00fcr verriegelt. Dies erh\u00f6ht die Sicherheit, da sichergestellt wird, dass die T\u00fcr auch bei einem Stromausfall verriegelt bleibt.<\/p>\n<p class=\"\" data-start=\"976\" data-end=\"1594\">Es ist mit einem Drehverschluss aus Stahl und einem Schlossgeh\u00e4use aus Zinklegierung ausgestattet und bietet so eine solide Konstruktion f\u00fcr lange Haltbarkeit. Mit einer Bruchfestigkeit von 4000 N (400 kg) ist es stark genug f\u00fcr den Einsatz in T\u00fcren, bei denen die Sicherheit nicht so streng sein muss wie bei Brandschutzt\u00fcren.<\/p>\n<p class=\"\" data-start=\"976\" data-end=\"1594\">Wichtig zu beachten ist, dass dieses elektrische T\u00fcr\u00f6ffnerblech NIEMALS in Brandschutztrennt\u00fcren eingesetzt werden darf.<\/p>\n<p class=\"\" data-start=\"1596\" data-end=\"1968\">Es eignet sich gut f\u00fcr die Verwendung in Kombination mit ein- oder zweifl\u00fcgeligen Schl\u00f6ssern und bietet eine effektive L\u00f6sung f\u00fcr den t\u00e4glichen Einsatz in Umgebungen, die keine erweiterten Sicherheitsl\u00f6sungen erfordern.<\/p>\n<p class=\"\" data-start=\"1596\" data-end=\"1968\">F\u00fcr eine optimale Leistung wird empfohlen, in der N\u00e4he der elektrischen T\u00fcr\u00f6ffnerspule eine Schutzdiode (z. B. 1N4004) anzubringen, um die Steuerelektronik vor m\u00f6glichen Spannungsspitzen zu sch\u00fctzen.<\/p>\n<p class=\"\" data-start=\"1970\" data-end=\"2000\">Hauptmerkmale und Vorteile:<\/p>\n<ul data-start=\"2001\" data-end=\"2388\">\n<li class=\"\" data-start=\"2001\" data-end=\"2071\">\n<p class=\"\" data-start=\"2003\" data-end=\"2071\">Richtige Funktion: Bei Stromausfall verriegelt f\u00fcr erh\u00f6hte Sicherheit.<\/p>\n<\/li>\n<li class=\"\" data-start=\"2072\" data-end=\"2135\">\n<p class=\"\" data-start=\"2074\" data-end=\"2135\">Torsionsstab aus Stahl: Robuste Konstruktion f\u00fcr lange Haltbarkeit.<\/p>\n<\/li>\n<li class=\"\" data-start=\"2136\" data-end=\"2216\">\n<p class=\"\" data-start=\"2138\" data-end=\"2216\">Bruchfestigkeit: H\u00e4lt bis zu 4000 N (400 kg) f\u00fcr eine zuverl\u00e4ssige Verriegelung.<\/p>\n<\/li>\n<li class=\"\" data-start=\"2217\" data-end=\"2295\">\n<p class=\"\" data-start=\"2219\" data-end=\"2295\">Kompatibilit\u00e4t: Geeignet f\u00fcr die Verwendung mit ein- oder zweifl\u00fcgeligen Schl\u00f6ssern.<\/p>\n<\/li>\n<li class=\"\" data-start=\"2296\" data-end=\"2388\">\n<p class=\"\" data-start=\"2298\" data-end=\"2388\">Nicht f\u00fcr Brandschutzt\u00fcren: Nicht f\u00fcr den Einsatz in Brandschutzt\u00fcren geeignet.<\/p>\n<\/li>\n<\/ul>\n<p class=\"\" data-start=\"2390\" data-end=\"2419\">Technische Daten:<\/p>\n<ul data-start=\"2420\" data-end=\"2711\">\n<li class=\"\" data-start=\"2420\" data-end=\"2448\">\n<p class=\"\" data-start=\"2422\" data-end=\"2448\">Spannung: 24 VDC \u00b110%<\/p>\n<\/li>\n<li class=\"\" data-start=\"2449\" data-end=\"2481\">\n<p class=\"\" data-start=\"2451\" data-end=\"2481\">Stromverbrauch: 0-110 mA<\/p>\n<\/li>\n<li class=\"\" data-start=\"2482\" data-end=\"2592\">\n<p class=\"\" data-start=\"2484\" data-end=\"2592\">Schutzdiode: Zum Schutz der Elektronik empfiehlt sich der Einsatz einer Schutzdiode in der N\u00e4he der T\u00fcr\u00f6ffnerspule.<\/p>\n<\/li>\n<li class=\"\" data-start=\"2593\" data-end=\"2635\">\n<p class=\"\" data-start=\"2595\" data-end=\"2635\">Bruchfestigkeit max.: 4000 N (400 kg)<\/p>\n<\/li>\n<li class=\"\" data-start=\"2636\" data-end=\"2656\">\n<p class=\"\" data-start=\"2638\" data-end=\"2656\">Torsion: Stahl<\/p>\n<\/li>\n<li class=\"\" data-start=\"2657\" data-end=\"2683\">\n<p class=\"\" data-start=\"2659\" data-end=\"2683\">Schlossk\u00f6rper: Zinklegierung<\/p>\n<\/li>\n<li class=\"\" data-start=\"2684\" data-end=\"2711\">\n<p class=\"\" data-start=\"2686\" data-end=\"2711\">Betriebsspannung: 24 VDC<\/p>\n<\/li>\n<\/ul>\n<\/div>","protected":false},"excerpt":{"rendered":"<h5><a href=\"https:\/\/elslutblecksguiden.se\/\" target=\"_blank\" rel=\"noopener\">Anleitung f\u00fcr ASSA Elektroschl\u00f6sser, Motorschl\u00f6sser, Elektro-Schlie\u00dfbleche und Ersatzanleitung<\/a><\/h5>","protected":false},"featured_media":159496,"template":"","meta":{"_acf_changed":false},"product_brand":[],"product_cat":[3355],"product_tag":[4197,4200,2967],"class_list":{"0":"post-91529","1":"product","2":"type-product","3":"status-publish","4":"has-post-thumbnail","6":"product_cat-elslutbleck","7":"product_tag-24v","8":"product_tag-rattvand","9":"product_tag-rg-assa-abloy","10":"product_shipping_class-tunga-paket","11":"pa_brands-abloy","12":"tm-no-options","14":"first","15":"instock","16":"sale","17":"taxable","18":"shipping-taxable","19":"purchasable","20":"product-type-simple"},"acf":[],"_links":{"self":[{"href":"https:\/\/secureus.se\/de\/wp-json\/wp\/v2\/product\/91529","targetHints":{"allow":["GET"]}}],"collection":[{"href":"https:\/\/secureus.se\/de\/wp-json\/wp\/v2\/product"}],"about":[{"href":"https:\/\/secureus.se\/de\/wp-json\/wp\/v2\/types\/product"}],"wp:featuredmedia":[{"embeddable":true,"href":"https:\/\/secureus.se\/de\/wp-json\/wp\/v2\/media\/159496"}],"wp:attachment":[{"href":"https:\/\/secureus.se\/de\/wp-json\/wp\/v2\/media?parent=91529"}],"wp:term":[{"taxonomy":"product_brand","embeddable":true,"href":"https:\/\/secureus.se\/de\/wp-json\/wp\/v2\/product_brand?post=91529"},{"taxonomy":"product_cat","embeddable":true,"href":"https:\/\/secureus.se\/de\/wp-json\/wp\/v2\/product_cat?post=91529"},{"taxonomy":"product_tag","embeddable":true,"href":"https:\/\/secureus.se\/de\/wp-json\/wp\/v2\/product_tag?post=91529"}],"curies":[{"name":"wp","href":"https:\/\/api.w.org\/{rel}","templated":true}]}}