{"id":91531,"date":"2023-09-27T18:14:11","date_gmt":"2023-09-27T16:14:11","guid":{"rendered":"https:\/\/secureus.se\/elslutbleck-5114-omvand-24v-kolvkontakt\/"},"modified":"2026-04-08T15:56:15","modified_gmt":"2026-04-08T13:56:15","slug":"elslutbleck-5114-omvand-24v-kolvkontakt","status":"publish","type":"product","link":"https:\/\/secureus.se\/de\/elslutbleck-5114-omvand-24v-kolvkontakt\/","title":{"rendered":"Elektrische Endplatte 5114 Reverse 24V Kolbenkontakt"},"content":{"rendered":"<h1>Elektrische Endplatte 5114 Reverse 24V Kolbenkontakt<\/h1>\n<p class=\"\" data-start=\"399\" data-end=\"589\">Elektro-T\u00fcr\u00f6ffner 5114 Reverse 24V mit Kolbenkontakt, f\u00fcr T\u00fcren mit geringen Sicherheitsanforderungen in Gewerbe, B\u00fcro und Industrie. Bei Stromausfall entriegelt, Bruchfestigkeit 400 kg.<\/p>\n<p class=\"\" data-start=\"625\" data-end=\"1023\">Der elektrische T\u00fcr\u00f6ffner 5114 Reverse 24V Piston Contact ist ein elektrischer T\u00fcr\u00f6ffner, der sich perfekt f\u00fcr T\u00fcren mit geringen Sicherheitsanforderungen eignet und somit ideal f\u00fcr den Einsatz in Handel, B\u00fcro und Industrie ist.<\/p>\n<p class=\"\" data-start=\"625\" data-end=\"1023\">Es eignet sich gut f\u00fcr Innenverriegelungen, wo ein zuverl\u00e4ssiges und kosteng\u00fcnstiges Schlie\u00dfsystem erforderlich ist, die Sicherheit jedoch nicht so streng sein muss wie in exponierteren Umgebungen.<\/p>\n<p class=\"\" data-start=\"1025\" data-end=\"1532\">Dieser T\u00fcr\u00f6ffner verf\u00fcgt \u00fcber eine R\u00fccklauffunktion, wodurch die T\u00fcr bei einem Stromausfall entriegelt wird. Dies macht es zu einer praktischen L\u00f6sung in Situationen, in denen die T\u00fcr w\u00e4hrend eines Stromausfalls entriegelt werden muss.<\/p>\n<p class=\"\" data-start=\"1025\" data-end=\"1532\">Der elektrische T\u00fcr\u00f6ffner ist mit einem Stahlzapfen und einem Schlossgeh\u00e4use aus Zinklegierung ausgestattet, was ihn zu einem robusten und langlebigen Produkt macht, das auch langfristiger Nutzung standh\u00e4lt.<\/p>\n<p class=\"\" data-start=\"1025\" data-end=\"1532\">Mit einer Bruchfestigkeit von 4000 N (400 kg) ist es stark genug f\u00fcr den Einsatz in vielen T\u00fcren, die eine zuverl\u00e4ssige Verriegelung erfordern.<\/p>\n<p class=\"\" data-start=\"1534\" data-end=\"1822\">Der elektrische T\u00fcr\u00f6ffner 5114 Reverse 24V Plunger Contact kann in Kombination mit Ein- oder Doppelfallenschl\u00f6ssern verwendet werden und ist auch mit Mikroschalter und Verriegelungs-Plunger-Kontakt lieferbar, wodurch die Integration in ein automatisiertes Schlie\u00dfsystem oder in andere Sicherheitsl\u00f6sungen m\u00f6glich ist.<\/p>\n<p class=\"\" data-start=\"1824\" data-end=\"1854\">Hauptmerkmale und Vorteile:<\/p>\n<ul data-start=\"1855\" data-end=\"2374\">\n<li class=\"\" data-start=\"1855\" data-end=\"1930\">\n<p class=\"\" data-start=\"1857\" data-end=\"1930\">R\u00fccklauffunktion: Entriegelung bei Stromausfall f\u00fcr flexiblen Einsatz.<\/p>\n<\/li>\n<li class=\"\" data-start=\"1931\" data-end=\"2006\">\n<p class=\"\" data-start=\"1933\" data-end=\"2006\">Bruchfestigkeit: H\u00e4lt bis zu 4000 N (400 kg) f\u00fcr eine zuverl\u00e4ssige Verriegelung.<\/p>\n<\/li>\n<li class=\"\" data-start=\"2007\" data-end=\"2084\">\n<p class=\"\" data-start=\"2009\" data-end=\"2084\">Torsionsstab aus Stahl: Robuste und verschlei\u00dffeste Konstruktion f\u00fcr eine lange Lebensdauer.<\/p>\n<\/li>\n<li class=\"\" data-start=\"2085\" data-end=\"2163\">\n<p class=\"\" data-start=\"2087\" data-end=\"2163\">Kompatibilit\u00e4t: Geeignet f\u00fcr die Verwendung mit ein- oder zweifl\u00fcgeligen Schl\u00f6ssern.<\/p>\n<\/li>\n<li class=\"\" data-start=\"2164\" data-end=\"2281\">\n<p class=\"\" data-start=\"2166\" data-end=\"2281\">Mit Mikroschalter und Rastst\u00f6\u00dfelkontakt lieferbar: F\u00fcr mehr Flexibilit\u00e4t und Sicherheit bei der Installation.<\/p>\n<\/li>\n<li class=\"\" data-start=\"2282\" data-end=\"2374\">\n<p class=\"\" data-start=\"2284\" data-end=\"2374\">Nicht f\u00fcr Brandschutzt\u00fcren: Nicht f\u00fcr den Einsatz in Brandschutzt\u00fcren geeignet.<\/p>\n<\/li>\n<\/ul>\n<p class=\"\" data-start=\"2376\" data-end=\"2405\">Technische Daten:<\/p>\n<ul data-start=\"2406\" data-end=\"2719\">\n<li class=\"\" data-start=\"2406\" data-end=\"2434\">\n<p class=\"\" data-start=\"2408\" data-end=\"2434\">Spannung: 24 VDC \u00b110%<\/p>\n<\/li>\n<li class=\"\" data-start=\"2435\" data-end=\"2467\">\n<p class=\"\" data-start=\"2437\" data-end=\"2467\">Stromverbrauch: 0-110 mA<\/p>\n<\/li>\n<li class=\"\" data-start=\"2468\" data-end=\"2510\">\n<p class=\"\" data-start=\"2470\" data-end=\"2510\">Bruchfestigkeit max.: 4000 N (400 kg)<\/p>\n<\/li>\n<li class=\"\" data-start=\"2511\" data-end=\"2531\">\n<p class=\"\" data-start=\"2513\" data-end=\"2531\">Torsion: Stahl<\/p>\n<\/li>\n<li class=\"\" data-start=\"2532\" data-end=\"2558\">\n<p class=\"\" data-start=\"2534\" data-end=\"2558\">Schlossk\u00f6rper: Zinklegierung<\/p>\n<\/li>\n<li class=\"\" data-start=\"2559\" data-end=\"2586\">\n<p class=\"\" data-start=\"2561\" data-end=\"2586\">Betriebsspannung: 24 VDC<\/p>\n<\/li>\n<li class=\"\" data-start=\"2587\" data-end=\"2608\">\n<p class=\"\" data-start=\"2589\" data-end=\"2608\">Kolbenkontakt: Ja<\/p>\n<\/li>\n<li class=\"\" data-start=\"2609\" data-end=\"2719\">\n<p class=\"\" data-start=\"2611\" data-end=\"2719\">Schutzdiode: Zum Schutz der Elektronik empfiehlt sich der Einsatz einer Schutzdiode in der N\u00e4he der T\u00fcr\u00f6ffnerspule.<\/p>\n<\/li>\n<\/ul>\n<div>\n<p>&nbsp;<\/p>\n<\/div>","protected":false},"excerpt":{"rendered":"<h5><a href=\"https:\/\/elslutblecksguiden.se\/\" target=\"_blank\" rel=\"noopener\">Anleitung f\u00fcr ASSA Elektroschl\u00f6sser, Motorschl\u00f6sser, Elektro-Schlie\u00dfbleche und Ersatzanleitung<\/a><\/h5>","protected":false},"featured_media":139039,"template":"","meta":{"_acf_changed":false},"product_brand":[],"product_cat":[3355],"product_tag":[4197,4201,2967],"class_list":{"0":"post-91531","1":"product","2":"type-product","3":"status-publish","4":"has-post-thumbnail","6":"product_cat-elslutbleck","7":"product_tag-24v","8":"product_tag-omvand","9":"product_tag-rg-assa-abloy","10":"product_shipping_class-tunga-paket","11":"pa_brands-abloy","12":"tm-no-options","14":"first","15":"onbackorder","16":"sale","17":"taxable","18":"shipping-taxable","19":"purchasable","20":"product-type-simple"},"acf":[],"_links":{"self":[{"href":"https:\/\/secureus.se\/de\/wp-json\/wp\/v2\/product\/91531","targetHints":{"allow":["GET"]}}],"collection":[{"href":"https:\/\/secureus.se\/de\/wp-json\/wp\/v2\/product"}],"about":[{"href":"https:\/\/secureus.se\/de\/wp-json\/wp\/v2\/types\/product"}],"wp:featuredmedia":[{"embeddable":true,"href":"https:\/\/secureus.se\/de\/wp-json\/wp\/v2\/media\/139039"}],"wp:attachment":[{"href":"https:\/\/secureus.se\/de\/wp-json\/wp\/v2\/media?parent=91531"}],"wp:term":[{"taxonomy":"product_brand","embeddable":true,"href":"https:\/\/secureus.se\/de\/wp-json\/wp\/v2\/product_brand?post=91531"},{"taxonomy":"product_cat","embeddable":true,"href":"https:\/\/secureus.se\/de\/wp-json\/wp\/v2\/product_cat?post=91531"},{"taxonomy":"product_tag","embeddable":true,"href":"https:\/\/secureus.se\/de\/wp-json\/wp\/v2\/product_tag?post=91531"}],"curies":[{"name":"wp","href":"https:\/\/api.w.org\/{rel}","templated":true}]}}