{"id":91532,"date":"2023-09-27T18:14:09","date_gmt":"2023-09-27T16:14:09","guid":{"rendered":"https:\/\/secureus.se\/elslutbleck-570-rattvand-24v-kolvkontakt\/"},"modified":"2026-04-08T15:56:22","modified_gmt":"2026-04-08T13:56:22","slug":"elslutbleck-570-rattvand-24v-kolvkontakt","status":"publish","type":"product","link":"https:\/\/secureus.se\/de\/elslutbleck-570-rattvand-24v-kolvkontakt\/","title":{"rendered":"Elektrische Endplatte 570 Nach rechts gerichteter 24V-Kolbenkontakt"},"content":{"rendered":"<div>\n<div>\n<h1>Elektrische Endplatte 570 Nach rechts gerichteter 24V-Kolbenkontakt<\/h1>\n<p class=\"\" data-start=\"392\" data-end=\"603\">Elektro-T\u00fcr\u00f6ffner 570 Rechts 24V mit Kolbenkontakt, f\u00fcr T\u00fcren mit normalem Sicherheitsbedarf. Geeignet f\u00fcr den Rohbauschutz, Innenverriegelungen und Eing\u00e4nge. Bruchfestigkeit 700 kg, f\u00fcr Ein- und Doppelfallenschl\u00f6sser.<\/p>\n<p class=\"\" data-start=\"639\" data-end=\"1164\">Der elektrische T\u00fcr\u00f6ffner 570 mit rechtsseitigem 24-V-Kolbenkontakt ist ein Standard-T\u00fcr\u00f6ffner, der f\u00fcr den Einsatz in T\u00fcren mit normalen Sicherheitsanforderungen konzipiert ist und sich daher hervorragend f\u00fcr den Schutz von Au\u00dfenh\u00fcllen, die Innenverriegelung und Eing\u00e4nge in Einzelhandels-, B\u00fcro-, Industrie- und \u00f6ffentlichen Bereichen in Mehrfamilienh\u00e4usern eignet.<\/p>\n<p class=\"\" data-start=\"639\" data-end=\"1164\">Der elektrische T\u00fcr\u00f6ffner ist f\u00fcr die Verwendung in Kombination mit verriegelten Einzel- oder Doppelriegelschl\u00f6ssern konzipiert und stellt somit eine vielseitige L\u00f6sung f\u00fcr unterschiedliche T\u00fcrkonfigurationen und Sicherheitsanforderungen dar.<\/p>\n<p class=\"\" data-start=\"1166\" data-end=\"1504\">Eine der herausragenden Eigenschaften ist die Fail-Safe-Funktion, die bei einem Stromausfall die T\u00fcr verriegelt und so f\u00fcr zus\u00e4tzliche Sicherheit sorgt.<\/p>\n<p class=\"\" data-start=\"1166\" data-end=\"1504\">Der elektrische T\u00fcr\u00f6ffner 570 ist mit einem Kolbenkontakt ausgestattet, der die Anzeige des T\u00fcrschlusses\/-\u00f6ffnungszustands erm\u00f6glicht und somit eine gute Sicherheitserg\u00e4nzung f\u00fcr automatisierte Schlie\u00dfsysteme darstellt.<\/p>\n<p class=\"\" data-start=\"1506\" data-end=\"1923\">Dieser elektrische T\u00fcr\u00f6ffner ist mit einem Drehschloss aus Bronze und einem Schlossgeh\u00e4use aus Zinklegierung ausgestattet und bietet eine hohe Verschlei\u00dffestigkeit und Sto\u00dffestigkeit, um eine lange Haltbarkeit und Zuverl\u00e4ssigkeit \u00fcber viele \u00d6ffnungszyklen hinweg zu gew\u00e4hrleisten.<\/p>\n<p class=\"\" data-start=\"1506\" data-end=\"1923\">Mit einer Bruchfestigkeit von 700 kg (7 kN) ist es stark genug, um den Belastungen in stark frequentierten Umgebungen standzuhalten und eignet sich daher f\u00fcr T\u00fcren, die h\u00e4ufig genutzt werden.<\/p>\n<p class=\"\" data-start=\"1925\" data-end=\"1955\">Hauptmerkmale und Vorteile:<\/p>\n<ul data-start=\"1956\" data-end=\"2348\">\n<li class=\"\" data-start=\"1956\" data-end=\"2026\">\n<p class=\"\" data-start=\"1958\" data-end=\"2026\">Richtige Funktion: Bei Stromausfall verriegelt f\u00fcr erh\u00f6hte Sicherheit.<\/p>\n<\/li>\n<li class=\"\" data-start=\"2027\" data-end=\"2107\">\n<p class=\"\" data-start=\"2029\" data-end=\"2107\">Bruchfestigkeit: 700 kg (7 kN), was Haltbarkeit und Zuverl\u00e4ssigkeit gew\u00e4hrleistet.<\/p>\n<\/li>\n<li class=\"\" data-start=\"2108\" data-end=\"2192\">\n<p class=\"\" data-start=\"2110\" data-end=\"2192\">Bronzener Drehzapfen und Schlossgeh\u00e4use aus Zinklegierung: Sorgt f\u00fcr lange Lebensdauer und Haltbarkeit.<\/p>\n<\/li>\n<li class=\"\" data-start=\"2193\" data-end=\"2271\">\n<p class=\"\" data-start=\"2195\" data-end=\"2271\">Kolbenkontakt: Erm\u00f6glicht Anzeigen zur Signalisierung einer geschlossenen\/offenen T\u00fcr.<\/p>\n<\/li>\n<li class=\"\" data-start=\"2272\" data-end=\"2348\">\n<p class=\"\" data-start=\"2274\" data-end=\"2348\">Hohe Sto\u00df- und Vibrationsfestigkeit: F\u00fcr erh\u00f6hte Belastbarkeit.<\/p>\n<\/li>\n<\/ul>\n<p class=\"\" data-start=\"2350\" data-end=\"2379\">Technische Daten:<\/p>\n<ul data-start=\"2380\" data-end=\"2722\">\n<li class=\"\" data-start=\"2380\" data-end=\"2408\">\n<p class=\"\" data-start=\"2382\" data-end=\"2408\">Spannung: 24 VDC \u00b110%<\/p>\n<\/li>\n<li class=\"\" data-start=\"2409\" data-end=\"2449\">\n<p class=\"\" data-start=\"2411\" data-end=\"2449\">Stromverbrauch: 185 mA im Betrieb<\/p>\n<\/li>\n<li class=\"\" data-start=\"2450\" data-end=\"2485\">\n<p class=\"\" data-start=\"2452\" data-end=\"2485\">Bruchfestigkeit max.: 700 kg (7 kN)<\/p>\n<\/li>\n<li class=\"\" data-start=\"2486\" data-end=\"2542\">\n<p class=\"\" data-start=\"2488\" data-end=\"2542\">Schlossgeh\u00e4use und Drehriegel: Stahl (Bronze-Zink-Legierung)<\/p>\n<\/li>\n<li class=\"\" data-start=\"2543\" data-end=\"2570\">\n<p class=\"\" data-start=\"2545\" data-end=\"2570\">Betriebsspannung: 24 VDC<\/p>\n<\/li>\n<li class=\"\" data-start=\"2571\" data-end=\"2592\">\n<p class=\"\" data-start=\"2573\" data-end=\"2592\">Kolbenkontakt: Ja<\/p>\n<\/li>\n<li class=\"\" data-start=\"2593\" data-end=\"2674\">\n<p class=\"\" data-start=\"2595\" data-end=\"2674\">Schutzdiode: Es wird empfohlen, in der N\u00e4he der elektrischen T\u00fcr\u00f6ffnerspule eine Schutzdiode zu verwenden.<\/p>\n<\/li>\n<li class=\"\" data-start=\"2675\" data-end=\"2722\">\n<p class=\"\" data-start=\"2677\" data-end=\"2722\"><strong data-start=\"2677\" data-end=\"2696\">Kompatibilit\u00e4t:<\/strong> Ein- oder zweifl\u00fcgeliges Schloss<\/p>\n<\/li>\n<\/ul>\n<\/div>\n<div><\/div>\n<\/div>","protected":false},"excerpt":{"rendered":"<h5><a href=\"https:\/\/elslutblecksguiden.se\/\" target=\"_blank\" rel=\"noopener\">Anleitung f\u00fcr ASSA Elektroschl\u00f6sser, Motorschl\u00f6sser, Elektro-Schlie\u00dfbleche und Ersatzanleitung<\/a><\/h5>","protected":false},"featured_media":159497,"template":"","meta":{"_acf_changed":false},"product_brand":[],"product_cat":[3355],"product_tag":[4197,4200,2967],"class_list":{"0":"post-91532","1":"product","2":"type-product","3":"status-publish","4":"has-post-thumbnail","6":"product_cat-elslutbleck","7":"product_tag-24v","8":"product_tag-rattvand","9":"product_tag-rg-assa-abloy","10":"product_shipping_class-tunga-paket","11":"pa_brands-abloy","12":"tm-no-options","14":"first","15":"instock","16":"sale","17":"taxable","18":"shipping-taxable","19":"purchasable","20":"product-type-simple"},"acf":[],"_links":{"self":[{"href":"https:\/\/secureus.se\/de\/wp-json\/wp\/v2\/product\/91532","targetHints":{"allow":["GET"]}}],"collection":[{"href":"https:\/\/secureus.se\/de\/wp-json\/wp\/v2\/product"}],"about":[{"href":"https:\/\/secureus.se\/de\/wp-json\/wp\/v2\/types\/product"}],"wp:featuredmedia":[{"embeddable":true,"href":"https:\/\/secureus.se\/de\/wp-json\/wp\/v2\/media\/159497"}],"wp:attachment":[{"href":"https:\/\/secureus.se\/de\/wp-json\/wp\/v2\/media?parent=91532"}],"wp:term":[{"taxonomy":"product_brand","embeddable":true,"href":"https:\/\/secureus.se\/de\/wp-json\/wp\/v2\/product_brand?post=91532"},{"taxonomy":"product_cat","embeddable":true,"href":"https:\/\/secureus.se\/de\/wp-json\/wp\/v2\/product_cat?post=91532"},{"taxonomy":"product_tag","embeddable":true,"href":"https:\/\/secureus.se\/de\/wp-json\/wp\/v2\/product_tag?post=91532"}],"curies":[{"name":"wp","href":"https:\/\/api.w.org\/{rel}","templated":true}]}}