{"id":91533,"date":"2023-09-27T18:14:08","date_gmt":"2023-09-27T16:14:08","guid":{"rendered":"https:\/\/secureus.se\/elslutbleck-5131-rattvand-24v-kolvkontakt\/"},"modified":"2026-04-23T12:21:41","modified_gmt":"2026-04-23T10:21:41","slug":"elslutbleck-5131-rattvand-24v-kolvkontakt","status":"publish","type":"product","link":"https:\/\/secureus.se\/de\/elslutbleck-5131-rattvand-24v-kolvkontakt\/","title":{"rendered":"Elektrische Endplatte 5131 Nach rechts gerichteter 24V-Kolbenkontakt"},"content":{"rendered":"<div><\/div>\n<div>\n<h1>Elektrische Endplatte 5131 Nach rechts gerichteter 24V-Kolbenkontakt<\/h1>\n<p>Elektrisches T\u00fcr\u00f6ffnerblech 5131 Rechtsseitig 24V Kolbenkontakt f\u00fcr hochfrequentierte T\u00fcren im Gewerbe, Industrie und Rohbauschutz. Bruchfestigkeit 1500 kg, garantiert das \u00d6ffnen bei einem Riegeldruck von 25 kg. Hohe Sicherheit und lange Haltbarkeit.<\/p>\n<p class=\"\" data-start=\"687\" data-end=\"1229\">Der elektrische T\u00fcr\u00f6ffner 5131 mit rechtsseitigem 24-V-Kolbenkontakt ist ein extrastarker elektrischer T\u00fcr\u00f6ffner von ASSA ABLOY, der f\u00fcr T\u00fcren mit hoher Frequenz entwickelt wurde, die hohe Anforderungen an Verschlei\u00dffestigkeit und Bruchfestigkeit stellen.<\/p>\n<p class=\"\" data-start=\"687\" data-end=\"1229\">Ideal f\u00fcr den Einsatz in Einfriedungen, Eing\u00e4ngen, Toren und \u00f6ffentlichen Bereichen im Gewerbe-, B\u00fcro-, Industrie- und Mehrfamilienhausbereich.<\/p>\n<p class=\"\" data-start=\"687\" data-end=\"1229\">Dieses elektrische Schlie\u00dfblech ist f\u00fcr Ein- und Doppelriegelschl\u00f6sser geeignet und eignet sich ideal f\u00fcr die Tagesverriegelung von T\u00fcren mit hohen Sicherheitsanforderungen und h\u00e4ufiger Nutzung.<\/p>\n<p class=\"\" data-start=\"1231\" data-end=\"1581\">Mit einer Bruchfestigkeit von 1500 kg (15 kN) und der F\u00e4higkeit, das \u00d6ffnen trotz eines Banddrucks von bis zu 250 N (25 kg) zu gew\u00e4hrleisten, bietet dieser elektrische T\u00fcr\u00f6ffner h\u00f6chste Zuverl\u00e4ssigkeit und Sicherheit auch unter harten Bedingungen.<\/p>\n<p class=\"\" data-start=\"1231\" data-end=\"1581\">Durch die Umkehrfunktion wird die T\u00fcr im stromlosen Zustand verriegelt, was f\u00fcr erh\u00f6hte Sicherheit bei einem Stromausfall sorgt.<\/p>\n<p class=\"\" data-start=\"1583\" data-end=\"1613\">Hauptmerkmale und Vorteile:<\/p>\n<ul data-start=\"1614\" data-end=\"2005\">\n<li class=\"\" data-start=\"1614\" data-end=\"1696\">\n<p class=\"\" data-start=\"1616\" data-end=\"1696\">Richtige Funktion: Bei Stromausfall gesperrt zur Sicherheit bei Stromausfall.<\/p>\n<\/li>\n<li class=\"\" data-start=\"1697\" data-end=\"1773\">\n<p class=\"\" data-start=\"1699\" data-end=\"1773\">Schlie\u00dfriegelkontakt: Zur sicheren Anzeige, ob die T\u00fcr geschlossen oder ge\u00f6ffnet ist.<\/p>\n<\/li>\n<li class=\"\" data-start=\"1774\" data-end=\"1835\">\n<p class=\"\" data-start=\"1776\" data-end=\"1835\">Hohe Bruchfestigkeit: 1500 kg (15 kN) f\u00fcr maximale Haltbarkeit.<\/p>\n<\/li>\n<li class=\"\" data-start=\"1836\" data-end=\"1913\">\n<p class=\"\" data-start=\"1838\" data-end=\"1913\">Anti-Shake: F\u00fcr mehr Sicherheit und Widerstandsf\u00e4higkeit gegen \u00e4u\u00dfere Einfl\u00fcsse.<\/p>\n<\/li>\n<li class=\"\" data-start=\"1914\" data-end=\"2005\">\n<p class=\"\" data-start=\"1916\" data-end=\"2005\">Lange Haltbarkeit: H\u00e4lt Millionen von \u00d6ffnungszyklen stand, perfekt f\u00fcr T\u00fcren mit hohem Publikumsverkehr.<\/p>\n<\/li>\n<\/ul>\n<p class=\"\" data-start=\"2007\" data-end=\"2024\">Technische Daten:<\/p>\n<ul data-start=\"2025\" data-end=\"2450\">\n<li class=\"\" data-start=\"2025\" data-end=\"2054\">\n<p class=\"\" data-start=\"2027\" data-end=\"2054\">Spannung: 24 VDC \u00b1 10 %<\/p>\n<\/li>\n<li class=\"\" data-start=\"2055\" data-end=\"2117\">\n<p class=\"\" data-start=\"2057\" data-end=\"2117\">Stromaufnahme: 240 mA (Start), 145 mA (Betrieb) bei 24V<\/p>\n<\/li>\n<li class=\"\" data-start=\"2118\" data-end=\"2151\">\n<p class=\"\" data-start=\"2120\" data-end=\"2151\">Bruchfestigkeit: 1500 kg (15 kN)<\/p>\n<\/li>\n<li class=\"\" data-start=\"2152\" data-end=\"2182\">\n<p class=\"\" data-start=\"2154\" data-end=\"2182\">Abstreifdruck: 250 N (25 kg)<\/p>\n<\/li>\n<li class=\"\" data-start=\"2183\" data-end=\"2237\">\n<p class=\"\" data-start=\"2185\" data-end=\"2237\">Mikroschalter: Einpoliger Wechsler, max. 30 VDC, 1 A<\/p>\n<\/li>\n<li class=\"\" data-start=\"2238\" data-end=\"2285\">\n<p class=\"\" data-start=\"2240\" data-end=\"2285\">Kompatibilit\u00e4t: Einfehlerschloss, Zweifehlerschloss<\/p>\n<\/li>\n<li class=\"\" data-start=\"2286\" data-end=\"2307\">\n<p class=\"\" data-start=\"2288\" data-end=\"2307\">Kolbenkontakt: Ja<\/p>\n<\/li>\n<li class=\"\" data-start=\"2308\" data-end=\"2354\">\n<p class=\"\" data-start=\"2310\" data-end=\"2354\">Schutzdiode: Empfohlen (z.B. 1N4004)<\/p>\n<\/li>\n<li class=\"\" data-start=\"2355\" data-end=\"2387\">\n<p class=\"\" data-start=\"2357\" data-end=\"2387\">Farbe\/Oberfl\u00e4che: Edelstahl<\/p>\n<\/li>\n<li class=\"\" data-start=\"2388\" data-end=\"2412\">\n<p class=\"\" data-start=\"2390\" data-end=\"2412\">Betriebsspannung: 24V<\/p>\n<\/li>\n<li class=\"\" data-start=\"2413\" data-end=\"2450\">\n<p class=\"\" data-start=\"2415\" data-end=\"2450\">Spannung max.\/min.: 26,4 V \/ 21,6 V<\/p>\n<\/li>\n<\/ul>\n<\/div>","protected":false},"excerpt":{"rendered":"<h5><a href=\"https:\/\/elslutblecksguiden.se\/\" target=\"_blank\" rel=\"noopener\">Anleitung f\u00fcr ASSA Elektroschl\u00f6sser, Motorschl\u00f6sser, Elektro-Schlie\u00dfbleche und Ersatzanleitung<\/a><\/h5>","protected":false},"featured_media":138713,"template":"","meta":{"_acf_changed":false},"product_brand":[],"product_cat":[3355],"product_tag":[4197,4200,2967],"class_list":{"0":"post-91533","1":"product","2":"type-product","3":"status-publish","4":"has-post-thumbnail","6":"product_cat-elslutbleck","7":"product_tag-24v","8":"product_tag-rattvand","9":"product_tag-rg-assa-abloy","10":"product_shipping_class-tunga-paket","11":"pa_brands-abloy","12":"tm-no-options","14":"first","15":"outofstock","16":"sale","17":"taxable","18":"shipping-taxable","19":"purchasable","20":"product-type-simple"},"acf":[],"_links":{"self":[{"href":"https:\/\/secureus.se\/de\/wp-json\/wp\/v2\/product\/91533","targetHints":{"allow":["GET"]}}],"collection":[{"href":"https:\/\/secureus.se\/de\/wp-json\/wp\/v2\/product"}],"about":[{"href":"https:\/\/secureus.se\/de\/wp-json\/wp\/v2\/types\/product"}],"wp:featuredmedia":[{"embeddable":true,"href":"https:\/\/secureus.se\/de\/wp-json\/wp\/v2\/media\/138713"}],"wp:attachment":[{"href":"https:\/\/secureus.se\/de\/wp-json\/wp\/v2\/media?parent=91533"}],"wp:term":[{"taxonomy":"product_brand","embeddable":true,"href":"https:\/\/secureus.se\/de\/wp-json\/wp\/v2\/product_brand?post=91533"},{"taxonomy":"product_cat","embeddable":true,"href":"https:\/\/secureus.se\/de\/wp-json\/wp\/v2\/product_cat?post=91533"},{"taxonomy":"product_tag","embeddable":true,"href":"https:\/\/secureus.se\/de\/wp-json\/wp\/v2\/product_tag?post=91533"}],"curies":[{"name":"wp","href":"https:\/\/api.w.org\/{rel}","templated":true}]}}