{"id":91534,"date":"2023-09-27T18:14:05","date_gmt":"2023-09-27T16:14:05","guid":{"rendered":"https:\/\/secureus.se\/elslutbleck-571-omvand-24v-kolvkontakt\/"},"modified":"2026-04-23T12:21:34","modified_gmt":"2026-04-23T10:21:34","slug":"elslutbleck-571-omvand-24v-kolvkontakt","status":"publish","type":"product","link":"https:\/\/secureus.se\/de\/elslutbleck-571-omvand-24v-kolvkontakt\/","title":{"rendered":"Elektrische Endplatte 571 Reverse 24V Kolbenkontakt"},"content":{"rendered":"<h1>Elektrische Endplatte 571 Reverse 24V Kolbenkontakt<\/h1>\n<p class=\"\" data-start=\"407\" data-end=\"632\">Elektro-T\u00fcr\u00f6ffner 571 Reverse 24V mit Kolbenkontakt f\u00fcr T\u00fcren im Rohbau und der Industrie. Bruchfestigkeit 700 kg, Entriegelung bei Stromausfall und hohe Sicherheit. Wird in Kombination mit ein- und zweifl\u00fcgeligen Schl\u00f6ssern verwendet.<\/p>\n<p class=\"\" data-start=\"668\" data-end=\"1144\">Der elektrische T\u00fcr\u00f6ffner 571 Reverse 24V Piston Contact von ASSA ABLOY ist ein Standard-T\u00fcr\u00f6ffner, der f\u00fcr den Einsatz in T\u00fcren mit normalen Sicherheitsanforderungen konzipiert ist, wie beispielsweise Tagesverriegelungen im Rohbauschutz, Handel, B\u00fcros, Industrie und Eing\u00e4nge in Mehrfamilienh\u00e4usern.<\/p>\n<p class=\"\" data-start=\"668\" data-end=\"1144\">Dieser elektrische T\u00fcr\u00f6ffner ist besonders mit verriegelten Einzel- oder Doppelriegelschl\u00f6ssern kompatibel und eignet sich daher sowohl f\u00fcr Brandschutzt\u00fcren als auch f\u00fcr andere Sicherheitst\u00fcren.<\/p>\n<p class=\"\" data-start=\"1146\" data-end=\"1176\">Hauptmerkmale und Vorteile:<\/p>\n<ul data-start=\"1177\" data-end=\"1600\">\n<li class=\"\" data-start=\"1177\" data-end=\"1263\">\n<p class=\"\" data-start=\"1179\" data-end=\"1263\">Reverse-Funktion: Die T\u00fcr ist im stromlosen Zustand entriegelt (Entriegelung bei Stromausfall).<\/p>\n<\/li>\n<li class=\"\" data-start=\"1264\" data-end=\"1369\">\n<p class=\"\" data-start=\"1266\" data-end=\"1369\">Hohe Sicherheit: Mit einer Bruchfestigkeit von 700 kg und Antivibration f\u00fcr erh\u00f6hte Haltbarkeit und Sicherheit.<\/p>\n<\/li>\n<li class=\"\" data-start=\"1370\" data-end=\"1436\">\n<p class=\"\" data-start=\"1372\" data-end=\"1436\">Kolbenkontakt: Zur Anzeige, ob die T\u00fcr geschlossen oder ge\u00f6ffnet ist.<\/p>\n<\/li>\n<li class=\"\" data-start=\"1437\" data-end=\"1508\">\n<p class=\"\" data-start=\"1439\" data-end=\"1508\">Konstruktion: Drehzapfen aus Bronze und Schlossgeh\u00e4use aus Zinklegierung.<\/p>\n<\/li>\n<li class=\"\" data-start=\"1509\" data-end=\"1597\">\n<p class=\"\" data-start=\"1511\" data-end=\"1597\">Brandabschnittstrennt\u00fcr: Konzipiert f\u00fcr den Einsatz in Brandabschnittstrennt\u00fcren.<\/p>\n<\/li>\n<\/ul>\n<p class=\"\" data-start=\"1601\" data-end=\"1618\">Technische Daten:<\/p>\n<ul data-start=\"1619\" data-end=\"1916\">\n<li class=\"\" data-start=\"1619\" data-end=\"1647\">\n<p class=\"\" data-start=\"1621\" data-end=\"1647\">Spannung: 24 VDC \u00b110%<\/p>\n<\/li>\n<li class=\"\" data-start=\"1648\" data-end=\"1694\">\n<p class=\"\" data-start=\"1650\" data-end=\"1694\">Stromaufnahme: 185 mA bei 24V (Betrieb)<\/p>\n<\/li>\n<li class=\"\" data-start=\"1695\" data-end=\"1726\">\n<p class=\"\" data-start=\"1697\" data-end=\"1726\">Bruchfestigkeit: 700 kg (7 kN)<\/p>\n<\/li>\n<li class=\"\" data-start=\"1727\" data-end=\"1758\">\n<p class=\"\" data-start=\"1729\" data-end=\"1758\">Listendruck: Bis zu 25 kg<\/p>\n<\/li>\n<li class=\"\" data-start=\"1759\" data-end=\"1780\">\n<p class=\"\" data-start=\"1761\" data-end=\"1780\">Kolbenkontakt: Ja<\/p>\n<\/li>\n<li class=\"\" data-start=\"1781\" data-end=\"1835\">\n<p class=\"\" data-start=\"1783\" data-end=\"1835\">Mikroschalter: Einpoliger Wechsler, max. 30 VDC, 1 A<\/p>\n<\/li>\n<li class=\"\" data-start=\"1836\" data-end=\"1881\">\n<p class=\"\" data-start=\"1838\" data-end=\"1881\">Kompatibilit\u00e4t: Ein- und zweifl\u00fcgelige Schl\u00f6sser<\/p>\n<\/li>\n<li class=\"\" data-start=\"1882\" data-end=\"1916\">\n<p class=\"\" data-start=\"1884\" data-end=\"1916\">Farbe\/Oberfl\u00e4chenbehandlung: Verzinkt<\/p>\n<\/li>\n<\/ul>\n<p class=\"\" data-start=\"1918\" data-end=\"1938\">Spezifikationen:<\/p>\n<ul data-start=\"1939\" data-end=\"2119\">\n<li class=\"\" data-start=\"1939\" data-end=\"1973\">\n<p class=\"\" data-start=\"1941\" data-end=\"1973\">T\u00fcranschlag: Rechts, Links<\/p>\n<\/li>\n<li class=\"\" data-start=\"1974\" data-end=\"1996\">\n<p class=\"\" data-start=\"1976\" data-end=\"1996\">Kabel enthalten: Nein<\/p>\n<\/li>\n<li class=\"\" data-start=\"1997\" data-end=\"2021\">\n<p class=\"\" data-start=\"1999\" data-end=\"2021\">Bauprodukt bewertet: Ja<\/p>\n<\/li>\n<li class=\"\" data-start=\"2022\" data-end=\"2054\">\n<p class=\"\" data-start=\"2024\" data-end=\"2054\">Betriebsspannung 12V\/24V: 24V<\/p>\n<\/li>\n<li class=\"\" data-start=\"2055\" data-end=\"2092\">\n<p class=\"\" data-start=\"2057\" data-end=\"2092\">Spannung max.\/min.: 26,4 V \/ 21,6 V<\/p>\n<\/li>\n<li class=\"\" data-start=\"2093\" data-end=\"2119\">\n<p class=\"\" data-start=\"2095\" data-end=\"2119\">Doppelter Twist Drop: Nein<\/p>\n<\/li>\n<\/ul>","protected":false},"excerpt":{"rendered":"<h5><a href=\"https:\/\/elslutblecksguiden.se\/\" target=\"_blank\" rel=\"noopener\">Anleitung f\u00fcr ASSA Elektroschl\u00f6sser, Motorschl\u00f6sser, Elektro-Schlie\u00dfbleche und Ersatzanleitung<\/a><\/h5>","protected":false},"featured_media":139365,"template":"","meta":{"_acf_changed":false},"product_brand":[],"product_cat":[3355],"product_tag":[4197,4201,2967],"class_list":{"0":"post-91534","1":"product","2":"type-product","3":"status-publish","4":"has-post-thumbnail","6":"product_cat-elslutbleck","7":"product_tag-24v","8":"product_tag-omvand","9":"product_tag-rg-assa-abloy","10":"product_shipping_class-tunga-paket","11":"pa_brands-abloy","12":"tm-no-options","14":"first","15":"instock","16":"sale","17":"taxable","18":"shipping-taxable","19":"purchasable","20":"product-type-simple"},"acf":[],"_links":{"self":[{"href":"https:\/\/secureus.se\/de\/wp-json\/wp\/v2\/product\/91534","targetHints":{"allow":["GET"]}}],"collection":[{"href":"https:\/\/secureus.se\/de\/wp-json\/wp\/v2\/product"}],"about":[{"href":"https:\/\/secureus.se\/de\/wp-json\/wp\/v2\/types\/product"}],"wp:featuredmedia":[{"embeddable":true,"href":"https:\/\/secureus.se\/de\/wp-json\/wp\/v2\/media\/139365"}],"wp:attachment":[{"href":"https:\/\/secureus.se\/de\/wp-json\/wp\/v2\/media?parent=91534"}],"wp:term":[{"taxonomy":"product_brand","embeddable":true,"href":"https:\/\/secureus.se\/de\/wp-json\/wp\/v2\/product_brand?post=91534"},{"taxonomy":"product_cat","embeddable":true,"href":"https:\/\/secureus.se\/de\/wp-json\/wp\/v2\/product_cat?post=91534"},{"taxonomy":"product_tag","embeddable":true,"href":"https:\/\/secureus.se\/de\/wp-json\/wp\/v2\/product_tag?post=91534"}],"curies":[{"name":"wp","href":"https:\/\/api.w.org\/{rel}","templated":true}]}}