{"id":91535,"date":"2023-09-27T18:14:04","date_gmt":"2023-09-27T16:14:04","guid":{"rendered":"https:\/\/secureus.se\/elslutbleck-514-rattvand-24v-kolvkontakt\/"},"modified":"2026-04-08T16:02:35","modified_gmt":"2026-04-08T14:02:35","slug":"elslutbleck-514-rattvand-24v-kolvkontakt","status":"publish","type":"product","link":"https:\/\/secureus.se\/de\/elslutbleck-514-rattvand-24v-kolvkontakt\/","title":{"rendered":"Elektrische Endplatte 514 Nach rechts gerichteter 24V-Kolbenkontakt"},"content":{"rendered":"<div>\n<h1 data-start=\"72\" data-end=\"365\">Elektrische Endplatte 514 Nach rechts gerichteter 24V-Kolbenkontakt<\/h1>\n<p class=\"\" data-start=\"72\" data-end=\"365\">Diese leistungsstarke Verriegelungseinheit bietet eine hohe Bruchfestigkeit von 400 kg und kann sowohl bei rechts- als auch bei linksangeschlagenen T\u00fcren verwendet werden. Das Schloss ist mit 24V Betriebsspannung kompatibel und mit Einriegelschloss oder Doppelriegelschloss erh\u00e4ltlich. Die verzinkte Oberfl\u00e4chenbehandlung sorgt f\u00fcr Haltbarkeit und lange Lebensdauer.<\/p>\n<p class=\"\" data-start=\"372\" data-end=\"772\">Dieses hochwertige Schlie\u00dfsystem ist auf Sicherheit und dauerhafte Funktionalit\u00e4t ausgelegt. Mit einer Bruchfestigkeit von bis zu 400 kg ist es eine ausgezeichnete Wahl f\u00fcr T\u00fcren, die hohe Sicherheitsanforderungen stellen.<\/p>\n<p class=\"\" data-start=\"372\" data-end=\"772\">Das Schloss kann sowohl an rechts als auch an links angeschlagenen T\u00fcren verwendet werden und ist mit 24V Betriebsspannung kompatibel. Au\u00dferdem besteht die M\u00f6glichkeit, je nach Sicherheitsanforderungen zwischen Ein- und Doppelriegelschl\u00f6ssern zu w\u00e4hlen.<\/p>\n<p class=\"\" data-start=\"774\" data-end=\"1134\">Eine verzinkte Oberfl\u00e4che sorgt f\u00fcr lange Lebensdauer und Haltbarkeit, w\u00e4hrend der Kolbenanschluss die Installation einfach und effizient macht. Dieses Schloss ist rechtsh\u00e4ndig und somit f\u00fcr den jeweiligen Einbau optimiert.<\/p>\n<p class=\"\" data-start=\"774\" data-end=\"1134\">Mit einer maximalen Spannung von 26,4 V und einer minimalen Spannung von 21,6 V bietet es zuverl\u00e4ssige Leistung unter unterschiedlichen Bedingungen.<br data-start=\"1110\" data-end=\"1113\" \/><strong data-start=\"1113\" data-end=\"1132\">Spezifikationen<\/strong><\/p>\n<ul data-start=\"1135\" data-end=\"1458\">\n<li class=\"\" data-start=\"1135\" data-end=\"1162\">\n<p class=\"\" data-start=\"1137\" data-end=\"1162\">Bruchfestigkeit: 400 kg<\/p>\n<\/li>\n<li class=\"\" data-start=\"1163\" data-end=\"1195\">\n<p class=\"\" data-start=\"1165\" data-end=\"1195\">T\u00fcranschlag: Rechts, links<\/p>\n<\/li>\n<li class=\"\" data-start=\"1196\" data-end=\"1233\">\n<p class=\"\" data-start=\"1198\" data-end=\"1233\">Schlosstyp: Einzelriegelschloss, Doppelriegelschloss<\/p>\n<\/li>\n<li class=\"\" data-start=\"1234\" data-end=\"1256\">\n<p class=\"\" data-start=\"1236\" data-end=\"1256\">Betriebsspannung: 24V<\/p>\n<\/li>\n<li class=\"\" data-start=\"1257\" data-end=\"1289\">\n<p class=\"\" data-start=\"1259\" data-end=\"1289\">Farbe\/Oberfl\u00e4chenbehandlung: Verzinkt<\/p>\n<\/li>\n<li class=\"\" data-start=\"1290\" data-end=\"1309\">\n<p class=\"\" data-start=\"1292\" data-end=\"1309\">Kolbenkontakt: Ja<\/p>\n<\/li>\n<li class=\"\" data-start=\"1310\" data-end=\"1332\">\n<p class=\"\" data-start=\"1312\" data-end=\"1332\">Spannung AC\/DC: DC<\/p>\n<\/li>\n<li class=\"\" data-start=\"1333\" data-end=\"1356\">\n<p class=\"\" data-start=\"1335\" data-end=\"1356\">Maximale Spannung: 26,4 V<\/p>\n<\/li>\n<li class=\"\" data-start=\"1357\" data-end=\"1380\">\n<p class=\"\" data-start=\"1359\" data-end=\"1380\">Min. Spannung: 21,6 V<\/p>\n<\/li>\n<li class=\"\" data-start=\"1381\" data-end=\"1403\">\n<p class=\"\" data-start=\"1383\" data-end=\"1403\">Bauprodukt bewertet: Ja<\/p>\n<\/li>\n<li class=\"\" data-start=\"1404\" data-end=\"1428\">\n<p class=\"\" data-start=\"1406\" data-end=\"1428\">Doppelter Twist Drop: Nein<\/p>\n<\/li>\n<li class=\"\" data-start=\"1429\" data-end=\"1458\">\n<p class=\"\" data-start=\"1431\" data-end=\"1458\">Rechts\/R\u00fcckw\u00e4rts: Rechts<\/p>\n<\/li>\n<\/ul>\n<p class=\"\" data-start=\"1460\" data-end=\"1713\"><strong data-start=\"1460\" data-end=\"1482\">Einsatzgebiete<\/strong><br data-start=\"1482\" data-end=\"1485\" \/>Dieses Schloss eignet sich perfekt f\u00fcr den Einsatz in gewerblichen und industriellen Umgebungen, in denen hohe Sicherheit erforderlich ist.<\/p>\n<p class=\"\" data-start=\"1460\" data-end=\"1713\">Es eignet sich f\u00fcr T\u00fcren in B\u00fcros, Lagerhallen oder anderen Unternehmen, die eine zuverl\u00e4ssige Verriegelung mit einer langlebigen L\u00f6sung ben\u00f6tigen.<\/p>\n<\/div>","protected":false},"excerpt":{"rendered":"<h5><a href=\"https:\/\/elslutblecksguiden.se\/\" target=\"_blank\" rel=\"noopener\">Anleitung f\u00fcr ASSA Elektroschl\u00f6sser, Motorschl\u00f6sser, Elektro-Schlie\u00dfbleche und Ersatzanleitung<\/a><\/h5>","protected":false},"featured_media":139380,"template":"","meta":{"_acf_changed":false},"product_brand":[],"product_cat":[3355],"product_tag":[4197,4200,2967],"class_list":{"0":"post-91535","1":"product","2":"type-product","3":"status-publish","4":"has-post-thumbnail","6":"product_cat-elslutbleck","7":"product_tag-24v","8":"product_tag-rattvand","9":"product_tag-rg-assa-abloy","10":"product_shipping_class-tunga-paket","11":"pa_brands-abloy","12":"tm-no-options","14":"first","15":"onbackorder","16":"sale","17":"taxable","18":"shipping-taxable","19":"purchasable","20":"product-type-simple"},"acf":[],"_links":{"self":[{"href":"https:\/\/secureus.se\/de\/wp-json\/wp\/v2\/product\/91535","targetHints":{"allow":["GET"]}}],"collection":[{"href":"https:\/\/secureus.se\/de\/wp-json\/wp\/v2\/product"}],"about":[{"href":"https:\/\/secureus.se\/de\/wp-json\/wp\/v2\/types\/product"}],"wp:featuredmedia":[{"embeddable":true,"href":"https:\/\/secureus.se\/de\/wp-json\/wp\/v2\/media\/139380"}],"wp:attachment":[{"href":"https:\/\/secureus.se\/de\/wp-json\/wp\/v2\/media?parent=91535"}],"wp:term":[{"taxonomy":"product_brand","embeddable":true,"href":"https:\/\/secureus.se\/de\/wp-json\/wp\/v2\/product_brand?post=91535"},{"taxonomy":"product_cat","embeddable":true,"href":"https:\/\/secureus.se\/de\/wp-json\/wp\/v2\/product_cat?post=91535"},{"taxonomy":"product_tag","embeddable":true,"href":"https:\/\/secureus.se\/de\/wp-json\/wp\/v2\/product_tag?post=91535"}],"curies":[{"name":"wp","href":"https:\/\/api.w.org\/{rel}","templated":true}]}}