{"id":91537,"date":"2023-09-27T18:14:01","date_gmt":"2023-09-27T16:14:01","guid":{"rendered":"https:\/\/secureus.se\/elslutbleck-71-omvand-24v\/"},"modified":"2026-03-25T15:40:48","modified_gmt":"2026-03-25T14:40:48","slug":"elslutbleck-71-omvand-24v","status":"publish","type":"product","link":"https:\/\/secureus.se\/de\/elslutbleck-71-omvand-24v\/","title":{"rendered":"Elektrische Endplatte 71 Reverse 24V"},"content":{"rendered":"<div>\n<h1>Elektrische Endplatte 71 Reverse 24V<\/h1>\n<p class=\"\" data-start=\"459\" data-end=\"763\">Der elektrische Standard-T\u00fcr\u00f6ffner 71 Reverse 24 V von ASSA ABLOY ist f\u00fcr T\u00fcren konzipiert, die eine sichere und langlebige Schlie\u00dfl\u00f6sung erfordern.<\/p>\n<p class=\"\" data-start=\"459\" data-end=\"763\">Mit einer Bruchfestigkeit von 700 kg (7 kN) und einer hohen Sto\u00df- und Vibrationsfestigkeit bietet dieser elektrische T\u00fcr\u00f6ffner hohe Sicherheit f\u00fcr T\u00fcren, die zum Schutz der Au\u00dfenhaut und zur Innenverriegelung eingesetzt werden.<\/p>\n<p class=\"\" data-start=\"765\" data-end=\"1174\">Das Schloss verf\u00fcgt \u00fcber eine R\u00fcckw\u00e4rtsfunktion, d. h. es wird bei einem Stromausfall entriegelt, was es f\u00fcr bestimmte Sicherheitsl\u00f6sungen n\u00fctzlich macht, bei denen diese Funktion erforderlich ist.<\/p>\n<p class=\"\" data-start=\"765\" data-end=\"1174\">Es ist f\u00fcr den Einsatz in Brandabschnittstrennt\u00fcren in Kombination mit einem Doppelfallenschloss und einem entsprechenden Pfosten konzipiert. Es ist au\u00dferdem mit einem Drehverschluss aus Bronze und einem Schlossgeh\u00e4use aus Zinklegierung ausgestattet, was f\u00fcr lange Haltbarkeit und Zuverl\u00e4ssigkeit sorgt.<\/p>\n<p class=\"\" data-start=\"1176\" data-end=\"1198\"><strong data-start=\"1176\" data-end=\"1196\">Spezifikationen:<\/strong><\/p>\n<ul data-start=\"1199\" data-end=\"1510\">\n<li class=\"\" data-start=\"1199\" data-end=\"1233\">\n<p class=\"\" data-start=\"1201\" data-end=\"1233\">Bruchfestigkeit: 700 kg (7 kN)<\/p>\n<\/li>\n<li class=\"\" data-start=\"1234\" data-end=\"1266\">\n<p class=\"\" data-start=\"1236\" data-end=\"1266\">T\u00fcranschlag: Rechts, links<\/p>\n<\/li>\n<li class=\"\" data-start=\"1267\" data-end=\"1304\">\n<p class=\"\" data-start=\"1269\" data-end=\"1304\">Schlosstyp: Einzelriegelschloss, Doppelriegelschloss<\/p>\n<\/li>\n<li class=\"\" data-start=\"1305\" data-end=\"1327\">\n<p class=\"\" data-start=\"1307\" data-end=\"1327\">Betriebsspannung: 24V<\/p>\n<\/li>\n<li class=\"\" data-start=\"1328\" data-end=\"1360\">\n<p class=\"\" data-start=\"1330\" data-end=\"1360\">Farbe\/Oberfl\u00e4chenbehandlung: Verzinkt<\/p>\n<\/li>\n<li class=\"\" data-start=\"1361\" data-end=\"1381\">\n<p class=\"\" data-start=\"1363\" data-end=\"1381\">Kolbenkontakt: Nein<\/p>\n<\/li>\n<li class=\"\" data-start=\"1382\" data-end=\"1407\">\n<p class=\"\" data-start=\"1384\" data-end=\"1407\">Spannung AC\/DC: AC\/DC<\/p>\n<\/li>\n<li class=\"\" data-start=\"1408\" data-end=\"1432\">\n<p class=\"\" data-start=\"1410\" data-end=\"1432\">Maximale Spannung: 26,4 V<\/p>\n<\/li>\n<li class=\"\" data-start=\"1433\" data-end=\"1457\">\n<p class=\"\" data-start=\"1435\" data-end=\"1457\">Min. Spannung: 21,6 V<\/p>\n<\/li>\n<li class=\"\" data-start=\"1458\" data-end=\"1482\">\n<p class=\"\" data-start=\"1460\" data-end=\"1482\">Doppelter Twist Drop: Nein<\/p>\n<\/li>\n<li class=\"\" data-start=\"1483\" data-end=\"1510\">\n<p class=\"\" data-start=\"1485\" data-end=\"1510\">Rechts\/R\u00fcckw\u00e4rts: R\u00fcckw\u00e4rts<\/p>\n<\/li>\n<\/ul>\n<p class=\"\" data-start=\"1512\" data-end=\"1775\"><strong data-start=\"1512\" data-end=\"1534\">Einsatzgebiete<\/strong><br data-start=\"1534\" data-end=\"1537\" \/>Dieser elektrische T\u00fcr\u00f6ffner eignet sich ideal f\u00fcr den Rohbauschutz, die Innenverriegelung und die Sicherheit in B\u00fcros, Industrie- und Mehrfamilienh\u00e4usern.<\/p>\n<p class=\"\" data-start=\"1512\" data-end=\"1775\">Es ist besonders n\u00fctzlich bei T\u00fcren, die im Falle eines Stromausfalls einen R\u00fcckw\u00e4rtsbetrieb erfordern, und bietet eine sichere und zuverl\u00e4ssige L\u00f6sung.<\/p>\n<\/div>","protected":false},"excerpt":{"rendered":"<h5><a href=\"https:\/\/elslutblecksguiden.se\/\" target=\"_blank\" rel=\"noopener\">Anleitung f\u00fcr ASSA Elektroschl\u00f6sser, Motorschl\u00f6sser, Elektro-Schlie\u00dfbleche und Ersatzanleitung<\/a><\/h5>","protected":false},"featured_media":140056,"template":"","meta":{"_acf_changed":false},"product_brand":[],"product_cat":[3355],"product_tag":[4197,4201,2967],"class_list":{"0":"post-91537","1":"product","2":"type-product","3":"status-publish","4":"has-post-thumbnail","6":"product_cat-elslutbleck","7":"product_tag-24v","8":"product_tag-omvand","9":"product_tag-rg-assa-abloy","10":"product_shipping_class-tunga-paket","11":"pa_brands-abloy","12":"tm-no-options","14":"first","15":"onbackorder","16":"sale","17":"taxable","18":"shipping-taxable","19":"purchasable","20":"product-type-simple"},"acf":[],"_links":{"self":[{"href":"https:\/\/secureus.se\/de\/wp-json\/wp\/v2\/product\/91537","targetHints":{"allow":["GET"]}}],"collection":[{"href":"https:\/\/secureus.se\/de\/wp-json\/wp\/v2\/product"}],"about":[{"href":"https:\/\/secureus.se\/de\/wp-json\/wp\/v2\/types\/product"}],"wp:featuredmedia":[{"embeddable":true,"href":"https:\/\/secureus.se\/de\/wp-json\/wp\/v2\/media\/140056"}],"wp:attachment":[{"href":"https:\/\/secureus.se\/de\/wp-json\/wp\/v2\/media?parent=91537"}],"wp:term":[{"taxonomy":"product_brand","embeddable":true,"href":"https:\/\/secureus.se\/de\/wp-json\/wp\/v2\/product_brand?post=91537"},{"taxonomy":"product_cat","embeddable":true,"href":"https:\/\/secureus.se\/de\/wp-json\/wp\/v2\/product_cat?post=91537"},{"taxonomy":"product_tag","embeddable":true,"href":"https:\/\/secureus.se\/de\/wp-json\/wp\/v2\/product_tag?post=91537"}],"curies":[{"name":"wp","href":"https:\/\/api.w.org\/{rel}","templated":true}]}}