{"id":91539,"date":"2023-09-27T18:13:58","date_gmt":"2023-09-27T16:13:58","guid":{"rendered":"https:\/\/secureus.se\/elslutbleck-5331-omvand-24v-kolvkontakt\/"},"modified":"2026-04-23T12:21:50","modified_gmt":"2026-04-23T10:21:50","slug":"elslutbleck-5331-omvand-24v-kolvkontakt","status":"publish","type":"product","link":"https:\/\/secureus.se\/de\/elslutbleck-5331-omvand-24v-kolvkontakt\/","title":{"rendered":"Elektrische Endplatte 5331 Reverse 24V Kolbenkontakt"},"content":{"rendered":"<h1>Elektrische Endplatte 5331 Reverse 24V Kolbenkontakt<\/h1>\n<p class=\"\" data-start=\"433\" data-end=\"735\">Der elektrische T\u00fcr\u00f6ffner 5331 Reverse 24 V von ASSA ABLOY mit Kolbenkontakt ist so konstruiert, dass er hohen Anforderungen an Verschlei\u00dffestigkeit und lange Lebensdauer gerecht wird.<\/p>\n<p class=\"\" data-start=\"433\" data-end=\"735\">Mit einer Bruchfestigkeit von 750 kg (7,05 kN) und der F\u00e4higkeit, Millionen von \u00d6ffnungszyklen standzuhalten, ist dieser elektrische T\u00fcr\u00f6ffner ideal f\u00fcr den Einsatz in T\u00fcren mit hoher Frequenz.<\/p>\n<p class=\"\" data-start=\"737\" data-end=\"1019\">Durch die Umkehrfunktion wird der elektrische T\u00fcr\u00f6ffner bei einem Stromausfall entriegelt, was eine Sicherheitsfunktion darstellt, die in bestimmten Umgebungen von entscheidender Bedeutung sein kann.<\/p>\n<p class=\"\" data-start=\"737\" data-end=\"1019\">Der Verriegelungskolbenkontakt und eine langlebige Konstruktion mit Stahldrehverschluss und Schlossgeh\u00e4use gew\u00e4hrleisten sowohl eine dauerhafte Funktion als auch eine hohe Sicherheit.<\/p>\n<p class=\"\" data-start=\"1021\" data-end=\"1221\">Es gew\u00e4hrleistet ein \u00d6ffnen auch bei einem Leistendruck von bis zu 500 kg und eine T\u00fcrhaltekraft im entriegelten Zustand von 4 kg.<\/p>\n<p class=\"\" data-start=\"1021\" data-end=\"1221\">F\u00fcr zus\u00e4tzliche Funktionalit\u00e4t ist das elektrische T\u00fcr\u00f6ffnerblech auch mit Mikroschalter erh\u00e4ltlich.<\/p>\n<p class=\"\" data-start=\"1223\" data-end=\"1245\"><strong data-start=\"1223\" data-end=\"1243\">Spezifikationen:<\/strong><\/p>\n<ul data-start=\"1246\" data-end=\"1576\">\n<li class=\"\" data-start=\"1246\" data-end=\"1283\">\n<p class=\"\" data-start=\"1248\" data-end=\"1283\">Bruchfestigkeit: 750 kg (7,05 kN)<\/p>\n<\/li>\n<li class=\"\" data-start=\"1284\" data-end=\"1316\">\n<p class=\"\" data-start=\"1286\" data-end=\"1316\">T\u00fcranschlag: Rechts, links<\/p>\n<\/li>\n<li class=\"\" data-start=\"1317\" data-end=\"1338\">\n<p class=\"\" data-start=\"1319\" data-end=\"1338\">Listendruck: 500 kg<\/p>\n<\/li>\n<li class=\"\" data-start=\"1339\" data-end=\"1376\">\n<p class=\"\" data-start=\"1341\" data-end=\"1376\">Schlosstyp: Einzelriegelschloss, Doppelriegelschloss<\/p>\n<\/li>\n<li class=\"\" data-start=\"1377\" data-end=\"1399\">\n<p class=\"\" data-start=\"1379\" data-end=\"1399\">Betriebsspannung: 24V<\/p>\n<\/li>\n<li class=\"\" data-start=\"1400\" data-end=\"1430\">\n<p class=\"\" data-start=\"1402\" data-end=\"1430\">Farbe\/Oberfl\u00e4che: Edelstahl<\/p>\n<\/li>\n<li class=\"\" data-start=\"1431\" data-end=\"1450\">\n<p class=\"\" data-start=\"1433\" data-end=\"1450\">Kolbenkontakt: Ja<\/p>\n<\/li>\n<li class=\"\" data-start=\"1451\" data-end=\"1473\">\n<p class=\"\" data-start=\"1453\" data-end=\"1473\">Spannung AC\/DC: DC<\/p>\n<\/li>\n<li class=\"\" data-start=\"1474\" data-end=\"1498\">\n<p class=\"\" data-start=\"1476\" data-end=\"1498\">Maximale Spannung: 26,4 V<\/p>\n<\/li>\n<li class=\"\" data-start=\"1499\" data-end=\"1523\">\n<p class=\"\" data-start=\"1501\" data-end=\"1523\">Min. Spannung: 21,6 V<\/p>\n<\/li>\n<li class=\"\" data-start=\"1524\" data-end=\"1548\">\n<p class=\"\" data-start=\"1526\" data-end=\"1548\">Doppelter Twist Drop: Nein<\/p>\n<\/li>\n<li class=\"\" data-start=\"1549\" data-end=\"1576\">\n<p class=\"\" data-start=\"1551\" data-end=\"1576\">Rechts\/R\u00fcckw\u00e4rts: R\u00fcckw\u00e4rts<\/p>\n<\/li>\n<\/ul>\n<p class=\"\" data-start=\"1578\" data-end=\"1792\"><strong data-start=\"1578\" data-end=\"1600\">Einsatzgebiete<\/strong><br data-start=\"1600\" data-end=\"1603\" \/>Dieser elektrische T\u00fcr\u00f6ffner eignet sich perfekt f\u00fcr den Einsatz in stark frequentierten T\u00fcren im Einzelhandel, in B\u00fcros, in der Industrie und in anderen Bereichen, in denen hohe Haltbarkeit und Sicherheit erforderlich sind, wie beispielsweise beim Schutz von Au\u00dfenh\u00fcllen und Eing\u00e4ngen.<\/p>","protected":false},"excerpt":{"rendered":"<h5><a href=\"https:\/\/elslutblecksguiden.se\/\" target=\"_blank\" rel=\"noopener\">Anleitung f\u00fcr ASSA Elektroschl\u00f6sser, Motorschl\u00f6sser, Elektro-Schlie\u00dfbleche und Ersatzanleitung<\/a><\/h5>","protected":false},"featured_media":140063,"template":"","meta":{"_acf_changed":false},"product_brand":[],"product_cat":[3355],"product_tag":[4197,4201,2967],"class_list":{"0":"post-91539","1":"product","2":"type-product","3":"status-publish","4":"has-post-thumbnail","6":"product_cat-elslutbleck","7":"product_tag-24v","8":"product_tag-omvand","9":"product_tag-rg-assa-abloy","10":"product_shipping_class-tunga-paket","11":"pa_brands-abloy","12":"tm-no-options","14":"first","15":"onbackorder","16":"sale","17":"taxable","18":"shipping-taxable","19":"purchasable","20":"product-type-simple"},"acf":[],"_links":{"self":[{"href":"https:\/\/secureus.se\/de\/wp-json\/wp\/v2\/product\/91539","targetHints":{"allow":["GET"]}}],"collection":[{"href":"https:\/\/secureus.se\/de\/wp-json\/wp\/v2\/product"}],"about":[{"href":"https:\/\/secureus.se\/de\/wp-json\/wp\/v2\/types\/product"}],"wp:featuredmedia":[{"embeddable":true,"href":"https:\/\/secureus.se\/de\/wp-json\/wp\/v2\/media\/140063"}],"wp:attachment":[{"href":"https:\/\/secureus.se\/de\/wp-json\/wp\/v2\/media?parent=91539"}],"wp:term":[{"taxonomy":"product_brand","embeddable":true,"href":"https:\/\/secureus.se\/de\/wp-json\/wp\/v2\/product_brand?post=91539"},{"taxonomy":"product_cat","embeddable":true,"href":"https:\/\/secureus.se\/de\/wp-json\/wp\/v2\/product_cat?post=91539"},{"taxonomy":"product_tag","embeddable":true,"href":"https:\/\/secureus.se\/de\/wp-json\/wp\/v2\/product_tag?post=91539"}],"curies":[{"name":"wp","href":"https:\/\/api.w.org\/{rel}","templated":true}]}}