{"id":91540,"date":"2023-09-27T18:13:56","date_gmt":"2023-09-27T16:13:56","guid":{"rendered":"https:\/\/secureus.se\/elslutbleck-575-omstallbar-12-24v-kolvkontakt\/"},"modified":"2026-04-08T15:56:33","modified_gmt":"2026-04-08T13:56:33","slug":"elslutbleck-575-omstallbar-12-24v-kolvkontakt","status":"publish","type":"product","link":"https:\/\/secureus.se\/de\/elslutbleck-575-omstallbar-12-24v-kolvkontakt\/","title":{"rendered":"Elektrische Endplatte 575, verstellbar, 12\u201324 V, Kolbenkontakt"},"content":{"rendered":"<h1>Elektrische Endplatte 575, verstellbar, 12\u201324 V, Kolbenkontakt<\/h1>\n<p class=\"\" data-start=\"520\" data-end=\"887\">Der ASSA ABLOY Standard-Elektro-T\u00fcr\u00f6ffner 575 mit einstellbarem 12-24-V-Kolbenkontakt bietet Flexibilit\u00e4t und Sicherheit in T\u00fcrsystemen mit normalen Anforderungen.<\/p>\n<p class=\"\" data-start=\"520\" data-end=\"887\">Die einfache Umschaltung auf Vorw\u00e4rts- oder R\u00fcckw\u00e4rtslauf erm\u00f6glicht verschiedene Sicherheitsl\u00f6sungen, je nachdem, ob das Schloss bei einem Stromausfall ver- oder entriegelt werden soll.<\/p>\n<p class=\"\" data-start=\"889\" data-end=\"1243\">Das Schloss ist f\u00fcr den Einsatz in Brandabschnittstrennt\u00fcren in Kombination mit einem Doppelfallenschloss und einem daf\u00fcr vorgesehenen Pfosten konzipiert.<\/p>\n<p class=\"\" data-start=\"889\" data-end=\"1243\">Es ist au\u00dferdem mit einem Kolbenkontakt, einem Drehverschluss aus Bronze und einem Schlossgeh\u00e4use aus Zinklegierung f\u00fcr eine lange Lebensdauer ausgestattet. Mit einer Bruchfestigkeit von 700 kg (7 kN) und hoher Sto\u00df- und Vibrationsfestigkeit ist es die ideale Wahl f\u00fcr T\u00fcren in Hochfrequenzanwendungen.<\/p>\n<p class=\"\" data-start=\"1245\" data-end=\"1487\">Dieser elektrische T\u00fcr\u00f6ffner ist au\u00dferdem mit einem integrierten Transientenschutz ausgestattet und bietet dadurch zus\u00e4tzlichen Schutz vor Spannungsspitzen und Transienten.<\/p>\n<p class=\"\" data-start=\"1245\" data-end=\"1487\">Es ist f\u00fcr den Einsatz in Kombination mit verriegelten Einfallenschl\u00f6ssern konzipiert und verf\u00fcgt \u00fcber eine Betriebsspannung von 12-24 V.<\/p>\n<p class=\"\" data-start=\"1489\" data-end=\"1511\"><strong data-start=\"1489\" data-end=\"1509\">Spezifikationen:<\/strong><\/p>\n<ul data-start=\"1512\" data-end=\"1847\">\n<li class=\"\" data-start=\"1512\" data-end=\"1546\">\n<p class=\"\" data-start=\"1514\" data-end=\"1546\">Bruchfestigkeit: 700 kg (7 kN)<\/p>\n<\/li>\n<li class=\"\" data-start=\"1547\" data-end=\"1579\">\n<p class=\"\" data-start=\"1549\" data-end=\"1579\">T\u00fcranschlag: Rechts, links<\/p>\n<\/li>\n<li class=\"\" data-start=\"1580\" data-end=\"1617\">\n<p class=\"\" data-start=\"1582\" data-end=\"1617\">Schlosstyp: Einzelriegelschloss, Doppelriegelschloss<\/p>\n<\/li>\n<li class=\"\" data-start=\"1618\" data-end=\"1643\">\n<p class=\"\" data-start=\"1620\" data-end=\"1643\">Betriebsspannung: 12-24V<\/p>\n<\/li>\n<li class=\"\" data-start=\"1644\" data-end=\"1676\">\n<p class=\"\" data-start=\"1646\" data-end=\"1676\">Farbe\/Oberfl\u00e4chenbehandlung: Verzinkt<\/p>\n<\/li>\n<li class=\"\" data-start=\"1677\" data-end=\"1696\">\n<p class=\"\" data-start=\"1679\" data-end=\"1696\">Kolbenkontakt: Ja<\/p>\n<\/li>\n<li class=\"\" data-start=\"1697\" data-end=\"1722\">\n<p class=\"\" data-start=\"1699\" data-end=\"1722\">Spannung AC\/DC: AC\/DC<\/p>\n<\/li>\n<li class=\"\" data-start=\"1723\" data-end=\"1747\">\n<p class=\"\" data-start=\"1725\" data-end=\"1747\">Maximale Spannung: 26,4 V<\/p>\n<\/li>\n<li class=\"\" data-start=\"1748\" data-end=\"1772\">\n<p class=\"\" data-start=\"1750\" data-end=\"1772\">Min. Spannung: 10,8 V<\/p>\n<\/li>\n<li class=\"\" data-start=\"1773\" data-end=\"1797\">\n<p class=\"\" data-start=\"1775\" data-end=\"1797\">Doppelter Twist Drop: Nein<\/p>\n<\/li>\n<li class=\"\" data-start=\"1798\" data-end=\"1847\">\n<p class=\"\" data-start=\"1800\" data-end=\"1847\">Vorw\u00e4rts\/R\u00fcckw\u00e4rts: Umschaltbar (Vorw\u00e4rts\/R\u00fcckw\u00e4rts)<\/p>\n<\/li>\n<\/ul>\n<p class=\"\" data-start=\"1849\" data-end=\"2174\"><strong data-start=\"1849\" data-end=\"1871\">Einsatzgebiete<\/strong><br data-start=\"1871\" data-end=\"1874\" \/>Dieser elektrische T\u00fcr\u00f6ffner eignet sich hervorragend f\u00fcr den Einsatz in Einhausungen, Eing\u00e4ngen, Toren und anderen stark frequentierten T\u00fcren in Einzelhandels-, B\u00fcro-, Industrie- und Mehrfamilienh\u00e4usern.<\/p>\n<p class=\"\" data-start=\"1849\" data-end=\"2174\">Es ist besonders n\u00fctzlich in Umgebungen, in denen Flexibilit\u00e4t und Haltbarkeit erforderlich sind und es wichtig ist, die Funktion je nach Bedarf anpassen zu k\u00f6nnen.<\/p>","protected":false},"excerpt":{"rendered":"<h5><a href=\"https:\/\/elslutblecksguiden.se\/\" target=\"_blank\" rel=\"noopener\">Anleitung f\u00fcr ASSA Elektroschl\u00f6sser, Motorschl\u00f6sser, Elektro-Schlie\u00dfbleche und Ersatzanleitung<\/a><\/h5>","protected":false},"featured_media":140071,"template":"","meta":{"_acf_changed":false},"product_brand":[],"product_cat":[3355],"product_tag":[4196,4202,2967],"class_list":{"0":"post-91540","1":"product","2":"type-product","3":"status-publish","4":"has-post-thumbnail","6":"product_cat-elslutbleck","7":"product_tag-12-24v","8":"product_tag-omstallbar-rattvand-omvand","9":"product_tag-rg-assa-abloy","10":"product_shipping_class-tunga-paket","11":"pa_brands-abloy","12":"tm-no-options","14":"first","15":"instock","16":"sale","17":"taxable","18":"shipping-taxable","19":"purchasable","20":"product-type-simple"},"acf":[],"_links":{"self":[{"href":"https:\/\/secureus.se\/de\/wp-json\/wp\/v2\/product\/91540","targetHints":{"allow":["GET"]}}],"collection":[{"href":"https:\/\/secureus.se\/de\/wp-json\/wp\/v2\/product"}],"about":[{"href":"https:\/\/secureus.se\/de\/wp-json\/wp\/v2\/types\/product"}],"wp:featuredmedia":[{"embeddable":true,"href":"https:\/\/secureus.se\/de\/wp-json\/wp\/v2\/media\/140071"}],"wp:attachment":[{"href":"https:\/\/secureus.se\/de\/wp-json\/wp\/v2\/media?parent=91540"}],"wp:term":[{"taxonomy":"product_brand","embeddable":true,"href":"https:\/\/secureus.se\/de\/wp-json\/wp\/v2\/product_brand?post=91540"},{"taxonomy":"product_cat","embeddable":true,"href":"https:\/\/secureus.se\/de\/wp-json\/wp\/v2\/product_cat?post=91540"},{"taxonomy":"product_tag","embeddable":true,"href":"https:\/\/secureus.se\/de\/wp-json\/wp\/v2\/product_tag?post=91540"}],"curies":[{"name":"wp","href":"https:\/\/api.w.org\/{rel}","templated":true}]}}