{"id":91541,"date":"2023-09-27T18:13:55","date_gmt":"2023-09-27T16:13:55","guid":{"rendered":"https:\/\/secureus.se\/elslutbleck-331-omvand-24v-kolvkontakt\/"},"modified":"2026-04-23T12:22:06","modified_gmt":"2026-04-23T10:22:06","slug":"elslutbleck-331-omvand-24v-kolvkontakt","status":"publish","type":"product","link":"https:\/\/secureus.se\/de\/elslutbleck-331-omvand-24v-kolvkontakt\/","title":{"rendered":"Elektrische Endplatte 331 Reverse 24V Kolbenkontakt"},"content":{"rendered":"<h1>Elektrische Endplatte 331 Reverse 24V Kolbenkontakt<\/h1>\n<p class=\"\" data-start=\"433\" data-end=\"796\">Der extrastarke elektrische T\u00fcr\u00f6ffner 331 Reverse 24 V mit Kolbenkontakt von ASSA ABLOY wurde entwickelt, um die strengsten Anforderungen an Haltbarkeit und Sicherheit zu erf\u00fcllen.<\/p>\n<p class=\"\" data-start=\"433\" data-end=\"796\">Mit einer Bruchfestigkeit von 750 kg (7,5 kN) und der F\u00e4higkeit, Millionen von \u00d6ffnungszyklen standzuhalten, ist es ideal f\u00fcr stark frequentierte T\u00fcren, die im Rohbauschutz, an Eing\u00e4ngen und anderen Hochsicherheitsanwendungen eingesetzt werden.<\/p>\n<p class=\"\" data-start=\"798\" data-end=\"1099\">Die Reversierfunktion sorgt bei Stromausfall f\u00fcr die Entriegelung des T\u00fcr\u00f6ffners und eignet sich daher besonders f\u00fcr Fluchtt\u00fcren und Schleusen mit Druckunterschieden.<\/p>\n<p class=\"\" data-start=\"798\" data-end=\"1099\">Die Schlosskonstruktion ist robust und verschlei\u00dffest, mit einem Drehverschluss aus Stahl und einem Schlossgeh\u00e4use aus Zinklegierung f\u00fcr maximale Haltbarkeit.<\/p>\n<p class=\"\" data-start=\"1101\" data-end=\"1345\">Das elektrische Schlie\u00dfblech garantiert das \u00d6ffnen trotz eines Banddrucks von bis zu 500 kg und ist somit eine sichere L\u00f6sung f\u00fcr anspruchsvolle Umgebungen.<\/p>\n<p class=\"\" data-start=\"1101\" data-end=\"1345\">Die T\u00fcrhaltekraft in der entriegelten Position betr\u00e4gt 4 kg, was bedeutet, dass die T\u00fcr w\u00e4hrend des Gebrauchs in der richtigen Position bleibt.<\/p>\n<p class=\"\" data-start=\"1347\" data-end=\"1369\"><strong data-start=\"1347\" data-end=\"1367\">Spezifikationen:<\/strong><\/p>\n<ul data-start=\"1370\" data-end=\"1700\">\n<li class=\"\" data-start=\"1370\" data-end=\"1406\">\n<p class=\"\" data-start=\"1372\" data-end=\"1406\">Bruchfestigkeit: 750 kg (7,5 kN)<\/p>\n<\/li>\n<li class=\"\" data-start=\"1407\" data-end=\"1439\">\n<p class=\"\" data-start=\"1409\" data-end=\"1439\">T\u00fcranschlag: Rechts, links<\/p>\n<\/li>\n<li class=\"\" data-start=\"1440\" data-end=\"1461\">\n<p class=\"\" data-start=\"1442\" data-end=\"1461\">Listendruck: 500 kg<\/p>\n<\/li>\n<li class=\"\" data-start=\"1462\" data-end=\"1499\">\n<p class=\"\" data-start=\"1464\" data-end=\"1499\">Schlosstyp: Einzelriegelschloss, Doppelriegelschloss<\/p>\n<\/li>\n<li class=\"\" data-start=\"1500\" data-end=\"1522\">\n<p class=\"\" data-start=\"1502\" data-end=\"1522\">Betriebsspannung: 24V<\/p>\n<\/li>\n<li class=\"\" data-start=\"1523\" data-end=\"1553\">\n<p class=\"\" data-start=\"1525\" data-end=\"1553\">Farbe\/Oberfl\u00e4che: Edelstahl<\/p>\n<\/li>\n<li class=\"\" data-start=\"1554\" data-end=\"1574\">\n<p class=\"\" data-start=\"1556\" data-end=\"1574\">Kolbenkontakt: Nein<\/p>\n<\/li>\n<li class=\"\" data-start=\"1575\" data-end=\"1597\">\n<p class=\"\" data-start=\"1577\" data-end=\"1597\">Spannung AC\/DC: DC<\/p>\n<\/li>\n<li class=\"\" data-start=\"1598\" data-end=\"1622\">\n<p class=\"\" data-start=\"1600\" data-end=\"1622\">Maximale Spannung: 26,4 V<\/p>\n<\/li>\n<li class=\"\" data-start=\"1623\" data-end=\"1647\">\n<p class=\"\" data-start=\"1625\" data-end=\"1647\">Min. Spannung: 21,6 V<\/p>\n<\/li>\n<li class=\"\" data-start=\"1648\" data-end=\"1672\">\n<p class=\"\" data-start=\"1650\" data-end=\"1672\">Doppelter Twist Drop: Nein<\/p>\n<\/li>\n<li class=\"\" data-start=\"1673\" data-end=\"1700\">\n<p class=\"\" data-start=\"1675\" data-end=\"1700\">Rechts\/R\u00fcckw\u00e4rts: R\u00fcckw\u00e4rts<\/p>\n<\/li>\n<\/ul>\n<p class=\"\" data-start=\"1702\" data-end=\"1933\"><strong data-start=\"1702\" data-end=\"1724\">Einsatzgebiete<\/strong><br data-start=\"1724\" data-end=\"1727\" \/>Das Elektro-T\u00fcrschloss 331 eignet sich optimal f\u00fcr den Einsatz an stark frequentierten T\u00fcren im Rohbauschutz, an Eing\u00e4ngen, Toren, Fluchtt\u00fcren und anderen Bereichen, die hohe Sicherheit und Langlebigkeit erfordern, beispielsweise in Industrie und Gewerbe.<\/p>","protected":false},"excerpt":{"rendered":"<h5><a href=\"https:\/\/elslutblecksguiden.se\/\" target=\"_blank\" rel=\"noopener\">Anleitung f\u00fcr ASSA Elektroschl\u00f6sser, Motorschl\u00f6sser, Elektro-Schlie\u00dfbleche und Ersatzanleitung<\/a><\/h5>","protected":false},"featured_media":139395,"template":"","meta":{"_acf_changed":false},"product_brand":[],"product_cat":[3355],"product_tag":[4197,4201,2967],"class_list":{"0":"post-91541","1":"product","2":"type-product","3":"status-publish","4":"has-post-thumbnail","6":"product_cat-elslutbleck","7":"product_tag-24v","8":"product_tag-omvand","9":"product_tag-rg-assa-abloy","10":"product_shipping_class-tunga-paket","11":"pa_brands-abloy","12":"tm-no-options","14":"first","15":"onbackorder","16":"sale","17":"taxable","18":"shipping-taxable","19":"purchasable","20":"product-type-simple"},"acf":[],"_links":{"self":[{"href":"https:\/\/secureus.se\/de\/wp-json\/wp\/v2\/product\/91541","targetHints":{"allow":["GET"]}}],"collection":[{"href":"https:\/\/secureus.se\/de\/wp-json\/wp\/v2\/product"}],"about":[{"href":"https:\/\/secureus.se\/de\/wp-json\/wp\/v2\/types\/product"}],"wp:featuredmedia":[{"embeddable":true,"href":"https:\/\/secureus.se\/de\/wp-json\/wp\/v2\/media\/139395"}],"wp:attachment":[{"href":"https:\/\/secureus.se\/de\/wp-json\/wp\/v2\/media?parent=91541"}],"wp:term":[{"taxonomy":"product_brand","embeddable":true,"href":"https:\/\/secureus.se\/de\/wp-json\/wp\/v2\/product_brand?post=91541"},{"taxonomy":"product_cat","embeddable":true,"href":"https:\/\/secureus.se\/de\/wp-json\/wp\/v2\/product_cat?post=91541"},{"taxonomy":"product_tag","embeddable":true,"href":"https:\/\/secureus.se\/de\/wp-json\/wp\/v2\/product_tag?post=91541"}],"curies":[{"name":"wp","href":"https:\/\/api.w.org\/{rel}","templated":true}]}}