{"id":91542,"date":"2023-09-27T18:13:53","date_gmt":"2023-09-27T16:13:53","guid":{"rendered":"https:\/\/secureus.se\/elslutbleck-70-rattvand-12v\/"},"modified":"2026-03-25T15:41:03","modified_gmt":"2026-03-25T14:41:03","slug":"elslutbleck-70-rattvand-12v","status":"publish","type":"product","link":"https:\/\/secureus.se\/de\/elslutbleck-70-rattvand-12v\/","title":{"rendered":"Elektrische Endplatte 70, nach rechts gerichtet, 12 V"},"content":{"rendered":"<h1>Elektrische Endplatte 70, nach rechts gerichtet, 12 V<\/h1>\n<p class=\"\" data-start=\"470\" data-end=\"816\">Der ASSA ABLOY Standard-Elektro-T\u00fcr\u00f6ffner 70 (rechtsh\u00e4ndig, 12 V) bietet Sicherheit und Zuverl\u00e4ssigkeit in T\u00fcren mit normalen Sicherheitsanforderungen.<\/p>\n<p class=\"\" data-start=\"470\" data-end=\"816\">Dieser T\u00fcr\u00f6ffner eignet sich gut f\u00fcr den Einsatz als Tagesverriegelung im Rohbauschutz und zur Innenverriegelung in Gewerbe, B\u00fcro, Industrie oder in Eing\u00e4ngen und \u00f6ffentlichen Bereichen in Mehrfamilienh\u00e4usern.<\/p>\n<p class=\"\" data-start=\"818\" data-end=\"1146\">Mit einer Bruchfestigkeit von 700 kg (7 kN) und hoher Sto\u00df- und Vibrationsfestigkeit ist es ideal f\u00fcr T\u00fcren, bei denen es auf Langlebigkeit und eine lange Lebensdauer ankommt.<\/p>\n<p class=\"\" data-start=\"818\" data-end=\"1146\">Das Schloss ist f\u00fcr den Einsatz in Brandschutztrennt\u00fcren in Verbindung mit einem Doppelriegelschloss und einem zugeh\u00f6rigen Pfosten konzipiert und stellt somit eine sichere L\u00f6sung f\u00fcr den privaten und gewerblichen Bereich dar.<\/p>\n<p class=\"\" data-start=\"1148\" data-end=\"1413\">Der elektrische T\u00fcr\u00f6ffner verf\u00fcgt \u00fcber eine reversible Funktion, wodurch er auch bei einem Stromausfall verriegelt bleibt und so f\u00fcr zus\u00e4tzliche Sicherheit sorgt.<\/p>\n<p class=\"\" data-start=\"1148\" data-end=\"1413\">Seine verzinkte Oberfl\u00e4che, der bronzene Drehverschluss und das Schlossgeh\u00e4use aus Zinklegierung gew\u00e4hrleisten eine lange Haltbarkeit und zuverl\u00e4ssige Leistung \u00fcber die Zeit.<\/p>\n<p class=\"\" data-start=\"1415\" data-end=\"1437\"><strong data-start=\"1415\" data-end=\"1435\">Spezifikationen:<\/strong><\/p>\n<ul data-start=\"1438\" data-end=\"1751\">\n<li class=\"\" data-start=\"1438\" data-end=\"1472\">\n<p class=\"\" data-start=\"1440\" data-end=\"1472\">Bruchfestigkeit: 700 kg (7 kN)<\/p>\n<\/li>\n<li class=\"\" data-start=\"1473\" data-end=\"1505\">\n<p class=\"\" data-start=\"1475\" data-end=\"1505\">T\u00fcranschlag: Rechts, links<\/p>\n<\/li>\n<li class=\"\" data-start=\"1506\" data-end=\"1543\">\n<p class=\"\" data-start=\"1508\" data-end=\"1543\">Schlosstyp: Einzelriegelschloss, Doppelriegelschloss<\/p>\n<\/li>\n<li class=\"\" data-start=\"1544\" data-end=\"1566\">\n<p class=\"\" data-start=\"1546\" data-end=\"1566\">Betriebsspannung: 12V<\/p>\n<\/li>\n<li class=\"\" data-start=\"1567\" data-end=\"1599\">\n<p class=\"\" data-start=\"1569\" data-end=\"1599\">Farbe\/Oberfl\u00e4chenbehandlung: Verzinkt<\/p>\n<\/li>\n<li class=\"\" data-start=\"1600\" data-end=\"1620\">\n<p class=\"\" data-start=\"1602\" data-end=\"1620\">Kolbenkontakt: Nein<\/p>\n<\/li>\n<li class=\"\" data-start=\"1621\" data-end=\"1646\">\n<p class=\"\" data-start=\"1623\" data-end=\"1646\">Spannung AC\/DC: AC\/DC<\/p>\n<\/li>\n<li class=\"\" data-start=\"1647\" data-end=\"1671\">\n<p class=\"\" data-start=\"1649\" data-end=\"1671\">Maximale Spannung: 13,2 V<\/p>\n<\/li>\n<li class=\"\" data-start=\"1672\" data-end=\"1696\">\n<p class=\"\" data-start=\"1674\" data-end=\"1696\">Min. Spannung: 10,8 V<\/p>\n<\/li>\n<li class=\"\" data-start=\"1697\" data-end=\"1721\">\n<p class=\"\" data-start=\"1699\" data-end=\"1721\">Doppelter Twist Drop: Nein<\/p>\n<\/li>\n<li class=\"\" data-start=\"1722\" data-end=\"1751\">\n<p class=\"\" data-start=\"1724\" data-end=\"1751\">Rechts\/R\u00fcckw\u00e4rts: Rechts<\/p>\n<\/li>\n<\/ul>\n<p class=\"\" data-start=\"1753\" data-end=\"1978\"><strong data-start=\"1753\" data-end=\"1775\">Einsatzgebiete<\/strong><br data-start=\"1775\" data-end=\"1778\" \/>Dieser elektrische T\u00fcr\u00f6ffner eignet sich f\u00fcr den Einsatz in Sicherheitsumgebungen, in denen eine zuverl\u00e4ssige und dauerhafte Verriegelung erforderlich ist.<\/p>\n<p class=\"\" data-start=\"1753\" data-end=\"1978\">Perfekt f\u00fcr T\u00fcren im Rohbauschutz, zur Innenverriegelung und in \u00f6ffentlichen oder gewerblichen Geb\u00e4uden.<\/p>","protected":false},"excerpt":{"rendered":"<h5><a href=\"https:\/\/elslutblecksguiden.se\/\" target=\"_blank\" rel=\"noopener\">Anleitung f\u00fcr ASSA Elektroschl\u00f6sser, Motorschl\u00f6sser, Elektro-Schlie\u00dfbleche und Ersatzanleitung<\/a><\/h5>","protected":false},"featured_media":159498,"template":"","meta":{"_acf_changed":false},"product_brand":[],"product_cat":[3355],"product_tag":[4198,4200,2967],"class_list":{"0":"post-91542","1":"product","2":"type-product","3":"status-publish","4":"has-post-thumbnail","6":"product_cat-elslutbleck","7":"product_tag-12v","8":"product_tag-rattvand","9":"product_tag-rg-assa-abloy","10":"product_shipping_class-tunga-paket","11":"pa_brands-abloy","12":"tm-no-options","14":"first","15":"onbackorder","16":"sale","17":"taxable","18":"shipping-taxable","19":"purchasable","20":"product-type-simple"},"acf":[],"_links":{"self":[{"href":"https:\/\/secureus.se\/de\/wp-json\/wp\/v2\/product\/91542","targetHints":{"allow":["GET"]}}],"collection":[{"href":"https:\/\/secureus.se\/de\/wp-json\/wp\/v2\/product"}],"about":[{"href":"https:\/\/secureus.se\/de\/wp-json\/wp\/v2\/types\/product"}],"wp:featuredmedia":[{"embeddable":true,"href":"https:\/\/secureus.se\/de\/wp-json\/wp\/v2\/media\/159498"}],"wp:attachment":[{"href":"https:\/\/secureus.se\/de\/wp-json\/wp\/v2\/media?parent=91542"}],"wp:term":[{"taxonomy":"product_brand","embeddable":true,"href":"https:\/\/secureus.se\/de\/wp-json\/wp\/v2\/product_brand?post=91542"},{"taxonomy":"product_cat","embeddable":true,"href":"https:\/\/secureus.se\/de\/wp-json\/wp\/v2\/product_cat?post=91542"},{"taxonomy":"product_tag","embeddable":true,"href":"https:\/\/secureus.se\/de\/wp-json\/wp\/v2\/product_tag?post=91542"}],"curies":[{"name":"wp","href":"https:\/\/api.w.org\/{rel}","templated":true}]}}