{"id":91543,"date":"2023-09-27T18:13:52","date_gmt":"2023-09-27T16:13:52","guid":{"rendered":"https:\/\/secureus.se\/elslutbleck-585-omstallbar-12-24v-hi-o-kolvkontakt\/"},"modified":"2026-03-25T15:43:07","modified_gmt":"2026-03-25T14:43:07","slug":"elslutbleck-585-omstallbar-12-24v-hi-o-kolvkontakt","status":"publish","type":"product","link":"https:\/\/secureus.se\/de\/elslutbleck-585-omstallbar-12-24v-hi-o-kolvkontakt\/","title":{"rendered":"Elektrische Endplatte 585, verstellbarer 12\u201324 V Hi-O-Kolbenkontakt"},"content":{"rendered":"<h1>Elektrische Endplatte 585, verstellbarer 12\u201324 V Hi-O-Kolbenkontakt<\/h1>\n<p class=\"\" data-start=\"481\" data-end=\"901\">Der ASSA ABLOY Standard-Elektro-T\u00fcr\u00f6ffner 585 mit einstellbarem 12\u201324-V-Hi-O-Kolbenkontakt ist f\u00fcr den Einsatz in T\u00fcren mit normalen Sicherheitsanforderungen konzipiert.<\/p>\n<p class=\"\" data-start=\"481\" data-end=\"901\">Der Wechsel zwischen Vorw\u00e4rts- und R\u00fcckw\u00e4rtsfunktion ist einfach und erm\u00f6glicht so eine hohe Flexibilit\u00e4t bei der Anpassung an unterschiedliche Installationsanforderungen.<\/p>\n<p class=\"\" data-start=\"481\" data-end=\"901\">Im R\u00fcckw\u00e4rtsmodus wird das Schloss bei einem Stromausfall entriegelt und ist somit ideal f\u00fcr Situationen, in denen dies erforderlich ist.<\/p>\n<p class=\"\" data-start=\"903\" data-end=\"1270\">Das elektrische T\u00fcr\u00f6ffnerblech ist f\u00fcr den Einsatz in Brandabschnittstrennt\u00fcren in Kombination mit einem Doppelfallenschloss und einem daf\u00fcr vorgesehenen Pfosten vorgesehen.<\/p>\n<p class=\"\" data-start=\"903\" data-end=\"1270\">Mit einer Bruchfestigkeit von 700 kg (7 kN), einem Drehverschluss aus Bronze und einem Schlossgeh\u00e4use aus Zinklegierung bietet es sowohl Haltbarkeit als auch hohe Sicherheit.<\/p>\n<p class=\"\" data-start=\"903\" data-end=\"1270\">Es ist au\u00dferdem mit einer Verriegelungsklinke und einem integrierten \u00dcberspannungsschutz zum Schutz vor elektrischen St\u00f6rungen ausgestattet.<\/p>\n<p class=\"\" data-start=\"1272\" data-end=\"1401\">Der elektrische T\u00fcr\u00f6ffner 585 ist au\u00dferdem mit der Hi-O-CAN-Bus-Technologie kompatibel und somit die perfekte Wahl f\u00fcr integrierte Sicherheitssysteme.<\/p>\n<p class=\"\" data-start=\"1403\" data-end=\"1425\"><strong data-start=\"1403\" data-end=\"1423\">Spezifikationen:<\/strong><\/p>\n<ul data-start=\"1426\" data-end=\"1761\">\n<li class=\"\" data-start=\"1426\" data-end=\"1460\">\n<p class=\"\" data-start=\"1428\" data-end=\"1460\">Bruchfestigkeit: 700 kg (7 kN)<\/p>\n<\/li>\n<li class=\"\" data-start=\"1461\" data-end=\"1493\">\n<p class=\"\" data-start=\"1463\" data-end=\"1493\">T\u00fcranschlag: Rechts, links<\/p>\n<\/li>\n<li class=\"\" data-start=\"1494\" data-end=\"1531\">\n<p class=\"\" data-start=\"1496\" data-end=\"1531\">Schlosstyp: Einzelriegelschloss, Doppelriegelschloss<\/p>\n<\/li>\n<li class=\"\" data-start=\"1532\" data-end=\"1557\">\n<p class=\"\" data-start=\"1534\" data-end=\"1557\">Betriebsspannung: 12-24V<\/p>\n<\/li>\n<li class=\"\" data-start=\"1558\" data-end=\"1590\">\n<p class=\"\" data-start=\"1560\" data-end=\"1590\">Farbe\/Oberfl\u00e4chenbehandlung: Verzinkt<\/p>\n<\/li>\n<li class=\"\" data-start=\"1591\" data-end=\"1610\">\n<p class=\"\" data-start=\"1593\" data-end=\"1610\">Kolbenkontakt: Ja<\/p>\n<\/li>\n<li class=\"\" data-start=\"1611\" data-end=\"1636\">\n<p class=\"\" data-start=\"1613\" data-end=\"1636\">Spannung AC\/DC: AC\/DC<\/p>\n<\/li>\n<li class=\"\" data-start=\"1637\" data-end=\"1661\">\n<p class=\"\" data-start=\"1639\" data-end=\"1661\">Maximale Spannung: 26,4 V<\/p>\n<\/li>\n<li class=\"\" data-start=\"1662\" data-end=\"1686\">\n<p class=\"\" data-start=\"1664\" data-end=\"1686\">Min. Spannung: 10,8 V<\/p>\n<\/li>\n<li class=\"\" data-start=\"1687\" data-end=\"1711\">\n<p class=\"\" data-start=\"1689\" data-end=\"1711\">Doppelter Twist Drop: Nein<\/p>\n<\/li>\n<li class=\"\" data-start=\"1712\" data-end=\"1761\">\n<p class=\"\" data-start=\"1714\" data-end=\"1761\">Vorw\u00e4rts\/R\u00fcckw\u00e4rts: Umschaltbar (Vorw\u00e4rts\/R\u00fcckw\u00e4rts)<\/p>\n<\/li>\n<\/ul>\n<p class=\"\" data-start=\"1763\" data-end=\"2043\"><strong data-start=\"1763\" data-end=\"1785\">Einsatzgebiete<\/strong><br data-start=\"1785\" data-end=\"1788\" \/>Dieser elektrische T\u00fcr\u00f6ffner eignet sich optimal f\u00fcr den Einsatz in T\u00fcren zum Rohbauschutz, zur Innenverriegelung, f\u00fcr Eing\u00e4nge und \u00f6ffentliche Bereiche in Mehrfamilienh\u00e4usern, B\u00fcros und der Industrie.<\/p>\n<p class=\"\" data-start=\"1763\" data-end=\"2043\">Es ist besonders n\u00fctzlich in integrierten Sicherheitssystemen, die Unterst\u00fctzung f\u00fcr die Hi-O-Can-Bus-Technologie erfordern.<\/p>","protected":false},"excerpt":{"rendered":"<h5><a href=\"https:\/\/elslutblecksguiden.se\/\" target=\"_blank\" rel=\"noopener\">Anleitung f\u00fcr ASSA Elektroschl\u00f6sser, Motorschl\u00f6sser, Elektro-Schlie\u00dfbleche und Ersatzanleitung<\/a><\/h5>","protected":false},"featured_media":139430,"template":"","meta":{"_acf_changed":false},"product_brand":[],"product_cat":[3355],"product_tag":[4196,4202,2967],"class_list":{"0":"post-91543","1":"product","2":"type-product","3":"status-publish","4":"has-post-thumbnail","6":"product_cat-elslutbleck","7":"product_tag-12-24v","8":"product_tag-omstallbar-rattvand-omvand","9":"product_tag-rg-assa-abloy","10":"product_shipping_class-tunga-paket","11":"pa_brands-abloy","12":"tm-no-options","14":"first","15":"outofstock","16":"sale","17":"taxable","18":"shipping-taxable","19":"purchasable","20":"product-type-simple"},"acf":[],"_links":{"self":[{"href":"https:\/\/secureus.se\/de\/wp-json\/wp\/v2\/product\/91543","targetHints":{"allow":["GET"]}}],"collection":[{"href":"https:\/\/secureus.se\/de\/wp-json\/wp\/v2\/product"}],"about":[{"href":"https:\/\/secureus.se\/de\/wp-json\/wp\/v2\/types\/product"}],"wp:featuredmedia":[{"embeddable":true,"href":"https:\/\/secureus.se\/de\/wp-json\/wp\/v2\/media\/139430"}],"wp:attachment":[{"href":"https:\/\/secureus.se\/de\/wp-json\/wp\/v2\/media?parent=91543"}],"wp:term":[{"taxonomy":"product_brand","embeddable":true,"href":"https:\/\/secureus.se\/de\/wp-json\/wp\/v2\/product_brand?post=91543"},{"taxonomy":"product_cat","embeddable":true,"href":"https:\/\/secureus.se\/de\/wp-json\/wp\/v2\/product_cat?post=91543"},{"taxonomy":"product_tag","embeddable":true,"href":"https:\/\/secureus.se\/de\/wp-json\/wp\/v2\/product_tag?post=91543"}],"curies":[{"name":"wp","href":"https:\/\/api.w.org\/{rel}","templated":true}]}}