{"id":91545,"date":"2023-09-27T18:13:49","date_gmt":"2023-09-27T16:13:49","guid":{"rendered":"https:\/\/secureus.se\/elslutbleck-8331-omvand-24v-kolvkontakt\/"},"modified":"2026-04-23T12:22:15","modified_gmt":"2026-04-23T10:22:15","slug":"elslutbleck-8331-omvand-24v-kolvkontakt","status":"publish","type":"product","link":"https:\/\/secureus.se\/de\/elslutbleck-8331-omvand-24v-kolvkontakt\/","title":{"rendered":"Elektrische Endplatte 8331 Reverse 24V Kolbenkontakt"},"content":{"rendered":"<h1>Elektrische Endplatte 8331 Reverse 24V Kolbenkontakt<\/h1>\n<p class=\"\" data-start=\"449\" data-end=\"801\">Der extrastarke elektrische T\u00fcr\u00f6ffner 8331 Reverse 24V mit Kolbenkontakt von ASSA ABLOY wurde entwickelt, um h\u00f6chste Sicherheitsanforderungen zu erf\u00fcllen, insbesondere bei T\u00fcren mit hoher Nutzungsfrequenz.<\/p>\n<p class=\"\" data-start=\"449\" data-end=\"801\">Es eignet sich besonders f\u00fcr den Einsatz als Tagesschloss in Einfriedungen, Einfahrten, Toren und anderen T\u00fcren, die hohen Belastungen in Gewerbe, B\u00fcro und Industrie ausgesetzt sind.<\/p>\n<p class=\"\" data-start=\"803\" data-end=\"1152\">Der T\u00fcr\u00f6ffner verf\u00fcgt \u00fcber eine Reversierfunktion, d.h. er wird bei Stromausfall entriegelt und ist somit optimal f\u00fcr den Einsatz in Fluchtt\u00fcren und Schleusen mit Druckunterschieden geeignet.<\/p>\n<p class=\"\" data-start=\"803\" data-end=\"1152\">Seine Bruchfestigkeit von 750 kg (7,5 kN) und die F\u00e4higkeit, einem Streifendruck von 500 kg standzuhalten, machen ihn auch unter schwierigen Bedingungen zu einer sicheren und zuverl\u00e4ssigen L\u00f6sung.<\/p>\n<p class=\"\" data-start=\"1154\" data-end=\"1401\">Mit einer robusten Konstruktion, die Millionen von \u00d6ffnungszyklen standh\u00e4lt, und einem Drehverschluss und Schlossgeh\u00e4use aus Stahl bietet dieser elektrische T\u00fcr\u00f6ffner lange Haltbarkeit und zuverl\u00e4ssige Funktion.<\/p>\n<p class=\"\" data-start=\"1154\" data-end=\"1401\">Sein Verriegelungskolbenanschluss und Ankeranschluss gew\u00e4hrleisten eine einfache und sichere Installation.<\/p>\n<p class=\"\" data-start=\"1403\" data-end=\"1425\"><strong data-start=\"1403\" data-end=\"1423\">Spezifikationen:<\/strong><\/p>\n<ul data-start=\"1426\" data-end=\"1755\">\n<li class=\"\" data-start=\"1426\" data-end=\"1462\">\n<p class=\"\" data-start=\"1428\" data-end=\"1462\">Bruchfestigkeit: 750 kg (7,5 kN)<\/p>\n<\/li>\n<li class=\"\" data-start=\"1463\" data-end=\"1495\">\n<p class=\"\" data-start=\"1465\" data-end=\"1495\">T\u00fcranschlag: Rechts, links<\/p>\n<\/li>\n<li class=\"\" data-start=\"1496\" data-end=\"1517\">\n<p class=\"\" data-start=\"1498\" data-end=\"1517\">Listendruck: 500 kg<\/p>\n<\/li>\n<li class=\"\" data-start=\"1518\" data-end=\"1555\">\n<p class=\"\" data-start=\"1520\" data-end=\"1555\">Schlosstyp: Einzelriegelschloss, Doppelriegelschloss<\/p>\n<\/li>\n<li class=\"\" data-start=\"1556\" data-end=\"1578\">\n<p class=\"\" data-start=\"1558\" data-end=\"1578\">Betriebsspannung: 24V<\/p>\n<\/li>\n<li class=\"\" data-start=\"1579\" data-end=\"1609\">\n<p class=\"\" data-start=\"1581\" data-end=\"1609\">Farbe\/Oberfl\u00e4che: Edelstahl<\/p>\n<\/li>\n<li class=\"\" data-start=\"1610\" data-end=\"1629\">\n<p class=\"\" data-start=\"1612\" data-end=\"1629\">Kolbenkontakt: Ja<\/p>\n<\/li>\n<li class=\"\" data-start=\"1630\" data-end=\"1652\">\n<p class=\"\" data-start=\"1632\" data-end=\"1652\">Spannung AC\/DC: DC<\/p>\n<\/li>\n<li class=\"\" data-start=\"1653\" data-end=\"1677\">\n<p class=\"\" data-start=\"1655\" data-end=\"1677\">Maximale Spannung: 26,4 V<\/p>\n<\/li>\n<li class=\"\" data-start=\"1678\" data-end=\"1702\">\n<p class=\"\" data-start=\"1680\" data-end=\"1702\">Min. Spannung: 21,6 V<\/p>\n<\/li>\n<li class=\"\" data-start=\"1703\" data-end=\"1727\">\n<p class=\"\" data-start=\"1705\" data-end=\"1727\">Doppelter Twist Drop: Nein<\/p>\n<\/li>\n<li class=\"\" data-start=\"1728\" data-end=\"1755\">\n<p class=\"\" data-start=\"1730\" data-end=\"1755\">Rechts\/R\u00fcckw\u00e4rts: R\u00fcckw\u00e4rts<\/p>\n<\/li>\n<\/ul>\n<p class=\"\" data-start=\"1757\" data-end=\"2047\"><strong data-start=\"1757\" data-end=\"1779\">Einsatzgebiete<\/strong><br data-start=\"1779\" data-end=\"1782\" \/>Das elektrische T\u00fcr\u00f6ffnerblech 8331 eignet sich hervorragend f\u00fcr den Einsatz in Fluchtt\u00fcren, Schleusen und anderen sicherheitskritischen T\u00fcren, bei denen es wichtig ist, dass das Schloss bei einem Stromausfall entriegelt wird.<\/p>\n<p class=\"\" data-start=\"1757\" data-end=\"2047\">Perfekt f\u00fcr den Schutz der Au\u00dfenhaut und die Sicherheit von T\u00fcren mit hoher Frequenz in Industrie-, B\u00fcro- und Gewerbeumgebungen.<\/p>","protected":false},"excerpt":{"rendered":"<h5><a href=\"https:\/\/elslutblecksguiden.se\/\" target=\"_blank\" rel=\"noopener\">Anleitung f\u00fcr ASSA Elektroschl\u00f6sser, Motorschl\u00f6sser, Elektro-Schlie\u00dfbleche und Ersatzanleitung<\/a><\/h5>","protected":false},"featured_media":139443,"template":"","meta":{"_acf_changed":false},"product_brand":[],"product_cat":[3355],"product_tag":[4197,4201,2967],"class_list":{"0":"post-91545","1":"product","2":"type-product","3":"status-publish","4":"has-post-thumbnail","6":"product_cat-elslutbleck","7":"product_tag-24v","8":"product_tag-omvand","9":"product_tag-rg-assa-abloy","10":"product_shipping_class-tunga-paket","11":"pa_brands-abloy","12":"tm-no-options","14":"first","15":"onbackorder","16":"sale","17":"taxable","18":"shipping-taxable","19":"purchasable","20":"product-type-simple"},"acf":[],"_links":{"self":[{"href":"https:\/\/secureus.se\/de\/wp-json\/wp\/v2\/product\/91545","targetHints":{"allow":["GET"]}}],"collection":[{"href":"https:\/\/secureus.se\/de\/wp-json\/wp\/v2\/product"}],"about":[{"href":"https:\/\/secureus.se\/de\/wp-json\/wp\/v2\/types\/product"}],"wp:featuredmedia":[{"embeddable":true,"href":"https:\/\/secureus.se\/de\/wp-json\/wp\/v2\/media\/139443"}],"wp:attachment":[{"href":"https:\/\/secureus.se\/de\/wp-json\/wp\/v2\/media?parent=91545"}],"wp:term":[{"taxonomy":"product_brand","embeddable":true,"href":"https:\/\/secureus.se\/de\/wp-json\/wp\/v2\/product_brand?post=91545"},{"taxonomy":"product_cat","embeddable":true,"href":"https:\/\/secureus.se\/de\/wp-json\/wp\/v2\/product_cat?post=91545"},{"taxonomy":"product_tag","embeddable":true,"href":"https:\/\/secureus.se\/de\/wp-json\/wp\/v2\/product_tag?post=91545"}],"curies":[{"name":"wp","href":"https:\/\/api.w.org\/{rel}","templated":true}]}}