{"id":91551,"date":"2023-09-27T18:13:40","date_gmt":"2023-09-27T16:13:40","guid":{"rendered":"https:\/\/secureus.se\/elslutbleck-920-brand-rattvand-12-24v\/"},"modified":"2026-04-08T15:56:52","modified_gmt":"2026-04-08T13:56:52","slug":"elslutbleck-920-brand-rattvand-12-24v","status":"publish","type":"product","link":"https:\/\/secureus.se\/de\/elslutbleck-920-brand-rattvand-12-24v\/","title":{"rendered":"Elektrische Endplatte 920 Marke Rechtsgerichtet 12-24V"},"content":{"rendered":"<h1>Elektrische Endplatte 920 Marke Rechtsgerichtet 12-24V<\/h1>\n<p class=\"\" data-start=\"419\" data-end=\"775\">Der ASSA Electric Strike 920 Fire Right-Hand 12\u201324 V ist Teil der 900er-Serie und wurde entwickelt, um hohe Sicherheit und Zuverl\u00e4ssigkeit in T\u00fcren zu bieten, die in Brandabschnittstrennw\u00e4nden verwendet werden.<\/p>\n<p class=\"\" data-start=\"419\" data-end=\"775\">Mit einer Feuerwiderstandsdauer von E\/EI60 ist es f\u00fcr eine Feuerbest\u00e4ndigkeit von bis zu 60 Minuten ausgelegt und stellt somit eine sichere L\u00f6sung f\u00fcr Brandschutzt\u00fcren dar.<\/p>\n<p class=\"\" data-start=\"777\" data-end=\"1089\">Mit einer Bruchfestigkeit von 1000 kg (10 kN) und hoher Sto\u00df- und Schlagfestigkeit ist dieser elektrische T\u00fcr\u00f6ffner ideal f\u00fcr stark frequentierte T\u00fcren in exponierten Umgebungen.<\/p>\n<p class=\"\" data-start=\"777\" data-end=\"1089\">Das Schlossgeh\u00e4use besteht aus Stahl und der Drehriegel besteht aus Stahl, was f\u00fcr zus\u00e4tzliche Haltbarkeit sorgt. Die verbesserte Leistenandruckfunktion erm\u00f6glicht das \u00d6ffnen der T\u00fcr auch unter Druck.<\/p>\n<p class=\"\" data-start=\"1091\" data-end=\"1318\">Der elektrische T\u00fcr\u00f6ffner ist zudem mit einem integrierten Transientenschutz ausgestattet, der vor elektrischen St\u00f6rungen sch\u00fctzt. Seine Umkehrfunktion sorgt daf\u00fcr, dass die T\u00fcr bei einem Stromausfall verriegelt bleibt und erh\u00f6ht so die Sicherheit in Notsituationen.<\/p>\n<p class=\"\" data-start=\"1320\" data-end=\"1342\"><strong data-start=\"1320\" data-end=\"1340\">Spezifikationen:<\/strong><\/p>\n<ul data-start=\"1343\" data-end=\"1780\">\n<li class=\"\" data-start=\"1343\" data-end=\"1379\">\n<p class=\"\" data-start=\"1345\" data-end=\"1379\">Bruchfestigkeit: 1000 kg (10 kN)<\/p>\n<\/li>\n<li class=\"\" data-start=\"1380\" data-end=\"1412\">\n<p class=\"\" data-start=\"1382\" data-end=\"1412\">T\u00fcranschlag: Rechts, links<\/p>\n<\/li>\n<li class=\"\" data-start=\"1413\" data-end=\"1433\">\n<p class=\"\" data-start=\"1415\" data-end=\"1433\">Streifendruck: 12 kg<\/p>\n<\/li>\n<li class=\"\" data-start=\"1434\" data-end=\"1471\">\n<p class=\"\" data-start=\"1436\" data-end=\"1471\">Schlosstyp: Einzelriegelschloss, Doppelriegelschloss<\/p>\n<\/li>\n<li class=\"\" data-start=\"1472\" data-end=\"1497\">\n<p class=\"\" data-start=\"1474\" data-end=\"1497\">Betriebsspannung: 12-24V<\/p>\n<\/li>\n<li class=\"\" data-start=\"1498\" data-end=\"1530\">\n<p class=\"\" data-start=\"1500\" data-end=\"1530\">Farbe\/Oberfl\u00e4chenbehandlung: Verzinkt<\/p>\n<\/li>\n<li class=\"\" data-start=\"1531\" data-end=\"1551\">\n<p class=\"\" data-start=\"1533\" data-end=\"1551\">Kolbenkontakt: Nein<\/p>\n<\/li>\n<li class=\"\" data-start=\"1552\" data-end=\"1577\">\n<p class=\"\" data-start=\"1554\" data-end=\"1577\">Spannung AC\/DC: AC\/DC<\/p>\n<\/li>\n<li class=\"\" data-start=\"1578\" data-end=\"1602\">\n<p class=\"\" data-start=\"1580\" data-end=\"1602\">Maximale Spannung: 27,6 V<\/p>\n<\/li>\n<li class=\"\" data-start=\"1603\" data-end=\"1627\">\n<p class=\"\" data-start=\"1605\" data-end=\"1627\">Min. Spannung: 10,8 V<\/p>\n<\/li>\n<li class=\"\" data-start=\"1628\" data-end=\"1652\">\n<p class=\"\" data-start=\"1630\" data-end=\"1652\">Doppelter Twist Drop: Nein<\/p>\n<\/li>\n<li class=\"\" data-start=\"1653\" data-end=\"1682\">\n<p class=\"\" data-start=\"1655\" data-end=\"1682\">Rechts\/R\u00fcckw\u00e4rts: Rechts<\/p>\n<\/li>\n<li class=\"\" data-start=\"1683\" data-end=\"1706\">\n<p class=\"\" data-start=\"1685\" data-end=\"1706\">Feuergetestet: 60 min<\/p>\n<\/li>\n<li class=\"\" data-start=\"1707\" data-end=\"1731\">\n<p class=\"\" data-start=\"1709\" data-end=\"1731\">Produktbreite: 27 mm<\/p>\n<\/li>\n<li class=\"\" data-start=\"1732\" data-end=\"1755\">\n<p class=\"\" data-start=\"1734\" data-end=\"1755\">Produkttiefe: 40 mm<\/p>\n<\/li>\n<li class=\"\" data-start=\"1756\" data-end=\"1780\">\n<p class=\"\" data-start=\"1758\" data-end=\"1780\">Produkth\u00f6he: 140 mm<\/p>\n<\/li>\n<\/ul>\n<p class=\"\" data-start=\"1782\" data-end=\"2085\"><strong data-start=\"1782\" data-end=\"1804\">Einsatzgebiete<\/strong><br data-start=\"1804\" data-end=\"1807\" \/>Das elektrische T\u00fcr\u00f6ffnerblech 920 Fire R\u00e4ttv\u00e4nd 12\u201324 V eignet sich perfekt f\u00fcr den Einsatz in Brandabschnittstrennt\u00fcren und T\u00fcren, die im Brandfall eine hohe Sicherheit erfordern.<\/p>\n<p class=\"\" data-start=\"1782\" data-end=\"2085\">Es eignet sich f\u00fcr den Einbau in Geb\u00e4uden wie B\u00fcros, Industrie, Gewerbe und Mehrfamilienh\u00e4usern, in denen sowohl Sicherheit als auch Feuerbest\u00e4ndigkeit von entscheidender Bedeutung sind.<\/p>","protected":false},"excerpt":{"rendered":"<h5><a href=\"https:\/\/elslutblecksguiden.se\/\" target=\"_blank\" rel=\"noopener\">Anleitung f\u00fcr ASSA Elektroschl\u00f6sser, Motorschl\u00f6sser, Elektro-Schlie\u00dfbleche und Ersatzanleitung<\/a><\/h5>","protected":false},"featured_media":139107,"template":"","meta":{"_acf_changed":false},"product_brand":[],"product_cat":[3355],"product_tag":[4196,4200,2967],"class_list":{"0":"post-91551","1":"product","2":"type-product","3":"status-publish","4":"has-post-thumbnail","6":"product_cat-elslutbleck","7":"product_tag-12-24v","8":"product_tag-rattvand","9":"product_tag-rg-assa-abloy","10":"product_shipping_class-tunga-paket","11":"pa_brands-abloy","12":"tm-no-options","14":"first","15":"instock","16":"sale","17":"taxable","18":"shipping-taxable","19":"purchasable","20":"product-type-simple"},"acf":[],"_links":{"self":[{"href":"https:\/\/secureus.se\/de\/wp-json\/wp\/v2\/product\/91551","targetHints":{"allow":["GET"]}}],"collection":[{"href":"https:\/\/secureus.se\/de\/wp-json\/wp\/v2\/product"}],"about":[{"href":"https:\/\/secureus.se\/de\/wp-json\/wp\/v2\/types\/product"}],"wp:featuredmedia":[{"embeddable":true,"href":"https:\/\/secureus.se\/de\/wp-json\/wp\/v2\/media\/139107"}],"wp:attachment":[{"href":"https:\/\/secureus.se\/de\/wp-json\/wp\/v2\/media?parent=91551"}],"wp:term":[{"taxonomy":"product_brand","embeddable":true,"href":"https:\/\/secureus.se\/de\/wp-json\/wp\/v2\/product_brand?post=91551"},{"taxonomy":"product_cat","embeddable":true,"href":"https:\/\/secureus.se\/de\/wp-json\/wp\/v2\/product_cat?post=91551"},{"taxonomy":"product_tag","embeddable":true,"href":"https:\/\/secureus.se\/de\/wp-json\/wp\/v2\/product_tag?post=91551"}],"curies":[{"name":"wp","href":"https:\/\/api.w.org\/{rel}","templated":true}]}}