{"id":91552,"date":"2023-09-27T18:13:39","date_gmt":"2023-09-27T16:13:39","guid":{"rendered":"https:\/\/secureus.se\/elslutbleck-920m-brand-rattvand-12-24v-kolvkontakt\/"},"modified":"2026-03-25T15:43:16","modified_gmt":"2026-03-25T14:43:16","slug":"elslutbleck-920m-brand-rattvand-12-24v-kolvkontakt","status":"publish","type":"product","link":"https:\/\/secureus.se\/de\/elslutbleck-920m-brand-rattvand-12-24v-kolvkontakt\/","title":{"rendered":"Elektrische Endplatte 920M Marke Nach rechts gerichteter 12-24V Kolbenkontakt"},"content":{"rendered":"<h1>Elektrische Endplatte 920M Marke Nach rechts gerichteter 12-24V Kolbenkontakt<\/h1>\n<p class=\"\" data-start=\"440\" data-end=\"837\">Der ASSA Electric Strike 920M Fire Right-Hand 12-24V Piston Contact ist Teil der 900er-Serie und wurde entwickelt, um h\u00f6here Sicherheitsanforderungen zu erf\u00fcllen.<\/p>\n<p class=\"\" data-start=\"440\" data-end=\"837\">Das Schloss ist feuergepr\u00fcft mit der Einstufung E\/EI60, was bedeutet, dass es bis zu 60 Minuten lang feuerbest\u00e4ndig ist.<\/p>\n<p class=\"\" data-start=\"440\" data-end=\"837\">Dies macht es zur idealen Wahl f\u00fcr den Einsatz in Brandschutzt\u00fcren und anderen sicherheitskritischen T\u00fcrsystemen.<\/p>\n<p class=\"\" data-start=\"839\" data-end=\"1168\">Mit einer Bruchfestigkeit von 1000 kg (10 kN) und einer hohen Vibrations- und Sto\u00dffestigkeit ist dieser elektrische T\u00fcr\u00f6ffner f\u00fcr den Einsatz unter harten Bedingungen ausgelegt.<\/p>\n<p class=\"\" data-start=\"839\" data-end=\"1168\">Das Schlossgeh\u00e4use ist aus Stahl gefertigt und auch der Drehriegel ist aus Stahl gefertigt, was f\u00fcr lange Haltbarkeit und Stabilit\u00e4t sorgt. Seine verbesserte Leistenandruckfunktion sorgt daf\u00fcr, dass sich die T\u00fcr auch bei hohem Druck \u00f6ffnen l\u00e4sst.<\/p>\n<p class=\"\" data-start=\"1170\" data-end=\"1385\">Der elektrische T\u00fcr\u00f6ffner ist mit einem St\u00f6\u00dfelkontakt ausgestattet und verf\u00fcgt \u00fcber einen integrierten \u00dcberspannungsschutz zum Schutz vor elektrischen St\u00f6rungen, was ihn zu einer zuverl\u00e4ssigen Wahl f\u00fcr Installationen in gewerblichen und industriellen Umgebungen macht.<\/p>\n<p class=\"\" data-start=\"1387\" data-end=\"1409\"><strong data-start=\"1387\" data-end=\"1407\">Spezifikationen:<\/strong><\/p>\n<ul data-start=\"1410\" data-end=\"1846\">\n<li class=\"\" data-start=\"1410\" data-end=\"1446\">\n<p class=\"\" data-start=\"1412\" data-end=\"1446\">Bruchfestigkeit: 1000 kg (10 kN)<\/p>\n<\/li>\n<li class=\"\" data-start=\"1447\" data-end=\"1479\">\n<p class=\"\" data-start=\"1449\" data-end=\"1479\">T\u00fcranschlag: Rechts, links<\/p>\n<\/li>\n<li class=\"\" data-start=\"1480\" data-end=\"1500\">\n<p class=\"\" data-start=\"1482\" data-end=\"1500\">Streifendruck: 12 kg<\/p>\n<\/li>\n<li class=\"\" data-start=\"1501\" data-end=\"1538\">\n<p class=\"\" data-start=\"1503\" data-end=\"1538\">Schlosstyp: Einzelriegelschloss, Doppelriegelschloss<\/p>\n<\/li>\n<li class=\"\" data-start=\"1539\" data-end=\"1564\">\n<p class=\"\" data-start=\"1541\" data-end=\"1564\">Betriebsspannung: 12-24V<\/p>\n<\/li>\n<li class=\"\" data-start=\"1565\" data-end=\"1597\">\n<p class=\"\" data-start=\"1567\" data-end=\"1597\">Farbe\/Oberfl\u00e4chenbehandlung: Verzinkt<\/p>\n<\/li>\n<li class=\"\" data-start=\"1598\" data-end=\"1617\">\n<p class=\"\" data-start=\"1600\" data-end=\"1617\">Kolbenkontakt: Ja<\/p>\n<\/li>\n<li class=\"\" data-start=\"1618\" data-end=\"1643\">\n<p class=\"\" data-start=\"1620\" data-end=\"1643\">Spannung AC\/DC: AC\/DC<\/p>\n<\/li>\n<li class=\"\" data-start=\"1644\" data-end=\"1668\">\n<p class=\"\" data-start=\"1646\" data-end=\"1668\">Maximale Spannung: 27,6 V<\/p>\n<\/li>\n<li class=\"\" data-start=\"1669\" data-end=\"1693\">\n<p class=\"\" data-start=\"1671\" data-end=\"1693\">Min. Spannung: 10,8 V<\/p>\n<\/li>\n<li class=\"\" data-start=\"1694\" data-end=\"1718\">\n<p class=\"\" data-start=\"1696\" data-end=\"1718\">Doppelter Twist Drop: Nein<\/p>\n<\/li>\n<li class=\"\" data-start=\"1719\" data-end=\"1748\">\n<p class=\"\" data-start=\"1721\" data-end=\"1748\">Rechts\/R\u00fcckw\u00e4rts: Rechts<\/p>\n<\/li>\n<li class=\"\" data-start=\"1749\" data-end=\"1772\">\n<p class=\"\" data-start=\"1751\" data-end=\"1772\">Feuergetestet: 60 min<\/p>\n<\/li>\n<li class=\"\" data-start=\"1773\" data-end=\"1797\">\n<p class=\"\" data-start=\"1775\" data-end=\"1797\">Produktbreite: 27 mm<\/p>\n<\/li>\n<li class=\"\" data-start=\"1798\" data-end=\"1821\">\n<p class=\"\" data-start=\"1800\" data-end=\"1821\">Produkttiefe: 40 mm<\/p>\n<\/li>\n<li class=\"\" data-start=\"1822\" data-end=\"1846\">\n<p class=\"\" data-start=\"1824\" data-end=\"1846\">Produkth\u00f6he: 140 mm<\/p>\n<\/li>\n<\/ul>\n<p class=\"\" data-start=\"1848\" data-end=\"2075\"><strong data-start=\"1848\" data-end=\"1870\">Einsatzgebiete<\/strong><br data-start=\"1870\" data-end=\"1873\" \/>Das elektrische T\u00fcr\u00f6ffnerblech 920M eignet sich optimal f\u00fcr T\u00fcren in Brandschutzw\u00e4nden, Sicherheitsl\u00f6sungen zum Schutz der Au\u00dfenhaut und zur Innenverriegelung in stark frequentierten Umgebungen wie B\u00fcros, Einzelhandel, Industrie und Mehrfamilienh\u00e4usern.<\/p>","protected":false},"excerpt":{"rendered":"<h5><a href=\"https:\/\/elslutblecksguiden.se\/\" target=\"_blank\" rel=\"noopener\">Anleitung f\u00fcr ASSA Elektroschl\u00f6sser, Motorschl\u00f6sser, Elektro-Schlie\u00dfbleche und Ersatzanleitung<\/a><\/h5>","protected":false},"featured_media":139119,"template":"","meta":{"_acf_changed":false},"product_brand":[],"product_cat":[3355],"product_tag":[4196,4200,2967],"class_list":{"0":"post-91552","1":"product","2":"type-product","3":"status-publish","4":"has-post-thumbnail","6":"product_cat-elslutbleck","7":"product_tag-12-24v","8":"product_tag-rattvand","9":"product_tag-rg-assa-abloy","10":"product_shipping_class-tunga-paket","11":"pa_brands-abloy","12":"tm-no-options","14":"first","15":"instock","16":"sale","17":"taxable","18":"shipping-taxable","19":"purchasable","20":"product-type-simple"},"acf":[],"_links":{"self":[{"href":"https:\/\/secureus.se\/de\/wp-json\/wp\/v2\/product\/91552","targetHints":{"allow":["GET"]}}],"collection":[{"href":"https:\/\/secureus.se\/de\/wp-json\/wp\/v2\/product"}],"about":[{"href":"https:\/\/secureus.se\/de\/wp-json\/wp\/v2\/types\/product"}],"wp:featuredmedia":[{"embeddable":true,"href":"https:\/\/secureus.se\/de\/wp-json\/wp\/v2\/media\/139119"}],"wp:attachment":[{"href":"https:\/\/secureus.se\/de\/wp-json\/wp\/v2\/media?parent=91552"}],"wp:term":[{"taxonomy":"product_brand","embeddable":true,"href":"https:\/\/secureus.se\/de\/wp-json\/wp\/v2\/product_brand?post=91552"},{"taxonomy":"product_cat","embeddable":true,"href":"https:\/\/secureus.se\/de\/wp-json\/wp\/v2\/product_cat?post=91552"},{"taxonomy":"product_tag","embeddable":true,"href":"https:\/\/secureus.se\/de\/wp-json\/wp\/v2\/product_tag?post=91552"}],"curies":[{"name":"wp","href":"https:\/\/api.w.org\/{rel}","templated":true}]}}