{"id":91555,"date":"2023-09-27T18:13:35","date_gmt":"2023-09-27T16:13:35","guid":{"rendered":"https:\/\/secureus.se\/elslutbleck-961c-omvand-12-24v-hi-okolvkontakt-5m-kabel\/"},"modified":"2026-03-25T15:43:26","modified_gmt":"2026-03-25T14:43:26","slug":"elslutbleck-961c-omvand-12-24v-hi-okolvkontakt-5m-kabel","status":"publish","type":"product","link":"https:\/\/secureus.se\/de\/elslutbleck-961c-omvand-12-24v-hi-okolvkontakt-5m-kabel\/","title":{"rendered":"Elektrische Anschlussplatte 961C Reverse 12\u201324 V Hi-OK Kolbenanschluss 5 m Kabel"},"content":{"rendered":"<h1>Elektrische Anschlussplatte 961C Reverse 12\u201324 V Hi-OK Kolbenanschluss 5 m Kabel<\/h1>\n<p>Der elektrische T\u00fcr\u00f6ffner 961C Reverse 12-24V Hi-O Kolbenkontakt 5m Kabel von ASSA ABLOY ist ein elektrischer T\u00fcr\u00f6ffner mit einer hohen Bruchfestigkeit von 1500 kg und einer R\u00fcckw\u00e4rtsfunktion.<\/p>\n<p>Es ist mit der Hi-O-CAN-Bus-Technologie kompatibel und bietet zuverl\u00e4ssige Sicherheit f\u00fcr den Geh\u00e4useschutz und die Innenverriegelung im Einzelhandel, im B\u00fcro und in der Industrie.<\/p>\n<p class=\"\" data-start=\"451\" data-end=\"819\">ASSA ABLOY 961C Reverse 12\u201324 V Hi-O-Kolbenkontakt ist ein hochwertiger elektrischer T\u00fcr\u00f6ffner f\u00fcr T\u00fcren mit hohen Anforderungen an T\u00fcr\u00f6ffnerdruck und Sicherheit.<\/p>\n<p class=\"\" data-start=\"451\" data-end=\"819\">Mit einer beeindruckenden Bruchfestigkeit von 1500 kg (15 kN) und einer Feuerbest\u00e4ndigkeit bis zu E\/EI 120 ist dieser elektrische T\u00fcr\u00f6ffner die perfekte Wahl f\u00fcr Anwendungen, bei denen sowohl Sicherheit als auch Feuerbest\u00e4ndigkeit entscheidend sind.<\/p>\n<p class=\"\" data-start=\"821\" data-end=\"1174\">Durch die Reverse-Funktion bleibt die T\u00fcr bei Stromausfall verriegelt, was die Sicherheit in Notsituationen erh\u00f6ht.<\/p>\n<p class=\"\" data-start=\"821\" data-end=\"1174\">Das Schloss ist mit der Hi-O-Can-Bus-Technologie kompatibel und somit eine ausgezeichnete Wahl f\u00fcr integrierte Sicherheitssysteme.<\/p>\n<p class=\"\" data-start=\"821\" data-end=\"1174\">Es kann in Kombination mit verriegelten Einzelriegel- oder Doppelriegelschl\u00f6ssern verwendet werden und passt auf alle Montagepfosten der Serie 900.<\/p>\n<p class=\"\" data-start=\"1176\" data-end=\"1432\">F\u00fcr eine erweiterte Funktionalit\u00e4t ist der elektrische T\u00fcr\u00f6ffner 961C zus\u00e4tzlich mit einem Fallenkontakt und einem Ankerkontakt ausgestattet.<\/p>\n<p class=\"\" data-start=\"1176\" data-end=\"1432\">Es verf\u00fcgt \u00fcber eine hohe Sto\u00df- und Schlagfestigkeit und ist daher auch bei Belastung \u00e4u\u00dferst langlebig. 5 Meter Anschlusskabel f\u00fcr eine einfache Installation im Lieferumfang enthalten.<\/p>\n<p class=\"\" data-start=\"1434\" data-end=\"1456\"><strong data-start=\"1434\" data-end=\"1454\">Spezifikationen:<\/strong><\/p>\n<ul data-start=\"1457\" data-end=\"1868\">\n<li class=\"\" data-start=\"1457\" data-end=\"1493\">\n<p class=\"\" data-start=\"1459\" data-end=\"1493\">Bruchfestigkeit: 1500 kg (15 kN)<\/p>\n<\/li>\n<li class=\"\" data-start=\"1494\" data-end=\"1526\">\n<p class=\"\" data-start=\"1496\" data-end=\"1526\">T\u00fcranschlag: Rechts, links<\/p>\n<\/li>\n<li class=\"\" data-start=\"1527\" data-end=\"1548\">\n<p class=\"\" data-start=\"1529\" data-end=\"1548\">Banddruck: 300 kg<\/p>\n<\/li>\n<li class=\"\" data-start=\"1549\" data-end=\"1586\">\n<p class=\"\" data-start=\"1551\" data-end=\"1586\">Schlosstyp: Einzelriegelschloss, Doppelriegelschloss<\/p>\n<\/li>\n<li class=\"\" data-start=\"1587\" data-end=\"1612\">\n<p class=\"\" data-start=\"1589\" data-end=\"1612\">Betriebsspannung: 12-24V<\/p>\n<\/li>\n<li class=\"\" data-start=\"1613\" data-end=\"1645\">\n<p class=\"\" data-start=\"1615\" data-end=\"1645\">Farbe\/Oberfl\u00e4chenbehandlung: Verzinkt<\/p>\n<\/li>\n<li class=\"\" data-start=\"1646\" data-end=\"1665\">\n<p class=\"\" data-start=\"1648\" data-end=\"1665\">Kolbenkontakt: Ja<\/p>\n<\/li>\n<li class=\"\" data-start=\"1666\" data-end=\"1691\">\n<p class=\"\" data-start=\"1668\" data-end=\"1691\">Spannung AC\/DC: AC\/DC<\/p>\n<\/li>\n<li class=\"\" data-start=\"1692\" data-end=\"1716\">\n<p class=\"\" data-start=\"1694\" data-end=\"1716\">Maximale Spannung: 27,6 V<\/p>\n<\/li>\n<li class=\"\" data-start=\"1717\" data-end=\"1741\">\n<p class=\"\" data-start=\"1719\" data-end=\"1741\">Min. Spannung: 10,8 V<\/p>\n<\/li>\n<li class=\"\" data-start=\"1742\" data-end=\"1766\">\n<p class=\"\" data-start=\"1744\" data-end=\"1766\">Doppelter Twist Drop: Nein<\/p>\n<\/li>\n<li class=\"\" data-start=\"1767\" data-end=\"1794\">\n<p class=\"\" data-start=\"1769\" data-end=\"1794\">Rechts\/R\u00fcckw\u00e4rts: R\u00fcckw\u00e4rts<\/p>\n<\/li>\n<li class=\"\" data-start=\"1795\" data-end=\"1819\">\n<p class=\"\" data-start=\"1797\" data-end=\"1819\">Feuergetestet: 120 min<\/p>\n<\/li>\n<li class=\"\" data-start=\"1820\" data-end=\"1843\">\n<p class=\"\" data-start=\"1822\" data-end=\"1843\">Kabell\u00e4nge: 5 Meter<\/p>\n<\/li>\n<li class=\"\" data-start=\"1844\" data-end=\"1868\">\n<p class=\"\" data-start=\"1846\" data-end=\"1868\">Produkth\u00f6he: 140 mm<\/p>\n<\/li>\n<\/ul>\n<p class=\"\" data-start=\"1870\" data-end=\"2153\"><strong data-start=\"1870\" data-end=\"1892\">Einsatzgebiete<\/strong><br data-start=\"1892\" data-end=\"1895\" \/>Das elektrische T\u00fcr\u00f6ffnerblech 961C eignet sich ideal f\u00fcr den Einsatz in sicherheitskritischen Umgebungen wie z. B. Rohbauschutz, Innenverriegelung und Brandschutztrennt\u00fcren.<\/p>\n<p class=\"\" data-start=\"1870\" data-end=\"2153\">Perfekt f\u00fcr Gewerbegeb\u00e4ude, B\u00fcros, Industrie und Mehrfamilienh\u00e4user, bei denen sowohl Feuerbest\u00e4ndigkeit als auch Sicherheit entscheidend sind.<\/p>","protected":false},"excerpt":{"rendered":"<h5><a href=\"https:\/\/elslutblecksguiden.se\/\" target=\"_blank\" rel=\"noopener\">Anleitung f\u00fcr ASSA Elektroschl\u00f6sser, Motorschl\u00f6sser, Elektro-Schlie\u00dfbleche und Ersatzanleitung<\/a><\/h5>","protected":false},"featured_media":138604,"template":"","meta":{"_acf_changed":false},"product_brand":[],"product_cat":[3355],"product_tag":[4196,4201,2967],"class_list":{"0":"post-91555","1":"product","2":"type-product","3":"status-publish","4":"has-post-thumbnail","6":"product_cat-elslutbleck","7":"product_tag-12-24v","8":"product_tag-omvand","9":"product_tag-rg-assa-abloy","10":"product_shipping_class-tunga-paket","11":"pa_brands-abloy","12":"tm-no-options","14":"first","15":"onbackorder","16":"sale","17":"taxable","18":"shipping-taxable","19":"purchasable","20":"product-type-simple"},"acf":[],"_links":{"self":[{"href":"https:\/\/secureus.se\/de\/wp-json\/wp\/v2\/product\/91555","targetHints":{"allow":["GET"]}}],"collection":[{"href":"https:\/\/secureus.se\/de\/wp-json\/wp\/v2\/product"}],"about":[{"href":"https:\/\/secureus.se\/de\/wp-json\/wp\/v2\/types\/product"}],"wp:featuredmedia":[{"embeddable":true,"href":"https:\/\/secureus.se\/de\/wp-json\/wp\/v2\/media\/138604"}],"wp:attachment":[{"href":"https:\/\/secureus.se\/de\/wp-json\/wp\/v2\/media?parent=91555"}],"wp:term":[{"taxonomy":"product_brand","embeddable":true,"href":"https:\/\/secureus.se\/de\/wp-json\/wp\/v2\/product_brand?post=91555"},{"taxonomy":"product_cat","embeddable":true,"href":"https:\/\/secureus.se\/de\/wp-json\/wp\/v2\/product_cat?post=91555"},{"taxonomy":"product_tag","embeddable":true,"href":"https:\/\/secureus.se\/de\/wp-json\/wp\/v2\/product_tag?post=91555"}],"curies":[{"name":"wp","href":"https:\/\/api.w.org\/{rel}","templated":true}]}}