{"id":91556,"date":"2023-09-27T18:13:33","date_gmt":"2023-09-27T16:13:33","guid":{"rendered":"https:\/\/secureus.se\/elslutbleck-961m-omvand-12-24v-kolvkontakt-5m-kabel\/"},"modified":"2026-03-25T15:41:35","modified_gmt":"2026-03-25T14:41:35","slug":"elslutbleck-961m-omvand-12-24v-kolvkontakt-5m-kabel","status":"publish","type":"product","link":"https:\/\/secureus.se\/de\/elslutbleck-961m-omvand-12-24v-kolvkontakt-5m-kabel\/","title":{"rendered":"Elektrische Anschlussplatte 961M Reverse 12\u201324 V Kolbenanschluss 5 m Kabel"},"content":{"rendered":"<div>\n<h1>Elektrische Anschlussplatte 961M Reverse 12\u201324 V Kolbenanschluss 5 m Kabel<\/h1>\n<p>Der Elektro-T\u00fcr\u00f6ffner 961M Reverse 12-24V Kolbenkontakt 5m Kabel von ASSA ABLOY ist ein robuster Elektro-T\u00fcr\u00f6ffner mit einer Bruchfestigkeit von 1500 kg und einer Reverse-Funktion, die ihn bei einem Stromausfall entriegelt.<\/p>\n<p>Es ist f\u00fcr den Einsatz im Rohbauschutz und Innenverriegelungsbereich im Gewerbe-, B\u00fcro- und Industriebereich sowie im Mehrfamilienhausbereich konzipiert.<\/p>\n<p class=\"\" data-start=\"469\" data-end=\"872\">Der ASSA ABLOY 961M Reverse 12\u201324 V Kolbenschalter mit 5 m Kabel ist f\u00fcr T\u00fcren mit hohen Anforderungen an Streifendruck und Sicherheit konzipiert.<\/p>\n<p class=\"\" data-start=\"469\" data-end=\"872\">Mit einer beeindruckenden Bruchfestigkeit von 1500 kg (15 kN) und der Feuerklasse E\/EI 120 (bis zu 120 Minuten) bietet dieser elektrische T\u00fcr\u00f6ffner sowohl Sicherheit als auch Zuverl\u00e4ssigkeit in Brandschutzt\u00fcren und anderen Anwendungen, bei denen sowohl Sicherheit als auch Feuerbest\u00e4ndigkeit entscheidend sind.<\/p>\n<p class=\"\" data-start=\"874\" data-end=\"1225\">Durch die Umkehrfunktion bleibt der elektrische T\u00fcr\u00f6ffner bei einem Stromausfall entriegelt und ist somit eine ideale L\u00f6sung f\u00fcr Fluchtt\u00fcren und andere kritische Anwendungen, bei denen schnelles \u00d6ffnen wichtig ist.<\/p>\n<p class=\"\" data-start=\"874\" data-end=\"1225\">Das Schloss ist mit einem Schlie\u00dfbolzenkontakt und einem Ankerkontakt ausgestattet und bietet eine hohe Sto\u00df- und Schlagfestigkeit, wodurch es auch f\u00fcr raue Umgebungen best\u00e4ndig ist.<\/p>\n<p data-start=\"874\" data-end=\"1225\">Das elektrische Schlie\u00dfblech ist zudem mit verriegelten Ein- und Doppelriegelschl\u00f6ssern kompatibel und passt auf alle Montagepfosten der Serie 900. F\u00fcr eine einfache Installation ist das 5 Meter lange Anschlusskabel im Lieferumfang enthalten.<\/p>\n<p class=\"\" data-start=\"1413\" data-end=\"1435\"><strong data-start=\"1413\" data-end=\"1433\">Spezifikationen:<\/strong><\/p>\n<ul data-start=\"1436\" data-end=\"1898\">\n<li class=\"\" data-start=\"1436\" data-end=\"1472\">\n<p class=\"\" data-start=\"1438\" data-end=\"1472\">Bruchfestigkeit: 1500 kg (15 kN)<\/p>\n<\/li>\n<li class=\"\" data-start=\"1473\" data-end=\"1505\">\n<p class=\"\" data-start=\"1475\" data-end=\"1505\">T\u00fcranschlag: Rechts, links<\/p>\n<\/li>\n<li class=\"\" data-start=\"1506\" data-end=\"1527\">\n<p class=\"\" data-start=\"1508\" data-end=\"1527\">Banddruck: 300 kg<\/p>\n<\/li>\n<li class=\"\" data-start=\"1528\" data-end=\"1565\">\n<p class=\"\" data-start=\"1530\" data-end=\"1565\">Schlosstyp: Einzelriegelschloss, Doppelriegelschloss<\/p>\n<\/li>\n<li class=\"\" data-start=\"1566\" data-end=\"1591\">\n<p class=\"\" data-start=\"1568\" data-end=\"1591\">Betriebsspannung: 12-24V<\/p>\n<\/li>\n<li class=\"\" data-start=\"1592\" data-end=\"1624\">\n<p class=\"\" data-start=\"1594\" data-end=\"1624\">Farbe\/Oberfl\u00e4chenbehandlung: Verzinkt<\/p>\n<\/li>\n<li class=\"\" data-start=\"1625\" data-end=\"1644\">\n<p class=\"\" data-start=\"1627\" data-end=\"1644\">Kolbenkontakt: Ja<\/p>\n<\/li>\n<li class=\"\" data-start=\"1645\" data-end=\"1670\">\n<p class=\"\" data-start=\"1647\" data-end=\"1670\">Spannung AC\/DC: AC\/DC<\/p>\n<\/li>\n<li class=\"\" data-start=\"1671\" data-end=\"1695\">\n<p class=\"\" data-start=\"1673\" data-end=\"1695\">Maximale Spannung: 27,6 V<\/p>\n<\/li>\n<li class=\"\" data-start=\"1696\" data-end=\"1720\">\n<p class=\"\" data-start=\"1698\" data-end=\"1720\">Min. Spannung: 10,8 V<\/p>\n<\/li>\n<li class=\"\" data-start=\"1721\" data-end=\"1745\">\n<p class=\"\" data-start=\"1723\" data-end=\"1745\">Doppelter Twist Drop: Nein<\/p>\n<\/li>\n<li class=\"\" data-start=\"1746\" data-end=\"1773\">\n<p class=\"\" data-start=\"1748\" data-end=\"1773\">Rechts\/R\u00fcckw\u00e4rts: R\u00fcckw\u00e4rts<\/p>\n<\/li>\n<li class=\"\" data-start=\"1774\" data-end=\"1798\">\n<p class=\"\" data-start=\"1776\" data-end=\"1798\">Feuergetestet: 120 min<\/p>\n<\/li>\n<li class=\"\" data-start=\"1799\" data-end=\"1822\">\n<p class=\"\" data-start=\"1801\" data-end=\"1822\">Kabell\u00e4nge: 5 Meter<\/p>\n<\/li>\n<li class=\"\" data-start=\"1823\" data-end=\"1847\">\n<p class=\"\" data-start=\"1825\" data-end=\"1847\">Produkth\u00f6he: 140 mm<\/p>\n<\/li>\n<li class=\"\" data-start=\"1848\" data-end=\"1874\">\n<p class=\"\" data-start=\"1850\" data-end=\"1874\">Produktbreite: 26,5 mm<\/p>\n<\/li>\n<li class=\"\" data-start=\"1875\" data-end=\"1898\">\n<p class=\"\" data-start=\"1877\" data-end=\"1898\">Produkttiefe: 35 mm<\/p>\n<\/li>\n<\/ul>\n<p class=\"\" data-start=\"1900\" data-end=\"2240\"><strong data-start=\"1900\" data-end=\"1922\">Einsatzgebiete<\/strong><br data-start=\"1922\" data-end=\"1925\" \/>Der elektrische T\u00fcr\u00f6ffner 961M ist ideal f\u00fcr T\u00fcren, die sowohl hohe Sicherheit als auch Feuerbest\u00e4ndigkeit erfordern, einschlie\u00dflich Panzerschutz, Innenverriegelung und Brandschutzt\u00fcren in Gesch\u00e4ftsgeb\u00e4uden, B\u00fcros und Mehrfamilienh\u00e4usern.<\/p>\n<p class=\"\" data-start=\"1900\" data-end=\"2240\">Es eignet sich au\u00dferdem f\u00fcr Anwendungen, die eine hohe Haltbarkeit und die F\u00e4higkeit zum \u00d6ffnen auch bei hohem Streifendruck erfordern.<\/p>\n<\/div>","protected":false},"excerpt":{"rendered":"<h5><a href=\"https:\/\/elslutblecksguiden.se\/\" target=\"_blank\" rel=\"noopener\">Anleitung f\u00fcr ASSA Elektroschl\u00f6sser, Motorschl\u00f6sser, Elektro-Schlie\u00dfbleche und Ersatzanleitung<\/a><\/h5>","protected":false},"featured_media":145950,"template":"","meta":{"_acf_changed":false},"product_brand":[],"product_cat":[3355],"product_tag":[4196,4201,2967],"class_list":{"0":"post-91556","1":"product","2":"type-product","3":"status-publish","4":"has-post-thumbnail","6":"product_cat-elslutbleck","7":"product_tag-12-24v","8":"product_tag-omvand","9":"product_tag-rg-assa-abloy","10":"product_shipping_class-tunga-paket","11":"pa_brands-abloy","12":"tm-no-options","14":"first","15":"outofstock","16":"sale","17":"taxable","18":"shipping-taxable","19":"purchasable","20":"product-type-simple"},"acf":[],"_links":{"self":[{"href":"https:\/\/secureus.se\/de\/wp-json\/wp\/v2\/product\/91556","targetHints":{"allow":["GET"]}}],"collection":[{"href":"https:\/\/secureus.se\/de\/wp-json\/wp\/v2\/product"}],"about":[{"href":"https:\/\/secureus.se\/de\/wp-json\/wp\/v2\/types\/product"}],"wp:featuredmedia":[{"embeddable":true,"href":"https:\/\/secureus.se\/de\/wp-json\/wp\/v2\/media\/145950"}],"wp:attachment":[{"href":"https:\/\/secureus.se\/de\/wp-json\/wp\/v2\/media?parent=91556"}],"wp:term":[{"taxonomy":"product_brand","embeddable":true,"href":"https:\/\/secureus.se\/de\/wp-json\/wp\/v2\/product_brand?post=91556"},{"taxonomy":"product_cat","embeddable":true,"href":"https:\/\/secureus.se\/de\/wp-json\/wp\/v2\/product_cat?post=91556"},{"taxonomy":"product_tag","embeddable":true,"href":"https:\/\/secureus.se\/de\/wp-json\/wp\/v2\/product_tag?post=91556"}],"curies":[{"name":"wp","href":"https:\/\/api.w.org\/{rel}","templated":true}]}}