{"id":91557,"date":"2023-09-27T18:13:32","date_gmt":"2023-09-27T16:13:32","guid":{"rendered":"https:\/\/secureus.se\/elslutbleck-911c-omvand-hi-o-12-24v\/"},"modified":"2026-04-23T12:22:52","modified_gmt":"2026-04-23T10:22:52","slug":"elslutbleck-911c-omvand-hi-o-12-24v","status":"publish","type":"product","link":"https:\/\/secureus.se\/de\/elslutbleck-911c-omvand-hi-o-12-24v\/","title":{"rendered":"Elektrische Endplatte 911C Reverse Hi-O 12-24V"},"content":{"rendered":"<h1>Elektrische Endplatte 911C Reverse Hi-O 12-24V<\/h1>\n<p>Der ASSA Elektro-T\u00fcr\u00f6ffner 911C der Serie 900 ist f\u00fcr T\u00fcren mit Standard-Sicherheitsanforderungen konzipiert und eignet sich gut als Tagesschloss im Rohbau, in B\u00fcros, der Industrie oder in Mehrfamilienh\u00e4usern.<\/p>\n<p>Kompatibel mit der Hi-O-Can-Bus-Technologie bietet es hohe Sicherheit, zuverl\u00e4ssigen Betrieb und eine R\u00fcckw\u00e4rtssperrfunktion im stromlosen Modus.<\/p>\n<p class=\"\" data-start=\"394\" data-end=\"787\">ASSA Electric Strike 911C ist eine zuverl\u00e4ssige L\u00f6sung f\u00fcr Sicherheitsanforderungen in verschiedenen Umgebungen wie B\u00fcros, Industrie, Wohnh\u00e4usern und \u00f6ffentlichen Bereichen.<\/p>\n<p class=\"\" data-start=\"394\" data-end=\"787\">Es eignet sich besonders gut als Tagesschloss sowohl zum Schutz der Schale als auch zur Innenverriegelung. Der elektrische T\u00fcr\u00f6ffner ist f\u00fcr die Verwendung mit Einzel- oder Doppelriegelschl\u00f6ssern konzipiert und ist zudem vollst\u00e4ndig mit der Hi-O-Can-Bus-Technologie kompatibel.<\/p>\n<p class=\"\" data-start=\"789\" data-end=\"1246\">Eines der Hauptmerkmale des 911C ist seine R\u00fcckw\u00e4rtsfunktion, das hei\u00dft, er ist im stromlosen Zustand entriegelt.<\/p>\n<p class=\"\" data-start=\"789\" data-end=\"1246\">Die hohe Bruchfestigkeit von 8 kN (800 kg) und die verbesserte Streifendruckfunktion gew\u00e4hrleisten die Funktion auch unter anspruchsvollen Bedingungen.<\/p>\n<p class=\"\" data-start=\"789\" data-end=\"1246\">Das Schlossgeh\u00e4use besteht aus einer Zinklegierung und verf\u00fcgt \u00fcber einen bronzenen Drehverschluss f\u00fcr zus\u00e4tzliche Haltbarkeit und Sicherheit.<\/p>\n<p class=\"\" data-start=\"789\" data-end=\"1246\">Das elektrische T\u00fcrschloss verf\u00fcgt au\u00dferdem \u00fcber eine hervorragende Sto\u00df- und Schlagfestigkeit, um Manipulationen vorzubeugen.<\/p>\n<p class=\"\" data-start=\"1248\" data-end=\"1276\"><strong data-start=\"1248\" data-end=\"1276\">Funktionen und Vorteile:<\/strong><\/p>\n<ul data-start=\"1277\" data-end=\"1476\">\n<li class=\"\" data-start=\"1277\" data-end=\"1321\">\n<p class=\"\" data-start=\"1279\" data-end=\"1321\">R\u00fccklauffunktion (entriegelt im stromlosen Zustand)<\/p>\n<\/li>\n<li class=\"\" data-start=\"1322\" data-end=\"1350\">\n<p class=\"\" data-start=\"1324\" data-end=\"1350\">Hohe Bruchfestigkeit (8 kN)<\/p>\n<\/li>\n<li class=\"\" data-start=\"1351\" data-end=\"1388\">\n<p class=\"\" data-start=\"1353\" data-end=\"1388\">Kompatibel mit der Hi-O-Can-Bus-Technologie<\/p>\n<\/li>\n<li class=\"\" data-start=\"1389\" data-end=\"1429\">\n<p class=\"\" data-start=\"1391\" data-end=\"1429\">Verzinktes Schlossgeh\u00e4use und bronzener Drehverschluss<\/p>\n<\/li>\n<li class=\"\" data-start=\"1430\" data-end=\"1476\">\n<p class=\"\" data-start=\"1432\" data-end=\"1476\">Verbesserte Listendruckfunktion f\u00fcr l\u00e4ngere Haltbarkeit<\/p>\n<\/li>\n<\/ul>\n<p class=\"\" data-start=\"1478\" data-end=\"1504\"><strong data-start=\"1478\" data-end=\"1504\">Technische Spezifikation:<\/strong><\/p>\n<ul data-start=\"1505\" data-end=\"1825\">\n<li class=\"\" data-start=\"1505\" data-end=\"1529\">\n<p class=\"\" data-start=\"1507\" data-end=\"1529\">Eingebauter \u00dcberspannungsschutz<\/p>\n<\/li>\n<li class=\"\" data-start=\"1530\" data-end=\"1567\">\n<p class=\"\" data-start=\"1532\" data-end=\"1567\">Stromversorgung 12-24VAC\/VDC \u00b110 %<\/p>\n<\/li>\n<li class=\"\" data-start=\"1568\" data-end=\"1613\">\n<p class=\"\" data-start=\"1570\" data-end=\"1613\">Anlaufstrom bei 24V: 250mA, Betriebsstrom: 80mA<\/p>\n<\/li>\n<li class=\"\" data-start=\"1614\" data-end=\"1660\">\n<p class=\"\" data-start=\"1616\" data-end=\"1660\">Anlaufstrom bei 12V: 500mA, Betriebsstrom: 160mA<\/p>\n<\/li>\n<li class=\"\" data-start=\"1661\" data-end=\"1690\">\n<p class=\"\" data-start=\"1663\" data-end=\"1690\">T\u00fcranschlag: Rechts\/Links<\/p>\n<\/li>\n<li class=\"\" data-start=\"1691\" data-end=\"1726\">\n<p class=\"\" data-start=\"1693\" data-end=\"1726\">Schlosstyp: Einzelriegelschloss, Doppelriegelschloss<\/p>\n<\/li>\n<li class=\"\" data-start=\"1727\" data-end=\"1771\">\n<p class=\"\" data-start=\"1729\" data-end=\"1771\">Max. Spannung: 27,6 V, Min. Spannung: 10,8 V<\/p>\n<\/li>\n<li class=\"\" data-start=\"1772\" data-end=\"1802\">\n<p class=\"\" data-start=\"1774\" data-end=\"1802\">Farbe\/Oberfl\u00e4chenbehandlung: Verzinkt<\/p>\n<\/li>\n<li class=\"\" data-start=\"1803\" data-end=\"1825\">\n<p class=\"\" data-start=\"1805\" data-end=\"1825\">Produkth\u00f6he: 140 mm<\/p>\n<\/li>\n<\/ul>","protected":false},"excerpt":{"rendered":"<h5><a href=\"https:\/\/elslutblecksguiden.se\/\" target=\"_blank\" rel=\"noopener\">Anleitung f\u00fcr ASSA Elektroschl\u00f6sser, Motorschl\u00f6sser, Elektro-Schlie\u00dfbleche und Ersatzanleitung<\/a><\/h5>","protected":false},"featured_media":159499,"template":"","meta":{"_acf_changed":false},"product_brand":[],"product_cat":[3355],"product_tag":[4196,4201,2967],"class_list":{"0":"post-91557","1":"product","2":"type-product","3":"status-publish","4":"has-post-thumbnail","6":"product_cat-elslutbleck","7":"product_tag-12-24v","8":"product_tag-omvand","9":"product_tag-rg-assa-abloy","10":"product_shipping_class-tunga-paket","11":"pa_brands-abloy","12":"tm-no-options","14":"first","15":"onbackorder","16":"sale","17":"taxable","18":"shipping-taxable","19":"purchasable","20":"product-type-simple"},"acf":[],"_links":{"self":[{"href":"https:\/\/secureus.se\/de\/wp-json\/wp\/v2\/product\/91557","targetHints":{"allow":["GET"]}}],"collection":[{"href":"https:\/\/secureus.se\/de\/wp-json\/wp\/v2\/product"}],"about":[{"href":"https:\/\/secureus.se\/de\/wp-json\/wp\/v2\/types\/product"}],"wp:featuredmedia":[{"embeddable":true,"href":"https:\/\/secureus.se\/de\/wp-json\/wp\/v2\/media\/159499"}],"wp:attachment":[{"href":"https:\/\/secureus.se\/de\/wp-json\/wp\/v2\/media?parent=91557"}],"wp:term":[{"taxonomy":"product_brand","embeddable":true,"href":"https:\/\/secureus.se\/de\/wp-json\/wp\/v2\/product_brand?post=91557"},{"taxonomy":"product_cat","embeddable":true,"href":"https:\/\/secureus.se\/de\/wp-json\/wp\/v2\/product_cat?post=91557"},{"taxonomy":"product_tag","embeddable":true,"href":"https:\/\/secureus.se\/de\/wp-json\/wp\/v2\/product_tag?post=91557"}],"curies":[{"name":"wp","href":"https:\/\/api.w.org\/{rel}","templated":true}]}}