{"id":91558,"date":"2023-09-27T18:13:30","date_gmt":"2023-09-27T16:13:30","guid":{"rendered":"https:\/\/secureus.se\/elslutbleck-920c-rattvand-hi-o-12-24v\/"},"modified":"2026-04-23T12:23:14","modified_gmt":"2026-04-23T10:23:14","slug":"elslutbleck-920c-rattvand-hi-o-12-24v","status":"publish","type":"product","link":"https:\/\/secureus.se\/de\/elslutbleck-920c-rattvand-hi-o-12-24v\/","title":{"rendered":"Elektrische Endplatte 920C, nach rechts gerichtet, Hi-O 12\u201324 V"},"content":{"rendered":"<h1>Elektrische Endplatte 920C, nach rechts gerichtet, Hi-O 12\u201324 V<\/h1>\n<p>Der ASSA T\u00fcr\u00f6ffner 920C der Serie 900 ist ideal f\u00fcr T\u00fcren mit normalem Sicherheitsbedarf und eignet sich gut als Tagesschloss f\u00fcr Rohbausicherungen, B\u00fcros, Industrie oder Mehrfamilienh\u00e4user.<\/p>\n<p>Es ist mit der Hi-O-Can-Bus-Technologie kompatibel, verf\u00fcgt \u00fcber eine Rechtsh\u00e4nderfunktion (in stromloser Position verriegelt) und bietet hohe Sicherheit mit einer Bruchfestigkeit von 10 kN und einer Feuerklassifizierung von E\/EI60.<\/p>\n<p class=\"\" data-start=\"450\" data-end=\"874\">ASSA Electric Strike 920C ist eine Sicherheitsl\u00f6sung f\u00fcr T\u00fcren, die in gewerblichen und industriellen Umgebungen sowie in Mehrfamilienh\u00e4usern normale Sicherheit erfordern.<\/p>\n<p class=\"\" data-start=\"450\" data-end=\"874\">Mit seiner reversiblen Funktion, bei der er in der stromlosen Position verriegelt ist, ist dieser elektrische T\u00fcr\u00f6ffner eine zuverl\u00e4ssige L\u00f6sung f\u00fcr den Rohbauschutz und die Innenverriegelung. Es ist mit der Hi-O-Can-Bus-Technologie kompatibel und l\u00e4sst sich daher problemlos in andere Sicherheitssysteme integrieren.<\/p>\n<p class=\"\" data-start=\"876\" data-end=\"1324\">Das elektrische T\u00fcr\u00f6ffnerblech \u00fcberzeugt mit einer Bruchfestigkeit von 10 kN (1000 kg) und bietet eine hohe Vibrations- und Sto\u00dffestigkeit gegen Manipulation.<\/p>\n<p class=\"\" data-start=\"876\" data-end=\"1324\">Das Schlossgeh\u00e4use besteht aus Stahl und verf\u00fcgt \u00fcber einen Stahldrehverschluss f\u00fcr zus\u00e4tzliche Haltbarkeit. Durch die verbesserte Schr\u00e4gdruckfunktion funktioniert es auch unter schwierigen Bedingungen effektiv.<\/p>\n<p class=\"\" data-start=\"876\" data-end=\"1324\">Seine Feuerbest\u00e4ndigkeitsklasse E\/EI60 stellt sicher, dass es auch \u00fcber Brandschutzeigenschaften f\u00fcr Umgebungen verf\u00fcgt, in denen die Brandklassifizierung wichtig ist.<\/p>\n<p class=\"\" data-start=\"1326\" data-end=\"1354\"><strong data-start=\"1326\" data-end=\"1354\">Funktionen und Vorteile:<\/strong><\/p>\n<ul data-start=\"1355\" data-end=\"1606\">\n<li class=\"\" data-start=\"1355\" data-end=\"1400\">\n<p class=\"\" data-start=\"1357\" data-end=\"1400\">Rechtsausrichtungsfunktion (Sperrung im stromlosen Zustand)<\/p>\n<\/li>\n<li class=\"\" data-start=\"1401\" data-end=\"1435\">\n<p class=\"\" data-start=\"1403\" data-end=\"1435\">Brandklasse E\/EI60 f\u00fcr erh\u00f6hten Schutz<\/p>\n<\/li>\n<li class=\"\" data-start=\"1436\" data-end=\"1476\">\n<p class=\"\" data-start=\"1438\" data-end=\"1476\">Hohe Bruchfestigkeit von 10 kN (1000 kg)<\/p>\n<\/li>\n<li class=\"\" data-start=\"1477\" data-end=\"1514\">\n<p class=\"\" data-start=\"1479\" data-end=\"1514\">Kompatibel mit der Hi-O-Can-Bus-Technologie<\/p>\n<\/li>\n<li class=\"\" data-start=\"1515\" data-end=\"1554\">\n<p class=\"\" data-start=\"1517\" data-end=\"1554\">Verzinktes Schlossgeh\u00e4use und Stahl-Drehriegel<\/p>\n<\/li>\n<li class=\"\" data-start=\"1555\" data-end=\"1606\">\n<p class=\"\" data-start=\"1557\" data-end=\"1606\">Verbesserte Streifendruckfunktion f\u00fcr lange Haltbarkeit<\/p>\n<\/li>\n<\/ul>\n<p class=\"\" data-start=\"1608\" data-end=\"1634\"><strong data-start=\"1608\" data-end=\"1634\">Technische Spezifikation:<\/strong><\/p>\n<ul data-start=\"1635\" data-end=\"1955\">\n<li class=\"\" data-start=\"1635\" data-end=\"1659\">\n<p class=\"\" data-start=\"1637\" data-end=\"1659\">Eingebauter \u00dcberspannungsschutz<\/p>\n<\/li>\n<li class=\"\" data-start=\"1660\" data-end=\"1697\">\n<p class=\"\" data-start=\"1662\" data-end=\"1697\">Stromversorgung 12-24VAC\/VDC \u00b110 %<\/p>\n<\/li>\n<li class=\"\" data-start=\"1698\" data-end=\"1743\">\n<p class=\"\" data-start=\"1700\" data-end=\"1743\">Anlaufstrom bei 24V: 250mA, Betriebsstrom: 80mA<\/p>\n<\/li>\n<li class=\"\" data-start=\"1744\" data-end=\"1790\">\n<p class=\"\" data-start=\"1746\" data-end=\"1790\">Anlaufstrom bei 12V: 500mA, Betriebsstrom: 160mA<\/p>\n<\/li>\n<li class=\"\" data-start=\"1791\" data-end=\"1820\">\n<p class=\"\" data-start=\"1793\" data-end=\"1820\">T\u00fcranschlag: Rechts\/Links<\/p>\n<\/li>\n<li class=\"\" data-start=\"1821\" data-end=\"1856\">\n<p class=\"\" data-start=\"1823\" data-end=\"1856\">Schlosstyp: Einzelriegelschloss, Doppelriegelschloss<\/p>\n<\/li>\n<li class=\"\" data-start=\"1857\" data-end=\"1901\">\n<p class=\"\" data-start=\"1859\" data-end=\"1901\">Max. Spannung: 27,6 V, Min. Spannung: 10,8 V<\/p>\n<\/li>\n<li class=\"\" data-start=\"1902\" data-end=\"1932\">\n<p class=\"\" data-start=\"1904\" data-end=\"1932\">Farbe\/Oberfl\u00e4chenbehandlung: Verzinkt<\/p>\n<\/li>\n<li class=\"\" data-start=\"1933\" data-end=\"1955\">\n<p class=\"\" data-start=\"1935\" data-end=\"1955\">Produkth\u00f6he: 140 mm<\/p>\n<\/li>\n<\/ul>","protected":false},"excerpt":{"rendered":"<h5><a href=\"https:\/\/elslutblecksguiden.se\/\" target=\"_blank\" rel=\"noopener\">Anleitung f\u00fcr ASSA Elektroschl\u00f6sser, Motorschl\u00f6sser, Elektro-Schlie\u00dfbleche und Ersatzanleitung<\/a><\/h5>","protected":false},"featured_media":159500,"template":"","meta":{"_acf_changed":false},"product_brand":[],"product_cat":[3355],"product_tag":[4196,4200,2967],"class_list":{"0":"post-91558","1":"product","2":"type-product","3":"status-publish","4":"has-post-thumbnail","6":"product_cat-elslutbleck","7":"product_tag-12-24v","8":"product_tag-rattvand","9":"product_tag-rg-assa-abloy","10":"product_shipping_class-tunga-paket","11":"pa_brands-abloy","12":"tm-no-options","14":"first","15":"onbackorder","16":"sale","17":"taxable","18":"shipping-taxable","19":"purchasable","20":"product-type-simple"},"acf":[],"_links":{"self":[{"href":"https:\/\/secureus.se\/de\/wp-json\/wp\/v2\/product\/91558","targetHints":{"allow":["GET"]}}],"collection":[{"href":"https:\/\/secureus.se\/de\/wp-json\/wp\/v2\/product"}],"about":[{"href":"https:\/\/secureus.se\/de\/wp-json\/wp\/v2\/types\/product"}],"wp:featuredmedia":[{"embeddable":true,"href":"https:\/\/secureus.se\/de\/wp-json\/wp\/v2\/media\/159500"}],"wp:attachment":[{"href":"https:\/\/secureus.se\/de\/wp-json\/wp\/v2\/media?parent=91558"}],"wp:term":[{"taxonomy":"product_brand","embeddable":true,"href":"https:\/\/secureus.se\/de\/wp-json\/wp\/v2\/product_brand?post=91558"},{"taxonomy":"product_cat","embeddable":true,"href":"https:\/\/secureus.se\/de\/wp-json\/wp\/v2\/product_cat?post=91558"},{"taxonomy":"product_tag","embeddable":true,"href":"https:\/\/secureus.se\/de\/wp-json\/wp\/v2\/product_tag?post=91558"}],"curies":[{"name":"wp","href":"https:\/\/api.w.org\/{rel}","templated":true}]}}