{"id":91559,"date":"2023-09-27T18:13:29","date_gmt":"2023-09-27T16:13:29","guid":{"rendered":"https:\/\/secureus.se\/elslutbleck-960c-rattvand-12-24v-hi-o-kolvkontakt-5m-kabel\/"},"modified":"2026-04-08T16:03:50","modified_gmt":"2026-04-08T14:03:50","slug":"elslutbleck-960c-rattvand-12-24v-hi-o-kolvkontakt-5m-kabel","status":"publish","type":"product","link":"https:\/\/secureus.se\/de\/elslutbleck-960c-rattvand-12-24v-hi-o-kolvkontakt-5m-kabel\/","title":{"rendered":"Elektrische Anschlussplatte 960C Nach rechts gerichteter 12\u201324 V Hi-O-Kolbenanschluss, 5 m Kabel"},"content":{"rendered":"<h1>Elektrische Anschlussplatte 960C Nach rechts gerichteter 12\u201324 V Hi-O-Kolbenanschluss, 5 m Kabel<\/h1>\n<p>Der elektrische T\u00fcr\u00f6ffner 960C von ASSA ABLOY ist f\u00fcr T\u00fcren mit hohen Anforderungen an T\u00fcr\u00f6ffnerdruck und Sicherheit konzipiert.<\/p>\n<p>Es ist eine zuverl\u00e4ssige L\u00f6sung f\u00fcr den Rohbauschutz und die Innenverriegelung in Gewerbe, B\u00fcro und Industrie.<\/p>\n<p>Kompatibel mit der Hi-O-Can-Bus-Technologie und ausgestattet mit Kolbenstecker und 5 m Anschlusskabel.<\/p>\n<p>Das elektrische T\u00fcr\u00f6ffnerblech verf\u00fcgt \u00fcber eine hohe Bruchfestigkeit von 15 kN und die Brandklasse E\/EI 120 f\u00fcr zus\u00e4tzliche Sicherheit.<\/p>\n<p class=\"\" data-start=\"492\" data-end=\"962\">Der ASSA ABLOY Electric Strike 960C ist eine robuste Sicherheitsl\u00f6sung f\u00fcr T\u00fcren, die hohe Anforderungen an Schlie\u00dfdruck und Sicherheit stellen.<\/p>\n<p class=\"\" data-start=\"492\" data-end=\"962\">Es eignet sich ideal f\u00fcr den Tagesverschluss im Rohbau, in B\u00fcros, der Industrie und in \u00f6ffentlichen Bereichen von Mehrfamilienh\u00e4usern.<\/p>\n<p class=\"\" data-start=\"492\" data-end=\"962\">Der elektrische T\u00fcr\u00f6ffner ist f\u00fcr den Einsatz in T\u00fcren mit verriegelten Ein- oder Doppelfallenschl\u00f6ssern konzipiert und ist mit der Hi-O Can-Bus-Technologie kompatibel, wodurch die Integration in moderne Sicherheitssysteme m\u00f6glich ist.<\/p>\n<p class=\"\" data-start=\"964\" data-end=\"1445\">Der 960C \u00fcberzeugt durch seine Features wie die Rechtsausrichtungsfunktion (Entriegelung bei Stromausfall) und die hohe Bruchfestigkeit von 15 kN (1500 kg) und ist damit ideal f\u00fcr hohe Sicherheitsanforderungen.<\/p>\n<p class=\"\" data-start=\"964\" data-end=\"1445\">Es ist bis zu E\/EI 120 feuerbest\u00e4ndig und bietet so zus\u00e4tzliche Sicherheit in brandgef\u00e4hrdeten Umgebungen.<\/p>\n<p class=\"\" data-start=\"964\" data-end=\"1445\">Das elektrische T\u00fcr\u00f6ffnerblech verf\u00fcgt zudem \u00fcber eine hohe Sto\u00df- und Schlagfestigkeit, die vor Manipulation sch\u00fctzt.<\/p>\n<p class=\"\" data-start=\"964\" data-end=\"1445\">Das mitgelieferte 5-Meter-Anschlusskabel und der Kolbenstecker machen die Installation einfach und flexibel.<\/p>\n<p class=\"\" data-start=\"1447\" data-end=\"1475\"><strong data-start=\"1447\" data-end=\"1475\">Funktionen und Vorteile:<\/strong><\/p>\n<ul data-start=\"1476\" data-end=\"1746\">\n<li class=\"\" data-start=\"1476\" data-end=\"1525\">\n<p class=\"\" data-start=\"1478\" data-end=\"1525\">Vorw\u00e4rtsfunktion (bei Stromausfall entriegelt)<\/p>\n<\/li>\n<li class=\"\" data-start=\"1526\" data-end=\"1562\">\n<p class=\"\" data-start=\"1528\" data-end=\"1562\">Bruchfestigkeit von 15 kN (1500 kg)<\/p>\n<\/li>\n<li class=\"\" data-start=\"1563\" data-end=\"1593\">\n<p class=\"\" data-start=\"1565\" data-end=\"1593\">Brandklasse bis E\/EI 120<\/p>\n<\/li>\n<li class=\"\" data-start=\"1594\" data-end=\"1622\">\n<p class=\"\" data-start=\"1596\" data-end=\"1622\">Hohe Sto\u00df- und Schlagfestigkeit<\/p>\n<\/li>\n<li class=\"\" data-start=\"1623\" data-end=\"1659\">\n<p class=\"\" data-start=\"1625\" data-end=\"1659\">Verzinktes Geh\u00e4use und Stahl-Schwenkkopf<\/p>\n<\/li>\n<li class=\"\" data-start=\"1660\" data-end=\"1697\">\n<p class=\"\" data-start=\"1662\" data-end=\"1697\">Kompatibel mit der Hi-O-Can-Bus-Technologie<\/p>\n<\/li>\n<li class=\"\" data-start=\"1698\" data-end=\"1746\">\n<p class=\"\" data-start=\"1700\" data-end=\"1746\">Inklusive 5m Anschlusskabel und Kolbenverbinder<\/p>\n<\/li>\n<\/ul>\n<p class=\"\" data-start=\"1748\" data-end=\"1774\"><strong data-start=\"1748\" data-end=\"1774\">Technische Spezifikation:<\/strong><\/p>\n<ul data-start=\"1775\" data-end=\"2147\">\n<li class=\"\" data-start=\"1775\" data-end=\"1799\">\n<p class=\"\" data-start=\"1777\" data-end=\"1799\">Eingebauter \u00dcberspannungsschutz<\/p>\n<\/li>\n<li class=\"\" data-start=\"1800\" data-end=\"1840\">\n<p class=\"\" data-start=\"1802\" data-end=\"1840\">Stromversorgung 12-24VAC\/DC \u00b110% +15%<\/p>\n<\/li>\n<li class=\"\" data-start=\"1841\" data-end=\"1887\">\n<p class=\"\" data-start=\"1843\" data-end=\"1887\">Anlaufstrom bei 24V: 240mA, Betriebsstrom: 145mA<\/p>\n<\/li>\n<li class=\"\" data-start=\"1888\" data-end=\"1934\">\n<p class=\"\" data-start=\"1890\" data-end=\"1934\">Anlaufstrom bei 12V: 620mA, Betriebsstrom: 310mA<\/p>\n<\/li>\n<li class=\"\" data-start=\"1935\" data-end=\"1960\">\n<p class=\"\" data-start=\"1937\" data-end=\"1960\">Feuergetestet 120 Minuten<\/p>\n<\/li>\n<li class=\"\" data-start=\"1961\" data-end=\"1990\">\n<p class=\"\" data-start=\"1963\" data-end=\"1990\">T\u00fcranschlag: Rechts\/Links<\/p>\n<\/li>\n<li class=\"\" data-start=\"1991\" data-end=\"2026\">\n<p class=\"\" data-start=\"1993\" data-end=\"2026\">Schlosstyp: Einzelriegelschloss, Doppelriegelschloss<\/p>\n<\/li>\n<li class=\"\" data-start=\"2027\" data-end=\"2071\">\n<p class=\"\" data-start=\"2029\" data-end=\"2071\">Max. Spannung: 27,6 V, Min. Spannung: 10,8 V<\/p>\n<\/li>\n<li class=\"\" data-start=\"2072\" data-end=\"2102\">\n<p class=\"\" data-start=\"2074\" data-end=\"2102\">Farbe\/Oberfl\u00e4chenbehandlung: Verzinkt<\/p>\n<\/li>\n<li class=\"\" data-start=\"2103\" data-end=\"2125\">\n<p class=\"\" data-start=\"2105\" data-end=\"2125\">Produkth\u00f6he: 140 mm<\/p>\n<\/li>\n<li class=\"\" data-start=\"2126\" data-end=\"2147\">\n<p class=\"\" data-start=\"2128\" data-end=\"2147\">Kabell\u00e4nge: 5 Meter<\/p>\n<\/li>\n<\/ul>","protected":false},"excerpt":{"rendered":"<h5><a href=\"https:\/\/elslutblecksguiden.se\/\" target=\"_blank\" rel=\"noopener\">Anleitung f\u00fcr ASSA Elektroschl\u00f6sser, Motorschl\u00f6sser, Elektro-Schlie\u00dfbleche und Ersatzanleitung<\/a><\/h5>","protected":false},"featured_media":138779,"template":"","meta":{"_acf_changed":false},"product_brand":[],"product_cat":[3355],"product_tag":[4196,4200,2967],"class_list":{"0":"post-91559","1":"product","2":"type-product","3":"status-publish","4":"has-post-thumbnail","6":"product_cat-elslutbleck","7":"product_tag-12-24v","8":"product_tag-rattvand","9":"product_tag-rg-assa-abloy","10":"product_shipping_class-tunga-paket","11":"pa_brands-abloy","12":"tm-no-options","14":"first","15":"instock","16":"sale","17":"taxable","18":"shipping-taxable","19":"purchasable","20":"product-type-simple"},"acf":[],"_links":{"self":[{"href":"https:\/\/secureus.se\/de\/wp-json\/wp\/v2\/product\/91559","targetHints":{"allow":["GET"]}}],"collection":[{"href":"https:\/\/secureus.se\/de\/wp-json\/wp\/v2\/product"}],"about":[{"href":"https:\/\/secureus.se\/de\/wp-json\/wp\/v2\/types\/product"}],"wp:featuredmedia":[{"embeddable":true,"href":"https:\/\/secureus.se\/de\/wp-json\/wp\/v2\/media\/138779"}],"wp:attachment":[{"href":"https:\/\/secureus.se\/de\/wp-json\/wp\/v2\/media?parent=91559"}],"wp:term":[{"taxonomy":"product_brand","embeddable":true,"href":"https:\/\/secureus.se\/de\/wp-json\/wp\/v2\/product_brand?post=91559"},{"taxonomy":"product_cat","embeddable":true,"href":"https:\/\/secureus.se\/de\/wp-json\/wp\/v2\/product_cat?post=91559"},{"taxonomy":"product_tag","embeddable":true,"href":"https:\/\/secureus.se\/de\/wp-json\/wp\/v2\/product_tag?post=91559"}],"curies":[{"name":"wp","href":"https:\/\/api.w.org\/{rel}","templated":true}]}}