{"id":91560,"date":"2023-09-27T18:13:27","date_gmt":"2023-09-27T16:13:27","guid":{"rendered":"https:\/\/secureus.se\/elslutbleck-992m-omstallbar-12-24v-kolvkontakt\/"},"modified":"2026-03-25T15:43:34","modified_gmt":"2026-03-25T14:43:34","slug":"elslutbleck-992m-omstallbar-12-24v-kolvkontakt","status":"publish","type":"product","link":"https:\/\/secureus.se\/de\/elslutbleck-992m-omstallbar-12-24v-kolvkontakt\/","title":{"rendered":"Elektrische Anschlussplatte 992M, verstellbar, 12\u201324 V, Kolbenkontakt"},"content":{"rendered":"<h1>Elektrische Anschlussplatte 992M, verstellbar, 12\u201324 V, Kolbenkontakt<\/h1>\n<p>ASSA ABLOY 992M elektrischer T\u00fcr\u00f6ffner mit Doppeldrehpunkt und Kolbenkontakt f\u00fcr T\u00fcren mit Anforderungen an T\u00fcrautomatisierung, Feuer, Evakuierung und Wiedereintritt. Umschaltbare Vorw\u00e4rts-\/R\u00fcckw\u00e4rtsfunktion. Feuerbest\u00e4ndig bis E\/EI 120.<\/p>\n<p>ASSA ABLOY 992M ist ein hochwertiger elektrischer T\u00fcr\u00f6ffner mit Doppeldrehpunkt, perfekt f\u00fcr T\u00fcren, die T\u00fcrautomatisierung, Feuerbest\u00e4ndigkeit sowie Evakuierung und Wiedereintritt erfordern.<\/p>\n<p>Dieser elektrische T\u00fcr\u00f6ffner verf\u00fcgt \u00fcber eine Umkehrfunktion, die sowohl vorw\u00e4rts als auch r\u00fcckw\u00e4rts verwendet werden kann, was f\u00fcr Flexibilit\u00e4t bei der Installation sorgt.<\/p>\n<p>Mit einer Bruchfestigkeit von 9 kN (ca. 900 kg) und einem hohen Ma\u00df an Sicherheit beim Sto\u00df- und Schlagschutz ist es eine robuste Option f\u00fcr Sicherheitsl\u00f6sungen.<\/p>\n<p>Das Schlossgeh\u00e4use ist aus Stahl gefertigt und auch der Drehriegel ist aus Stahl gefertigt, was f\u00fcr lange Haltbarkeit und Zuverl\u00e4ssigkeit sorgt. Durch die Feuerbest\u00e4ndigkeit von E\/EI 120 ist es f\u00fcr brandgef\u00e4hrdete Umgebungen geeignet.<\/p>\n<p class=\"\" data-start=\"1030\" data-end=\"1047\"><strong data-start=\"1030\" data-end=\"1044\">Eigenschaften<\/strong>:<\/p>\n<ul data-start=\"1048\" data-end=\"1271\">\n<li class=\"\" data-start=\"1048\" data-end=\"1083\">\n<p class=\"\" data-start=\"1050\" data-end=\"1083\">Doppelter Drallabfall und Kolbenkontakt<\/p>\n<\/li>\n<li class=\"\" data-start=\"1084\" data-end=\"1129\">\n<p class=\"\" data-start=\"1086\" data-end=\"1129\">Leicht einstellbare Vorw\u00e4rts-\/R\u00fcckw\u00e4rtsfunktion<\/p>\n<\/li>\n<li class=\"\" data-start=\"1130\" data-end=\"1167\">\n<p class=\"\" data-start=\"1132\" data-end=\"1167\">Bruchfestigkeit: 9 kN (ca. 900 kg)<\/p>\n<\/li>\n<li class=\"\" data-start=\"1168\" data-end=\"1198\">\n<p class=\"\" data-start=\"1170\" data-end=\"1198\">Hohe Sto\u00df- und Schlagfestigkeit<\/p>\n<\/li>\n<li class=\"\" data-start=\"1199\" data-end=\"1217\">\n<p class=\"\" data-start=\"1201\" data-end=\"1217\">Schlossgeh\u00e4use aus Stahl<\/p>\n<\/li>\n<li class=\"\" data-start=\"1218\" data-end=\"1238\">\n<p class=\"\" data-start=\"1220\" data-end=\"1238\">Drehgeh\u00e4use aus Stahl<\/p>\n<\/li>\n<li class=\"\" data-start=\"1239\" data-end=\"1271\">\n<p class=\"\" data-start=\"1241\" data-end=\"1271\">Brandschutzklasse bis E\/EI 120<\/p>\n<\/li>\n<\/ul>\n<p class=\"\" data-start=\"1273\" data-end=\"1301\"><strong data-start=\"1273\" data-end=\"1298\">Technische Spezifikation<\/strong>:<\/p>\n<ul data-start=\"1302\" data-end=\"1793\">\n<li class=\"\" data-start=\"1302\" data-end=\"1343\">\n<p class=\"\" data-start=\"1304\" data-end=\"1343\">Multifunktion: 12-24 VDC (-10% \/ +15%)<\/p>\n<\/li>\n<li class=\"\" data-start=\"1344\" data-end=\"1388\">\n<p class=\"\" data-start=\"1346\" data-end=\"1388\">Stromaufnahme max.: 250mA pro Umdrehung<\/p>\n<\/li>\n<li class=\"\" data-start=\"1389\" data-end=\"1413\">\n<p class=\"\" data-start=\"1391\" data-end=\"1413\">Feuergetestet: 120 min<\/p>\n<\/li>\n<li class=\"\" data-start=\"1414\" data-end=\"1445\">\n<p class=\"\" data-start=\"1416\" data-end=\"1445\">Bruchfestigkeit max: 900 kg<\/p>\n<\/li>\n<li class=\"\" data-start=\"1446\" data-end=\"1478\">\n<p class=\"\" data-start=\"1448\" data-end=\"1478\">T\u00fcranschlag: Rechts, Links<\/p>\n<\/li>\n<li class=\"\" data-start=\"1479\" data-end=\"1499\">\n<p class=\"\" data-start=\"1481\" data-end=\"1499\">Kabel enthalten: Nein<\/p>\n<\/li>\n<li class=\"\" data-start=\"1500\" data-end=\"1520\">\n<p class=\"\" data-start=\"1502\" data-end=\"1520\">Streifendruck: 50 kg<\/p>\n<\/li>\n<li class=\"\" data-start=\"1521\" data-end=\"1545\">\n<p class=\"\" data-start=\"1523\" data-end=\"1545\">Schlosstyp: Doppelriegelschloss<\/p>\n<\/li>\n<li class=\"\" data-start=\"1546\" data-end=\"1569\">\n<p class=\"\" data-start=\"1548\" data-end=\"1569\">Bauprodukt bewertet: Nein<\/p>\n<\/li>\n<li class=\"\" data-start=\"1570\" data-end=\"1596\">\n<p class=\"\" data-start=\"1572\" data-end=\"1596\">Betriebsspannung: 12V\/24V<\/p>\n<\/li>\n<li class=\"\" data-start=\"1597\" data-end=\"1620\">\n<p class=\"\" data-start=\"1599\" data-end=\"1620\">Doppelter Twist Drop: Ja<\/p>\n<\/li>\n<li class=\"\" data-start=\"1621\" data-end=\"1654\">\n<p class=\"\" data-start=\"1623\" data-end=\"1654\">Farbe\/Oberfl\u00e4chenbehandlung: Unbehandelt<\/p>\n<\/li>\n<li class=\"\" data-start=\"1655\" data-end=\"1674\">\n<p class=\"\" data-start=\"1657\" data-end=\"1674\">Kolbenkontakt: Ja<\/p>\n<\/li>\n<li class=\"\" data-start=\"1675\" data-end=\"1722\">\n<p class=\"\" data-start=\"1677\" data-end=\"1722\">Vorw\u00e4rts\/R\u00fcckw\u00e4rts: Umschaltbar vorw\u00e4rts\/r\u00fcckw\u00e4rts<\/p>\n<\/li>\n<li class=\"\" data-start=\"1723\" data-end=\"1745\">\n<p class=\"\" data-start=\"1725\" data-end=\"1745\">Spannung AC\/DC: DC<\/p>\n<\/li>\n<li class=\"\" data-start=\"1746\" data-end=\"1770\">\n<p class=\"\" data-start=\"1748\" data-end=\"1770\">Spannung max: 27,6 V<\/p>\n<\/li>\n<li class=\"\" data-start=\"1771\" data-end=\"1793\">\n<p class=\"\" data-start=\"1773\" data-end=\"1793\">Spannung min.: 10,8 V<\/p>\n<\/li>\n<\/ul>","protected":false},"excerpt":{"rendered":"<h5><a href=\"https:\/\/elslutblecksguiden.se\/\" target=\"_blank\" rel=\"noopener\">Anleitung f\u00fcr ASSA Elektroschl\u00f6sser, Motorschl\u00f6sser, Elektro-Schlie\u00dfbleche und Ersatzanleitung<\/a><\/h5>","protected":false},"featured_media":138625,"template":"","meta":{"_acf_changed":false},"product_brand":[],"product_cat":[3355],"product_tag":[4196,4202,2967],"class_list":{"0":"post-91560","1":"product","2":"type-product","3":"status-publish","4":"has-post-thumbnail","6":"product_cat-elslutbleck","7":"product_tag-12-24v","8":"product_tag-omstallbar-rattvand-omvand","9":"product_tag-rg-assa-abloy","10":"product_shipping_class-tunga-paket","11":"pa_brands-abloy","12":"tm-no-options","14":"first","15":"instock","16":"sale","17":"taxable","18":"shipping-taxable","19":"purchasable","20":"product-type-simple"},"acf":[],"_links":{"self":[{"href":"https:\/\/secureus.se\/de\/wp-json\/wp\/v2\/product\/91560","targetHints":{"allow":["GET"]}}],"collection":[{"href":"https:\/\/secureus.se\/de\/wp-json\/wp\/v2\/product"}],"about":[{"href":"https:\/\/secureus.se\/de\/wp-json\/wp\/v2\/types\/product"}],"wp:featuredmedia":[{"embeddable":true,"href":"https:\/\/secureus.se\/de\/wp-json\/wp\/v2\/media\/138625"}],"wp:attachment":[{"href":"https:\/\/secureus.se\/de\/wp-json\/wp\/v2\/media?parent=91560"}],"wp:term":[{"taxonomy":"product_brand","embeddable":true,"href":"https:\/\/secureus.se\/de\/wp-json\/wp\/v2\/product_brand?post=91560"},{"taxonomy":"product_cat","embeddable":true,"href":"https:\/\/secureus.se\/de\/wp-json\/wp\/v2\/product_cat?post=91560"},{"taxonomy":"product_tag","embeddable":true,"href":"https:\/\/secureus.se\/de\/wp-json\/wp\/v2\/product_tag?post=91560"}],"curies":[{"name":"wp","href":"https:\/\/api.w.org\/{rel}","templated":true}]}}