{"id":91561,"date":"2023-09-27T18:13:26","date_gmt":"2023-09-27T16:13:26","guid":{"rendered":"https:\/\/secureus.se\/elslutbleck-940m-rattvand-12-24v-kolvkontakt\/"},"modified":"2026-03-10T17:26:55","modified_gmt":"2026-03-10T16:26:55","slug":"elslutbleck-940m-rattvand-12-24v-kolvkontakt","status":"publish","type":"product","link":"https:\/\/secureus.se\/de\/elslutbleck-940m-rattvand-12-24v-kolvkontakt\/","title":{"rendered":"Elektrische Anschlussplatte 940M Nach rechts gerichteter 12-24V-Kolbenkontakt"},"content":{"rendered":"<div>\n<div>\n<h1>Elektrische Anschlussplatte 940M Nach rechts gerichteter 12-24V-Kolbenkontakt<\/h1>\n<p>ASSA ABLOY 940M ist ein elektrischer T\u00fcr\u00f6ffner f\u00fcr T\u00fcren mit normalen Sicherheitsanforderungen, konzipiert f\u00fcr den Einsatz in Gewerbe, B\u00fcro und Industrie. Geeignet f\u00fcr einfl\u00fcgelige und zweifl\u00fcgelige Schl\u00f6sser und bietet hohe Festigkeit und symmetrisches Design.<\/p>\n<p class=\"\" data-start=\"381\" data-end=\"714\">ASSA ABLOY 940M ist ein hochwertiger elektrischer T\u00fcr\u00f6ffner, ideal f\u00fcr Sicherheitsl\u00f6sungen in Geb\u00e4uden, die eine zuverl\u00e4ssige T\u00fcrverriegelung erfordern.<\/p>\n<p class=\"\" data-start=\"381\" data-end=\"714\">Es ist f\u00fcr die Verwendung mit ineinandergreifenden Einzel- und Doppelriegelschl\u00f6ssern konzipiert und eignet sich besonders gut f\u00fcr den Rohbauschutz, die Innenverriegelung sowie f\u00fcr Eing\u00e4nge und \u00f6ffentliche Bereiche in Mehrfamilienh\u00e4usern.<\/p>\n<p class=\"\" data-start=\"716\" data-end=\"1096\">Der rechte T\u00fcr\u00f6ffner ist im stromlosen Zustand verriegelt und bietet eine flexible L\u00f6sung f\u00fcr rechts- und linksangeschlagene T\u00fcren.<\/p>\n<p class=\"\" data-start=\"716\" data-end=\"1096\">Durch die Multivolt-Technologie (12-24V DC) und einer Bruchlast von 900 kg sind eine lange Lebensdauer und sichere Funktion unter wechselnden Einsatzbedingungen gew\u00e4hrleistet.<\/p>\n<p class=\"\" data-start=\"716\" data-end=\"1096\">Dar\u00fcber hinaus ist es sto\u00dffest und symmetrisch gestaltet, sodass eine einfache Installation m\u00f6glich ist.<\/p>\n<p class=\"\" data-start=\"1098\" data-end=\"1113\"><strong data-start=\"1098\" data-end=\"1113\">Eigenschaften:<\/strong><\/p>\n<ul data-start=\"1114\" data-end=\"1338\">\n<li class=\"\" data-start=\"1114\" data-end=\"1157\">\n<p class=\"\" data-start=\"1116\" data-end=\"1157\">Rechtsdrehende Funktion (im stromlosen Zustand gesperrt)<\/p>\n<\/li>\n<li class=\"\" data-start=\"1158\" data-end=\"1194\">\n<p class=\"\" data-start=\"1160\" data-end=\"1194\">Multispannung 12\u201324 V DC (-10\/+15%)<\/p>\n<\/li>\n<li class=\"\" data-start=\"1195\" data-end=\"1226\">\n<p class=\"\" data-start=\"1197\" data-end=\"1226\">Verriegelungsst\u00f6\u00dfelschalter (Mikroschalter)<\/p>\n<\/li>\n<li class=\"\" data-start=\"1227\" data-end=\"1251\">\n<p class=\"\" data-start=\"1229\" data-end=\"1251\">Streifendrucktechnik 50 kg<\/p>\n<\/li>\n<li class=\"\" data-start=\"1252\" data-end=\"1276\">\n<p class=\"\" data-start=\"1254\" data-end=\"1276\">Bruchfestigkeit 900 kg<\/p>\n<\/li>\n<li class=\"\" data-start=\"1277\" data-end=\"1338\">\n<p class=\"\" data-start=\"1279\" data-end=\"1338\">Sto\u00dffest und symmetrisch aufgebaut, rechts\/links umschaltbar<\/p>\n<\/li>\n<\/ul>\n<p class=\"\" data-start=\"1340\" data-end=\"1369\"><strong data-start=\"1340\" data-end=\"1369\">Technische Spezifikationen:<\/strong><\/p>\n<ul data-start=\"1370\" data-end=\"1860\">\n<li class=\"\" data-start=\"1370\" data-end=\"1410\">\n<p class=\"\" data-start=\"1372\" data-end=\"1410\">Stromversorgung: 12-24V DC (-10\/+15%)<\/p>\n<\/li>\n<li class=\"\" data-start=\"1411\" data-end=\"1452\">\n<p class=\"\" data-start=\"1413\" data-end=\"1452\">Anlaufstrom bei 24V: XX mA, Betrieb: XX mA<\/p>\n<\/li>\n<li class=\"\" data-start=\"1453\" data-end=\"1523\">\n<p class=\"\" data-start=\"1455\" data-end=\"1523\">Ruhestrom bei 24V: 0 mA (Vorw\u00e4rtsfunktion), XX mA (R\u00fcckw\u00e4rtsfunktion)<\/p>\n<\/li>\n<li class=\"\" data-start=\"1524\" data-end=\"1565\">\n<p class=\"\" data-start=\"1526\" data-end=\"1565\">Anlaufstrom bei 12V: XX mA, Betrieb: XX mA<\/p>\n<\/li>\n<li class=\"\" data-start=\"1566\" data-end=\"1636\">\n<p class=\"\" data-start=\"1568\" data-end=\"1636\">Ruhestrom bei 12V: 0 mA (Vorw\u00e4rtsfunktion), XX mA (R\u00fcckw\u00e4rtsfunktion)<\/p>\n<\/li>\n<li class=\"\" data-start=\"1637\" data-end=\"1662\">\n<p class=\"\" data-start=\"1639\" data-end=\"1662\">Bruchfestigkeit: 900 kg<\/p>\n<\/li>\n<li class=\"\" data-start=\"1663\" data-end=\"1693\">\n<p class=\"\" data-start=\"1665\" data-end=\"1693\">T\u00fcranschlag: Rechts, Links<\/p>\n<\/li>\n<li class=\"\" data-start=\"1694\" data-end=\"1712\">\n<p class=\"\" data-start=\"1696\" data-end=\"1712\">Kabel enthalten: Nein<\/p>\n<\/li>\n<li class=\"\" data-start=\"1713\" data-end=\"1731\">\n<p class=\"\" data-start=\"1715\" data-end=\"1731\">Streifendruck: 50 kg<\/p>\n<\/li>\n<li class=\"\" data-start=\"1732\" data-end=\"1767\">\n<p class=\"\" data-start=\"1734\" data-end=\"1767\">Schlosstyp: Einzelriegelschloss, Doppelriegelschloss<\/p>\n<\/li>\n<li class=\"\" data-start=\"1768\" data-end=\"1821\">\n<p class=\"\" data-start=\"1770\" data-end=\"1821\">Produktabmessungen: Breite: 28 mm, Tiefe: 25 mm, H\u00f6he: 90 mm<\/p>\n<\/li>\n<li class=\"\" data-start=\"1822\" data-end=\"1839\">\n<p class=\"\" data-start=\"1824\" data-end=\"1839\">Kolbenkontakt: Ja<\/p>\n<\/li>\n<li class=\"\" data-start=\"1840\" data-end=\"1860\">\n<p class=\"\" data-start=\"1842\" data-end=\"1860\">Spannung AC\/DC: DC<\/p>\n<\/li>\n<\/ul>\n<\/div>\n<\/div>","protected":false},"excerpt":{"rendered":"<h5><a href=\"https:\/\/elslutblecksguiden.se\/\" target=\"_blank\" rel=\"noopener\">Anleitung f\u00fcr ASSA Elektroschl\u00f6sser, Motorschl\u00f6sser, Elektro-Schlie\u00dfbleche und Ersatzanleitung<\/a><\/h5>","protected":false},"featured_media":140091,"template":"","meta":{"_acf_changed":false},"product_brand":[],"product_cat":[3355],"product_tag":[4196,4200,2967],"class_list":{"0":"post-91561","1":"product","2":"type-product","3":"status-publish","4":"has-post-thumbnail","6":"product_cat-elslutbleck","7":"product_tag-12-24v","8":"product_tag-rattvand","9":"product_tag-rg-assa-abloy","10":"product_shipping_class-tunga-paket","11":"pa_brands-abloy","12":"tm-no-options","14":"first","15":"instock","16":"sale","17":"taxable","18":"shipping-taxable","19":"purchasable","20":"product-type-simple"},"acf":[],"_links":{"self":[{"href":"https:\/\/secureus.se\/de\/wp-json\/wp\/v2\/product\/91561","targetHints":{"allow":["GET"]}}],"collection":[{"href":"https:\/\/secureus.se\/de\/wp-json\/wp\/v2\/product"}],"about":[{"href":"https:\/\/secureus.se\/de\/wp-json\/wp\/v2\/types\/product"}],"wp:featuredmedia":[{"embeddable":true,"href":"https:\/\/secureus.se\/de\/wp-json\/wp\/v2\/media\/140091"}],"wp:attachment":[{"href":"https:\/\/secureus.se\/de\/wp-json\/wp\/v2\/media?parent=91561"}],"wp:term":[{"taxonomy":"product_brand","embeddable":true,"href":"https:\/\/secureus.se\/de\/wp-json\/wp\/v2\/product_brand?post=91561"},{"taxonomy":"product_cat","embeddable":true,"href":"https:\/\/secureus.se\/de\/wp-json\/wp\/v2\/product_cat?post=91561"},{"taxonomy":"product_tag","embeddable":true,"href":"https:\/\/secureus.se\/de\/wp-json\/wp\/v2\/product_tag?post=91561"}],"curies":[{"name":"wp","href":"https:\/\/api.w.org\/{rel}","templated":true}]}}