{"id":91739,"date":"2024-05-16T11:14:35","date_gmt":"2024-05-16T09:14:35","guid":{"rendered":"https:\/\/secureus.se\/?post_type=product&#038;p=91739"},"modified":"2026-04-08T16:40:20","modified_gmt":"2026-04-08T14:40:20","slug":"vaktmastarnyckel-kopplingsskapsnyckel-knipex-twinkey","status":"publish","type":"product","link":"https:\/\/secureus.se\/de\/vaktmastarnyckel-kopplingsskapsnyckel-knipex-twinkey\/","title":{"rendered":"W\u00c4CHTERSCHL\u00dcSSEL KUPPLUNGSSCHRANKSCHL\u00dcSSEL KNIPEX TWINKEY"},"content":{"rendered":"<p>10 Profile. 2 Kreuze. 1 Schl\u00fcssel. Alle g\u00e4ngigen Schlie\u00dfsysteme. Multifunktionsschl\u00fcssel zur Bedienung von Schlie\u00dfanlagen in den Bereichen Geb\u00e4udetechnik (Sanit\u00e4r, Klima- und L\u00fcftungstechnik, Elektrotechnik), Gas- und Wasserversorgung sowie Absperranlagen. 8-armige Ausf\u00fchrung: 2 Schl\u00fcssel, platzsparend mit Magneten verbunden. Wendebit: Nut 1,0\u00d77 mm und PH2. Schl\u00fcssel und Wendebart mit stabilem Edelstahldraht verbunden. Hochwertige Oberfl\u00e4chenbeschichtung. Gewichtsoptimierte Zinkdruckgusskonstruktion.<\/p>\n<p><strong><a class=\"produkt-slide-bild produkt-bild-fil\" href=\"https:\/\/www.enummerbanken.se\/Pdf_Docs\/PROD_34769_1662389.pdf\" target=\"_blank\" rel=\"noopener\"><img decoding=\"async\" src=\"https:\/\/secureus.se\/wp-content\/uploads\/2023\/05\/pdf-icon.png\" alt=\"PDF\">Link - Produktdatenblatt<\/a><\/strong><\/p>\n<p>\u25cf 10 Profile. 2 Kreuze. 1 Schl\u00fcssel.<br \/>\n\u25cf Alle g\u00e4ngigen Schlie\u00dfsysteme.<br \/>\n\u25cf Multifunktionsschl\u00fcssel zur Bedienung von Schlie\u00dfsystemen im Innenbereich<br \/>\ndie Bereiche Geb\u00e4udetechnik (Sanit\u00e4r-, Klima- und L\u00fcftungstechnik,<br \/>\nElektrotechnik), Gas- und Wasserversorgungs- und Abschaltanlagen<br \/>\n\u25cf 8-armige Ausf\u00fchrung: 2 Kreuzschl\u00fcssel, verbunden mit Magneten f\u00fcr<br \/>\nplatzsparend<br \/>\n\u25cf Wendebit: Nut 1,0 x 7 mm und Kreuznut PH2<br \/>\n\u25cf Schl\u00fcssel und Wendebit mit stabilem Edelstahldraht verbunden<br \/>\n\u25cf Hochwertige Oberfl\u00e4chenbeschichtung<br \/>\n\u25cf Gewichtsoptimierte Zinkdruckgusskonstruktion<\/p>","protected":false},"excerpt":{"rendered":"<p>KNIPEX TwinKey f\u00fcr g\u00e4ngige Schrank- und Absperrsysteme<\/p>\n<p>Durchdachte Ausstattung, hochwertige Konstruktion.<br \/>\nDer achtarmige KNIPEX TwinKey\u00ae besteht aus zwei Kreuzen, die durch einen Magneten zusammengehalten werden.<\/p>","protected":false},"featured_media":137624,"template":"","meta":{"_acf_changed":false},"product_brand":[],"product_cat":[3251],"product_tag":[],"class_list":{"0":"post-91739","1":"product","2":"type-product","3":"status-publish","4":"has-post-thumbnail","6":"product_cat-dorrbehor","7":"product_shipping_class-postnord-varubrev","8":"pa_brands-knipex","9":"tm-no-options","11":"first","12":"instock","13":"sale","14":"taxable","15":"shipping-taxable","16":"purchasable","17":"product-type-simple"},"acf":[],"_links":{"self":[{"href":"https:\/\/secureus.se\/de\/wp-json\/wp\/v2\/product\/91739","targetHints":{"allow":["GET"]}}],"collection":[{"href":"https:\/\/secureus.se\/de\/wp-json\/wp\/v2\/product"}],"about":[{"href":"https:\/\/secureus.se\/de\/wp-json\/wp\/v2\/types\/product"}],"wp:featuredmedia":[{"embeddable":true,"href":"https:\/\/secureus.se\/de\/wp-json\/wp\/v2\/media\/137624"}],"wp:attachment":[{"href":"https:\/\/secureus.se\/de\/wp-json\/wp\/v2\/media?parent=91739"}],"wp:term":[{"taxonomy":"product_brand","embeddable":true,"href":"https:\/\/secureus.se\/de\/wp-json\/wp\/v2\/product_brand?post=91739"},{"taxonomy":"product_cat","embeddable":true,"href":"https:\/\/secureus.se\/de\/wp-json\/wp\/v2\/product_cat?post=91739"},{"taxonomy":"product_tag","embeddable":true,"href":"https:\/\/secureus.se\/de\/wp-json\/wp\/v2\/product_tag?post=91739"}],"curies":[{"name":"wp","href":"https:\/\/api.w.org\/{rel}","templated":true}]}}