{"id":91802,"date":"2024-05-21T08:48:30","date_gmt":"2024-05-21T06:48:30","guid":{"rendered":"https:\/\/secureus.se\/?post_type=product&#038;p=91802"},"modified":"2026-04-21T12:32:25","modified_gmt":"2026-04-21T10:32:25","slug":"wd-purple-pro-14tb-wd142purp-35-7200rpm-sata-harddisk-6-gbps","status":"publish","type":"product","link":"https:\/\/secureus.se\/de\/wd-purple-pro-14tb-wd142purp-35-7200rpm-sata-harddisk-6-gbps\/","title":{"rendered":"WD Purple Pro 14 TB WD142PURP 3,5\u2033 7200 U\/min SATA-Festplatte, 6 Gbit\/s"},"content":{"rendered":"<h2>Erweiterter Speicher f\u00fcr intelligente Videol\u00f6sungen<\/h2>\n<p><strong>WD Purple Pro-Laufwerke<\/strong> sind f\u00fcr fortschrittliche KI-f\u00e4hige Rekorder, Videoanalyseserver und Deep-Learning-L\u00f6sungen konzipiert, die eine hohe Kapazit\u00e4t, Leistung und Arbeitslastkapazit\u00e4t erfordern.<\/p>\n<h3>Funktionen<\/h3>\n<p><strong>WD Purple Pro-Festplatte zur \u00dcberwachung<\/strong>: Ausgestattet mit erweiterten Funktionen f\u00fcr hohe Leistung, Zuverl\u00e4ssigkeit und Arbeitslastkapazit\u00e4t f\u00fcr KI-f\u00e4hige Rekorder, Videoanalysatoren, Deep-Learning-Server und cloudbasierten Speicher, einschlie\u00dflich RAID- und JBOD-Konfigurationen.<\/p>\n<p><strong>Arbeitsbelastung<\/strong>: Unterst\u00fctzt bis zu 550 TB\/Jahr im Kapazit\u00e4tsbereich von 8 TB bis 22 TB.<\/p>\n<p><strong>Robuste Konstruktion<\/strong>: Entwickelt mit korrosionsbest\u00e4ndigen Komponenten f\u00fcr raue Umgebungen und mit zus\u00e4tzlicher Haltbarkeit f\u00fcr Geh\u00e4use mit mehreren Einheiten.<\/p>\n<p><strong>Speicher f\u00fcr fortschrittliche intelligente Videol\u00f6sungen<\/strong>: WD Purple\u2122 Pro-Laufwerke sind f\u00fcr leistungsstarke KI-f\u00e4hige Rekorder, Videoanalysatoren, Deep-Learning-Server und Cloud-L\u00f6sungen der n\u00e4chsten Generation optimiert, die von hoher Kapazit\u00e4t und Leistung profitieren. WD Purple Pro-Laufwerke verf\u00fcgen \u00fcber die **AllFrame\u2122 AI-Technologie**, die hilft, Bildverluste zu reduzieren, die Videowiedergabe zu verbessern und bis zu 32 AI-Streams pro Laufwerk f\u00fcr systeminterne Deep-Learning-Analysen zu unterst\u00fctzen. Dar\u00fcber hinaus bieten sie Leistung, Datenintegrit\u00e4t und Ger\u00e4tezuverl\u00e4ssigkeit der Enterprise-Klasse, insbesondere in gr\u00f6\u00dferen Systemen und Geh\u00e4usen, in denen Betriebsvibrationen auftreten.<\/p>\n<h4>Verbessern Sie Ihre intelligente Videol\u00f6sung<\/h4>\n<p>Western Digital ist ein weltweit f\u00fchrendes Unternehmen in der Festplattenbranche. Mit **WD Purple\u2122 Pro Smart Video Storage** erhalten Sie ein Laufwerk, das auf hohe Leistung, Haltbarkeit und Arbeitslastkapazit\u00e4t f\u00fcr fortschrittliche KI-f\u00e4hige Rekorder, Ger\u00e4te und Server ausgelegt ist. Extrahieren Sie effizient Mehrwert und Erkenntnisse aus gestreamten und gespeicherten Videos und tragen Sie mit dem fortschrittlichen WD Purple Pro-Speicher f\u00fcr intelligente Videol\u00f6sungen zu einer intelligenteren Welt bei.<\/p>\n<h5>Die exklusive AllFrame\u2122 AI-Technologie von Western Digital<\/h5>\n<p>Alle <strong>WD Purple\u2122 Pro-Laufwerke<\/strong> sind ausgestattet mit <strong>AllFrame AI-Technologie<\/strong>, das nicht nur das ATA-Streaming verbessert, um Bildverluste zu reduzieren und die Videowiedergabe zu verbessern, sondern auch bis zu 32 AI-Streams f\u00fcr Deep-Learning-Analysen innerhalb des Systems unterst\u00fctzt.<\/p>\n<h5>Mehrere Kameras, mehrere Streams<\/h5>\n<p>Moderne Rekorder unterst\u00fctzen mittlerweile mehrere Videostreams pro Kamera. **WD Purple\u2122 Pro-Laufwerke** sind f\u00fcr die Verarbeitung von bis zu 64 Single-Stream-HD-Kameras optimiert und k\u00f6nnen auch viele der neuesten Smart-Kameras unterst\u00fctzen, die mehrere Streams \u00fcbertragen. Diese Flexibilit\u00e4t erm\u00f6glicht es, Ihre Sicherheits- oder Smart-Video-L\u00f6sung in Zukunft zu aktualisieren oder zu skalieren.<\/p>\n<h5>Erweiterte Workload-Kapazit\u00e4t f\u00fcr fortschrittliche Systeme<\/h5>\n<p>WD Purple\u2122 Pro-Laufwerke haben eine Arbeitslast von bis zu 550 TB\/Jahr, um die umfangreiche Videodatenerfassung und -analyse zu unterst\u00fctzen, die in fortschrittlichen KI-f\u00e4higen Rekordern, Videoanalysatoren, Deep-Learning-Servern und Cloud-Speichern zu finden ist. Die Kombination aus Streaming-Optimierungen und verbesserter Haltbarkeit und Zuverl\u00e4ssigkeit machen den WD Purple Pro-Speicher ideal f\u00fcr jeden Analyseserver, unabh\u00e4ngig davon, ob er direkt von Kameras gestreamte Videos oder gro\u00dfe Mengen aufgezeichneter Videodaten verarbeitet.<\/p>\n<h5>Entwickelt f\u00fcr den zuverl\u00e4ssigen Betrieb in fortschrittlichen, leistungsstarken Smart-Videol\u00f6sungen<\/h5>\n<p>Mit einer MTBF von bis zu 2,5 Millionen Stunden (12 TB, 14 TB und 18 TB) sind **WD Purple\u2122 Pro-Laufwerke** f\u00fcr fortschrittliche intelligente Videol\u00f6sungen konzipiert, die rund um die Uhr funktionieren. Mit korrosionsbest\u00e4ndigen Komponenten und vollst\u00e4ndiger Unterst\u00fctzung f\u00fcr Geh\u00e4use mit mehreren Ger\u00e4ten sorgen WD Purple Pro-Laufwerke f\u00fcr einen zuverl\u00e4ssigen Betrieb in gro\u00dfen \u00dcberwachungssystemen, selbst in rauen Umgebungen.<\/p>\n<h5>Bew\u00e4hrte hohe Kapazit\u00e4t<\/h5>\n<p>Jetzt in der sechsten Generation liefert die bew\u00e4hrte **HelioSeal\u2122-Technologie** leistungsstarke WD Purple\u2122 Pro-Festplatten (12 TB, 14 TB und 18 TB) f\u00fcr den enormen Speicherbedarf von KI-gest\u00fctzten intelligenten Video- und Deep-Learning-Analysen.<\/p>\n<h5>Proaktives Speichermanagement mit WDDA<\/h5>\n<p>Western Digital\u00ae Device Analytics\u2122 (WDDA) bietet eine F\u00fclle parametrischer Betriebs- und Diagnosedaten f\u00fcr kompatible Systeme. Algorithmen interpretieren die Daten und weisen das System an, Systemadministratoren auf bestimmte empfohlene Ma\u00dfnahmen zur Behebung potenzieller Probleme aufmerksam zu machen. WDDA soll OEMs, Systemintegratoren und IT-Experten bessere M\u00f6glichkeiten zur \u00dcberwachung und proaktiven Verwaltung unterst\u00fctzter Speicherger\u00e4te bieten, um einen optimalen Betrieb aufrechtzuerhalten.<\/p>\n<h5>F\u00fcnf Jahre Garantie<\/h5>\n<p>Als f\u00fchrender Hersteller von Festplatten steht Western Digital hinter dem intelligenten Videospeicher WD Purple\u2122 Pro mit einer eingeschr\u00e4nkten 5-Jahres-Garantie.<\/p>\n<h5>Vollst\u00e4ndige Spezifikationen<\/h5>\n<p><strong>Eigenschaften:<\/strong><br \/>\n\u2013 Entwickelt f\u00fcr den zuverl\u00e4ssigen Betrieb in fortschrittlichen, leistungsstarken Smart-Videol\u00f6sungen<br \/>\n\u2013 Proaktives Speichermanagement mit WDDA<br \/>\n- Die exklusive AllFrame AI-Technologie von Western Digital<\/p>\n<p><strong>Kapazit\u00e4t<\/strong>: 14 TB<br \/>\n<strong>Formfaktor<\/strong>: 3,5 Zoll<br \/>\n<strong>Verbindung<\/strong>: SATA<br \/>\n<strong>Kompatibilit\u00e4t<\/strong>: Bis zu 64 Single-Stream-Kameras<br \/>\n<strong>Schnittstelle<\/strong>: SATA<br \/>\n<strong>\u00dcbertragungsgeschwindigkeit<\/strong>: Bis zu 255 MB\/s<br \/>\n<strong>Scheibengeschwindigkeit (U\/min)<\/strong>: 7200 U\/min<br \/>\n<strong>Aufnahmetechnik<\/strong>: CMR<br \/>\n<strong>Cachegr\u00f6\u00dfe<\/strong>:512 MB<br \/>\n<strong>Garantie<\/strong>: 5 Jahre eingeschr\u00e4nkte Garantie<br \/>\n<strong>Abmessungen (L x B x H)<\/strong>: 147 mm x 101,6 mm x 26,1 mm<br \/>\n<strong>Gewicht<\/strong>: 690 Gramm<br \/>\n<strong>Modellnummer<\/strong>: WD142PURP<br \/>\n<strong>Betriebstemperatur<\/strong>: 0\u00b0C bis 65\u00b0C<br \/>\n<strong>Nicht-Betriebstemperatur<\/strong>: -40\u00b0C bis 70\u00b0C<br \/>\n<strong>Zertifizierungen<\/strong>: BSMI, ICES-003\/NMB-003, CE, FCC, KC, Maghreb, RCM, UKCA, VCCI, CB-Scheme, T\u00dcV, UL<\/p>","protected":false},"excerpt":{"rendered":"<p>WD WD142PURP 3,5\u2033 Purple Pro 14 TB 7200 U\/min SATA-Festplatte, 6 Gbit\/s<\/p>\n<p><strong>WD Purple Pro-Laufwerke<\/strong> sind f\u00fcr fortschrittliche KI-f\u00e4hige Rekorder, Videoanalyseserver und Deep-Learning-L\u00f6sungen konzipiert, die eine hohe Kapazit\u00e4t, Leistung und Arbeitslastkapazit\u00e4t erfordern.<\/p>","protected":false},"featured_media":137599,"template":"","meta":{"_acf_changed":false},"product_brand":[],"product_cat":[3261],"product_tag":[],"class_list":{"0":"post-91802","1":"product","2":"type-product","3":"status-publish","4":"has-post-thumbnail","6":"product_cat-hdd-harddisk-3-5","7":"product_shipping_class-tunga-paket","8":"pa_brands-western-digital","9":"tm-no-options","11":"first","12":"outofstock","13":"sale","14":"taxable","15":"shipping-taxable","16":"purchasable","17":"product-type-simple"},"acf":[],"_links":{"self":[{"href":"https:\/\/secureus.se\/de\/wp-json\/wp\/v2\/product\/91802","targetHints":{"allow":["GET"]}}],"collection":[{"href":"https:\/\/secureus.se\/de\/wp-json\/wp\/v2\/product"}],"about":[{"href":"https:\/\/secureus.se\/de\/wp-json\/wp\/v2\/types\/product"}],"wp:featuredmedia":[{"embeddable":true,"href":"https:\/\/secureus.se\/de\/wp-json\/wp\/v2\/media\/137599"}],"wp:attachment":[{"href":"https:\/\/secureus.se\/de\/wp-json\/wp\/v2\/media?parent=91802"}],"wp:term":[{"taxonomy":"product_brand","embeddable":true,"href":"https:\/\/secureus.se\/de\/wp-json\/wp\/v2\/product_brand?post=91802"},{"taxonomy":"product_cat","embeddable":true,"href":"https:\/\/secureus.se\/de\/wp-json\/wp\/v2\/product_cat?post=91802"},{"taxonomy":"product_tag","embeddable":true,"href":"https:\/\/secureus.se\/de\/wp-json\/wp\/v2\/product_tag?post=91802"}],"curies":[{"name":"wp","href":"https:\/\/api.w.org\/{rel}","templated":true}]}}