{"id":91821,"date":"2024-05-22T13:57:05","date_gmt":"2024-05-22T11:57:05","guid":{"rendered":"https:\/\/secureus.se\/system-sensor-eco1003-2\/"},"modified":"2026-02-12T18:15:20","modified_gmt":"2026-02-12T17:15:20","slug":"system-sensor-eco1003a-fotoelektrisk-rokdetektor","status":"publish","type":"product","link":"https:\/\/secureus.se\/de\/system-sensor-eco1003a-fotoelektrisk-rokdetektor\/","title":{"rendered":"Rauchmelder ECO1003A Systemsensor \u2013 fotoelektrischer Rauchmelder"},"content":{"rendered":"<h1><strong>System Sensor ECO1003A \u2013 Photoelektrischer Rauchmelder<\/strong><\/h1>\n<p>Der fotoelektrische Rauchmelder ECO1003 A geh\u00f6rt zur Melderserie ECO1000 von System Sensor.<\/p>\n<p>ECO1000 ist eine Serie konventioneller Detektoren, die mit modernster Fertigungstechnologie hergestellt und mit einer Reihe fortschrittlicher Funktionen ausgestattet wurden, die sie \u201evon Natur aus besser\u201c machen.<\/p>\n<p>Der ECO1003 A verwendet eine hochmoderne optische Kammer in Kombination mit einem anwendungsspezifischen integrierten Schaltkreis (ASIC) zur schnellen und genauen Branderkennung.<\/p>\n<p>Die Kombination aus dem einzigartigen Kammerdesign und anderen technologisch fortschrittlichen Funktionen verl\u00e4ngert die Wartungsintervalle, bevor eine Reinigung des Detektors erforderlich wird.<\/p>\n<h4>Funktionen und Vorteile<\/h4>\n<ul>\n<li><strong>Fortschrittliche optische Kammer:<\/strong> Das hochmoderne Design gew\u00e4hrleistet eine schnelle und genaue Raucherkennung.<\/li>\n<li><strong>Geringer Stromverbrauch:<\/strong> Effiziente Energienutzung mit einem typischen Standby-Strom von nur 110 \u00b5A.<\/li>\n<li><strong>Ferntestfunktion:<\/strong> Mit einem laserbasierten tragbaren Ferntestger\u00e4t kann der Detektor aus der Ferne getestet werden, sodass kein physischer Zugriff erforderlich ist.<\/li>\n<li><strong>Eingebaute LED-Lampe:<\/strong> Leuchtet auf, wenn Rauch erkannt wird, und bleibt beleuchtet, bis der Melder zur\u00fcckgesetzt wird.<\/li>\n<li><strong>Flexibilit\u00e4t bei der Installation:<\/strong> Kompatibel mit verschiedenen Meldersockeln und bietet sowohl Standard- als auch Diodenversionen f\u00fcr unterschiedliche Bedienfelder.<\/li>\n<li><strong>Manipulationssichere Funktion:<\/strong> Verhindert das Entfernen des Detektors ohne Werkzeug.<\/li>\n<\/ul>\n<h4>Spezifikationen<\/h4>\n<ul>\n<li><strong>Betriebsspannung:<\/strong> 8-30 V DC (nominal 12 oder 24 V DC)<\/li>\n<li><strong>Typischer Standby-Strom:<\/strong> 60 \u03bcA bei 24 VDC<\/li>\n<li><strong>Maximaler Alarmstrom:<\/strong> 80 mA (durch Bedienfeld begrenzt)<\/li>\n<li><strong>Betriebstemperatur:<\/strong> -30\u00b0C bis +70\u00b0C<\/li>\n<li><strong>Luftfeuchtigkeit:<\/strong> 0 bis 95% relative Luftfeuchtigkeit (nicht kondensierend)<\/li>\n<li><strong>Gewicht:<\/strong> 75g (plus 45g f\u00fcr Standardbasis)<\/li>\n<li><strong>Messen:<\/strong> \u00d8 102 mm, H\u00f6he 32,5 mm (plus 9,5 mm f\u00fcr Standardsockel)<\/li>\n<\/ul>\n<h4>Zertifizierungen<\/h4>\n<ul>\n<li><strong>Genehmigung:<\/strong> Entspricht EN54-7:2000 (\u00c4nderung 1)<\/li>\n<li><strong>Konformit\u00e4t:<\/strong> CEA4021<\/li>\n<li><strong>Zulassung gem\u00e4\u00df MED 96\/98\/EG (\u00c4nderung 2009\/26\/EG)<\/strong><\/li>\n<li><strong>Erweiterte Garantie:<\/strong> 3 Jahre<\/li>\n<\/ul>\n<h4>Einsatzgebiete<\/h4>\n<p>ECO1003 A ist ideal f\u00fcr den Einsatz in:<\/p>\n<ul>\n<li><strong>Gesch\u00e4fte und Gewerbegeb\u00e4ude:<\/strong> Sch\u00fctzt vor Feuer durch schnelle und zuverl\u00e4ssige Raucherkennung.<\/li>\n<li><strong>\u00d6ffentliche Geb\u00e4ude:<\/strong> Gew\u00e4hrleistet Schutz in Schulen, Krankenh\u00e4usern und anderen \u00f6ffentlichen Orten.<\/li>\n<li><strong>Wohngebiete:<\/strong> Bietet zuverl\u00e4ssigen Brandschutz in H\u00e4usern.<\/li>\n<\/ul>\n<h4>Installation und Wartung<\/h4>\n<ul>\n<li><strong>Installation:<\/strong> Nutzen Sie unterschiedliche Meldersockel f\u00fcr eine flexible Installation. Anschl\u00fcsse und Schaltkreistests k\u00f6nnen vor der Montage des Melders durchgef\u00fchrt werden.<\/li>\n<li><strong>Wartung:<\/strong> Um eine optimale Funktion sicherzustellen, wird eine regelm\u00e4\u00dfige Inspektion empfohlen. Die Remote-Testfunktion erleichtert das Testen ohne physischen Zugriff.<\/li>\n<\/ul>\n<p>F\u00fcr alle System Sensor-Produkte gilt eine erweiterte 3-Jahres-Garantie.<\/p>","protected":false},"excerpt":{"rendered":"<p><strong>Systemsensor ECO1003 A<\/strong> ist ein fortschrittlicher fotoelektrischer Rauchmelder der ECO1000-Serie, der f\u00fcr eine schnelle und genaue Raucherkennung entwickelt wurde.<\/p>\n<p>Es hat einen niedrigen Stromverbrauch, eine Ferntestfunktion und ein eingebautes LED-Licht. Ideal f\u00fcr Gesch\u00e4fte, \u00f6ffentliche Geb\u00e4ude und Wohnungen. Erf\u00fcllt EN54-7:2000.<\/p>","protected":false},"featured_media":137410,"template":"","meta":{"_acf_changed":false},"product_brand":[],"product_cat":[4755,3373],"product_tag":[],"class_list":{"0":"post-91821","1":"product","2":"type-product","3":"status-publish","4":"has-post-thumbnail","6":"product_cat-eco-1000-serien","7":"product_cat-rokdetektorer","8":"product_shipping_class-postnord-varubrev","9":"pa_brands-system-sensor","10":"tm-no-options","12":"first","13":"instock","14":"sale","15":"taxable","16":"shipping-taxable","17":"purchasable","18":"product-type-simple"},"acf":[],"_links":{"self":[{"href":"https:\/\/secureus.se\/de\/wp-json\/wp\/v2\/product\/91821","targetHints":{"allow":["GET"]}}],"collection":[{"href":"https:\/\/secureus.se\/de\/wp-json\/wp\/v2\/product"}],"about":[{"href":"https:\/\/secureus.se\/de\/wp-json\/wp\/v2\/types\/product"}],"wp:featuredmedia":[{"embeddable":true,"href":"https:\/\/secureus.se\/de\/wp-json\/wp\/v2\/media\/137410"}],"wp:attachment":[{"href":"https:\/\/secureus.se\/de\/wp-json\/wp\/v2\/media?parent=91821"}],"wp:term":[{"taxonomy":"product_brand","embeddable":true,"href":"https:\/\/secureus.se\/de\/wp-json\/wp\/v2\/product_brand?post=91821"},{"taxonomy":"product_cat","embeddable":true,"href":"https:\/\/secureus.se\/de\/wp-json\/wp\/v2\/product_cat?post=91821"},{"taxonomy":"product_tag","embeddable":true,"href":"https:\/\/secureus.se\/de\/wp-json\/wp\/v2\/product_tag?post=91821"}],"curies":[{"name":"wp","href":"https:\/\/api.w.org\/{rel}","templated":true}]}}