{"id":91829,"date":"2024-04-11T12:34:21","date_gmt":"2024-04-11T10:34:21","guid":{"rendered":"https:\/\/secureus.se\/dorroga-kamera-dd1\/"},"modified":"2026-01-01T12:21:12","modified_gmt":"2026-01-01T11:21:12","slug":"titthalskamera-lcd-digitalt-dorroga","status":"publish","type":"product","link":"https:\/\/secureus.se\/de\/titthalskamera-lcd-digitalt-dorroga\/","title":{"rendered":"T\u00fcrspionkamera mit LCD-Bildschirm \u2013 Digitales T\u00fcrspion mit Kamera"},"content":{"rendered":"<h4>T\u00fcrspionkamera mit LCD-Bildschirm \u2013 digitales T\u00fcrspion mit Kamera und einfacher Installation<\/h4>\n<p>Verbessern Sie die Sicherheit Ihres Zuhauses mit unserer modernen digitalen Gucklochkamera. Dieses Ger\u00e4t kombiniert einen 2,8-Zoll-LCD-Bildschirm mit hoher Aufl\u00f6sung und eine Kamera, damit Sie die Besucher vor Ihrer T\u00fcr im Blick behalten. Mit Infrarot-LEDs erhalten Sie auch bei schlechten Lichtverh\u00e4ltnissen ein klares Bild. Diese Gucklochkamera ist einfach zu installieren und zu verwenden und bietet praktische Funktionen wie das Aufnehmen von Fotos und die \u00dcberpr\u00fcfung von Bildern direkt auf dem Ger\u00e4t. Perfekt geeignet, um herk\u00f6mmliche T\u00fcr\u00f6sen zu ersetzen und die Sicherheit Ihres Zuhauses zu erh\u00f6hen.<\/p>\n<h4>Funktionen<\/h4>\n<ul>\n<li><strong>LCD-Bildschirm<\/strong>: 2,8 Zoll (320\u00d7240)<\/li>\n<li><strong>Betrachtungswinkel<\/strong>: 90\u00b0 Betrachtungswinkel<\/li>\n<li><strong>Infrarot-LED-Leuchten<\/strong>: F\u00fcr Nachtsicht<\/li>\n<li><strong>Fotografie und Rezension<\/strong>: Einfache Aufnahme und \u00dcberpr\u00fcfung von Bildern<\/li>\n<li><strong>Kreisf\u00f6rmige Lagerung<\/strong>: Eingebaut und automatisch<\/li>\n<\/ul>\n<h4>Einfache Installation<\/h4>\n<ol>\n<li><strong>Montieren Sie das Au\u00dfenger\u00e4t<\/strong>: W\u00e4hlen Sie je nach T\u00fcrst\u00e4rke einen passenden Riegel. Schrauben Sie die Schraube in das Schraubenloch des Zylinders der Au\u00dfeneinheit.<\/li>\n<li><strong>Durch das T\u00fcrloch montieren<\/strong>: F\u00fchren Sie den Zylinder zusammen mit dem FPC durch den T\u00fcrspion ein und halten Sie das Au\u00dfenger\u00e4t fest.<\/li>\n<li><strong>Metallhalterung<\/strong>: Nehmen Sie die Metallhalterung heraus und f\u00fchren Sie das FPC durch die rechteckige \u00d6ffnung. Ziehen Sie die Schraube fest, um die Metallhalterung und das Au\u00dfenger\u00e4t zu befestigen.<\/li>\n<li><strong>Verbindung<\/strong>: Verbinden Sie den FPC vom Au\u00dfenger\u00e4t mit dem Anschluss am Innenger\u00e4t.<\/li>\n<li><strong>Sicherung des Innenger\u00e4ts<\/strong>: Richten Sie die vier Schlitze auf der R\u00fcckseite des Innenger\u00e4ts mit den vier Haken an der Metallhalterung aus und verriegeln Sie das Ger\u00e4t.<\/li>\n<\/ol>\n<h4>Spezifikationen<\/h4>\n<ul>\n<li><strong>Material<\/strong>: ABS-Kunststoff<\/li>\n<li><strong>Aufl\u00f6sung<\/strong>: 320&#215;240<\/li>\n<li><strong>Erinnerung<\/strong>: Eingebauter runder Stauraum<\/li>\n<li><strong>Messen<\/strong>:\n<ul>\n<li>Innenger\u00e4t: 127x68x13mm<\/li>\n<li>Au\u00dfeneinheit: 45x85x13mm<\/li>\n<\/ul>\n<\/li>\n<li><strong>Batterie<\/strong>: 1,5 V AAA x 4<\/li>\n<li><strong>T\u00fcrlochdurchmesser<\/strong>: 14-22mm<\/li>\n<li><strong>Kamera<\/strong>: 0,3 MP<\/li>\n<li><strong>Betriebstemperatur<\/strong>: -20\u00b0C bis 55\u00b0C<\/li>\n<\/ul>\n<h4>Im Lieferumfang enthaltenes Zubeh\u00f6r<\/h4>\n<ul>\n<li>Innenger\u00e4t x1<\/li>\n<li>Au\u00dfenger\u00e4t x1<\/li>\n<li>Metallhalterung x1<\/li>\n<li>Benutzerhandbuch x1<\/li>\n<li>Produktgarantiekarte x1<\/li>\n<li>Schrauben x3<\/li>\n<\/ul>\n<p>Kaufen Sie jetzt und erleben Sie Sicherheit an Ihrer T\u00fcr mit unserer digitalen T\u00fcrspionkamera. Perfekt, um den \u00dcberblick \u00fcber Besucher zu behalten und die Sicherheit Ihres Zuhauses zu verbessern.<\/p>","protected":false},"excerpt":{"rendered":"<div class=\"react-scroll-to-bottom--css-ggpys-1n7m0yu\">\n<div class=\"flex flex-col text-sm pb-9\">\n<div class=\"w-full text-token-text-primary sm:AIPRM__conversation__response\" dir=\"auto\" data-testid=\"conversation-turn-3\">\n<div class=\"px-4 py-2 justify-center text-base md:gap-6 m-auto\">\n<div class=\"flex flex-1 text-base mx-auto gap-3 juice:gap-4 juice:md:gap-6 md:px-5 lg:px-1 xl:px-5 md:max-w-3xl lg:max-w-[40rem] xl:max-w-[48rem]\">\n<div class=\"relative flex w-full min-w-0 flex-col agent-turn\">\n<div class=\"flex-col gap-1 md:gap-3\">\n<div class=\"flex flex-grow flex-col max-w-full\">\n<div class=\"min-h-[20px] text-message flex flex-col items-start gap-3 whitespace-pre-wrap break-words [.text-message+&amp;]:mt-5 overflow-x-auto\" dir=\"auto\" data-message-author-role=\"assistant\" data-message-id=\"26f36af1-7fde-402a-979b-03d788aa3af1\">\n<div class=\"markdown prose w-full break-words dark:prose-invert light AIPRM__conversation__response\">\n<p><strong>Titth\u00e5lskamera med LCD Sk\u00e4rm \u2013 Digitalt D\u00f6rr\u00f6ga med Kamera<\/strong><\/p>\n<p>F\u00f6rb\u00e4ttra hemmas\u00e4kerheten med v\u00e5r digitala titth\u00e5lskamera. Denna enhet har en 2,8-tums LCD-sk\u00e4rm, kamera och infrar\u00f6da LED-lampor f\u00f6r nattseende. Enkel installation och fotofunktion g\u00f6r att du alltid vet vem som st\u00e5r vid d\u00f6rren.<\/p>\n<\/div>\n<\/div>\n<\/div>\n<\/div>\n<\/div>\n<\/div>\n<\/div>\n<\/div>\n<\/div>\n<\/div>\n","protected":false},"featured_media":137867,"template":"","meta":{"_acf_changed":false},"product_brand":[],"product_cat":[3371,3228],"product_tag":[4863],"class_list":{"0":"post-91829","1":"product","2":"type-product","3":"status-publish","4":"has-post-thumbnail","6":"product_cat-titthal-och-dorrogon","7":"product_cat-dorrklockor","8":"product_tag-pf","9":"tm-no-options","11":"first","12":"outofstock","13":"sale","14":"taxable","15":"shipping-taxable","16":"purchasable","17":"product-type-simple"},"acf":[],"_links":{"self":[{"href":"https:\/\/secureus.se\/de\/wp-json\/wp\/v2\/product\/91829","targetHints":{"allow":["GET"]}}],"collection":[{"href":"https:\/\/secureus.se\/de\/wp-json\/wp\/v2\/product"}],"about":[{"href":"https:\/\/secureus.se\/de\/wp-json\/wp\/v2\/types\/product"}],"wp:featuredmedia":[{"embeddable":true,"href":"https:\/\/secureus.se\/de\/wp-json\/wp\/v2\/media\/137867"}],"wp:attachment":[{"href":"https:\/\/secureus.se\/de\/wp-json\/wp\/v2\/media?parent=91829"}],"wp:term":[{"taxonomy":"product_brand","embeddable":true,"href":"https:\/\/secureus.se\/de\/wp-json\/wp\/v2\/product_brand?post=91829"},{"taxonomy":"product_cat","embeddable":true,"href":"https:\/\/secureus.se\/de\/wp-json\/wp\/v2\/product_cat?post=91829"},{"taxonomy":"product_tag","embeddable":true,"href":"https:\/\/secureus.se\/de\/wp-json\/wp\/v2\/product_tag?post=91829"}],"curies":[{"name":"wp","href":"https:\/\/api.w.org\/{rel}","templated":true}]}}