{"id":92040,"date":"2024-05-30T12:03:44","date_gmt":"2024-05-30T10:03:44","guid":{"rendered":"https:\/\/secureus.se\/blixtljus-rod-farg-led-lampa\/"},"modified":"2026-03-30T12:50:24","modified_gmt":"2026-03-30T10:50:24","slug":"blixtljus-rod-farg-led-lampa","status":"publish","type":"product","link":"https:\/\/secureus.se\/de\/blixtljus-rod-farg-led-lampa\/","title":{"rendered":"Blitzlicht Rote LED TD-SL35 \u2013 Lampe mit 90 Blitzen pro Minute 12-24V"},"content":{"rendered":"<div class=\"flex flex-grow flex-col max-w-full\">\n<div class=\"min-h-[20px] text-message flex flex-col items-start whitespace-pre-wrap break-words [.text-message+&amp;]:mt-5 juice:w-full juice:items-end overflow-x-auto gap-2\" dir=\"auto\" data-message-author-role=\"assistant\" data-message-id=\"caebabb0-641a-43eb-b79a-1ef38bcc73bd\">\n<div class=\"flex w-full flex-col gap-1 juice:empty:hidden juice:first:pt-[3px]\">\n<div class=\"markdown prose w-full break-words dark:prose-invert light\">\n<h1>Blixtljus R\u00f6d LED TD-SL35<\/h1>\n<h4><strong>Sku:<\/strong> TD-SL35-r\u00f6d<br \/>\n<strong>Leverant\u00f6r:<\/strong> Stonehouse Security<\/h4>\n<hr \/>\n<p><strong>Beskrivning:<\/strong><\/p>\n<p>F\u00f6rb\u00e4ttra dina s\u00e4kerhets- och telekommunikationsinstallationer med det robusta och p\u00e5litliga TD-SL35 Blixtljus fr\u00e5n Stonehouse Security.<\/p>\n<p>Med bra frekvens p\u00e5 blixt, l\u00e5g str\u00f6mf\u00f6rbrukning , brett sp\u00e4nningsomr\u00e5de 12-24 och extra l\u00e5ng h\u00e5llbarhet ger detta blixtljus mycket f\u00f6r din investering.<\/p>\n<p>Designat f\u00f6r m\u00e5ngsidiga applikationer, \u00e4r detta blixtljus en viktig komponent f\u00f6r alla larm- eller telekommunikationssystem, som s\u00e4kerst\u00e4ller h\u00f6g synlighet och snabba varningssignaler.<\/p>\n<p><strong>Specifikationer:<\/strong><\/p>\n<ul>\n<li><strong>M\u00e4rksp\u00e4nning:<\/strong> DC12V \/ 24V<\/li>\n<li><strong>M\u00e4rkstr\u00f6m:<\/strong> \u226480mA<\/li>\n<li><strong>Arbetstemperatur:<\/strong> -10~50\u2103<\/li>\n<li><strong>Installation:<\/strong> F\u00e4ste och skruvar (ing\u00e5r)<\/li>\n<li><strong>Blixthastighet:<\/strong> 90 g\u00e5nger per minut<\/li>\n<li><strong>Vikt:<\/strong> 130g<\/li>\n<li><strong>Storlek:<\/strong> 100*77mm<\/li>\n<li><strong>Tillg\u00e4ngliga f\u00e4rger:<\/strong> B\u00e4rnsten, R\u00f6d, Bl\u00e5, Gr\u00f6n<\/li>\n<li><strong>Ljusk\u00e4lla:<\/strong> LED<\/li>\n<li><strong>Kapslingsklass: IP44<\/strong><strong>Vad g\u00e4ller f\u00f6r IP44?<\/strong>\u2714 <strong>Motst\u00e5ndskraftig mot dammpartiklar<\/strong> (men inte helt dammt\u00e4t).<br \/>\n\u2714 <strong>T\u00e5l vattenst\u00e4nk<\/strong> (t.ex. regn, st\u00e4nk i k\u00f6k).<br \/>\n\u2714 <strong>L\u00e4mplig f\u00f6r b\u00e5de inomhus- och utomhusbruk<\/strong>, men \u00e4r <strong>inte helt vattent\u00e4t<\/strong><\/li>\n<\/ul>\n<p><strong>Viktiga Egenskaper:<\/strong><\/p>\n<ol>\n<li><strong>H\u00f6g Effektivitet:<\/strong> TD-SL35 arbetar med en l\u00e5g str\u00f6m p\u00e5 \u226480mA, vilket g\u00f6r det energieffektivt samtidigt som det uppr\u00e4tth\u00e5ller en kraftfull och konsekvent blixteffekt.<\/li>\n<li><strong>H\u00e5llbarhet:<\/strong> Byggt f\u00f6r att t\u00e5la ett brett temperaturomr\u00e5de (-10~50\u2103), vilket s\u00e4kerst\u00e4ller p\u00e5litlig prestanda i olika milj\u00f6f\u00f6rh\u00e5llanden.<\/li>\n<li><strong>M\u00e5ngsidig Installation:<\/strong> Levereras med ett f\u00e4ste och skruvar f\u00f6r enkel och s\u00e4ker montering, vilket m\u00f6jligg\u00f6r flexibel placering i olika installationer.<\/li>\n<li><strong>H\u00f6g Synlighet:<\/strong> Med en blixthastighet p\u00e5 90 g\u00e5nger per minut s\u00e4kerst\u00e4ller detta blixtljus maximal synlighet, vilket g\u00f6r det idealiskt f\u00f6r n\u00f6dsituationer och varningssystem.<\/li>\n<li><strong>L\u00e4ttviktsdesign:<\/strong> Med en vikt p\u00e5 endast 130g \u00e4r TD-SL35 enkelt att hantera och installera utan att tillf\u00f6ra betydande vikt till din installation.<\/li>\n<li><strong>F\u00e4rgval:<\/strong> Finns i flera f\u00e4rger (B\u00e4rnsten, R\u00f6d, Bl\u00e5, Gr\u00f6n), s\u00e5 att du kan v\u00e4lja den som b\u00e4st passar dina specifika behov och preferenser.<\/li>\n<li><strong>LED-teknik:<\/strong> Anv\u00e4nder LED-ljusk\u00e4lla f\u00f6r l\u00e5ngvarig, ljus och energieffektiv belysning.<\/li>\n<\/ol>\n<p><strong>Anv\u00e4ndningsomr\u00e5den:<\/strong><\/p>\n<ul>\n<li>S\u00e4kerhetssystem<\/li>\n<li>Larminstallationer<\/li>\n<li>Telekommunikationsinstallationer<\/li>\n<li>N\u00f6dljussignaler<\/li>\n<li>Industri- och kommersiella byggnader<\/li>\n<\/ul>\n<p>S\u00e4kerst\u00e4ll s\u00e4kerheten och effektiviteten i dina s\u00e4kerhets- och telekommunikationsinstallationer med TD-SL35 Blixtljus fr\u00e5n Stonehouse Security. Dess p\u00e5litliga prestanda och enkla installation g\u00f6r det till ett f\u00f6rstahandsval f\u00f6r yrkesverksamma inom omr\u00e5det.<\/p>\n<p>F\u00f6r mer information och f\u00f6r att l\u00e4gga en best\u00e4llning, kontakta oss idag.<\/p>\n<\/div>\n<\/div>\n<\/div>\n<\/div>\n<div class=\"mt-1 flex gap-3 empty:hidden juice:-ml-3\">\n<div class=\"items-center justify-start rounded-xl p-1 flex\">\n<div class=\"flex items-center\">\n<div class=\"flex\"><\/div>\n<div class=\"flex items-center pb-0.5 juice:pb-0\">\n<div class=\"[&amp;_svg]:h-full [&amp;_svg]:w-full icon-md h-4 w-4\"><\/div>\n<\/div>\n<\/div>\n<\/div>\n<\/div>\n","protected":false},"excerpt":{"rendered":"<p>Verbessern Sie Ihre Sicherheits- und Telekommunikationsanlagen mit der effizienten Blitzleuchte TD-SL35.<\/p>\n<p>Mit einer Nennspannung von DC12V \/ 24V und einer Blitzgeschwindigkeit von 90 Mal pro Minute sorgt diese LED-basierte Blitzleuchte f\u00fcr hohe Sichtbarkeit und Zuverl\u00e4ssigkeit.<\/p>","protected":false},"featured_media":158149,"template":"","meta":{"_acf_changed":false},"product_brand":[],"product_cat":[1562,5103,5097,1825],"product_tag":[2263],"class_list":{"0":"post-92040","1":"product","2":"type-product","3":"status-publish","4":"has-post-thumbnail","6":"product_cat-larmdon-blixtljus","7":"product_cat-blixtljus-kombisiren","8":"product_cat-kombisiren-blixt-brand","9":"product_cat-sirener-brand","10":"product_tag-larmdon-blixtljus-rod","11":"pa_brands-stonehouse-security","12":"pa_farg-rod","13":"tm-no-options","15":"first","16":"instock","17":"sale","18":"featured","19":"taxable","20":"shipping-taxable","21":"purchasable","22":"product-type-simple"},"acf":[],"_links":{"self":[{"href":"https:\/\/secureus.se\/de\/wp-json\/wp\/v2\/product\/92040","targetHints":{"allow":["GET"]}}],"collection":[{"href":"https:\/\/secureus.se\/de\/wp-json\/wp\/v2\/product"}],"about":[{"href":"https:\/\/secureus.se\/de\/wp-json\/wp\/v2\/types\/product"}],"wp:featuredmedia":[{"embeddable":true,"href":"https:\/\/secureus.se\/de\/wp-json\/wp\/v2\/media\/158149"}],"wp:attachment":[{"href":"https:\/\/secureus.se\/de\/wp-json\/wp\/v2\/media?parent=92040"}],"wp:term":[{"taxonomy":"product_brand","embeddable":true,"href":"https:\/\/secureus.se\/de\/wp-json\/wp\/v2\/product_brand?post=92040"},{"taxonomy":"product_cat","embeddable":true,"href":"https:\/\/secureus.se\/de\/wp-json\/wp\/v2\/product_cat?post=92040"},{"taxonomy":"product_tag","embeddable":true,"href":"https:\/\/secureus.se\/de\/wp-json\/wp\/v2\/product_tag?post=92040"}],"curies":[{"name":"wp","href":"https:\/\/api.w.org\/{rel}","templated":true}]}}