{"id":92098,"date":"2024-06-03T11:50:10","date_gmt":"2024-06-03T09:50:10","guid":{"rendered":"https:\/\/secureus.se\/?post_type=product&#038;p=92098"},"modified":"2026-03-31T13:23:54","modified_gmt":"2026-03-31T11:23:54","slug":"assa-tagg-mifare1k-bla-anpassad-for-assa-passersystem","status":"publish","type":"product","link":"https:\/\/secureus.se\/de\/assa-tagg-mifare1k-bla-anpassad-for-assa-passersystem\/","title":{"rendered":"Assa Tag Mifare1k Blau, angepasst an das Assa Passersystem"},"content":{"rendered":"<h1><strong>Assa Tagg Passerplatte Mifare1k\u00a0<\/strong><\/h1>\n<p><strong>Unsere Mifare1k-Zugangskarte \u201eABS Plus\u201c erf\u00fcllt h\u00f6chste Anforderungen an Sicherheit und Identifizierung.<\/strong><\/p>\n<ul>\n<li>Dieser Passerbrick Mifare1k ist standardm\u00e4\u00dfig in 6 Farben erh\u00e4ltlich und immer in unserem Lager mit sofortiger Lieferung<\/li>\n<li>Robuste Konstruktion aus ABS-Material mit einem d\u00fcnnen Profil von nur 2,9 mm<\/li>\n<li>Tags Mifare1k wird mit Nummern f\u00fcr Assa, einem der gr\u00f6\u00dften schwedischen Anbieter von Sicherheitssystemen, angepasst.<\/li>\n<\/ul>\n<p>\u201eABS Plus\u201c RFID-Schl\u00fcsselanh\u00e4nger\/Tags sind in einer St\u00fcckzahl von \u00fcber 100.000 auf Lager und in 6 Farben (Rot, Blau, Wei\u00df, Schwarz, Gr\u00fcn, Gelb, Orange) und mit verschiedenen Chips erh\u00e4ltlich.<\/p>\n<p>Ob Sie ein zuverl\u00e4ssiges Produkt f\u00fcr Zutrittssysteme, Besuchersysteme, Buchung, Alarme, Autoladeger\u00e4te, Lagerverwaltung oder andere Anwendungen ben\u00f6tigen, unser \u201eABS Plus\u201c ist die perfekte Wahl.<\/p>\n<p>Wenn Sie eigene Nummern oder ein eigenes Erscheinungsbild auf Ihrem Assa-Tag w\u00fcnschen, kontaktieren Sie uns f\u00fcr ein v\u00f6llig kostenloses Design.<b>\u00a0<\/b><\/p>","protected":false},"excerpt":{"rendered":"<p>Unser beliebtester RFID-Zugangs-Tag \u201eABS Plus\u201c \u2013 die perfekte L\u00f6sung f\u00fcr Ihr Zutrittskontrollsystem \u2013 Assa<\/p>","protected":false},"featured_media":92101,"template":"","meta":{"_acf_changed":false},"product_brand":[],"product_cat":[3840],"product_tag":[],"class_list":{"0":"post-92098","1":"product","2":"type-product","3":"status-publish","4":"has-post-thumbnail","6":"product_cat-assa-abloy-taggar","7":"product_shipping_class-postnord-varubrev","8":"pa_brands-stonehouse-security","9":"pa_chip-teknik-mifare1k","10":"pa_farg-bla-2","11":"pa_pro-larmsystem-assa-arx-solid-entro","12":"tm-no-options","14":"first","15":"instock","16":"featured","17":"taxable","18":"shipping-taxable","19":"purchasable","20":"product-type-simple"},"acf":[],"_links":{"self":[{"href":"https:\/\/secureus.se\/de\/wp-json\/wp\/v2\/product\/92098","targetHints":{"allow":["GET"]}}],"collection":[{"href":"https:\/\/secureus.se\/de\/wp-json\/wp\/v2\/product"}],"about":[{"href":"https:\/\/secureus.se\/de\/wp-json\/wp\/v2\/types\/product"}],"wp:featuredmedia":[{"embeddable":true,"href":"https:\/\/secureus.se\/de\/wp-json\/wp\/v2\/media\/92101"}],"wp:attachment":[{"href":"https:\/\/secureus.se\/de\/wp-json\/wp\/v2\/media?parent=92098"}],"wp:term":[{"taxonomy":"product_brand","embeddable":true,"href":"https:\/\/secureus.se\/de\/wp-json\/wp\/v2\/product_brand?post=92098"},{"taxonomy":"product_cat","embeddable":true,"href":"https:\/\/secureus.se\/de\/wp-json\/wp\/v2\/product_cat?post=92098"},{"taxonomy":"product_tag","embeddable":true,"href":"https:\/\/secureus.se\/de\/wp-json\/wp\/v2\/product_tag?post=92098"}],"curies":[{"name":"wp","href":"https:\/\/api.w.org\/{rel}","templated":true}]}}