{"id":92224,"date":"2024-06-04T14:54:37","date_gmt":"2024-06-04T12:54:37","guid":{"rendered":"https:\/\/secureus.se\/?post_type=product&#038;p=92224"},"modified":"2026-04-07T16:12:48","modified_gmt":"2026-04-07T14:12:48","slug":"axema-vaka-tagg-kombi-em4200-mifare1k-gron-anpassad-for-axema-vaka-passersystem","status":"publish","type":"product","link":"https:\/\/secureus.se\/de\/axema-vaka-tagg-kombi-em4200-mifare1k-gron-anpassad-for-axema-vaka-passersystem\/","title":{"rendered":"Axema Tagg Combi EM4200\/Mifare1k Green, angepasst an das Axema Vaka Access System"},"content":{"rendered":"<h1><strong>Axema Vaka Tagg Passiertablett Combi EM4200\/Mifare1k\u00a0<\/strong><\/h1>\n<p><strong>Unser Access Badge Combi EM4200\/Mifare1k \u201eABS Plus\u201c wurde entwickelt, um den h\u00f6chsten Anforderungen an Sicherheit und Identifizierung gerecht zu werden.<\/strong><\/p>\n<ul>\n<li>Dieser Passerricka Combi EM4200\/Mifare1k ist standardm\u00e4\u00dfig in 6 Farben erh\u00e4ltlich und immer auf Lager mit sofortiger Lieferung<\/li>\n<li>Robuste Konstruktion aus ABS-Material mit einem d\u00fcnnen Profil von nur 2,9 mm<\/li>\n<li>Taggar Kombi EM4200\/Mifare1k wird mit Nummern f\u00fcr Axema Vaka, einen der gr\u00f6\u00dften schwedischen Anbieter von Sicherheitssystemen, angepasst.<\/li>\n<\/ul>\n<p>\u201eABS Plus\u201c RFID-Schl\u00fcsselanh\u00e4nger\/Tags sind in einer St\u00fcckzahl von \u00fcber 100.000 auf Lager und in 6 Farben (Rot, Blau, Wei\u00df, Schwarz, Gr\u00fcn, Gelb, Orange) und mit verschiedenen Chips erh\u00e4ltlich.<\/p>\n<p>Ob Sie ein zuverl\u00e4ssiges Produkt f\u00fcr Zutrittssysteme, Besuchersysteme, Buchung, Alarme, Autoladeger\u00e4te, Lagerverwaltung oder andere Anwendungen ben\u00f6tigen, unser \u201eABS Plus\u201c ist die perfekte Wahl.<\/p>\n<p>Wenn Sie Ihre eigenen Nummern oder ein eigenes Erscheinungsbild auf Ihrem Axema Vaka-Tag w\u00fcnschen, kontaktieren Sie uns f\u00fcr ein v\u00f6llig kostenloses Design.<b>\u00a0<\/b><\/p>","protected":false},"excerpt":{"rendered":"<p>Unser beliebtester RFID-Zugangstag \u201eABS Plus\u201c \u2013 die perfekte L\u00f6sung f\u00fcr Ihr Zutrittskontrollsystem \u2013 Axema Vaka<\/p>","protected":false},"featured_media":92216,"template":"","meta":{"_acf_changed":false},"product_brand":[],"product_cat":[3842],"product_tag":[5128],"class_list":{"0":"post-92224","1":"product","2":"type-product","3":"status-publish","4":"has-post-thumbnail","6":"product_cat-axema-vaka-taggar","7":"product_tag-varumarkesspecifik-tagg","8":"product_shipping_class-postnord-varubrev","9":"pa_brands-secureus","10":"pa_chip-teknik-kombi-em4200mifare1k-2","11":"pa_farg-gron-2","12":"pa_pro-larmsystem-axema-vaka-2","13":"tm-has-options","15":"first","16":"instock","17":"featured","18":"taxable","19":"shipping-taxable","20":"purchasable","21":"product-type-simple"},"acf":[],"_links":{"self":[{"href":"https:\/\/secureus.se\/de\/wp-json\/wp\/v2\/product\/92224","targetHints":{"allow":["GET"]}}],"collection":[{"href":"https:\/\/secureus.se\/de\/wp-json\/wp\/v2\/product"}],"about":[{"href":"https:\/\/secureus.se\/de\/wp-json\/wp\/v2\/types\/product"}],"wp:featuredmedia":[{"embeddable":true,"href":"https:\/\/secureus.se\/de\/wp-json\/wp\/v2\/media\/92216"}],"wp:attachment":[{"href":"https:\/\/secureus.se\/de\/wp-json\/wp\/v2\/media?parent=92224"}],"wp:term":[{"taxonomy":"product_brand","embeddable":true,"href":"https:\/\/secureus.se\/de\/wp-json\/wp\/v2\/product_brand?post=92224"},{"taxonomy":"product_cat","embeddable":true,"href":"https:\/\/secureus.se\/de\/wp-json\/wp\/v2\/product_cat?post=92224"},{"taxonomy":"product_tag","embeddable":true,"href":"https:\/\/secureus.se\/de\/wp-json\/wp\/v2\/product_tag?post=92224"}],"curies":[{"name":"wp","href":"https:\/\/api.w.org\/{rel}","templated":true}]}}