{"id":92238,"date":"2024-06-05T10:56:13","date_gmt":"2024-06-05T08:56:13","guid":{"rendered":"https:\/\/secureus.se\/?post_type=product&#038;p=92238"},"modified":"2026-03-31T13:24:41","modified_gmt":"2026-03-31T11:24:41","slug":"vanderbilt-entro-tagg-kombi-em4200-mifare1k-rod-anpassad-for-vanderbilt-entro-passersystem","status":"publish","type":"product","link":"https:\/\/secureus.se\/de\/vanderbilt-entro-tagg-kombi-em4200-mifare1k-rod-anpassad-for-vanderbilt-entro-passersystem\/","title":{"rendered":"Vanderbilt Entro Tag Combi EM4200\/Mifare1k Rot, angepasst an das Vanderbilt Entro Pass System"},"content":{"rendered":"<h1><strong>Vanderbilt Entro Tag Passer Plate Combi EM4200\/Mifare1k\u00a0<\/strong><\/h1>\n<p><strong>Unser Access Badge Combi EM4200\/Mifare1k \u201eABS Plus\u201c wurde entwickelt, um den h\u00f6chsten Anforderungen an Sicherheit und Identifizierung gerecht zu werden.<\/strong><\/p>\n<ul>\n<li>Dieser Passerricka Combi EM4200\/Mifare1k ist standardm\u00e4\u00dfig in 6 Farben erh\u00e4ltlich und immer auf Lager mit sofortiger Lieferung<\/li>\n<li>Robuste Konstruktion aus ABS-Material mit einem d\u00fcnnen Profil von nur 2,9 mm<\/li>\n<li>Der Taggar Kombi EM4200\/Mifare1k ist mit Nummern f\u00fcr Vanderbilt Entro ausgestattet, einem der gr\u00f6\u00dften schwedischen Anbieter von Sicherheitssystemen.<\/li>\n<\/ul>\n<p>\u201eABS Plus\u201c RFID-Schl\u00fcsselanh\u00e4nger\/Tags sind in einer St\u00fcckzahl von \u00fcber 100.000 auf Lager und in 6 Farben (Rot, Blau, Wei\u00df, Schwarz, Gr\u00fcn, Gelb, Orange) und mit verschiedenen Chips erh\u00e4ltlich.<\/p>\n<p>Ob Sie ein zuverl\u00e4ssiges Produkt f\u00fcr Zutrittssysteme, Besuchersysteme, Buchung, Alarme, Autoladeger\u00e4te, Lagerverwaltung oder andere Anwendungen ben\u00f6tigen, unser \u201eABS Plus\u201c ist die perfekte Wahl.<\/p>\n<p>Wenn Sie Ihre eigenen Nummern w\u00fcnschen oder auf Ihrem Vanderbilt Entro-Tag suchen, kontaktieren Sie uns f\u00fcr ein kostenloses Design.<b>\u00a0<\/b><\/p>","protected":false},"excerpt":{"rendered":"<p>Unser beliebtester RFID-Zugangs-Tag \u201eABS Plus\u201c \u2013 die perfekte L\u00f6sung f\u00fcr Ihr Zugangskontrollsystem \u2013 Vanderbilt Entro<\/p>","protected":false},"featured_media":92285,"template":"","meta":{"_acf_changed":false},"product_brand":[],"product_cat":[3844],"product_tag":[],"class_list":{"0":"post-92238","1":"product","2":"type-product","3":"status-publish","4":"has-post-thumbnail","6":"product_cat-vanderbilt-entro-taggar","7":"product_shipping_class-postnord-varubrev","8":"pa_brands-stonehouse-security","9":"pa_chip-teknik-kombi-em4200mifare1k-2","10":"pa_farg-rod-2","11":"pa_pro-larmsystem-vanderbilt-bewator-entro-8-siffror-2","12":"tm-no-options","14":"first","15":"instock","16":"featured","17":"taxable","18":"shipping-taxable","19":"purchasable","20":"product-type-simple"},"acf":[],"_links":{"self":[{"href":"https:\/\/secureus.se\/de\/wp-json\/wp\/v2\/product\/92238","targetHints":{"allow":["GET"]}}],"collection":[{"href":"https:\/\/secureus.se\/de\/wp-json\/wp\/v2\/product"}],"about":[{"href":"https:\/\/secureus.se\/de\/wp-json\/wp\/v2\/types\/product"}],"wp:featuredmedia":[{"embeddable":true,"href":"https:\/\/secureus.se\/de\/wp-json\/wp\/v2\/media\/92285"}],"wp:attachment":[{"href":"https:\/\/secureus.se\/de\/wp-json\/wp\/v2\/media?parent=92238"}],"wp:term":[{"taxonomy":"product_brand","embeddable":true,"href":"https:\/\/secureus.se\/de\/wp-json\/wp\/v2\/product_brand?post=92238"},{"taxonomy":"product_cat","embeddable":true,"href":"https:\/\/secureus.se\/de\/wp-json\/wp\/v2\/product_cat?post=92238"},{"taxonomy":"product_tag","embeddable":true,"href":"https:\/\/secureus.se\/de\/wp-json\/wp\/v2\/product_tag?post=92238"}],"curies":[{"name":"wp","href":"https:\/\/api.w.org\/{rel}","templated":true}]}}