{"id":92253,"date":"2024-06-05T10:56:21","date_gmt":"2024-06-05T08:56:21","guid":{"rendered":"https:\/\/secureus.se\/?post_type=product&#038;p=92253"},"modified":"2026-04-09T13:31:24","modified_gmt":"2026-04-09T11:31:24","slug":"vanderbilt-entro-tagg-mifare1k-svart-anpassad-for-vanderbilt-entro-passersystem","status":"publish","type":"product","link":"https:\/\/secureus.se\/de\/vanderbilt-entro-tagg-mifare1k-svart-anpassad-for-vanderbilt-entro-passersystem\/","title":{"rendered":"Vanderbilt Entro Tag Mifare1k Schwarz, ma\u00dfgeschneidert f\u00fcr das Vanderbilt Entro Access System"},"content":{"rendered":"<h1><strong>Vanderbilt Entro Tag Passcard Mifare1k\u00a0<\/strong><\/h1>\n<p><strong>Unsere Mifare1k-Zugangskarte \u201eABS Plus\u201c erf\u00fcllt h\u00f6chste Anforderungen an Sicherheit und Identifizierung.<\/strong><\/p>\n<ul>\n<li>Dieser Passerbrick Mifare1k ist standardm\u00e4\u00dfig in 6 Farben erh\u00e4ltlich und immer in unserem Lager mit sofortiger Lieferung<\/li>\n<li>Robuste Konstruktion aus ABS-Material mit einem d\u00fcnnen Profil von nur 2,9 mm<\/li>\n<li>Tags Mifare1k wird mit Nummern f\u00fcr Vanderbilt Entro, einem der gr\u00f6\u00dften schwedischen Anbieter von Sicherheitssystemen, angepasst.<\/li>\n<\/ul>\n<p>\u201eABS Plus\u201c RFID-Schl\u00fcsselanh\u00e4nger\/Tags sind in einer St\u00fcckzahl von \u00fcber 100.000 auf Lager und in 6 Farben (Rot, Blau, Wei\u00df, Schwarz, Gr\u00fcn, Gelb, Orange) und mit verschiedenen Chips erh\u00e4ltlich.<\/p>\n<p>Ob Sie ein zuverl\u00e4ssiges Produkt f\u00fcr Zutrittssysteme, Besuchersysteme, Buchung, Alarme, Autoladeger\u00e4te, Lagerverwaltung oder andere Anwendungen ben\u00f6tigen, unser \u201eABS Plus\u201c ist die perfekte Wahl.<\/p>\n<p>Wenn Sie Ihre eigenen Nummern w\u00fcnschen oder auf Ihrem Vanderbilt Entro-Tag suchen, kontaktieren Sie uns f\u00fcr ein kostenloses Design.<b>\u00a0<\/b><\/p>","protected":false},"excerpt":{"rendered":"<p>Unser beliebtester RFID-Zugangs-Tag \u201eABS Plus\u201c \u2013 die perfekte L\u00f6sung f\u00fcr Ihr Zugangskontrollsystem \u2013 Vanderbilt Entro<\/p>","protected":false},"featured_media":59952,"template":"","meta":{"_acf_changed":false},"product_brand":[],"product_cat":[3844],"product_tag":[2074,2434,2431,2405,2958,2965,5128],"class_list":{"0":"post-92253","1":"product","2":"type-product","3":"status-publish","4":"has-post-thumbnail","6":"product_cat-vanderbilt-entro-taggar","7":"product_tag-ej-lagerfraga","8":"product_tag-mifare-standard-blank-alpha","9":"product_tag-mifare-standard-blank-dtc","10":"product_tag-rel-rfid","11":"product_tag-stonehouse-produkt","12":"product_tag-utvalda-taggar-mifare-taggar","13":"product_tag-varumarkesspecifik-tagg","14":"product_shipping_class-postnord-varubrev","15":"pa_brands-secureus","16":"pa_chip-teknik-mifare1k","17":"pa_farg-svart","18":"pa_pro-larmsystem-vanderbilt-bewator-entro-8-siffror-2","19":"tm-has-options","21":"first","22":"instock","23":"featured","24":"taxable","25":"shipping-taxable","26":"purchasable","27":"product-type-simple"},"acf":[],"_links":{"self":[{"href":"https:\/\/secureus.se\/de\/wp-json\/wp\/v2\/product\/92253","targetHints":{"allow":["GET"]}}],"collection":[{"href":"https:\/\/secureus.se\/de\/wp-json\/wp\/v2\/product"}],"about":[{"href":"https:\/\/secureus.se\/de\/wp-json\/wp\/v2\/types\/product"}],"wp:featuredmedia":[{"embeddable":true,"href":"https:\/\/secureus.se\/de\/wp-json\/wp\/v2\/media\/59952"}],"wp:attachment":[{"href":"https:\/\/secureus.se\/de\/wp-json\/wp\/v2\/media?parent=92253"}],"wp:term":[{"taxonomy":"product_brand","embeddable":true,"href":"https:\/\/secureus.se\/de\/wp-json\/wp\/v2\/product_brand?post=92253"},{"taxonomy":"product_cat","embeddable":true,"href":"https:\/\/secureus.se\/de\/wp-json\/wp\/v2\/product_cat?post=92253"},{"taxonomy":"product_tag","embeddable":true,"href":"https:\/\/secureus.se\/de\/wp-json\/wp\/v2\/product_tag?post=92253"}],"curies":[{"name":"wp","href":"https:\/\/api.w.org\/{rel}","templated":true}]}}