{"id":92666,"date":"2024-06-12T13:12:50","date_gmt":"2024-06-12T11:12:50","guid":{"rendered":"https:\/\/secureus.se\/?post_type=product&#038;p=92666"},"modified":"2026-04-23T12:46:20","modified_gmt":"2026-04-23T10:46:20","slug":"provkit-solo-1-27-m-provning-rok","status":"publish","type":"product","link":"https:\/\/secureus.se\/de\/provkit-solo-1-27-m-provning-rok\/","title":{"rendered":"Pr\u00fcfset Solo 1 \u2013 2,7 m \u2013 Rauchpr\u00fcfung"},"content":{"rendered":"<h1>Pr\u00fcfset Solo 1 \u2013 2,7 m \u2013 Rauchpr\u00fcfung<\/h1>\n<h3 data-start=\"302\" data-end=\"348\">Testkit f\u00fcr Rauchmelder bis 2,7 m<\/h3>\n<p data-start=\"349\" data-end=\"583\">Solo 1 wurde f\u00fcr die einfache und sichere Pr\u00fcfung von Rauchmeldern in automatischen Brandmeldeanlagen in niedrigen H\u00f6henlagen entwickelt.<\/p>\n<p data-start=\"349\" data-end=\"583\">Das Set kombiniert Verl\u00e4ngerungskabel, Detektortester und Testgasflaschen und ist daher einfach zu bedienen und zu transportieren.<\/p>\n<h3 data-start=\"585\" data-end=\"608\">Inhalt von Solo 1<\/h3>\n<ul data-start=\"609\" data-end=\"969\">\n<li data-start=\"609\" data-end=\"718\">\n<p data-start=\"611\" data-end=\"718\"><strong data-start=\"611\" data-end=\"639\">Detektortester Solo 330<\/strong> \u2013 f\u00fcr Rauch- und CO-Melder, nur zur Verwendung mit Solo A5 und Solo C3.<\/p>\n<\/li>\n<li data-start=\"719\" data-end=\"882\">\n<p data-start=\"721\" data-end=\"882\"><strong data-start=\"721\" data-end=\"744\">Extender Solo 101<\/strong> \u2013 1,13 m, Fiberglas, leicht und steif, kann mit weiteren Solo 101 oder Teleskopstangen Solo 108\/Solo 100 f\u00fcr gr\u00f6\u00dfere Testh\u00f6hen kombiniert werden.<\/p>\n<\/li>\n<li data-start=\"883\" data-end=\"969\">\n<p data-start=\"885\" data-end=\"969\"><strong data-start=\"885\" data-end=\"915\">3 \u00d7 Solo A5 Testgasflaschen<\/strong> \u2013 Rauchtest, ausreichend f\u00fcr ca. 400 Tests pro Flasche.<\/p>\n<\/li>\n<\/ul>\n<h3 data-start=\"971\" data-end=\"1003\">Einfache und sichere Anwendung<\/h3>\n<ol data-start=\"1004\" data-end=\"1284\">\n<li data-start=\"1004\" data-end=\"1054\">\n<p data-start=\"1007\" data-end=\"1054\">Montieren Sie Solo 330 auf Solo 101 f\u00fcr die gew\u00fcnschte H\u00f6he.<\/p>\n<\/li>\n<li data-start=\"1055\" data-end=\"1116\">\n<p data-start=\"1058\" data-end=\"1116\">Sch\u00fctteln Sie die Solo A5 Testgasflasche und setzen Sie sie in das Testger\u00e4t ein.<\/p>\n<\/li>\n<li data-start=\"1117\" data-end=\"1215\">\n<p data-start=\"1120\" data-end=\"1215\">Platzieren Sie den Becher um den Detektor, dr\u00fccken Sie ihn leicht gegen die Decke und lassen Sie das Gas etwa 1 Sekunde lang ausstr\u00f6men.<\/p>\n<\/li>\n<li data-start=\"1216\" data-end=\"1284\">\n<p data-start=\"1219\" data-end=\"1284\">Warten Sie etwa 10 Sekunden, bis der Detektor einen Alarm ausl\u00f6st; wiederholen Sie den Vorgang gegebenenfalls.<\/p>\n<\/li>\n<\/ol>\n<h3 data-start=\"1286\" data-end=\"1311\">Vorteile von Solo 1<\/h3>\n<ul data-start=\"1312\" data-end=\"1514\">\n<li data-start=\"1312\" data-end=\"1339\">\n<p data-start=\"1314\" data-end=\"1339\">Reichweite bis zu 2,7 m<\/p>\n<\/li>\n<li data-start=\"1340\" data-end=\"1378\">\n<p data-start=\"1342\" data-end=\"1378\">Pr\u00fcft sowohl Rauch- als auch Kohlenmonoxidmelder<\/p>\n<\/li>\n<li data-start=\"1379\" data-end=\"1411\">\n<p data-start=\"1381\" data-end=\"1411\">Kompakt und einfach zu handhaben<\/p>\n<\/li>\n<li data-start=\"1412\" data-end=\"1457\">\n<p data-start=\"1414\" data-end=\"1457\">Einfache Montage und Verwendung des Testers<\/p>\n<\/li>\n<li data-start=\"1458\" data-end=\"1514\">\n<p data-start=\"1460\" data-end=\"1514\">Eine Testgasflasche reicht f\u00fcr etwa 400 Proben.<\/p>\n<\/li>\n<\/ul>\n<h3 data-start=\"1516\" data-end=\"1546\">Technische Spezifikationen<\/h3>\n<ul data-start=\"1547\" data-end=\"1777\">\n<li data-start=\"1547\" data-end=\"1580\">\n<p data-start=\"1549\" data-end=\"1580\">Pr\u00fcfh\u00f6he: bis zu 2,7 m<\/p>\n<\/li>\n<li data-start=\"1581\" data-end=\"1626\">\n<p data-start=\"1583\" data-end=\"1626\">Inhalt: Solo 330, Solo 101, 3 \u00d7 Solo A5<\/p>\n<\/li>\n<li data-start=\"1627\" data-end=\"1681\">\n<p data-start=\"1629\" data-end=\"1681\">Stabmaterial: Glasfaser, nichtleitend<\/p>\n<\/li>\n<li data-start=\"1682\" data-end=\"1729\">\n<p data-start=\"1684\" data-end=\"1729\">Kapazit\u00e4t der Testgasflasche: ca. 400 Proben\/Flasche<\/p>\n<\/li>\n<li data-start=\"1730\" data-end=\"1777\">\n<p data-start=\"1732\" data-end=\"1777\">Kompatibel mit: Solo- und Testifire-Testern<\/p>\n<\/li>\n<\/ul>","protected":false},"excerpt":{"rendered":"<p>Das Solo 1 Testkit ist ein kompaktes Kit zum Testen von Rauchmeldern bis zu einer Entfernung von ca. 2,7 m.<\/p>\n<p>Enth\u00e4lt Solo 101 Verl\u00e4ngerung, Solo 330 Detektor Tester und 3 Solo A5 Testgasflaschen (ehemals Solo A3).<\/p>\n<p>Ideal f\u00fcr monatliche und viertelj\u00e4hrliche Tests in niedriger H\u00f6he.<\/p>","protected":false},"featured_media":137516,"template":"","meta":{"_acf_changed":false},"product_brand":[],"product_cat":[3849,2945],"product_tag":[],"class_list":{"0":"post-92666","1":"product","2":"type-product","3":"status-publish","4":"has-post-thumbnail","6":"product_cat-solo-kit","7":"product_cat-solo","8":"product_shipping_class-tunga-paket","9":"tm-no-options","11":"first","12":"instock","13":"taxable","14":"shipping-taxable","15":"purchasable","16":"product-type-simple"},"acf":[],"_links":{"self":[{"href":"https:\/\/secureus.se\/de\/wp-json\/wp\/v2\/product\/92666","targetHints":{"allow":["GET"]}}],"collection":[{"href":"https:\/\/secureus.se\/de\/wp-json\/wp\/v2\/product"}],"about":[{"href":"https:\/\/secureus.se\/de\/wp-json\/wp\/v2\/types\/product"}],"wp:featuredmedia":[{"embeddable":true,"href":"https:\/\/secureus.se\/de\/wp-json\/wp\/v2\/media\/137516"}],"wp:attachment":[{"href":"https:\/\/secureus.se\/de\/wp-json\/wp\/v2\/media?parent=92666"}],"wp:term":[{"taxonomy":"product_brand","embeddable":true,"href":"https:\/\/secureus.se\/de\/wp-json\/wp\/v2\/product_brand?post=92666"},{"taxonomy":"product_cat","embeddable":true,"href":"https:\/\/secureus.se\/de\/wp-json\/wp\/v2\/product_cat?post=92666"},{"taxonomy":"product_tag","embeddable":true,"href":"https:\/\/secureus.se\/de\/wp-json\/wp\/v2\/product_tag?post=92666"}],"curies":[{"name":"wp","href":"https:\/\/api.w.org\/{rel}","templated":true}]}}