{"id":92671,"date":"2024-06-12T13:12:56","date_gmt":"2024-06-12T11:12:56","guid":{"rendered":"https:\/\/secureus.se\/?post_type=product&#038;p=92671"},"modified":"2026-05-05T17:35:56","modified_gmt":"2026-05-05T15:35:56","slug":"provkit-solo-2-27-m-provning-rok","status":"publish","type":"product","link":"https:\/\/secureus.se\/de\/provkit-solo-2-27-m-provning-rok\/","title":{"rendered":"Testkit Solo 2 - 2,7 m - Rauch testen"},"content":{"rendered":"<h1>Testkit Solo 2 - 2,7 m - Rauch testen<\/h1>\n<h3 data-start=\"284\" data-end=\"325\">Effektives Testset f\u00fcr Rauchmelder<\/h3>\n<p data-start=\"326\" data-end=\"557\">Solo 2 ist ein praktisches Testkit zur Funktionspr\u00fcfung von Rauchmeldern bei niedrigeren Installationen bis zu einer H\u00f6he von ca. 2,7 m.<\/p>\n<p data-start=\"326\" data-end=\"557\">Das Set ist kompakt und einfach zu handhaben und liefert professionelle Ergebnisse mit minimalem Ausr\u00fcstungsaufwand.<\/p>\n<h3 data-start=\"559\" data-end=\"582\">Inhalt von Solo 2<\/h3>\n<ul data-start=\"583\" data-end=\"972\">\n<li data-start=\"583\" data-end=\"690\">\n<p data-start=\"585\" data-end=\"690\"><strong data-start=\"585\" data-end=\"613\">Detektortester Solo 330<\/strong> \u2013 f\u00fcr Rauchmelder und CO-Melder, verwendet mit Solo A5 Testgasflaschen.<\/p>\n<\/li>\n<li data-start=\"691\" data-end=\"908\">\n<p data-start=\"693\" data-end=\"908\"><strong data-start=\"693\" data-end=\"723\">Verl\u00e4ngerungsstange Solo 101<\/strong> \u2013 1,13 m, aus Fiberglas, nicht elektrisch leitend.<\/p>\n<\/li>\n<li data-start=\"691\" data-end=\"908\">\n<p data-start=\"693\" data-end=\"908\">Kann mit 1\u20133 Solo 101 verbunden oder mit Solo 108\/Solo 100 f\u00fcr eine gr\u00f6\u00dfere Reichweite bis zu 7,3 m bzw. 9,3 m kombiniert werden.<\/p>\n<\/li>\n<li data-start=\"909\" data-end=\"972\">\n<p data-start=\"911\" data-end=\"972\"><strong data-start=\"911\" data-end=\"940\">1 \u00d7 Solo A5 Testgasflasche<\/strong> \u2013 ausreichend f\u00fcr etwa 400 Proben.<\/p>\n<\/li>\n<\/ul>\n<h3 data-start=\"974\" data-end=\"1006\">Einfache und sichere Anwendung<\/h3>\n<ol data-start=\"1007\" data-end=\"1272\">\n<li data-start=\"1007\" data-end=\"1064\">\n<p data-start=\"1010\" data-end=\"1064\">Sch\u00fctteln Sie die Solo A5 Testgasflasche und installieren Sie sie im Solo 330.<\/p>\n<\/li>\n<li data-start=\"1065\" data-end=\"1109\">\n<p data-start=\"1068\" data-end=\"1109\">Den Beh\u00e4lter aufschrauben und um eine Vierteldrehung drehen.<\/p>\n<\/li>\n<li data-start=\"1110\" data-end=\"1192\">\n<p data-start=\"1113\" data-end=\"1192\">Platzieren Sie den Becher um den Detektor, dr\u00fccken Sie ihn leicht gegen die Decke und lassen Sie das Gas entweichen.<\/p>\n<\/li>\n<li data-start=\"1193\" data-end=\"1272\">\n<p data-start=\"1196\" data-end=\"1272\">Warten Sie etwa 10 Sekunden, bis der Detektor einen Alarm ausl\u00f6st. Wiederholen Sie den Kurztest gegebenenfalls.<\/p>\n<\/li>\n<\/ol>\n<h3 data-start=\"1274\" data-end=\"1299\">Vorteile von Solo 2<\/h3>\n<ul data-start=\"1300\" data-end=\"1531\">\n<li data-start=\"1300\" data-end=\"1337\">\n<p data-start=\"1302\" data-end=\"1337\">Kompakt und leicht zu transportieren<\/p>\n<\/li>\n<li data-start=\"1338\" data-end=\"1409\">\n<p data-start=\"1340\" data-end=\"1409\">Reicht bis zu 2,7 m, kann mit weiteren Verl\u00e4ngerungsstangen erweitert werden<\/p>\n<\/li>\n<li data-start=\"1410\" data-end=\"1455\">\n<p data-start=\"1412\" data-end=\"1455\">Einfache Montage des Testers auf der Testleiste<\/p>\n<\/li>\n<li data-start=\"1456\" data-end=\"1531\">\n<p data-start=\"1458\" data-end=\"1531\">Sichere und professionelle Pr\u00fcfung der meisten Rauchmeldermarken<\/p>\n<\/li>\n<\/ul>\n<h3 data-start=\"1533\" data-end=\"1563\">Technische Spezifikationen<\/h3>\n<ul data-start=\"1564\" data-end=\"1816\">\n<li data-start=\"1564\" data-end=\"1626\">\n<p data-start=\"1566\" data-end=\"1626\">Pr\u00fcfh\u00f6he: bis zu 2,7 m (erweiterbar mit weiteren St\u00e4ben)<\/p>\n<\/li>\n<li data-start=\"1627\" data-end=\"1672\">\n<p data-start=\"1629\" data-end=\"1672\">Inhalt: Solo 330, Solo 101, 1 \u00d7 Solo A5<\/p>\n<\/li>\n<li data-start=\"1673\" data-end=\"1727\">\n<p data-start=\"1675\" data-end=\"1727\">Stabmaterial: Glasfaser, nichtleitend<\/p>\n<\/li>\n<li data-start=\"1728\" data-end=\"1768\">\n<p data-start=\"1730\" data-end=\"1768\">Kapazit\u00e4t der Testgasflasche: ca. 400 Proben<\/p>\n<\/li>\n<li data-start=\"1769\" data-end=\"1816\">\n<p data-start=\"1771\" data-end=\"1816\">Kompatibel mit: Solo- und Testifire-Testern<\/p>\n<\/li>\n<\/ul>","protected":false},"excerpt":{"rendered":"<p>Das Solo 2 Testset ist ein kompaktes Set zum Testen von Rauchmeldern bis zu einer Entfernung von ca. 2,7 m. Es enth\u00e4lt die Verl\u00e4ngerungsstange Solo 101, das Detektortestger\u00e4t Solo 330 und eine Solo A5 Testgasflasche.<\/p>\n<p>Ideal f\u00fcr einfachere Installationen und geringere H\u00f6hen.<\/p>","protected":false},"featured_media":137668,"template":"","meta":{"_acf_changed":false},"product_brand":[],"product_cat":[3849,2945],"product_tag":[],"class_list":{"0":"post-92671","1":"product","2":"type-product","3":"status-publish","4":"has-post-thumbnail","6":"product_cat-solo-kit","7":"product_cat-solo","8":"product_shipping_class-tunga-paket","9":"tm-no-options","11":"first","12":"instock","13":"sale","14":"taxable","15":"shipping-taxable","16":"purchasable","17":"product-type-simple"},"acf":[],"_links":{"self":[{"href":"https:\/\/secureus.se\/de\/wp-json\/wp\/v2\/product\/92671","targetHints":{"allow":["GET"]}}],"collection":[{"href":"https:\/\/secureus.se\/de\/wp-json\/wp\/v2\/product"}],"about":[{"href":"https:\/\/secureus.se\/de\/wp-json\/wp\/v2\/types\/product"}],"wp:featuredmedia":[{"embeddable":true,"href":"https:\/\/secureus.se\/de\/wp-json\/wp\/v2\/media\/137668"}],"wp:attachment":[{"href":"https:\/\/secureus.se\/de\/wp-json\/wp\/v2\/media?parent=92671"}],"wp:term":[{"taxonomy":"product_brand","embeddable":true,"href":"https:\/\/secureus.se\/de\/wp-json\/wp\/v2\/product_brand?post=92671"},{"taxonomy":"product_cat","embeddable":true,"href":"https:\/\/secureus.se\/de\/wp-json\/wp\/v2\/product_cat?post=92671"},{"taxonomy":"product_tag","embeddable":true,"href":"https:\/\/secureus.se\/de\/wp-json\/wp\/v2\/product_tag?post=92671"}],"curies":[{"name":"wp","href":"https:\/\/api.w.org\/{rel}","templated":true}]}}