{"id":92673,"date":"2024-06-12T13:12:50","date_gmt":"2024-06-12T11:12:50","guid":{"rendered":"https:\/\/secureus.se\/provkit-solo-3-4-m-provning-rok-roka-webbutik\/"},"modified":"2026-03-26T12:28:29","modified_gmt":"2026-03-26T11:28:29","slug":"provkit-solo-3-4-m-provning-rok","status":"publish","type":"product","link":"https:\/\/secureus.se\/de\/provkit-solo-3-4-m-provning-rok\/","title":{"rendered":"Testset Solo 3 \u2013 4 m \u2013 Rauch testen"},"content":{"rendered":"<h1>Testset Solo 3 \u2013 4 m \u2013 Rauch testen<\/h1>\n<h3 data-start=\"303\" data-end=\"347\">Testkit f\u00fcr Rauchmelder bis 4 m<\/h3>\n<p data-start=\"348\" data-end=\"589\">Solo 3 wurde f\u00fcr die einfache und sichere Pr\u00fcfung von Rauchmeldern in automatischen Brandmeldeanlagen in geringen H\u00f6hen entwickelt.<\/p>\n<p data-start=\"348\" data-end=\"589\">Das Set kombiniert eine Teleskopstange, ein Detektortestger\u00e4t und Testgasflaschen und ist daher einfach zu bedienen und zu transportieren.<\/p>\n<h3 data-start=\"591\" data-end=\"614\">Inhalt von Solo 3<\/h3>\n<ul data-start=\"615\" data-end=\"934\">\n<li data-start=\"615\" data-end=\"724\">\n<p data-start=\"617\" data-end=\"724\"><strong data-start=\"617\" data-end=\"645\">Detektortester Solo 330<\/strong> \u2013 f\u00fcr Rauch- und CO-Melder, nur zur Verwendung mit Solo A5 und Solo C3.<\/p>\n<\/li>\n<li data-start=\"725\" data-end=\"847\">\n<p data-start=\"727\" data-end=\"847\"><strong data-start=\"727\" data-end=\"753\">Teleskopstange Solo 108<\/strong> \u2013 2,5 m, Fiberglas, leicht und steif, kann mit Solo 101 Verl\u00e4ngerungen f\u00fcr gr\u00f6\u00dfere H\u00f6hen kombiniert werden.<\/p>\n<\/li>\n<li data-start=\"848\" data-end=\"934\">\n<p data-start=\"850\" data-end=\"934\"><strong data-start=\"850\" data-end=\"880\">3 \u00d7 Solo A5 Testgasflaschen<\/strong> \u2013 Rauchtest, ausreichend f\u00fcr ca. 400 Tests pro Flasche.<\/p>\n<\/li>\n<\/ul>\n<h3 data-start=\"936\" data-end=\"968\">Einfache und sichere Anwendung<\/h3>\n<ol data-start=\"969\" data-end=\"1249\">\n<li data-start=\"969\" data-end=\"1019\">\n<p data-start=\"972\" data-end=\"1019\">Montieren Sie Solo 330 auf Solo 108, um die gew\u00fcnschte H\u00f6he zu erreichen.<\/p>\n<\/li>\n<li data-start=\"1020\" data-end=\"1081\">\n<p data-start=\"1023\" data-end=\"1081\">Sch\u00fctteln Sie die Solo A5 Testgasflasche und setzen Sie sie in das Testger\u00e4t ein.<\/p>\n<\/li>\n<li data-start=\"1082\" data-end=\"1180\">\n<p data-start=\"1085\" data-end=\"1180\">Platzieren Sie den Becher um den Detektor, dr\u00fccken Sie ihn leicht gegen die Decke und lassen Sie das Gas etwa 1 Sekunde lang ausstr\u00f6men.<\/p>\n<\/li>\n<li data-start=\"1181\" data-end=\"1249\">\n<p data-start=\"1184\" data-end=\"1249\">Warten Sie etwa 10 Sekunden, bis der Detektor einen Alarm ausl\u00f6st; wiederholen Sie den Vorgang gegebenenfalls.<\/p>\n<\/li>\n<\/ol>\n<h3 data-start=\"1251\" data-end=\"1276\">Vorteile von Solo 3<\/h3>\n<ul data-start=\"1277\" data-end=\"1477\">\n<li data-start=\"1277\" data-end=\"1302\">\n<p data-start=\"1279\" data-end=\"1302\">Reichweite bis zu 4 m<\/p>\n<\/li>\n<li data-start=\"1303\" data-end=\"1341\">\n<p data-start=\"1305\" data-end=\"1341\">Pr\u00fcft sowohl Rauch- als auch Kohlenmonoxidmelder<\/p>\n<\/li>\n<li data-start=\"1342\" data-end=\"1374\">\n<p data-start=\"1344\" data-end=\"1374\">Kompakt und einfach zu handhaben<\/p>\n<\/li>\n<li data-start=\"1375\" data-end=\"1420\">\n<p data-start=\"1377\" data-end=\"1420\">Einfache Montage und Verwendung des Testers<\/p>\n<\/li>\n<li data-start=\"1421\" data-end=\"1477\">\n<p data-start=\"1423\" data-end=\"1477\">Eine Testgasflasche reicht f\u00fcr etwa 400 Proben.<\/p>\n<\/li>\n<\/ul>\n<h3 data-start=\"1479\" data-end=\"1509\">Technische Spezifikationen<\/h3>\n<ul data-start=\"1510\" data-end=\"1738\">\n<li data-start=\"1510\" data-end=\"1541\">\n<p data-start=\"1512\" data-end=\"1541\">Pr\u00fcfh\u00f6he: bis zu 4 m<\/p>\n<\/li>\n<li data-start=\"1542\" data-end=\"1587\">\n<p data-start=\"1544\" data-end=\"1587\">Inhalt: Solo 330, Solo 108, 3 \u00d7 Solo A5<\/p>\n<\/li>\n<li data-start=\"1588\" data-end=\"1642\">\n<p data-start=\"1590\" data-end=\"1642\">Stabmaterial: Glasfaser, nichtleitend<\/p>\n<\/li>\n<li data-start=\"1643\" data-end=\"1690\">\n<p data-start=\"1645\" data-end=\"1690\">Kapazit\u00e4t der Testgasflasche: ca. 400 Proben\/Flasche<\/p>\n<\/li>\n<li data-start=\"1691\" data-end=\"1738\">\n<p data-start=\"1693\" data-end=\"1738\">Kompatibel mit: Solo- und Testifire-Testern<\/p>\n<\/li>\n<\/ul>","protected":false},"excerpt":{"rendered":"<p>Das Solo 3 Testkit ist ein kompaktes Kit zum Testen von Rauchmeldern bis zu einer Entfernung von ca. 4 m.<\/p>\n<p>Enth\u00e4lt Solo 108 Teleskopstange, Solo 330 Detektorpr\u00fcfger\u00e4t und 3 Solo A5 Testgasflaschen (ehemals Solo A3).<\/p>\n<p>Ideal f\u00fcr monatliche und viertelj\u00e4hrliche Tests in niedriger H\u00f6he.<\/p>","protected":false},"featured_media":137525,"template":"","meta":{"_acf_changed":false},"product_brand":[],"product_cat":[3849,2945],"product_tag":[],"class_list":{"0":"post-92673","1":"product","2":"type-product","3":"status-publish","4":"has-post-thumbnail","6":"product_cat-solo-kit","7":"product_cat-solo","8":"product_shipping_class-tunga-paket","9":"tm-no-options","11":"first","12":"onbackorder","13":"taxable","14":"shipping-taxable","15":"purchasable","16":"product-type-simple"},"acf":[],"_links":{"self":[{"href":"https:\/\/secureus.se\/de\/wp-json\/wp\/v2\/product\/92673","targetHints":{"allow":["GET"]}}],"collection":[{"href":"https:\/\/secureus.se\/de\/wp-json\/wp\/v2\/product"}],"about":[{"href":"https:\/\/secureus.se\/de\/wp-json\/wp\/v2\/types\/product"}],"wp:featuredmedia":[{"embeddable":true,"href":"https:\/\/secureus.se\/de\/wp-json\/wp\/v2\/media\/137525"}],"wp:attachment":[{"href":"https:\/\/secureus.se\/de\/wp-json\/wp\/v2\/media?parent=92673"}],"wp:term":[{"taxonomy":"product_brand","embeddable":true,"href":"https:\/\/secureus.se\/de\/wp-json\/wp\/v2\/product_brand?post=92673"},{"taxonomy":"product_cat","embeddable":true,"href":"https:\/\/secureus.se\/de\/wp-json\/wp\/v2\/product_cat?post=92673"},{"taxonomy":"product_tag","embeddable":true,"href":"https:\/\/secureus.se\/de\/wp-json\/wp\/v2\/product_tag?post=92673"}],"curies":[{"name":"wp","href":"https:\/\/api.w.org\/{rel}","templated":true}]}}