{"id":92675,"date":"2024-06-12T13:12:59","date_gmt":"2024-06-12T11:12:59","guid":{"rendered":"https:\/\/secureus.se\/provkit-solo-4-4-m-provning-rok\/"},"modified":"2026-04-23T12:57:06","modified_gmt":"2026-04-23T10:57:06","slug":"provkit-solo-4-4-m-provning-rok","status":"publish","type":"product","link":"https:\/\/secureus.se\/de\/provkit-solo-4-4-m-provning-rok\/","title":{"rendered":"Testset Solo 4 \u2013 4 m \u2013 Rauch testen"},"content":{"rendered":"<h1>Testset Solo 4 \u2013 4 m \u2013 Rauch testen<\/h1>\n<h3 data-start=\"306\" data-end=\"359\">Komplettes Testset f\u00fcr Rauchmelder bis 4 m<\/h3>\n<p data-start=\"360\" data-end=\"639\">Solo 4 ist ein komplettes Testset mit Solo 108 Teleskopstange, Solo 330 Testgasbeh\u00e4lter und drei Solo A5 (ehemals Solo A3) Testgasflaschen, das f\u00fcr die monatliche und viertelj\u00e4hrliche Pr\u00fcfung von Rauchmeldern in Brandmeldeanlagen konzipiert ist.<\/p>\n<p data-start=\"360\" data-end=\"639\">Das Set erm\u00f6glicht einen einfachen Zugang zu mittelhohen Decken, ohne dass eine Leiter ben\u00f6tigt wird.<\/p>\n<h3 data-start=\"641\" data-end=\"669\">Teleskopstange Solo 108<\/h3>\n<p data-start=\"670\" data-end=\"937\">Hergestellt aus leichtem und robustem, nichtleitendem Fiberglas, ist das Solo 108 auch bei Tests in gr\u00f6\u00dferen H\u00f6hen stabil. Es kann mit ein bis drei Solo 101 kombiniert werden, um eine Gesamttesth\u00f6he von bis zu ca. 7,3 m zu erreichen.<\/p>\n<p data-start=\"670\" data-end=\"937\">Passend f\u00fcr Solo- und Testifire-Tester und Zerlegetester.<\/p>\n<h3 data-start=\"939\" data-end=\"968\">Gasbeh\u00e4lter Solo 330 testen<\/h3>\n<p data-start=\"969\" data-end=\"1347\">Der Solo 330 dient zur Funktionspr\u00fcfung von Rauch- und Kohlenmonoxidmeldern mit einem Durchmesser von bis zu 100 mm. Dank des schwenkbaren Bechers k\u00f6nnen auch Melder gepr\u00fcft werden, die nicht senkrecht zum Boden angebracht sind oder von unten schwer zug\u00e4nglich sind.<\/p>\n<p data-start=\"969\" data-end=\"1347\">Die Solo A5 Testgasflaschen erzeugen realistischen Rauch, der sowohl optische als auch ionisierende Rauchmelder ausl\u00f6st. Eine Flasche reicht f\u00fcr ca. 400 Tests.<\/p>\n<h3 data-start=\"1349\" data-end=\"1371\">Benutzerfreundlichkeit<\/h3>\n<ol data-start=\"1372\" data-end=\"1720\">\n<li data-start=\"1372\" data-end=\"1422\">\n<p data-start=\"1375\" data-end=\"1422\">Die Solo A5-Flasche sch\u00fctteln und in das Testger\u00e4t einsetzen.<\/p>\n<\/li>\n<li data-start=\"1423\" data-end=\"1471\">\n<p data-start=\"1426\" data-end=\"1471\">Schrauben Sie den Beh\u00e4lter wieder auf und drehen Sie ihn um eine Vierteldrehung.<\/p>\n<\/li>\n<li data-start=\"1472\" data-end=\"1569\">\n<p data-start=\"1475\" data-end=\"1569\">Platzieren Sie den Becher um den Detektor, dr\u00fccken Sie ihn leicht gegen die Decke und lassen Sie das Gas 1 Sekunde lang ausstr\u00f6men.<\/p>\n<\/li>\n<li data-start=\"1570\" data-end=\"1652\">\n<p data-start=\"1573\" data-end=\"1652\">Warten Sie etwa 10 Sekunden, bis der Detektor einen Alarm ausl\u00f6st. Wiederholen Sie den Kurztest gegebenenfalls.<\/p>\n<\/li>\n<li data-start=\"1653\" data-end=\"1720\">\n<p data-start=\"1656\" data-end=\"1720\">Das Gas verdampft schnell und der Detektor kann sofort zur\u00fcckgesetzt werden.<\/p>\n<\/li>\n<\/ol>\n<h3 data-start=\"1722\" data-end=\"1747\">Vorteile von Solo 4<\/h3>\n<ul data-start=\"1748\" data-end=\"2071\">\n<li data-start=\"1748\" data-end=\"1802\">\n<p data-start=\"1750\" data-end=\"1802\">Komplettes Set mit 3 Testgasflaschen f\u00fcr mehrere Tests<\/p>\n<\/li>\n<li data-start=\"1803\" data-end=\"1848\">\n<p data-start=\"1805\" data-end=\"1848\">Leichte und robuste Teleskopstange aus Fiberglas<\/p>\n<\/li>\n<li data-start=\"1849\" data-end=\"1898\">\n<p data-start=\"1851\" data-end=\"1898\">Schwenkbarer Tester f\u00fcr schwer zug\u00e4ngliche Detektoren<\/p>\n<\/li>\n<li data-start=\"1899\" data-end=\"1969\">\n<p data-start=\"1901\" data-end=\"1969\">Reichweite bis zu 4 m (kann mit Solo 101 bis zu 7,3 m kombiniert werden)<\/p>\n<\/li>\n<li data-start=\"1970\" data-end=\"2016\">\n<p data-start=\"1972\" data-end=\"2016\">Passend f\u00fcr die meisten Rauchmelder-Marken<\/p>\n<\/li>\n<li data-start=\"2017\" data-end=\"2071\">\n<p data-start=\"2019\" data-end=\"2071\">Einfache und sichere Anwendung mit schneller Wiederherstellung<\/p>\n<\/li>\n<\/ul>\n<h3 data-start=\"2073\" data-end=\"2088\">Transport<\/h3>\n<p data-start=\"2089\" data-end=\"2243\">Das Set kann im Aufbewahrungskoffer Solo 610 organisiert werden, der Platz f\u00fcr Messst\u00e4be, Pr\u00fcfger\u00e4te und Testgasflaschen bietet. Dies vereinfacht den Transport und sch\u00fctzt die Ausr\u00fcstung.<\/p>\n<p data-start=\"2245\" data-end=\"2276\"><strong data-start=\"2245\" data-end=\"2274\">Technische Spezifikationen:<\/strong><\/p>\n<ul data-start=\"2277\" data-end=\"2711\">\n<li data-start=\"2277\" data-end=\"2304\">\n<p data-start=\"2279\" data-end=\"2304\">Produkt: Solo 4 Testkit<\/p>\n<\/li>\n<li data-start=\"2305\" data-end=\"2392\">\n<p data-start=\"2307\" data-end=\"2392\">Inhalt: Teleskopstange Solo 108, Testgasbeh\u00e4lter Solo 330, 3 Testgasflaschen Solo A5<\/p>\n<\/li>\n<li data-start=\"2393\" data-end=\"2464\">\n<p data-start=\"2395\" data-end=\"2464\">Reichweite: Bis zu 4 m (kann mit Solo 101 bis zu 7,3 m kombiniert werden)<\/p>\n<\/li>\n<li data-start=\"2465\" data-end=\"2527\">\n<p data-start=\"2467\" data-end=\"2527\">Material der Teleskopstange: Fiberglas, nicht elektrisch leitf\u00e4hig<\/p>\n<\/li>\n<li data-start=\"2528\" data-end=\"2600\">\n<p data-start=\"2530\" data-end=\"2600\">Anwendung: Funktionspr\u00fcfung von Rauchmeldern (optisch und ionisierend)<\/p>\n<\/li>\n<li data-start=\"2601\" data-end=\"2647\">\n<p data-start=\"2603\" data-end=\"2647\">Kapazit\u00e4t pro Testgasflasche: ca. 400 Tests<\/p>\n<\/li>\n<li data-start=\"2648\" data-end=\"2711\">\n<p data-start=\"2650\" data-end=\"2711\">Kompatibel mit: Solo- und Testifire-Testern, Solo-Takedown-Testern<\/p>\n<\/li>\n<\/ul>","protected":false},"excerpt":{"rendered":"<p>Das Solo 4 Testset enth\u00e4lt die Teleskopstange Solo 108, den Testgasbeh\u00e4lter Solo 330 und 3 Solo A5 Testgasflaschen zum Testen von Rauchmeldern bis zu einer H\u00f6he von ca. 4 m.<\/p>\n<p>Ideal f\u00fcr Techniker, die sichere und effektive Funktionstests an CO- und Rauchmeldern durchf\u00fchren m\u00f6chten.<\/p>","protected":false},"featured_media":137660,"template":"","meta":{"_acf_changed":false},"product_brand":[],"product_cat":[3849,2945],"product_tag":[],"class_list":{"0":"post-92675","1":"product","2":"type-product","3":"status-publish","4":"has-post-thumbnail","6":"product_cat-solo-kit","7":"product_cat-solo","8":"product_shipping_class-tunga-paket","9":"tm-no-options","11":"first","12":"instock","13":"taxable","14":"shipping-taxable","15":"purchasable","16":"product-type-simple"},"acf":[],"_links":{"self":[{"href":"https:\/\/secureus.se\/de\/wp-json\/wp\/v2\/product\/92675","targetHints":{"allow":["GET"]}}],"collection":[{"href":"https:\/\/secureus.se\/de\/wp-json\/wp\/v2\/product"}],"about":[{"href":"https:\/\/secureus.se\/de\/wp-json\/wp\/v2\/types\/product"}],"wp:featuredmedia":[{"embeddable":true,"href":"https:\/\/secureus.se\/de\/wp-json\/wp\/v2\/media\/137660"}],"wp:attachment":[{"href":"https:\/\/secureus.se\/de\/wp-json\/wp\/v2\/media?parent=92675"}],"wp:term":[{"taxonomy":"product_brand","embeddable":true,"href":"https:\/\/secureus.se\/de\/wp-json\/wp\/v2\/product_brand?post=92675"},{"taxonomy":"product_cat","embeddable":true,"href":"https:\/\/secureus.se\/de\/wp-json\/wp\/v2\/product_cat?post=92675"},{"taxonomy":"product_tag","embeddable":true,"href":"https:\/\/secureus.se\/de\/wp-json\/wp\/v2\/product_tag?post=92675"}],"curies":[{"name":"wp","href":"https:\/\/api.w.org\/{rel}","templated":true}]}}