{"id":92677,"date":"2024-06-12T13:13:01","date_gmt":"2024-06-12T11:13:01","guid":{"rendered":"https:\/\/secureus.se\/provkit-solo-5-6-m-provning-rok\/"},"modified":"2026-04-23T12:57:00","modified_gmt":"2026-04-23T10:57:00","slug":"provkit-solo-5-6-m-provning-rok","status":"publish","type":"product","link":"https:\/\/secureus.se\/de\/provkit-solo-5-6-m-provning-rok\/","title":{"rendered":"Testset Solo 5 \u2013 6 m \u2013 Rauch testen"},"content":{"rendered":"<h1>Testset Solo 5 \u2013 6 m \u2013 Rauch testen<\/h1>\n<h3 data-start=\"305\" data-end=\"358\">Komplettes Testset f\u00fcr Rauchmelder bis 6 m<\/h3>\n<p data-start=\"359\" data-end=\"687\">Solo 5 ist ein komplettes Testset, das die Teleskopstange Solo 100, den Testgasbeh\u00e4lter Solo 330 und drei Testgasflaschen Solo A5 (ehemals Solo A3) f\u00fcr die effiziente Pr\u00fcfung von Rauchmeldern kombiniert.<\/p>\n<p data-start=\"359\" data-end=\"687\">Das Set ist f\u00fcr monatliche und viertelj\u00e4hrliche Pr\u00fcfungen von Brandmeldeanlagen ausgelegt und erm\u00f6glicht so die einfache Durchf\u00fchrung von Pr\u00fcfungen an mittelhohen Decken ohne Leiter.<\/p>\n<h3 data-start=\"689\" data-end=\"717\">Teleskopstange Solo 100<\/h3>\n<p data-start=\"718\" data-end=\"994\">Hergestellt aus leichtem und steifem Fiberglasmaterial, nicht elektrisch leitend, bietet es eine gute Stabilit\u00e4t bei gro\u00dfen Pr\u00fcfh\u00f6hen.<\/p>\n<p data-start=\"718\" data-end=\"994\">Die Teleskopstange kann mit 1\u20133 Solo 101 kombiniert werden, um eine Gesamtpr\u00fcfh\u00f6he von bis zu ca. 9,3 m zu erreichen. Passend f\u00fcr Solo- und Testifire-Pr\u00fcfger\u00e4te und Downrigger.<\/p>\n<h3 data-start=\"996\" data-end=\"1025\">Gasbeh\u00e4lter Solo 330 testen<\/h3>\n<p data-start=\"1026\" data-end=\"1404\">Der Solo 330 wird f\u00fcr Funktionstests von Rauch- und CO-Meldern mit einem Durchmesser von bis zu 100 mm verwendet.<\/p>\n<p data-start=\"1026\" data-end=\"1404\">Durch den schwenkbaren Becher k\u00f6nnen auch Detektoren getestet werden, die nicht senkrecht zum Boden stehen oder die von unten nur schwer direkt zu erreichen sind.<\/p>\n<p data-start=\"1026\" data-end=\"1404\">Die Solo A5 Testgasflaschen erzeugen realistischen Rauch, der sowohl optische als auch ionisierende Rauchmelder aktiviert.<\/p>\n<p data-start=\"1026\" data-end=\"1404\">Eine Flasche reicht f\u00fcr etwa 400 Tests.<\/p>\n<h3 data-start=\"1406\" data-end=\"1428\">Benutzerfreundlichkeit<\/h3>\n<ol data-start=\"1429\" data-end=\"1793\">\n<li data-start=\"1429\" data-end=\"1487\">\n<p data-start=\"1432\" data-end=\"1487\">Sch\u00fctteln Sie die Solo A5-Flasche gut und setzen Sie sie in das Testger\u00e4t ein.<\/p>\n<\/li>\n<li data-start=\"1488\" data-end=\"1536\">\n<p data-start=\"1491\" data-end=\"1536\">Schrauben Sie den Beh\u00e4lter wieder auf und drehen Sie ihn um eine Vierteldrehung.<\/p>\n<\/li>\n<li data-start=\"1537\" data-end=\"1634\">\n<p data-start=\"1540\" data-end=\"1634\">Platzieren Sie den Becher um den Detektor, dr\u00fccken Sie ihn leicht gegen die Decke und lassen Sie das Gas 1 Sekunde lang ausstr\u00f6men.<\/p>\n<\/li>\n<li data-start=\"1635\" data-end=\"1717\">\n<p data-start=\"1638\" data-end=\"1717\">Warten Sie etwa 10 Sekunden, bis der Detektor einen Alarm ausl\u00f6st. Wiederholen Sie den Kurztest gegebenenfalls.<\/p>\n<\/li>\n<li data-start=\"1718\" data-end=\"1793\">\n<p data-start=\"1721\" data-end=\"1793\">Das Gas verdampft schnell, sodass der Detektor schnell zur\u00fcckgesetzt werden kann.<\/p>\n<\/li>\n<\/ol>\n<h3 data-start=\"1795\" data-end=\"1820\">Vorteile von Solo 5<\/h3>\n<ul data-start=\"1821\" data-end=\"2144\">\n<li data-start=\"1821\" data-end=\"1875\">\n<p data-start=\"1823\" data-end=\"1875\">Komplettes Set mit 3 Testgasflaschen f\u00fcr mehrere Tests<\/p>\n<\/li>\n<li data-start=\"1876\" data-end=\"1921\">\n<p data-start=\"1878\" data-end=\"1921\">Leichte und robuste Teleskopstange aus Fiberglas<\/p>\n<\/li>\n<li data-start=\"1922\" data-end=\"1971\">\n<p data-start=\"1924\" data-end=\"1971\">Schwenkbarer Tester f\u00fcr schwer zug\u00e4ngliche Detektoren<\/p>\n<\/li>\n<li data-start=\"1972\" data-end=\"2042\">\n<p data-start=\"1974\" data-end=\"2042\">Reichweite bis zu 6 m (kann mit Solo 101 bis zu 9,3 m kombiniert werden)<\/p>\n<\/li>\n<li data-start=\"2043\" data-end=\"2089\">\n<p data-start=\"2045\" data-end=\"2089\">Passend f\u00fcr die meisten Rauchmelder-Marken<\/p>\n<\/li>\n<li data-start=\"2090\" data-end=\"2144\">\n<p data-start=\"2092\" data-end=\"2144\">Einfache und sichere Anwendung mit schneller Wiederherstellung<\/p>\n<\/li>\n<\/ul>\n<h3 data-start=\"2146\" data-end=\"2161\">Transport<\/h3>\n<p data-start=\"2162\" data-end=\"2317\">Das Set kann im Aufbewahrungskoffer Solo 610 organisiert werden, der Platz f\u00fcr St\u00e4be, Pr\u00fcfger\u00e4te und Testgasflaschen bietet, was den Transport vereinfacht und die Ausr\u00fcstung sch\u00fctzt.<\/p>\n<p data-start=\"2319\" data-end=\"2346\">TECHNISCHE DATEN:<\/p>\n<ul data-start=\"2347\" data-end=\"2781\">\n<li data-start=\"2347\" data-end=\"2374\">\n<p data-start=\"2349\" data-end=\"2374\">Produkt: Solo 5 Testkit<\/p>\n<\/li>\n<li data-start=\"2375\" data-end=\"2462\">\n<p data-start=\"2377\" data-end=\"2462\">Inhalt: Teleskopstange Solo 100, Testgasbeh\u00e4lter Solo 330, 3 Testgasflaschen Solo A5<\/p>\n<\/li>\n<li data-start=\"2463\" data-end=\"2534\">\n<p data-start=\"2465\" data-end=\"2534\">Reichweite: Bis zu 6 m (kann mit Solo 101 bis zu 9,3 m kombiniert werden)<\/p>\n<\/li>\n<li data-start=\"2535\" data-end=\"2597\">\n<p data-start=\"2537\" data-end=\"2597\">Material der Teleskopstange: Fiberglas, nicht elektrisch leitf\u00e4hig<\/p>\n<\/li>\n<li data-start=\"2598\" data-end=\"2670\">\n<p data-start=\"2600\" data-end=\"2670\">Anwendung: Funktionspr\u00fcfung von Rauchmeldern (optisch und ionisierend)<\/p>\n<\/li>\n<li data-start=\"2671\" data-end=\"2717\">\n<p data-start=\"2673\" data-end=\"2717\">Kapazit\u00e4t pro Testgasflasche: ca. 400 Tests<\/p>\n<\/li>\n<li data-start=\"2718\" data-end=\"2781\">\n<p data-start=\"2720\" data-end=\"2781\">Kompatibel mit: Solo- und Testifire-Testern, Solo-Takedown-Testern<\/p>\n<\/li>\n<\/ul>","protected":false},"excerpt":{"rendered":"<p>Das Solo 5 Testset enth\u00e4lt die Teleskopstange Solo 100, den Testgasbeh\u00e4lter Solo 330 und 3 Solo A5 Testgasflaschen zum Testen von Rauchmeldern bis zu einer H\u00f6he von ca. 6 m.<\/p>\n<p>Ideal f\u00fcr Techniker, die mehrere Detektoren im selben Arbeitsbereich sicher und effizient pr\u00fcfen m\u00fcssen.<\/p>","protected":false},"featured_media":137652,"template":"","meta":{"_acf_changed":false},"product_brand":[],"product_cat":[3849,2945],"product_tag":[],"class_list":{"0":"post-92677","1":"product","2":"type-product","3":"status-publish","4":"has-post-thumbnail","6":"product_cat-solo-kit","7":"product_cat-solo","8":"product_shipping_class-tunga-paket","9":"tm-no-options","11":"first","12":"instock","13":"taxable","14":"shipping-taxable","15":"purchasable","16":"product-type-simple"},"acf":[],"_links":{"self":[{"href":"https:\/\/secureus.se\/de\/wp-json\/wp\/v2\/product\/92677","targetHints":{"allow":["GET"]}}],"collection":[{"href":"https:\/\/secureus.se\/de\/wp-json\/wp\/v2\/product"}],"about":[{"href":"https:\/\/secureus.se\/de\/wp-json\/wp\/v2\/types\/product"}],"wp:featuredmedia":[{"embeddable":true,"href":"https:\/\/secureus.se\/de\/wp-json\/wp\/v2\/media\/137652"}],"wp:attachment":[{"href":"https:\/\/secureus.se\/de\/wp-json\/wp\/v2\/media?parent=92677"}],"wp:term":[{"taxonomy":"product_brand","embeddable":true,"href":"https:\/\/secureus.se\/de\/wp-json\/wp\/v2\/product_brand?post=92677"},{"taxonomy":"product_cat","embeddable":true,"href":"https:\/\/secureus.se\/de\/wp-json\/wp\/v2\/product_cat?post=92677"},{"taxonomy":"product_tag","embeddable":true,"href":"https:\/\/secureus.se\/de\/wp-json\/wp\/v2\/product_tag?post=92677"}],"curies":[{"name":"wp","href":"https:\/\/api.w.org\/{rel}","templated":true}]}}